{"id":116636,"date":"2025-02-15T16:56:19","date_gmt":"2025-02-15T16:56:19","guid":{"rendered":"https:\/\/kinamihealth.com\/product\/neauvia-organic-intense\/"},"modified":"2025-11-08T20:45:27","modified_gmt":"2025-11-08T20:45:27","slug":"neauvia-organic-intense","status":"publish","type":"product","link":"https:\/\/kinamihealth.com\/hu\/termek\/neauvia-organic-intense\/","title":{"rendered":"NEAUVIA\u2122 ORGANIC INTENSE"},"content":{"rendered":"<p>A Neauvia Organic Intense k\u00fcl\u00f6n\u00f6sen alkalmas a b\u0151r m\u00e9lyed\u00e9seinek (bele\u00e9rtve a m\u00e9ly r\u00e1ncokat \u00e9s az orr-sz\u00e1j r\u00e1ncokat), az arccsontok, az orr \u00e9s az arc kont\u00farjainak m\u00e9ly kit\u00f6lt\u00e9s\u00e9re, k\u00f6zepesen \u00e9s s\u00falyosan \u00f6regedett b\u0151r eset\u00e9n. A Neauvia Organic Intense egy nagy biointegr\u00e1ci\u00f3s \u00e9s viszkoelasztikus hialuronsav tartalm\u00fa t\u00e9rfogatn\u00f6vel\u0151 term\u00e9k. A Neauvia term\u00e9kcsal\u00e1d term\u00e9kei k\u00f6z\u00fcl ez a g\u00e9l tartalmazza a legmagasabb koncentr\u00e1ci\u00f3j\u00fa hialuronsavat. A m\u00e9ly sz\u00f6vetek t\u00e9rfogat\u00e1nak helyre\u00e1ll\u00edt\u00e1sa \u00e9s korrekci\u00f3ja<\/p>\n","protected":false},"excerpt":{"rendered":"<p>A Neauvia Organic Intense k\u00fcl\u00f6n\u00f6sen alkalmas a b\u0151r m\u00e9lyed\u00e9seinek (bele\u00e9rtve a m\u00e9ly r\u00e1ncokat \u00e9s az orr-sz\u00e1j r\u00e1ncokat), az arccsontok, az orr \u00e9s az arc kont\u00farjainak m\u00e9ly kit\u00f6lt\u00e9s\u00e9re, k\u00f6zepesen \u00e9s s\u00falyosan \u00f6regedett b\u0151r eset\u00e9n. A Neauvia Organic Intense egy nagy biointegr\u00e1ci\u00f3s \u00e9s viszkoelasztikus hialuronsav tartalm\u00fa t\u00e9rfogatn\u00f6vel\u0151 term\u00e9k. A Neauvia term\u00e9kcsal\u00e1d term\u00e9kei k\u00f6z\u00fcl ez a g\u00e9l tartalmazza [&hellip;]<\/p>\n","protected":false},"featured_media":116640,"comment_status":"closed","ping_status":"closed","template":"","meta":{"_acf_changed":false,"inline_featured_image":false},"product_brand":[2244],"product_cat":[2997,3002],"product_tag":[2979],"class_list":{"0":"post-116636","1":"product","2":"type-product","3":"status-publish","4":"has-post-thumbnail","6":"product_brand-neauvia","7":"product_cat-dermalis-toltoanyagok","8":"product_cat-ha-borfeltoltok","9":"product_tag-orvostechnikai-eszkozok","11":"first","12":"instock","13":"taxable","14":"shipping-taxable","15":"purchasable","16":"product-type-simple","17":"add-to-wishlist-before_image"},"acf":[],"yoast_head":"<!-- This site is optimized with the Yoast SEO plugin v27.1.1 - https:\/\/yoast.com\/product\/yoast-seo-wordpress\/ -->\n<title>V\u00e1s\u00e1roljon Neauvia Organic Intense term\u00e9ket online<\/title>\n<meta name=\"description\" content=\"V\u00e1s\u00e1rolja meg online a Neauvia Organic Intense term\u00e9ket, egy mesteri hialuronsav tartalm\u00fa b\u0151rfelt\u00f6lt\u0151t, amely csod\u00e1latos tulajdons\u00e1gokkal rendelkezik az \u00f6reged\u0151 b\u0151r revitaliz\u00e1l\u00e1s\u00e1ban.\" \/>\n<meta name=\"robots\" content=\"index, follow, max-snippet:-1, max-image-preview:large, max-video-preview:-1\" \/>\n<link rel=\"canonical\" href=\"https:\/\/kinamihealth.com\/hu\/wp-json\/wp\/v2\/product\/116636\" \/>\n<meta property=\"og:locale\" content=\"hu_HU\" \/>\n<meta property=\"og:type\" content=\"article\" \/>\n<meta property=\"og:title\" content=\"V\u00e1s\u00e1roljon Neauvia Organic Intense term\u00e9ket online\" \/>\n<meta property=\"og:description\" content=\"V\u00e1s\u00e1rolja meg online a Neauvia Organic Intense term\u00e9ket, egy mesteri hialuronsav tartalm\u00fa b\u0151rfelt\u00f6lt\u0151t, amely csod\u00e1latos tulajdons\u00e1gokkal rendelkezik az \u00f6reged\u0151 b\u0151r revitaliz\u00e1l\u00e1s\u00e1ban.\" \/>\n<meta property=\"og:url\" content=\"https:\/\/kinamihealth.com\/hu\/termek\/neauvia-organic-intense\/\" \/>\n<meta property=\"og:site_name\" content=\"Kinami Health\" \/>\n<meta property=\"article:modified_time\" content=\"2025-11-08T20:45:27+00:00\" \/>\n<meta property=\"og:image\" content=\"https:\/\/kinamihealth.com\/wp-content\/uploads\/2025\/02\/NEAUVIA-INTENSE-03.jpg\" \/>\n\t<meta property=\"og:image:width\" content=\"800\" \/>\n\t<meta property=\"og:image:height\" content=\"800\" \/>\n\t<meta property=\"og:image:type\" content=\"image\/jpeg\" \/>\n<meta name=\"twitter:card\" content=\"summary_large_image\" \/>\n<meta name=\"twitter:label1\" content=\"Becs\u00fclt olvas\u00e1si id\u0151\" \/>\n\t<meta name=\"twitter:data1\" content=\"1 perc\" \/>\n<!-- \/ Yoast SEO plugin. -->","yoast_head_json":{"title":"V\u00e1s\u00e1roljon Neauvia Organic Intense term\u00e9ket online","description":"V\u00e1s\u00e1rolja meg online a Neauvia Organic Intense term\u00e9ket, egy mesteri hialuronsav tartalm\u00fa b\u0151rfelt\u00f6lt\u0151t, amely csod\u00e1latos tulajdons\u00e1gokkal rendelkezik az \u00f6reged\u0151 b\u0151r revitaliz\u00e1l\u00e1s\u00e1ban.","robots":{"index":"index","follow":"follow","max-snippet":"max-snippet:-1","max-image-preview":"max-image-preview:large","max-video-preview":"max-video-preview:-1"},"canonical":"https:\/\/kinamihealth.com\/hu\/wp-json\/wp\/v2\/product\/116636","og_locale":"hu_HU","og_type":"article","og_title":"V\u00e1s\u00e1roljon Neauvia Organic Intense term\u00e9ket online","og_description":"V\u00e1s\u00e1rolja meg online a Neauvia Organic Intense term\u00e9ket, egy mesteri hialuronsav tartalm\u00fa b\u0151rfelt\u00f6lt\u0151t, amely csod\u00e1latos tulajdons\u00e1gokkal rendelkezik az \u00f6reged\u0151 b\u0151r revitaliz\u00e1l\u00e1s\u00e1ban.","og_url":"https:\/\/kinamihealth.com\/hu\/termek\/neauvia-organic-intense\/","og_site_name":"Kinami Health","article_modified_time":"2025-11-08T20:45:27+00:00","og_image":[{"width":800,"height":800,"url":"https:\/\/kinamihealth.com\/wp-content\/uploads\/2025\/02\/NEAUVIA-INTENSE-03.jpg","type":"image\/jpeg"}],"twitter_card":"summary_large_image","twitter_misc":{"Becs\u00fclt olvas\u00e1si id\u0151":"1 perc"},"schema":{"@context":"https:\/\/schema.org","@graph":[{"@type":"WebPage","@id":"https:\/\/kinamihealth.com\/hu\/termek\/neauvia-organic-intense\/","url":"https:\/\/kinamihealth.com\/hu\/termek\/neauvia-organic-intense\/","name":"V\u00e1s\u00e1roljon Neauvia Organic Intense term\u00e9ket online","isPartOf":{"@id":"https:\/\/kinamihealth.com\/#website"},"primaryImageOfPage":{"@id":"https:\/\/kinamihealth.com\/hu\/termek\/neauvia-organic-intense\/#primaryimage"},"image":{"@id":"https:\/\/kinamihealth.com\/hu\/termek\/neauvia-organic-intense\/#primaryimage"},"thumbnailUrl":"https:\/\/kinamihealth.com\/wp-content\/uploads\/2025\/02\/NEAUVIA-INTENSE-03.jpg","datePublished":"2025-02-15T16:56:19+00:00","dateModified":"2025-11-08T20:45:27+00:00","description":"V\u00e1s\u00e1rolja meg online a Neauvia Organic Intense term\u00e9ket, egy mesteri hialuronsav tartalm\u00fa b\u0151rfelt\u00f6lt\u0151t, amely csod\u00e1latos tulajdons\u00e1gokkal rendelkezik az \u00f6reged\u0151 b\u0151r revitaliz\u00e1l\u00e1s\u00e1ban.","breadcrumb":{"@id":"https:\/\/kinamihealth.com\/hu\/termek\/neauvia-organic-intense\/#breadcrumb"},"inLanguage":"hu","potentialAction":[{"@type":"ReadAction","target":["https:\/\/kinamihealth.com\/hu\/termek\/neauvia-organic-intense\/"]}]},{"@type":"ImageObject","inLanguage":"hu","@id":"https:\/\/kinamihealth.com\/hu\/termek\/neauvia-organic-intense\/#primaryimage","url":"https:\/\/kinamihealth.com\/wp-content\/uploads\/2025\/02\/NEAUVIA-INTENSE-03.jpg","contentUrl":"https:\/\/kinamihealth.com\/wp-content\/uploads\/2025\/02\/NEAUVIA-INTENSE-03.jpg","width":800,"height":800},{"@type":"BreadcrumbList","@id":"https:\/\/kinamihealth.com\/hu\/termek\/neauvia-organic-intense\/#breadcrumb","itemListElement":[{"@type":"ListItem","position":1,"name":"Kezd\u0151lap","item":"https:\/\/kinamihealth.com\/"},{"@type":"ListItem","position":2,"name":"Bolt","item":"https:\/\/kinamihealth.com\/shop\/"},{"@type":"ListItem","position":3,"name":"NEAUVIA\u2122 ORGANIC INTENSE"}]},{"@type":"WebSite","@id":"https:\/\/kinamihealth.com\/#website","url":"https:\/\/kinamihealth.com\/","name":"Kinami Health","description":"","publisher":{"@id":"https:\/\/kinamihealth.com\/#organization"},"potentialAction":[{"@type":"SearchAction","target":{"@type":"EntryPoint","urlTemplate":"https:\/\/kinamihealth.com\/?s={search_term_string}"},"query-input":{"@type":"PropertyValueSpecification","valueRequired":true,"valueName":"search_term_string"}}],"inLanguage":"hu"},{"@type":"Organization","@id":"https:\/\/kinamihealth.com\/#organization","name":"Kinami Health","url":"https:\/\/kinamihealth.com\/","logo":{"@type":"ImageObject","inLanguage":"hu","@id":"https:\/\/kinamihealth.com\/#\/schema\/logo\/image\/","url":"https:\/\/kinamihealth.com\/wp-content\/uploads\/2025\/01\/KH_logo_black_2-1.png","contentUrl":"https:\/\/kinamihealth.com\/wp-content\/uploads\/2025\/01\/KH_logo_black_2-1.png","width":339,"height":34,"caption":"Kinami Health"},"image":{"@id":"https:\/\/kinamihealth.com\/#\/schema\/logo\/image\/"}}]}},"_links":{"self":[{"href":"https:\/\/kinamihealth.com\/hu\/wp-json\/wp\/v2\/product\/116636","targetHints":{"allow":["GET"]}}],"collection":[{"href":"https:\/\/kinamihealth.com\/hu\/wp-json\/wp\/v2\/product"}],"about":[{"href":"https:\/\/kinamihealth.com\/hu\/wp-json\/wp\/v2\/types\/product"}],"replies":[{"embeddable":true,"href":"https:\/\/kinamihealth.com\/hu\/wp-json\/wp\/v2\/comments?post=116636"}],"version-history":[{"count":0,"href":"https:\/\/kinamihealth.com\/hu\/wp-json\/wp\/v2\/product\/116636\/revisions"}],"wp:featuredmedia":[{"embeddable":true,"href":"https:\/\/kinamihealth.com\/hu\/wp-json\/wp\/v2\/media\/116640"}],"wp:attachment":[{"href":"https:\/\/kinamihealth.com\/hu\/wp-json\/wp\/v2\/media?parent=116636"}],"wp:term":[{"taxonomy":"product_brand","embeddable":true,"href":"https:\/\/kinamihealth.com\/hu\/wp-json\/wp\/v2\/product_brand?post=116636"},{"taxonomy":"product_cat","embeddable":true,"href":"https:\/\/kinamihealth.com\/hu\/wp-json\/wp\/v2\/product_cat?post=116636"},{"taxonomy":"product_tag","embeddable":true,"href":"https:\/\/kinamihealth.com\/hu\/wp-json\/wp\/v2\/product_tag?post=116636"}],"curies":[{"name":"wp","href":"https:\/\/api.w.org\/{rel}","templated":true}]}}