{"id":116619,"date":"2025-02-15T16:56:10","date_gmt":"2025-02-15T16:56:10","guid":{"rendered":"https:\/\/kinamihealth.com\/product\/mesoestetic-melan-tran3x-koncentratum\/"},"modified":"2025-11-08T21:15:45","modified_gmt":"2025-11-08T21:15:45","slug":"mesoestetic-melan-tran3x-koncentratum","status":"publish","type":"product","link":"https:\/\/kinamihealth.com\/hu\/termek\/mesoestetic-melan-tran3x-koncentratum\/","title":{"rendered":"MESOESTETIC\u00ae MELAN TRAN3X KONCENTR\u00c1TUM"},"content":{"rendered":"<p>A Melan tran3x a leg\u00fajabb gener\u00e1ci\u00f3s, tranex\u00e1msavat tartalmaz\u00f3 depigment\u00e1l\u00f3 program, amely seg\u00edt kijav\u00edtani a pigment\u00e1ci\u00f3s hib\u00e1kat. Koncentr\u00e1tumot \u00e9s g\u00e9lkr\u00e9met kombin\u00e1l. &#8211; Melan tran3x koncentr\u00e1tum. Intenz\u00edv depigment\u00e1l\u00f3 szer, amely a t\u00falzott epiderm\u00e1lis pigment\u00e1ci\u00f3ra hat, l\u00e1that\u00f3an cs\u00f6kkentve a s\u00f6t\u00e9t foltokat.<\/p>\n","protected":false},"excerpt":{"rendered":"<p>A Melan tran3x a leg\u00fajabb gener\u00e1ci\u00f3s, tranex\u00e1msavat tartalmaz\u00f3 depigment\u00e1l\u00f3 program, amely seg\u00edt kijav\u00edtani a pigment\u00e1ci\u00f3s hib\u00e1kat. Koncentr\u00e1tumot \u00e9s g\u00e9lkr\u00e9met kombin\u00e1l. &#8211; Melan tran3x koncentr\u00e1tum. Intenz\u00edv depigment\u00e1l\u00f3 szer, amely a t\u00falzott epiderm\u00e1lis pigment\u00e1ci\u00f3ra hat, l\u00e1that\u00f3an cs\u00f6kkentve a s\u00f6t\u00e9t foltokat.<\/p>\n","protected":false},"featured_media":116622,"comment_status":"closed","ping_status":"closed","template":"","meta":{"_acf_changed":false,"inline_featured_image":false},"product_brand":[2242],"product_cat":[2991],"product_tag":[2979],"class_list":{"0":"post-116619","1":"product","2":"type-product","3":"status-publish","4":"has-post-thumbnail","6":"product_brand-mesoestetic","7":"product_cat-borapolas","8":"product_tag-orvostechnikai-eszkozok","10":"first","11":"instock","12":"taxable","13":"shipping-taxable","14":"purchasable","15":"product-type-simple","16":"add-to-wishlist-before_image"},"acf":[],"yoast_head":"<!-- This site is optimized with the Yoast SEO plugin v27.3 - https:\/\/yoast.com\/product\/yoast-seo-wordpress\/ -->\n<title>V\u00e1s\u00e1roljon Mesoestetic Melan Tran3X Koncentr\u00e1tumot online a Kinami Health-t\u0151l<\/title>\n<meta name=\"description\" content=\"V\u00e1s\u00e1rolja meg a Mesoestetic Melan Tran3X koncentr\u00e1tumot online a Kinami Health weboldalon. Er\u0151teljes pigment\u00e1ci\u00f3cs\u00f6kkent\u0151 sz\u00e9rum, amelyet orvosok \u00e9s eg\u00e9szs\u00e9g\u00fcgyi szakemberek sz\u00e1m\u00e1ra fejlesztettek ki. Rendelje meg m\u00e9g ma!\" \/>\n<meta name=\"robots\" content=\"index, follow, max-snippet:-1, max-image-preview:large, max-video-preview:-1\" \/>\n<link rel=\"canonical\" href=\"https:\/\/kinamihealth.com\/hu\/wp-json\/wp\/v2\/product\/116619\" \/>\n<meta property=\"og:locale\" content=\"hu_HU\" \/>\n<meta property=\"og:type\" content=\"article\" \/>\n<meta property=\"og:title\" content=\"V\u00e1s\u00e1roljon Mesoestetic Melan Tran3X Koncentr\u00e1tumot online a Kinami Health-t\u0151l\" \/>\n<meta property=\"og:description\" content=\"V\u00e1s\u00e1rolja meg a Mesoestetic Melan Tran3X koncentr\u00e1tumot online a Kinami Health weboldalon. Er\u0151teljes pigment\u00e1ci\u00f3cs\u00f6kkent\u0151 sz\u00e9rum, amelyet orvosok \u00e9s eg\u00e9szs\u00e9g\u00fcgyi szakemberek sz\u00e1m\u00e1ra fejlesztettek ki. Rendelje meg m\u00e9g ma!\" \/>\n<meta property=\"og:url\" content=\"https:\/\/kinamihealth.com\/hu\/termek\/mesoestetic-melan-tran3x-koncentratum\/\" \/>\n<meta property=\"og:site_name\" content=\"Kinami Health\" \/>\n<meta property=\"article:modified_time\" content=\"2025-11-08T21:15:45+00:00\" \/>\n<meta property=\"og:image\" content=\"https:\/\/kinamihealth.com\/wp-content\/uploads\/2025\/02\/MESOESTETIC-MELAN-TRAN3X-CONCENTRATE_Front-.webp\" \/>\n\t<meta property=\"og:image:width\" content=\"1500\" \/>\n\t<meta property=\"og:image:height\" content=\"1500\" \/>\n\t<meta property=\"og:image:type\" content=\"image\/webp\" \/>\n<meta name=\"twitter:card\" content=\"summary_large_image\" \/>\n<meta name=\"twitter:label1\" content=\"Becs\u00fclt olvas\u00e1si id\u0151\" \/>\n\t<meta name=\"twitter:data1\" content=\"1 perc\" \/>\n<!-- \/ Yoast SEO plugin. -->","yoast_head_json":{"title":"V\u00e1s\u00e1roljon Mesoestetic Melan Tran3X Koncentr\u00e1tumot online a Kinami Health-t\u0151l","description":"V\u00e1s\u00e1rolja meg a Mesoestetic Melan Tran3X koncentr\u00e1tumot online a Kinami Health weboldalon. Er\u0151teljes pigment\u00e1ci\u00f3cs\u00f6kkent\u0151 sz\u00e9rum, amelyet orvosok \u00e9s eg\u00e9szs\u00e9g\u00fcgyi szakemberek sz\u00e1m\u00e1ra fejlesztettek ki. Rendelje meg m\u00e9g ma!","robots":{"index":"index","follow":"follow","max-snippet":"max-snippet:-1","max-image-preview":"max-image-preview:large","max-video-preview":"max-video-preview:-1"},"canonical":"https:\/\/kinamihealth.com\/hu\/wp-json\/wp\/v2\/product\/116619","og_locale":"hu_HU","og_type":"article","og_title":"V\u00e1s\u00e1roljon Mesoestetic Melan Tran3X Koncentr\u00e1tumot online a Kinami Health-t\u0151l","og_description":"V\u00e1s\u00e1rolja meg a Mesoestetic Melan Tran3X koncentr\u00e1tumot online a Kinami Health weboldalon. Er\u0151teljes pigment\u00e1ci\u00f3cs\u00f6kkent\u0151 sz\u00e9rum, amelyet orvosok \u00e9s eg\u00e9szs\u00e9g\u00fcgyi szakemberek sz\u00e1m\u00e1ra fejlesztettek ki. Rendelje meg m\u00e9g ma!","og_url":"https:\/\/kinamihealth.com\/hu\/termek\/mesoestetic-melan-tran3x-koncentratum\/","og_site_name":"Kinami Health","article_modified_time":"2025-11-08T21:15:45+00:00","og_image":[{"width":1500,"height":1500,"url":"https:\/\/kinamihealth.com\/wp-content\/uploads\/2025\/02\/MESOESTETIC-MELAN-TRAN3X-CONCENTRATE_Front-.webp","type":"image\/webp"}],"twitter_card":"summary_large_image","twitter_misc":{"Becs\u00fclt olvas\u00e1si id\u0151":"1 perc"},"schema":{"@context":"https:\/\/schema.org","@graph":[{"@type":"WebPage","@id":"https:\/\/kinamihealth.com\/hu\/termek\/mesoestetic-melan-tran3x-koncentratum\/","url":"https:\/\/kinamihealth.com\/hu\/termek\/mesoestetic-melan-tran3x-koncentratum\/","name":"V\u00e1s\u00e1roljon Mesoestetic Melan Tran3X Koncentr\u00e1tumot online a Kinami Health-t\u0151l","isPartOf":{"@id":"https:\/\/kinamihealth.com\/#website"},"primaryImageOfPage":{"@id":"https:\/\/kinamihealth.com\/hu\/termek\/mesoestetic-melan-tran3x-koncentratum\/#primaryimage"},"image":{"@id":"https:\/\/kinamihealth.com\/hu\/termek\/mesoestetic-melan-tran3x-koncentratum\/#primaryimage"},"thumbnailUrl":"https:\/\/kinamihealth.com\/wp-content\/uploads\/2025\/02\/MESOESTETIC-MELAN-TRAN3X-CONCENTRATE_Front-.webp","datePublished":"2025-02-15T16:56:10+00:00","dateModified":"2025-11-08T21:15:45+00:00","description":"V\u00e1s\u00e1rolja meg a Mesoestetic Melan Tran3X koncentr\u00e1tumot online a Kinami Health weboldalon. Er\u0151teljes pigment\u00e1ci\u00f3cs\u00f6kkent\u0151 sz\u00e9rum, amelyet orvosok \u00e9s eg\u00e9szs\u00e9g\u00fcgyi szakemberek sz\u00e1m\u00e1ra fejlesztettek ki. Rendelje meg m\u00e9g ma!","breadcrumb":{"@id":"https:\/\/kinamihealth.com\/hu\/termek\/mesoestetic-melan-tran3x-koncentratum\/#breadcrumb"},"inLanguage":"hu","potentialAction":[{"@type":"ReadAction","target":["https:\/\/kinamihealth.com\/hu\/termek\/mesoestetic-melan-tran3x-koncentratum\/"]}]},{"@type":"ImageObject","inLanguage":"hu","@id":"https:\/\/kinamihealth.com\/hu\/termek\/mesoestetic-melan-tran3x-koncentratum\/#primaryimage","url":"https:\/\/kinamihealth.com\/wp-content\/uploads\/2025\/02\/MESOESTETIC-MELAN-TRAN3X-CONCENTRATE_Front-.webp","contentUrl":"https:\/\/kinamihealth.com\/wp-content\/uploads\/2025\/02\/MESOESTETIC-MELAN-TRAN3X-CONCENTRATE_Front-.webp","width":1500,"height":1500},{"@type":"BreadcrumbList","@id":"https:\/\/kinamihealth.com\/hu\/termek\/mesoestetic-melan-tran3x-koncentratum\/#breadcrumb","itemListElement":[{"@type":"ListItem","position":1,"name":"Kezd\u0151lap","item":"https:\/\/kinamihealth.com\/"},{"@type":"ListItem","position":2,"name":"Bolt","item":"https:\/\/kinamihealth.com\/shop\/"},{"@type":"ListItem","position":3,"name":"MESOESTETIC\u00ae MELAN TRAN3X KONCENTR\u00c1TUM"}]},{"@type":"WebSite","@id":"https:\/\/kinamihealth.com\/#website","url":"https:\/\/kinamihealth.com\/","name":"Kinami Health","description":"","publisher":{"@id":"https:\/\/kinamihealth.com\/#organization"},"potentialAction":[{"@type":"SearchAction","target":{"@type":"EntryPoint","urlTemplate":"https:\/\/kinamihealth.com\/?s={search_term_string}"},"query-input":{"@type":"PropertyValueSpecification","valueRequired":true,"valueName":"search_term_string"}}],"inLanguage":"hu"},{"@type":"Organization","@id":"https:\/\/kinamihealth.com\/#organization","name":"Kinami Health","url":"https:\/\/kinamihealth.com\/","logo":{"@type":"ImageObject","inLanguage":"hu","@id":"https:\/\/kinamihealth.com\/#\/schema\/logo\/image\/","url":"https:\/\/kinamihealth.com\/wp-content\/uploads\/2025\/01\/KH_logo_black_2-1.png","contentUrl":"https:\/\/kinamihealth.com\/wp-content\/uploads\/2025\/01\/KH_logo_black_2-1.png","width":339,"height":34,"caption":"Kinami Health"},"image":{"@id":"https:\/\/kinamihealth.com\/#\/schema\/logo\/image\/"}}]}},"_links":{"self":[{"href":"https:\/\/kinamihealth.com\/hu\/wp-json\/wp\/v2\/product\/116619","targetHints":{"allow":["GET"]}}],"collection":[{"href":"https:\/\/kinamihealth.com\/hu\/wp-json\/wp\/v2\/product"}],"about":[{"href":"https:\/\/kinamihealth.com\/hu\/wp-json\/wp\/v2\/types\/product"}],"replies":[{"embeddable":true,"href":"https:\/\/kinamihealth.com\/hu\/wp-json\/wp\/v2\/comments?post=116619"}],"version-history":[{"count":0,"href":"https:\/\/kinamihealth.com\/hu\/wp-json\/wp\/v2\/product\/116619\/revisions"}],"wp:featuredmedia":[{"embeddable":true,"href":"https:\/\/kinamihealth.com\/hu\/wp-json\/wp\/v2\/media\/116622"}],"wp:attachment":[{"href":"https:\/\/kinamihealth.com\/hu\/wp-json\/wp\/v2\/media?parent=116619"}],"wp:term":[{"taxonomy":"product_brand","embeddable":true,"href":"https:\/\/kinamihealth.com\/hu\/wp-json\/wp\/v2\/product_brand?post=116619"},{"taxonomy":"product_cat","embeddable":true,"href":"https:\/\/kinamihealth.com\/hu\/wp-json\/wp\/v2\/product_cat?post=116619"},{"taxonomy":"product_tag","embeddable":true,"href":"https:\/\/kinamihealth.com\/hu\/wp-json\/wp\/v2\/product_tag?post=116619"}],"curies":[{"name":"wp","href":"https:\/\/api.w.org\/{rel}","templated":true}]}}