{"id":116614,"date":"2025-02-15T16:56:10","date_gmt":"2025-02-15T16:56:10","guid":{"rendered":"https:\/\/kinamihealth.com\/product\/mesoestetic-cosmelan-2\/"},"modified":"2025-11-08T21:12:19","modified_gmt":"2025-11-08T21:12:19","slug":"mesoestetic-cosmelan-2","status":"publish","type":"product","link":"https:\/\/kinamihealth.com\/hu\/termek\/mesoestetic-cosmelan-2\/","title":{"rendered":"MESOESTETIC\u00ae COSMELAN\u00ae 2"},"content":{"rendered":"<p>A Cosmelan\u00ae 2 a cosmelan\u00ae eszt\u00e9tikai kezel\u00e9s pigment\u00e1ci\u00f3cs\u00f6kkent\u0151 hat\u00e1s\u00e1nak kieg\u00e9sz\u00edt\u00e9s\u00e9re szolg\u00e1l, melanin eredet\u0171 foltok elt\u00e1vol\u00edt\u00e1s\u00e1ra \u00e9s\/vagy cs\u00f6kkent\u00e9s\u00e9re. A b\u0151rfoltok nagyon gyakori probl\u00e9ma, k\u00fcl\u00f6n\u00f6sen a n\u0151k k\u00f6r\u00e9ben. A pigment vagy melanin t\u00faltermel\u00e9se miatt a b\u0151r elsz\u00ednez\u0151dik, \u00e9s a pigment egyenetlen\u00fcl halmoz\u00f3dik fel a b\u0151rben. A b\u0151rfoltok jelent\u0151s probl\u00e9m\u00e1t jelentenek, mivel nem eszt\u00e9tikusak, \u00e9s negat\u00edv pszichol\u00f3giai \u00e9s \u00e9rzelmi hat\u00e1ssal vannak.<\/p>\n","protected":false},"excerpt":{"rendered":"<p>A Cosmelan\u00ae 2 a cosmelan\u00ae eszt\u00e9tikai kezel\u00e9s pigment\u00e1ci\u00f3cs\u00f6kkent\u0151 hat\u00e1s\u00e1nak kieg\u00e9sz\u00edt\u00e9s\u00e9re szolg\u00e1l, melanin eredet\u0171 foltok elt\u00e1vol\u00edt\u00e1s\u00e1ra \u00e9s\/vagy cs\u00f6kkent\u00e9s\u00e9re. A b\u0151rfoltok nagyon gyakori probl\u00e9ma, k\u00fcl\u00f6n\u00f6sen a n\u0151k k\u00f6r\u00e9ben. A pigment vagy melanin t\u00faltermel\u00e9se miatt a b\u0151r elsz\u00ednez\u0151dik, \u00e9s a pigment egyenetlen\u00fcl halmoz\u00f3dik fel a b\u0151rben. A b\u0151rfoltok jelent\u0151s probl\u00e9m\u00e1t jelentenek, mivel nem eszt\u00e9tikusak, \u00e9s negat\u00edv pszichol\u00f3giai \u00e9s [&hellip;]<\/p>\n","protected":false},"featured_media":116617,"comment_status":"closed","ping_status":"closed","template":"","meta":{"_acf_changed":false,"inline_featured_image":false},"product_brand":[2242],"product_cat":[2991],"product_tag":[2979],"class_list":{"0":"post-116614","1":"product","2":"type-product","3":"status-publish","4":"has-post-thumbnail","6":"product_brand-mesoestetic","7":"product_cat-borapolas","8":"product_tag-orvostechnikai-eszkozok","10":"first","11":"instock","12":"taxable","13":"shipping-taxable","14":"purchasable","15":"product-type-simple","16":"add-to-wishlist-before_image"},"acf":[],"yoast_head":"<!-- This site is optimized with the Yoast SEO plugin v27.3 - https:\/\/yoast.com\/product\/yoast-seo-wordpress\/ -->\n<title>V\u00e1s\u00e1roljon Mesoestetic Cosmelan 2 term\u00e9ket online<\/title>\n<meta name=\"description\" content=\"V\u00e1s\u00e1rolja meg a Mesoestetic Cosmelan 2 term\u00e9ket online a Kinami Health weboldal\u00e1n. Hat\u00e9kony depigment\u00e1l\u00f3 kr\u00e9m a melasma, a napfoltok \u00e9s a hiperpigment\u00e1ci\u00f3 cs\u00f6kkent\u00e9s\u00e9re.\" \/>\n<meta name=\"robots\" content=\"index, follow, max-snippet:-1, max-image-preview:large, max-video-preview:-1\" \/>\n<link rel=\"canonical\" href=\"https:\/\/kinamihealth.com\/hu\/wp-json\/wp\/v2\/product\/116614\" \/>\n<meta property=\"og:locale\" content=\"hu_HU\" \/>\n<meta property=\"og:type\" content=\"article\" \/>\n<meta property=\"og:title\" content=\"V\u00e1s\u00e1roljon Mesoestetic Cosmelan 2 term\u00e9ket online\" \/>\n<meta property=\"og:description\" content=\"V\u00e1s\u00e1rolja meg a Mesoestetic Cosmelan 2 term\u00e9ket online a Kinami Health weboldal\u00e1n. Hat\u00e9kony depigment\u00e1l\u00f3 kr\u00e9m a melasma, a napfoltok \u00e9s a hiperpigment\u00e1ci\u00f3 cs\u00f6kkent\u00e9s\u00e9re.\" \/>\n<meta property=\"og:url\" content=\"https:\/\/kinamihealth.com\/hu\/termek\/mesoestetic-cosmelan-2\/\" \/>\n<meta property=\"og:site_name\" content=\"Kinami Health\" \/>\n<meta property=\"article:modified_time\" content=\"2025-11-08T21:12:19+00:00\" \/>\n<meta property=\"og:image\" content=\"https:\/\/kinamihealth.com\/wp-content\/uploads\/2025\/02\/MESOESTETIC-COSMELAN-2_Front-.webp\" \/>\n\t<meta property=\"og:image:width\" content=\"1500\" \/>\n\t<meta property=\"og:image:height\" content=\"1500\" \/>\n\t<meta property=\"og:image:type\" content=\"image\/webp\" \/>\n<meta name=\"twitter:card\" content=\"summary_large_image\" \/>\n<meta name=\"twitter:label1\" content=\"Becs\u00fclt olvas\u00e1si id\u0151\" \/>\n\t<meta name=\"twitter:data1\" content=\"1 perc\" \/>\n<!-- \/ Yoast SEO plugin. -->","yoast_head_json":{"title":"V\u00e1s\u00e1roljon Mesoestetic Cosmelan 2 term\u00e9ket online","description":"V\u00e1s\u00e1rolja meg a Mesoestetic Cosmelan 2 term\u00e9ket online a Kinami Health weboldal\u00e1n. Hat\u00e9kony depigment\u00e1l\u00f3 kr\u00e9m a melasma, a napfoltok \u00e9s a hiperpigment\u00e1ci\u00f3 cs\u00f6kkent\u00e9s\u00e9re.","robots":{"index":"index","follow":"follow","max-snippet":"max-snippet:-1","max-image-preview":"max-image-preview:large","max-video-preview":"max-video-preview:-1"},"canonical":"https:\/\/kinamihealth.com\/hu\/wp-json\/wp\/v2\/product\/116614","og_locale":"hu_HU","og_type":"article","og_title":"V\u00e1s\u00e1roljon Mesoestetic Cosmelan 2 term\u00e9ket online","og_description":"V\u00e1s\u00e1rolja meg a Mesoestetic Cosmelan 2 term\u00e9ket online a Kinami Health weboldal\u00e1n. Hat\u00e9kony depigment\u00e1l\u00f3 kr\u00e9m a melasma, a napfoltok \u00e9s a hiperpigment\u00e1ci\u00f3 cs\u00f6kkent\u00e9s\u00e9re.","og_url":"https:\/\/kinamihealth.com\/hu\/termek\/mesoestetic-cosmelan-2\/","og_site_name":"Kinami Health","article_modified_time":"2025-11-08T21:12:19+00:00","og_image":[{"width":1500,"height":1500,"url":"https:\/\/kinamihealth.com\/wp-content\/uploads\/2025\/02\/MESOESTETIC-COSMELAN-2_Front-.webp","type":"image\/webp"}],"twitter_card":"summary_large_image","twitter_misc":{"Becs\u00fclt olvas\u00e1si id\u0151":"1 perc"},"schema":{"@context":"https:\/\/schema.org","@graph":[{"@type":"WebPage","@id":"https:\/\/kinamihealth.com\/hu\/termek\/mesoestetic-cosmelan-2\/","url":"https:\/\/kinamihealth.com\/hu\/termek\/mesoestetic-cosmelan-2\/","name":"V\u00e1s\u00e1roljon Mesoestetic Cosmelan 2 term\u00e9ket online","isPartOf":{"@id":"https:\/\/kinamihealth.com\/#website"},"primaryImageOfPage":{"@id":"https:\/\/kinamihealth.com\/hu\/termek\/mesoestetic-cosmelan-2\/#primaryimage"},"image":{"@id":"https:\/\/kinamihealth.com\/hu\/termek\/mesoestetic-cosmelan-2\/#primaryimage"},"thumbnailUrl":"https:\/\/kinamihealth.com\/wp-content\/uploads\/2025\/02\/MESOESTETIC-COSMELAN-2_Front-.webp","datePublished":"2025-02-15T16:56:10+00:00","dateModified":"2025-11-08T21:12:19+00:00","description":"V\u00e1s\u00e1rolja meg a Mesoestetic Cosmelan 2 term\u00e9ket online a Kinami Health weboldal\u00e1n. Hat\u00e9kony depigment\u00e1l\u00f3 kr\u00e9m a melasma, a napfoltok \u00e9s a hiperpigment\u00e1ci\u00f3 cs\u00f6kkent\u00e9s\u00e9re.","breadcrumb":{"@id":"https:\/\/kinamihealth.com\/hu\/termek\/mesoestetic-cosmelan-2\/#breadcrumb"},"inLanguage":"hu","potentialAction":[{"@type":"ReadAction","target":["https:\/\/kinamihealth.com\/hu\/termek\/mesoestetic-cosmelan-2\/"]}]},{"@type":"ImageObject","inLanguage":"hu","@id":"https:\/\/kinamihealth.com\/hu\/termek\/mesoestetic-cosmelan-2\/#primaryimage","url":"https:\/\/kinamihealth.com\/wp-content\/uploads\/2025\/02\/MESOESTETIC-COSMELAN-2_Front-.webp","contentUrl":"https:\/\/kinamihealth.com\/wp-content\/uploads\/2025\/02\/MESOESTETIC-COSMELAN-2_Front-.webp","width":1500,"height":1500},{"@type":"BreadcrumbList","@id":"https:\/\/kinamihealth.com\/hu\/termek\/mesoestetic-cosmelan-2\/#breadcrumb","itemListElement":[{"@type":"ListItem","position":1,"name":"Kezd\u0151lap","item":"https:\/\/kinamihealth.com\/"},{"@type":"ListItem","position":2,"name":"Bolt","item":"https:\/\/kinamihealth.com\/shop\/"},{"@type":"ListItem","position":3,"name":"MESOESTETIC\u00ae COSMELAN\u00ae 2"}]},{"@type":"WebSite","@id":"https:\/\/kinamihealth.com\/#website","url":"https:\/\/kinamihealth.com\/","name":"Kinami Health","description":"","publisher":{"@id":"https:\/\/kinamihealth.com\/#organization"},"potentialAction":[{"@type":"SearchAction","target":{"@type":"EntryPoint","urlTemplate":"https:\/\/kinamihealth.com\/?s={search_term_string}"},"query-input":{"@type":"PropertyValueSpecification","valueRequired":true,"valueName":"search_term_string"}}],"inLanguage":"hu"},{"@type":"Organization","@id":"https:\/\/kinamihealth.com\/#organization","name":"Kinami Health","url":"https:\/\/kinamihealth.com\/","logo":{"@type":"ImageObject","inLanguage":"hu","@id":"https:\/\/kinamihealth.com\/#\/schema\/logo\/image\/","url":"https:\/\/kinamihealth.com\/wp-content\/uploads\/2025\/01\/KH_logo_black_2-1.png","contentUrl":"https:\/\/kinamihealth.com\/wp-content\/uploads\/2025\/01\/KH_logo_black_2-1.png","width":339,"height":34,"caption":"Kinami Health"},"image":{"@id":"https:\/\/kinamihealth.com\/#\/schema\/logo\/image\/"}}]}},"_links":{"self":[{"href":"https:\/\/kinamihealth.com\/hu\/wp-json\/wp\/v2\/product\/116614","targetHints":{"allow":["GET"]}}],"collection":[{"href":"https:\/\/kinamihealth.com\/hu\/wp-json\/wp\/v2\/product"}],"about":[{"href":"https:\/\/kinamihealth.com\/hu\/wp-json\/wp\/v2\/types\/product"}],"replies":[{"embeddable":true,"href":"https:\/\/kinamihealth.com\/hu\/wp-json\/wp\/v2\/comments?post=116614"}],"version-history":[{"count":0,"href":"https:\/\/kinamihealth.com\/hu\/wp-json\/wp\/v2\/product\/116614\/revisions"}],"wp:featuredmedia":[{"embeddable":true,"href":"https:\/\/kinamihealth.com\/hu\/wp-json\/wp\/v2\/media\/116617"}],"wp:attachment":[{"href":"https:\/\/kinamihealth.com\/hu\/wp-json\/wp\/v2\/media?parent=116614"}],"wp:term":[{"taxonomy":"product_brand","embeddable":true,"href":"https:\/\/kinamihealth.com\/hu\/wp-json\/wp\/v2\/product_brand?post=116614"},{"taxonomy":"product_cat","embeddable":true,"href":"https:\/\/kinamihealth.com\/hu\/wp-json\/wp\/v2\/product_cat?post=116614"},{"taxonomy":"product_tag","embeddable":true,"href":"https:\/\/kinamihealth.com\/hu\/wp-json\/wp\/v2\/product_tag?post=116614"}],"curies":[{"name":"wp","href":"https:\/\/api.w.org\/{rel}","templated":true}]}}