{"id":116605,"date":"2025-02-15T16:56:07","date_gmt":"2025-02-15T16:56:07","guid":{"rendered":"https:\/\/kinamihealth.com\/product\/mediderma-mela-360-spot-corrector-serum\/"},"modified":"2025-11-14T15:26:23","modified_gmt":"2025-11-14T15:26:23","slug":"mediderma-mela-360-spot-corrector-serum","status":"publish","type":"product","link":"https:\/\/kinamihealth.com\/hu\/termek\/mediderma-mela-360-spot-corrector-serum\/","title":{"rendered":"MEDIDERMA\u00ae MELA 360 SPOT CORRECTOR SERUM"},"content":{"rendered":"<p>MELA 360 SPOT CORRECTOR SERUM Ez az intenz\u00edv pigmentfolt-elt\u00fcntet\u0151 sz\u00e9rum k\u00f6zvetlen\u00fcl a foltok eredet\u00e9re hat, vil\u00e1gos\u00edtja \u0151ket, \u00e9s sok esetben elt\u00fcnteti \u0151ket, megakad\u00e1lyozva azok j\u00f6v\u0151beli megjelen\u00e9s\u00e9t.<\/p>\n","protected":false},"excerpt":{"rendered":"<p>MELA 360 SPOT CORRECTOR SERUM Ez az intenz\u00edv pigmentfolt-elt\u00fcntet\u0151 sz\u00e9rum k\u00f6zvetlen\u00fcl a foltok eredet\u00e9re hat, vil\u00e1gos\u00edtja \u0151ket, \u00e9s sok esetben elt\u00fcnteti \u0151ket, megakad\u00e1lyozva azok j\u00f6v\u0151beli megjelen\u00e9s\u00e9t.<\/p>\n","protected":false},"featured_media":116606,"comment_status":"closed","ping_status":"closed","template":"","meta":{"_acf_changed":false,"inline_featured_image":false},"product_brand":[2846],"product_cat":[2991],"product_tag":[2979],"class_list":{"0":"post-116605","1":"product","2":"type-product","3":"status-publish","4":"has-post-thumbnail","6":"product_brand-mediderma","7":"product_cat-borapolas","8":"product_tag-orvostechnikai-eszkozok","10":"first","11":"instock","12":"taxable","13":"shipping-taxable","14":"purchasable","15":"product-type-simple","16":"add-to-wishlist-before_image"},"acf":[],"yoast_head":"<!-- This site is optimized with the Yoast SEO plugin v27.3 - https:\/\/yoast.com\/product\/yoast-seo-wordpress\/ -->\n<title>V\u00e1s\u00e1roljon Mela 360 Spot Corrector Serum 30 ml term\u00e9ket online a Kinami Health weboldalon<\/title>\n<meta name=\"description\" content=\"V\u00e1s\u00e1rolja meg online a Mela 360 Spot Corrector Serum 30 ml-es term\u00e9ket professzion\u00e1lis pigment\u00e1ci\u00f3korrekci\u00f3hoz, s\u00f6t\u00e9t foltok, melasma \u00e9s egyenetlen b\u0151rsz\u00edn kezel\u00e9s\u00e9re.\" \/>\n<meta name=\"robots\" content=\"index, follow, max-snippet:-1, max-image-preview:large, max-video-preview:-1\" \/>\n<link rel=\"canonical\" href=\"https:\/\/kinamihealth.com\/hu\/wp-json\/wp\/v2\/product\/116605\" \/>\n<meta property=\"og:locale\" content=\"hu_HU\" \/>\n<meta property=\"og:type\" content=\"article\" \/>\n<meta property=\"og:title\" content=\"V\u00e1s\u00e1roljon Mela 360 Spot Corrector Serum 30 ml term\u00e9ket online a Kinami Health weboldalon\" \/>\n<meta property=\"og:description\" content=\"V\u00e1s\u00e1rolja meg online a Mela 360 Spot Corrector Serum 30 ml-es term\u00e9ket professzion\u00e1lis pigment\u00e1ci\u00f3korrekci\u00f3hoz, s\u00f6t\u00e9t foltok, melasma \u00e9s egyenetlen b\u0151rsz\u00edn kezel\u00e9s\u00e9re.\" \/>\n<meta property=\"og:url\" content=\"https:\/\/kinamihealth.com\/hu\/termek\/mediderma-mela-360-spot-corrector-serum\/\" \/>\n<meta property=\"og:site_name\" content=\"Kinami Health\" \/>\n<meta property=\"article:modified_time\" content=\"2025-11-14T15:26:23+00:00\" \/>\n<meta property=\"og:image\" content=\"https:\/\/kinamihealth.com\/wp-content\/uploads\/2025\/02\/MEDIDERMA-MELA-360-SPOT-CORRECTOR-SERUM-01.jpg\" \/>\n\t<meta property=\"og:image:width\" content=\"800\" \/>\n\t<meta property=\"og:image:height\" content=\"800\" \/>\n\t<meta property=\"og:image:type\" content=\"image\/jpeg\" \/>\n<meta name=\"twitter:card\" content=\"summary_large_image\" \/>\n<meta name=\"twitter:label1\" content=\"Becs\u00fclt olvas\u00e1si id\u0151\" \/>\n\t<meta name=\"twitter:data1\" content=\"1 perc\" \/>\n<!-- \/ Yoast SEO plugin. -->","yoast_head_json":{"title":"V\u00e1s\u00e1roljon Mela 360 Spot Corrector Serum 30 ml term\u00e9ket online a Kinami Health weboldalon","description":"V\u00e1s\u00e1rolja meg online a Mela 360 Spot Corrector Serum 30 ml-es term\u00e9ket professzion\u00e1lis pigment\u00e1ci\u00f3korrekci\u00f3hoz, s\u00f6t\u00e9t foltok, melasma \u00e9s egyenetlen b\u0151rsz\u00edn kezel\u00e9s\u00e9re.","robots":{"index":"index","follow":"follow","max-snippet":"max-snippet:-1","max-image-preview":"max-image-preview:large","max-video-preview":"max-video-preview:-1"},"canonical":"https:\/\/kinamihealth.com\/hu\/wp-json\/wp\/v2\/product\/116605","og_locale":"hu_HU","og_type":"article","og_title":"V\u00e1s\u00e1roljon Mela 360 Spot Corrector Serum 30 ml term\u00e9ket online a Kinami Health weboldalon","og_description":"V\u00e1s\u00e1rolja meg online a Mela 360 Spot Corrector Serum 30 ml-es term\u00e9ket professzion\u00e1lis pigment\u00e1ci\u00f3korrekci\u00f3hoz, s\u00f6t\u00e9t foltok, melasma \u00e9s egyenetlen b\u0151rsz\u00edn kezel\u00e9s\u00e9re.","og_url":"https:\/\/kinamihealth.com\/hu\/termek\/mediderma-mela-360-spot-corrector-serum\/","og_site_name":"Kinami Health","article_modified_time":"2025-11-14T15:26:23+00:00","og_image":[{"width":800,"height":800,"url":"https:\/\/kinamihealth.com\/wp-content\/uploads\/2025\/02\/MEDIDERMA-MELA-360-SPOT-CORRECTOR-SERUM-01.jpg","type":"image\/jpeg"}],"twitter_card":"summary_large_image","twitter_misc":{"Becs\u00fclt olvas\u00e1si id\u0151":"1 perc"},"schema":{"@context":"https:\/\/schema.org","@graph":[{"@type":"WebPage","@id":"https:\/\/kinamihealth.com\/hu\/termek\/mediderma-mela-360-spot-corrector-serum\/","url":"https:\/\/kinamihealth.com\/hu\/termek\/mediderma-mela-360-spot-corrector-serum\/","name":"V\u00e1s\u00e1roljon Mela 360 Spot Corrector Serum 30 ml term\u00e9ket online a Kinami Health weboldalon","isPartOf":{"@id":"https:\/\/kinamihealth.com\/#website"},"primaryImageOfPage":{"@id":"https:\/\/kinamihealth.com\/hu\/termek\/mediderma-mela-360-spot-corrector-serum\/#primaryimage"},"image":{"@id":"https:\/\/kinamihealth.com\/hu\/termek\/mediderma-mela-360-spot-corrector-serum\/#primaryimage"},"thumbnailUrl":"https:\/\/kinamihealth.com\/wp-content\/uploads\/2025\/02\/MEDIDERMA-MELA-360-SPOT-CORRECTOR-SERUM-01.jpg","datePublished":"2025-02-15T16:56:07+00:00","dateModified":"2025-11-14T15:26:23+00:00","description":"V\u00e1s\u00e1rolja meg online a Mela 360 Spot Corrector Serum 30 ml-es term\u00e9ket professzion\u00e1lis pigment\u00e1ci\u00f3korrekci\u00f3hoz, s\u00f6t\u00e9t foltok, melasma \u00e9s egyenetlen b\u0151rsz\u00edn kezel\u00e9s\u00e9re.","breadcrumb":{"@id":"https:\/\/kinamihealth.com\/hu\/termek\/mediderma-mela-360-spot-corrector-serum\/#breadcrumb"},"inLanguage":"hu","potentialAction":[{"@type":"ReadAction","target":["https:\/\/kinamihealth.com\/hu\/termek\/mediderma-mela-360-spot-corrector-serum\/"]}]},{"@type":"ImageObject","inLanguage":"hu","@id":"https:\/\/kinamihealth.com\/hu\/termek\/mediderma-mela-360-spot-corrector-serum\/#primaryimage","url":"https:\/\/kinamihealth.com\/wp-content\/uploads\/2025\/02\/MEDIDERMA-MELA-360-SPOT-CORRECTOR-SERUM-01.jpg","contentUrl":"https:\/\/kinamihealth.com\/wp-content\/uploads\/2025\/02\/MEDIDERMA-MELA-360-SPOT-CORRECTOR-SERUM-01.jpg","width":800,"height":800},{"@type":"BreadcrumbList","@id":"https:\/\/kinamihealth.com\/hu\/termek\/mediderma-mela-360-spot-corrector-serum\/#breadcrumb","itemListElement":[{"@type":"ListItem","position":1,"name":"Kezd\u0151lap","item":"https:\/\/kinamihealth.com\/"},{"@type":"ListItem","position":2,"name":"Bolt","item":"https:\/\/kinamihealth.com\/shop\/"},{"@type":"ListItem","position":3,"name":"MEDIDERMA\u00ae MELA 360 SPOT CORRECTOR SERUM"}]},{"@type":"WebSite","@id":"https:\/\/kinamihealth.com\/#website","url":"https:\/\/kinamihealth.com\/","name":"Kinami Health","description":"","publisher":{"@id":"https:\/\/kinamihealth.com\/#organization"},"potentialAction":[{"@type":"SearchAction","target":{"@type":"EntryPoint","urlTemplate":"https:\/\/kinamihealth.com\/?s={search_term_string}"},"query-input":{"@type":"PropertyValueSpecification","valueRequired":true,"valueName":"search_term_string"}}],"inLanguage":"hu"},{"@type":"Organization","@id":"https:\/\/kinamihealth.com\/#organization","name":"Kinami Health","url":"https:\/\/kinamihealth.com\/","logo":{"@type":"ImageObject","inLanguage":"hu","@id":"https:\/\/kinamihealth.com\/#\/schema\/logo\/image\/","url":"https:\/\/kinamihealth.com\/wp-content\/uploads\/2025\/01\/KH_logo_black_2-1.png","contentUrl":"https:\/\/kinamihealth.com\/wp-content\/uploads\/2025\/01\/KH_logo_black_2-1.png","width":339,"height":34,"caption":"Kinami Health"},"image":{"@id":"https:\/\/kinamihealth.com\/#\/schema\/logo\/image\/"}}]}},"_links":{"self":[{"href":"https:\/\/kinamihealth.com\/hu\/wp-json\/wp\/v2\/product\/116605","targetHints":{"allow":["GET"]}}],"collection":[{"href":"https:\/\/kinamihealth.com\/hu\/wp-json\/wp\/v2\/product"}],"about":[{"href":"https:\/\/kinamihealth.com\/hu\/wp-json\/wp\/v2\/types\/product"}],"replies":[{"embeddable":true,"href":"https:\/\/kinamihealth.com\/hu\/wp-json\/wp\/v2\/comments?post=116605"}],"version-history":[{"count":0,"href":"https:\/\/kinamihealth.com\/hu\/wp-json\/wp\/v2\/product\/116605\/revisions"}],"wp:featuredmedia":[{"embeddable":true,"href":"https:\/\/kinamihealth.com\/hu\/wp-json\/wp\/v2\/media\/116606"}],"wp:attachment":[{"href":"https:\/\/kinamihealth.com\/hu\/wp-json\/wp\/v2\/media?parent=116605"}],"wp:term":[{"taxonomy":"product_brand","embeddable":true,"href":"https:\/\/kinamihealth.com\/hu\/wp-json\/wp\/v2\/product_brand?post=116605"},{"taxonomy":"product_cat","embeddable":true,"href":"https:\/\/kinamihealth.com\/hu\/wp-json\/wp\/v2\/product_cat?post=116605"},{"taxonomy":"product_tag","embeddable":true,"href":"https:\/\/kinamihealth.com\/hu\/wp-json\/wp\/v2\/product_tag?post=116605"}],"curies":[{"name":"wp","href":"https:\/\/api.w.org\/{rel}","templated":true}]}}