{"id":116599,"date":"2025-02-15T16:56:01","date_gmt":"2025-02-15T16:56:01","guid":{"rendered":"https:\/\/kinamihealth.com\/product\/lemonbottle-ampoule-solution-10ml\/"},"modified":"2025-11-14T15:36:25","modified_gmt":"2025-11-14T15:36:25","slug":"lemonbottle-ampoule-solution-10ml","status":"publish","type":"product","link":"https:\/\/kinamihealth.com\/hu\/termek\/lemonbottle-ampoule-solution-10ml\/","title":{"rendered":"LEMONBOTTLE AMPOULE SOLUTION 10ml"},"content":{"rendered":"<p>A Lemonbottle Ampoule Solution egy forradalmian \u00faj, zs\u00edr\u00e9get\u0151 formula testre \u00e9s arcra. Riboflavint, lecitint \u00e9s bromelaint tartalmaz, amelyek stimul\u00e1lj\u00e1k a test anyagcsere folyamatait, \u00e9s olyan ter\u00fcleteket c\u00e9loznak meg, mint a dupla \u00e1ll, a h\u00e1jcsom\u00f3k, a cs\u00edp\u0151, valamint a has \u00e9s a l\u00e1bak.<\/p>\n","protected":false},"excerpt":{"rendered":"<p>A Lemonbottle Ampoule Solution egy forradalmian \u00faj, zs\u00edr\u00e9get\u0151 formula testre \u00e9s arcra. Riboflavint, lecitint \u00e9s bromelaint tartalmaz, amelyek stimul\u00e1lj\u00e1k a test anyagcsere folyamatait, \u00e9s olyan ter\u00fcleteket c\u00e9loznak meg, mint a dupla \u00e1ll, a h\u00e1jcsom\u00f3k, a cs\u00edp\u0151, valamint a has \u00e9s a l\u00e1bak.<\/p>\n","protected":false},"featured_media":116600,"comment_status":"closed","ping_status":"closed","template":"","meta":{"_acf_changed":false,"inline_featured_image":false},"product_brand":[2241],"product_cat":[3102],"product_tag":[2979],"class_list":{"0":"post-116599","1":"product","2":"type-product","3":"status-publish","4":"has-post-thumbnail","6":"product_brand-lemonbottle","7":"product_cat-mezoterapia","8":"product_tag-orvostechnikai-eszkozok","10":"first","11":"instock","12":"taxable","13":"shipping-taxable","14":"purchasable","15":"product-type-simple","16":"add-to-wishlist-before_image"},"acf":[],"yoast_head":"<!-- This site is optimized with the Yoast SEO plugin v27.3 - https:\/\/yoast.com\/product\/yoast-seo-wordpress\/ -->\n<title>V\u00e1s\u00e1roljon Lemonbottle ampulla oldatot online<\/title>\n<meta name=\"description\" content=\"V\u00e1s\u00e1roljon Lemonbottle Ampoule Solution term\u00e9ket online professzion\u00e1lis zs\u00edrbont\u00f3 kezel\u00e9sekhez. N\u00f6v\u00e9nyi alap\u00fa \u00e9s hat\u00e9kony testform\u00e1l\u00e1shoz a Kinami Health-n\u00e9l.\" \/>\n<meta name=\"robots\" content=\"index, follow, max-snippet:-1, max-image-preview:large, max-video-preview:-1\" \/>\n<link rel=\"canonical\" href=\"https:\/\/kinamihealth.com\/hu\/wp-json\/wp\/v2\/product\/116599\" \/>\n<meta property=\"og:locale\" content=\"hu_HU\" \/>\n<meta property=\"og:type\" content=\"article\" \/>\n<meta property=\"og:title\" content=\"V\u00e1s\u00e1roljon Lemonbottle ampulla oldatot online\" \/>\n<meta property=\"og:description\" content=\"V\u00e1s\u00e1roljon Lemonbottle Ampoule Solution term\u00e9ket online professzion\u00e1lis zs\u00edrbont\u00f3 kezel\u00e9sekhez. N\u00f6v\u00e9nyi alap\u00fa \u00e9s hat\u00e9kony testform\u00e1l\u00e1shoz a Kinami Health-n\u00e9l.\" \/>\n<meta property=\"og:url\" content=\"https:\/\/kinamihealth.com\/hu\/termek\/lemonbottle-ampoule-solution-10ml\/\" \/>\n<meta property=\"og:site_name\" content=\"Kinami Health\" \/>\n<meta property=\"article:modified_time\" content=\"2025-11-14T15:36:25+00:00\" \/>\n<meta property=\"og:image\" content=\"https:\/\/kinamihealth.com\/wp-content\/uploads\/2025\/02\/LEMONBOTTLE-Lipolysis_EN_Page_01_Image_0001.webp\" \/>\n\t<meta property=\"og:image:width\" content=\"1440\" \/>\n\t<meta property=\"og:image:height\" content=\"1080\" \/>\n\t<meta property=\"og:image:type\" content=\"image\/webp\" \/>\n<meta name=\"twitter:card\" content=\"summary_large_image\" \/>\n<meta name=\"twitter:label1\" content=\"Becs\u00fclt olvas\u00e1si id\u0151\" \/>\n\t<meta name=\"twitter:data1\" content=\"1 perc\" \/>\n<!-- \/ Yoast SEO plugin. -->","yoast_head_json":{"title":"V\u00e1s\u00e1roljon Lemonbottle ampulla oldatot online","description":"V\u00e1s\u00e1roljon Lemonbottle Ampoule Solution term\u00e9ket online professzion\u00e1lis zs\u00edrbont\u00f3 kezel\u00e9sekhez. N\u00f6v\u00e9nyi alap\u00fa \u00e9s hat\u00e9kony testform\u00e1l\u00e1shoz a Kinami Health-n\u00e9l.","robots":{"index":"index","follow":"follow","max-snippet":"max-snippet:-1","max-image-preview":"max-image-preview:large","max-video-preview":"max-video-preview:-1"},"canonical":"https:\/\/kinamihealth.com\/hu\/wp-json\/wp\/v2\/product\/116599","og_locale":"hu_HU","og_type":"article","og_title":"V\u00e1s\u00e1roljon Lemonbottle ampulla oldatot online","og_description":"V\u00e1s\u00e1roljon Lemonbottle Ampoule Solution term\u00e9ket online professzion\u00e1lis zs\u00edrbont\u00f3 kezel\u00e9sekhez. N\u00f6v\u00e9nyi alap\u00fa \u00e9s hat\u00e9kony testform\u00e1l\u00e1shoz a Kinami Health-n\u00e9l.","og_url":"https:\/\/kinamihealth.com\/hu\/termek\/lemonbottle-ampoule-solution-10ml\/","og_site_name":"Kinami Health","article_modified_time":"2025-11-14T15:36:25+00:00","og_image":[{"width":1440,"height":1080,"url":"https:\/\/kinamihealth.com\/wp-content\/uploads\/2025\/02\/LEMONBOTTLE-Lipolysis_EN_Page_01_Image_0001.webp","type":"image\/webp"}],"twitter_card":"summary_large_image","twitter_misc":{"Becs\u00fclt olvas\u00e1si id\u0151":"1 perc"},"schema":{"@context":"https:\/\/schema.org","@graph":[{"@type":"WebPage","@id":"https:\/\/kinamihealth.com\/hu\/termek\/lemonbottle-ampoule-solution-10ml\/","url":"https:\/\/kinamihealth.com\/hu\/termek\/lemonbottle-ampoule-solution-10ml\/","name":"V\u00e1s\u00e1roljon Lemonbottle ampulla oldatot online","isPartOf":{"@id":"https:\/\/kinamihealth.com\/#website"},"primaryImageOfPage":{"@id":"https:\/\/kinamihealth.com\/hu\/termek\/lemonbottle-ampoule-solution-10ml\/#primaryimage"},"image":{"@id":"https:\/\/kinamihealth.com\/hu\/termek\/lemonbottle-ampoule-solution-10ml\/#primaryimage"},"thumbnailUrl":"https:\/\/kinamihealth.com\/wp-content\/uploads\/2025\/02\/LEMONBOTTLE-Lipolysis_EN_Page_01_Image_0001.webp","datePublished":"2025-02-15T16:56:01+00:00","dateModified":"2025-11-14T15:36:25+00:00","description":"V\u00e1s\u00e1roljon Lemonbottle Ampoule Solution term\u00e9ket online professzion\u00e1lis zs\u00edrbont\u00f3 kezel\u00e9sekhez. N\u00f6v\u00e9nyi alap\u00fa \u00e9s hat\u00e9kony testform\u00e1l\u00e1shoz a Kinami Health-n\u00e9l.","breadcrumb":{"@id":"https:\/\/kinamihealth.com\/hu\/termek\/lemonbottle-ampoule-solution-10ml\/#breadcrumb"},"inLanguage":"hu","potentialAction":[{"@type":"ReadAction","target":["https:\/\/kinamihealth.com\/hu\/termek\/lemonbottle-ampoule-solution-10ml\/"]}]},{"@type":"ImageObject","inLanguage":"hu","@id":"https:\/\/kinamihealth.com\/hu\/termek\/lemonbottle-ampoule-solution-10ml\/#primaryimage","url":"https:\/\/kinamihealth.com\/wp-content\/uploads\/2025\/02\/LEMONBOTTLE-Lipolysis_EN_Page_01_Image_0001.webp","contentUrl":"https:\/\/kinamihealth.com\/wp-content\/uploads\/2025\/02\/LEMONBOTTLE-Lipolysis_EN_Page_01_Image_0001.webp","width":1440,"height":1080},{"@type":"BreadcrumbList","@id":"https:\/\/kinamihealth.com\/hu\/termek\/lemonbottle-ampoule-solution-10ml\/#breadcrumb","itemListElement":[{"@type":"ListItem","position":1,"name":"Kezd\u0151lap","item":"https:\/\/kinamihealth.com\/"},{"@type":"ListItem","position":2,"name":"Bolt","item":"https:\/\/kinamihealth.com\/shop\/"},{"@type":"ListItem","position":3,"name":"LEMONBOTTLE AMPOULE SOLUTION 10ml"}]},{"@type":"WebSite","@id":"https:\/\/kinamihealth.com\/#website","url":"https:\/\/kinamihealth.com\/","name":"Kinami Health","description":"","publisher":{"@id":"https:\/\/kinamihealth.com\/#organization"},"potentialAction":[{"@type":"SearchAction","target":{"@type":"EntryPoint","urlTemplate":"https:\/\/kinamihealth.com\/?s={search_term_string}"},"query-input":{"@type":"PropertyValueSpecification","valueRequired":true,"valueName":"search_term_string"}}],"inLanguage":"hu"},{"@type":"Organization","@id":"https:\/\/kinamihealth.com\/#organization","name":"Kinami Health","url":"https:\/\/kinamihealth.com\/","logo":{"@type":"ImageObject","inLanguage":"hu","@id":"https:\/\/kinamihealth.com\/#\/schema\/logo\/image\/","url":"https:\/\/kinamihealth.com\/wp-content\/uploads\/2025\/01\/KH_logo_black_2-1.png","contentUrl":"https:\/\/kinamihealth.com\/wp-content\/uploads\/2025\/01\/KH_logo_black_2-1.png","width":339,"height":34,"caption":"Kinami Health"},"image":{"@id":"https:\/\/kinamihealth.com\/#\/schema\/logo\/image\/"}}]}},"_links":{"self":[{"href":"https:\/\/kinamihealth.com\/hu\/wp-json\/wp\/v2\/product\/116599","targetHints":{"allow":["GET"]}}],"collection":[{"href":"https:\/\/kinamihealth.com\/hu\/wp-json\/wp\/v2\/product"}],"about":[{"href":"https:\/\/kinamihealth.com\/hu\/wp-json\/wp\/v2\/types\/product"}],"replies":[{"embeddable":true,"href":"https:\/\/kinamihealth.com\/hu\/wp-json\/wp\/v2\/comments?post=116599"}],"version-history":[{"count":0,"href":"https:\/\/kinamihealth.com\/hu\/wp-json\/wp\/v2\/product\/116599\/revisions"}],"wp:featuredmedia":[{"embeddable":true,"href":"https:\/\/kinamihealth.com\/hu\/wp-json\/wp\/v2\/media\/116600"}],"wp:attachment":[{"href":"https:\/\/kinamihealth.com\/hu\/wp-json\/wp\/v2\/media?parent=116599"}],"wp:term":[{"taxonomy":"product_brand","embeddable":true,"href":"https:\/\/kinamihealth.com\/hu\/wp-json\/wp\/v2\/product_brand?post=116599"},{"taxonomy":"product_cat","embeddable":true,"href":"https:\/\/kinamihealth.com\/hu\/wp-json\/wp\/v2\/product_cat?post=116599"},{"taxonomy":"product_tag","embeddable":true,"href":"https:\/\/kinamihealth.com\/hu\/wp-json\/wp\/v2\/product_tag?post=116599"}],"curies":[{"name":"wp","href":"https:\/\/api.w.org\/{rel}","templated":true}]}}