{"id":116594,"date":"2025-02-15T16:56:00","date_gmt":"2025-02-15T16:56:00","guid":{"rendered":"https:\/\/kinamihealth.com\/product\/karisma-rh-collagen-softfiller-biorestitutivo-face\/"},"modified":"2025-11-14T15:50:42","modified_gmt":"2025-11-14T15:50:42","slug":"karisma-rh-collagen-softfiller-biorestitutivo-face","status":"publish","type":"product","link":"https:\/\/kinamihealth.com\/hu\/termek\/karisma-rh-collagen-softfiller-biorestitutivo-face\/","title":{"rendered":"KARISMA RH COLLAGEN SOFTFILLER BIORESTITUTIVO FACE"},"content":{"rendered":"<p>A Taumedika SRL olasz gy\u00e1rtm\u00e1ny\u00fa KARISMA Rh Collagen Softfiller Face term\u00e9k a mimikai r\u00e1ncok \u00e9s hegek cs\u00f6kkent\u00e9s\u00e9re, az ajkak kont\u00faroz\u00e1s\u00e1ra \u00e9s a b\u0151r biorevitaliz\u00e1ci\u00f3j\u00e1ra szolg\u00e1l. A term\u00e9k gazdag RH kollag\u00e9nben, amely a fibroblasztokban a prokolag\u00e9n szint\u00e9zist induk\u00e1lja, hozz\u00e1j\u00e1rulva a b\u0151r rugalmass\u00e1g\u00e1nak javul\u00e1s\u00e1hoz. A term\u00e9k fontos \u00f6sszetev\u0151je a nagy molekulat\u00f6meg\u0171 hialuronsav, amely intenz\u00edven hidrat\u00e1lja \u00e9s t\u00e1mogatja a fibroblasztok szaporod\u00e1s\u00e1t. A karboxi-metil-cellul\u00f3z, amely a term\u00e9k harmadik pill\u00e9re, bizony\u00edtottan \u00f6reged\u00e9sg\u00e1tl\u00f3 tulajdons\u00e1gokkal rendelkezik \u00e9s megakad\u00e1lyozza a term\u00e9szetes hialuronsav elveszt\u00e9s\u00e9t.<\/p>\n","protected":false},"excerpt":{"rendered":"<p>A Taumedika SRL olasz gy\u00e1rtm\u00e1ny\u00fa KARISMA Rh Collagen Softfiller Face term\u00e9k a mimikai r\u00e1ncok \u00e9s hegek cs\u00f6kkent\u00e9s\u00e9re, az ajkak kont\u00faroz\u00e1s\u00e1ra \u00e9s a b\u0151r biorevitaliz\u00e1ci\u00f3j\u00e1ra szolg\u00e1l. A term\u00e9k gazdag RH kollag\u00e9nben, amely a fibroblasztokban a prokolag\u00e9n szint\u00e9zist induk\u00e1lja, hozz\u00e1j\u00e1rulva a b\u0151r rugalmass\u00e1g\u00e1nak javul\u00e1s\u00e1hoz. A term\u00e9k fontos \u00f6sszetev\u0151je a nagy molekulat\u00f6meg\u0171 hialuronsav, amely intenz\u00edven hidrat\u00e1lja \u00e9s t\u00e1mogatja [&hellip;]<\/p>\n","protected":false},"featured_media":116595,"comment_status":"closed","ping_status":"closed","template":"","meta":{"_acf_changed":false,"inline_featured_image":false},"product_brand":[2239],"product_cat":[3246,2997],"product_tag":[2979],"class_list":{"0":"post-116594","1":"product","2":"type-product","3":"status-publish","4":"has-post-thumbnail","6":"product_brand-karisma","7":"product_cat-biostimulatorok","8":"product_cat-dermalis-toltoanyagok","9":"product_tag-orvostechnikai-eszkozok","11":"first","12":"instock","13":"taxable","14":"shipping-taxable","15":"purchasable","16":"product-type-simple","17":"add-to-wishlist-before_image"},"acf":[],"yoast_head":"<!-- This site is optimized with the Yoast SEO plugin v27.3 - https:\/\/yoast.com\/product\/yoast-seo-wordpress\/ -->\n<title>V\u00e1s\u00e1roljon Karisma Face Rh kollag\u00e9nt online<\/title>\n<meta name=\"description\" content=\"V\u00e1s\u00e1rolja meg online a Karisma Face Rh Collagen term\u00e9ket \u2013 egy biol\u00f3giai regener\u00e1l\u00f3, l\u00e1gy t\u00f6lt\u0151anyagot, amelynek c\u00e9lja a b\u0151r rugalmass\u00e1g\u00e1nak \u00e9s feszess\u00e9g\u00e9nek helyre\u00e1ll\u00edt\u00e1sa. Rendelje meg most a Kinami Health \u00e1ruh\u00e1zban!\" \/>\n<meta name=\"robots\" content=\"index, follow, max-snippet:-1, max-image-preview:large, max-video-preview:-1\" \/>\n<link rel=\"canonical\" href=\"https:\/\/kinamihealth.com\/hu\/wp-json\/wp\/v2\/product\/116594\" \/>\n<meta property=\"og:locale\" content=\"hu_HU\" \/>\n<meta property=\"og:type\" content=\"article\" \/>\n<meta property=\"og:title\" content=\"V\u00e1s\u00e1roljon Karisma Face Rh kollag\u00e9nt online\" \/>\n<meta property=\"og:description\" content=\"V\u00e1s\u00e1rolja meg online a Karisma Face Rh Collagen term\u00e9ket \u2013 egy biol\u00f3giai regener\u00e1l\u00f3, l\u00e1gy t\u00f6lt\u0151anyagot, amelynek c\u00e9lja a b\u0151r rugalmass\u00e1g\u00e1nak \u00e9s feszess\u00e9g\u00e9nek helyre\u00e1ll\u00edt\u00e1sa. Rendelje meg most a Kinami Health \u00e1ruh\u00e1zban!\" \/>\n<meta property=\"og:url\" content=\"https:\/\/kinamihealth.com\/hu\/termek\/karisma-rh-collagen-softfiller-biorestitutivo-face\/\" \/>\n<meta property=\"og:site_name\" content=\"Kinami Health\" \/>\n<meta property=\"article:modified_time\" content=\"2025-11-14T15:50:42+00:00\" \/>\n<meta property=\"og:image\" content=\"https:\/\/kinamihealth.com\/wp-content\/uploads\/2025\/02\/KARISMA-SOFTFILLER-FACE-04.jpg\" \/>\n\t<meta property=\"og:image:width\" content=\"800\" \/>\n\t<meta property=\"og:image:height\" content=\"800\" \/>\n\t<meta property=\"og:image:type\" content=\"image\/jpeg\" \/>\n<meta name=\"twitter:card\" content=\"summary_large_image\" \/>\n<meta name=\"twitter:label1\" content=\"Becs\u00fclt olvas\u00e1si id\u0151\" \/>\n\t<meta name=\"twitter:data1\" content=\"1 perc\" \/>\n<!-- \/ Yoast SEO plugin. -->","yoast_head_json":{"title":"V\u00e1s\u00e1roljon Karisma Face Rh kollag\u00e9nt online","description":"V\u00e1s\u00e1rolja meg online a Karisma Face Rh Collagen term\u00e9ket \u2013 egy biol\u00f3giai regener\u00e1l\u00f3, l\u00e1gy t\u00f6lt\u0151anyagot, amelynek c\u00e9lja a b\u0151r rugalmass\u00e1g\u00e1nak \u00e9s feszess\u00e9g\u00e9nek helyre\u00e1ll\u00edt\u00e1sa. Rendelje meg most a Kinami Health \u00e1ruh\u00e1zban!","robots":{"index":"index","follow":"follow","max-snippet":"max-snippet:-1","max-image-preview":"max-image-preview:large","max-video-preview":"max-video-preview:-1"},"canonical":"https:\/\/kinamihealth.com\/hu\/wp-json\/wp\/v2\/product\/116594","og_locale":"hu_HU","og_type":"article","og_title":"V\u00e1s\u00e1roljon Karisma Face Rh kollag\u00e9nt online","og_description":"V\u00e1s\u00e1rolja meg online a Karisma Face Rh Collagen term\u00e9ket \u2013 egy biol\u00f3giai regener\u00e1l\u00f3, l\u00e1gy t\u00f6lt\u0151anyagot, amelynek c\u00e9lja a b\u0151r rugalmass\u00e1g\u00e1nak \u00e9s feszess\u00e9g\u00e9nek helyre\u00e1ll\u00edt\u00e1sa. Rendelje meg most a Kinami Health \u00e1ruh\u00e1zban!","og_url":"https:\/\/kinamihealth.com\/hu\/termek\/karisma-rh-collagen-softfiller-biorestitutivo-face\/","og_site_name":"Kinami Health","article_modified_time":"2025-11-14T15:50:42+00:00","og_image":[{"width":800,"height":800,"url":"https:\/\/kinamihealth.com\/wp-content\/uploads\/2025\/02\/KARISMA-SOFTFILLER-FACE-04.jpg","type":"image\/jpeg"}],"twitter_card":"summary_large_image","twitter_misc":{"Becs\u00fclt olvas\u00e1si id\u0151":"1 perc"},"schema":{"@context":"https:\/\/schema.org","@graph":[{"@type":"WebPage","@id":"https:\/\/kinamihealth.com\/hu\/termek\/karisma-rh-collagen-softfiller-biorestitutivo-face\/","url":"https:\/\/kinamihealth.com\/hu\/termek\/karisma-rh-collagen-softfiller-biorestitutivo-face\/","name":"V\u00e1s\u00e1roljon Karisma Face Rh kollag\u00e9nt online","isPartOf":{"@id":"https:\/\/kinamihealth.com\/#website"},"primaryImageOfPage":{"@id":"https:\/\/kinamihealth.com\/hu\/termek\/karisma-rh-collagen-softfiller-biorestitutivo-face\/#primaryimage"},"image":{"@id":"https:\/\/kinamihealth.com\/hu\/termek\/karisma-rh-collagen-softfiller-biorestitutivo-face\/#primaryimage"},"thumbnailUrl":"https:\/\/kinamihealth.com\/wp-content\/uploads\/2025\/02\/KARISMA-SOFTFILLER-FACE-04.jpg","datePublished":"2025-02-15T16:56:00+00:00","dateModified":"2025-11-14T15:50:42+00:00","description":"V\u00e1s\u00e1rolja meg online a Karisma Face Rh Collagen term\u00e9ket \u2013 egy biol\u00f3giai regener\u00e1l\u00f3, l\u00e1gy t\u00f6lt\u0151anyagot, amelynek c\u00e9lja a b\u0151r rugalmass\u00e1g\u00e1nak \u00e9s feszess\u00e9g\u00e9nek helyre\u00e1ll\u00edt\u00e1sa. Rendelje meg most a Kinami Health \u00e1ruh\u00e1zban!","breadcrumb":{"@id":"https:\/\/kinamihealth.com\/hu\/termek\/karisma-rh-collagen-softfiller-biorestitutivo-face\/#breadcrumb"},"inLanguage":"hu","potentialAction":[{"@type":"ReadAction","target":["https:\/\/kinamihealth.com\/hu\/termek\/karisma-rh-collagen-softfiller-biorestitutivo-face\/"]}]},{"@type":"ImageObject","inLanguage":"hu","@id":"https:\/\/kinamihealth.com\/hu\/termek\/karisma-rh-collagen-softfiller-biorestitutivo-face\/#primaryimage","url":"https:\/\/kinamihealth.com\/wp-content\/uploads\/2025\/02\/KARISMA-SOFTFILLER-FACE-04.jpg","contentUrl":"https:\/\/kinamihealth.com\/wp-content\/uploads\/2025\/02\/KARISMA-SOFTFILLER-FACE-04.jpg","width":800,"height":800},{"@type":"BreadcrumbList","@id":"https:\/\/kinamihealth.com\/hu\/termek\/karisma-rh-collagen-softfiller-biorestitutivo-face\/#breadcrumb","itemListElement":[{"@type":"ListItem","position":1,"name":"Kezd\u0151lap","item":"https:\/\/kinamihealth.com\/"},{"@type":"ListItem","position":2,"name":"Bolt","item":"https:\/\/kinamihealth.com\/shop\/"},{"@type":"ListItem","position":3,"name":"KARISMA RH COLLAGEN SOFTFILLER BIORESTITUTIVO FACE"}]},{"@type":"WebSite","@id":"https:\/\/kinamihealth.com\/#website","url":"https:\/\/kinamihealth.com\/","name":"Kinami Health","description":"","publisher":{"@id":"https:\/\/kinamihealth.com\/#organization"},"potentialAction":[{"@type":"SearchAction","target":{"@type":"EntryPoint","urlTemplate":"https:\/\/kinamihealth.com\/?s={search_term_string}"},"query-input":{"@type":"PropertyValueSpecification","valueRequired":true,"valueName":"search_term_string"}}],"inLanguage":"hu"},{"@type":"Organization","@id":"https:\/\/kinamihealth.com\/#organization","name":"Kinami Health","url":"https:\/\/kinamihealth.com\/","logo":{"@type":"ImageObject","inLanguage":"hu","@id":"https:\/\/kinamihealth.com\/#\/schema\/logo\/image\/","url":"https:\/\/kinamihealth.com\/wp-content\/uploads\/2025\/01\/KH_logo_black_2-1.png","contentUrl":"https:\/\/kinamihealth.com\/wp-content\/uploads\/2025\/01\/KH_logo_black_2-1.png","width":339,"height":34,"caption":"Kinami Health"},"image":{"@id":"https:\/\/kinamihealth.com\/#\/schema\/logo\/image\/"}}]}},"_links":{"self":[{"href":"https:\/\/kinamihealth.com\/hu\/wp-json\/wp\/v2\/product\/116594","targetHints":{"allow":["GET"]}}],"collection":[{"href":"https:\/\/kinamihealth.com\/hu\/wp-json\/wp\/v2\/product"}],"about":[{"href":"https:\/\/kinamihealth.com\/hu\/wp-json\/wp\/v2\/types\/product"}],"replies":[{"embeddable":true,"href":"https:\/\/kinamihealth.com\/hu\/wp-json\/wp\/v2\/comments?post=116594"}],"version-history":[{"count":0,"href":"https:\/\/kinamihealth.com\/hu\/wp-json\/wp\/v2\/product\/116594\/revisions"}],"wp:featuredmedia":[{"embeddable":true,"href":"https:\/\/kinamihealth.com\/hu\/wp-json\/wp\/v2\/media\/116595"}],"wp:attachment":[{"href":"https:\/\/kinamihealth.com\/hu\/wp-json\/wp\/v2\/media?parent=116594"}],"wp:term":[{"taxonomy":"product_brand","embeddable":true,"href":"https:\/\/kinamihealth.com\/hu\/wp-json\/wp\/v2\/product_brand?post=116594"},{"taxonomy":"product_cat","embeddable":true,"href":"https:\/\/kinamihealth.com\/hu\/wp-json\/wp\/v2\/product_cat?post=116594"},{"taxonomy":"product_tag","embeddable":true,"href":"https:\/\/kinamihealth.com\/hu\/wp-json\/wp\/v2\/product_tag?post=116594"}],"curies":[{"name":"wp","href":"https:\/\/api.w.org\/{rel}","templated":true}]}}