{"id":116592,"date":"2025-02-15T16:55:59","date_gmt":"2025-02-15T16:55:59","guid":{"rendered":"https:\/\/kinamihealth.com\/product\/juvederm-volux-lidokainnal\/"},"modified":"2026-04-02T14:05:34","modified_gmt":"2026-04-02T14:05:34","slug":"juvederm-volux-lidokainnal","status":"publish","type":"product","link":"https:\/\/kinamihealth.com\/hu\/termek\/juvederm-volux-lidokainnal\/","title":{"rendered":"JUV\u00c9DERM\u00ae VOLUX\u00ae lidokainnal"},"content":{"rendered":"<p>A Juvederm Volux Lidocaine egy nagy s\u0171r\u0171s\u00e9g\u0171 t\u00f6lt\u0151anyag, amely az arc volumen\u00e9nek helyre\u00e1ll\u00edt\u00e1s\u00e1ra \u00e9s megteremt\u00e9s\u00e9re szolg\u00e1l. A term\u00e9k ide\u00e1lis kezel\u00e9s a glabell\u00e1ris r\u00e1ncok, a r\u00e1ncok \u00e9s a b\u0151r aszimmetri\u00e1i eset\u00e9n. Az egyed\u00fcl\u00e1ll\u00f3 t\u00f6lt\u0151anyag az \u00e1ll \u00e9s az \u00e1llkapocs volumenveszt\u00e9s\u00e9nek kezel\u00e9s\u00e9re is haszn\u00e1lhat\u00f3.<\/p>\n","protected":false},"excerpt":{"rendered":"<p>A Juvederm Volux Lidocaine egy nagy s\u0171r\u0171s\u00e9g\u0171 t\u00f6lt\u0151anyag, amely az arc volumen\u00e9nek helyre\u00e1ll\u00edt\u00e1s\u00e1ra \u00e9s megteremt\u00e9s\u00e9re szolg\u00e1l. A term\u00e9k ide\u00e1lis kezel\u00e9s a glabell\u00e1ris r\u00e1ncok, a r\u00e1ncok \u00e9s a b\u0151r aszimmetri\u00e1i eset\u00e9n. Az egyed\u00fcl\u00e1ll\u00f3 t\u00f6lt\u0151anyag az \u00e1ll \u00e9s az \u00e1llkapocs volumenveszt\u00e9s\u00e9nek kezel\u00e9s\u00e9re is haszn\u00e1lhat\u00f3.<\/p>\n","protected":false},"featured_media":116593,"comment_status":"closed","ping_status":"closed","template":"","meta":{"_acf_changed":false,"inline_featured_image":false},"product_brand":[2219],"product_cat":[2997,3002],"product_tag":[2979],"class_list":{"0":"post-116592","1":"product","2":"type-product","3":"status-publish","4":"has-post-thumbnail","6":"product_brand-juvederm","7":"product_cat-dermalis-toltoanyagok","8":"product_cat-ha-borfeltoltok","9":"product_tag-orvostechnikai-eszkozok","11":"first","12":"instock","13":"taxable","14":"shipping-taxable","15":"purchasable","16":"product-type-simple","17":"add-to-wishlist-before_image"},"acf":[],"yoast_head":"<!-- This site is optimized with the Yoast SEO plugin v27.3 - https:\/\/yoast.com\/product\/yoast-seo-wordpress\/ -->\n<title>V\u00e1s\u00e1roljon Juvederm Volux lidokainnalt online<\/title>\n<meta name=\"description\" content=\"V\u00e1s\u00e1rolja meg online a Juvederm Volux lidokainnal az \u00e1ll \u00e9s az \u00e1ll kont\u00farjainak form\u00e1z\u00e1s\u00e1hoz \u00e9s jav\u00edt\u00e1s\u00e1hoz. Rendeljen nagykereskedelmi \u00e1ron a Kinami Health-t\u00f3l.\" \/>\n<meta name=\"robots\" content=\"index, follow, max-snippet:-1, max-image-preview:large, max-video-preview:-1\" \/>\n<link rel=\"canonical\" href=\"https:\/\/kinamihealth.com\/hu\/wp-json\/wp\/v2\/product\/116592\" \/>\n<meta property=\"og:locale\" content=\"hu_HU\" \/>\n<meta property=\"og:type\" content=\"article\" \/>\n<meta property=\"og:title\" content=\"V\u00e1s\u00e1roljon Juvederm Volux lidokainnalt online\" \/>\n<meta property=\"og:description\" content=\"V\u00e1s\u00e1rolja meg online a Juvederm Volux lidokainnal az \u00e1ll \u00e9s az \u00e1ll kont\u00farjainak form\u00e1z\u00e1s\u00e1hoz \u00e9s jav\u00edt\u00e1s\u00e1hoz. Rendeljen nagykereskedelmi \u00e1ron a Kinami Health-t\u00f3l.\" \/>\n<meta property=\"og:url\" content=\"https:\/\/kinamihealth.com\/hu\/termek\/juvederm-volux-lidokainnal\/\" \/>\n<meta property=\"og:site_name\" content=\"Kinami Health\" \/>\n<meta property=\"article:modified_time\" content=\"2026-04-02T14:05:34+00:00\" \/>\n<meta property=\"og:image\" content=\"https:\/\/kinamihealth.com\/wp-content\/uploads\/2025\/02\/JUVEDERM-VOLUX-2X1ML-01.jpg\" \/>\n\t<meta property=\"og:image:width\" content=\"800\" \/>\n\t<meta property=\"og:image:height\" content=\"800\" \/>\n\t<meta property=\"og:image:type\" content=\"image\/jpeg\" \/>\n<meta name=\"twitter:card\" content=\"summary_large_image\" \/>\n<meta name=\"twitter:label1\" content=\"Becs\u00fclt olvas\u00e1si id\u0151\" \/>\n\t<meta name=\"twitter:data1\" content=\"1 perc\" \/>\n<!-- \/ Yoast SEO plugin. -->","yoast_head_json":{"title":"V\u00e1s\u00e1roljon Juvederm Volux lidokainnalt online","description":"V\u00e1s\u00e1rolja meg online a Juvederm Volux lidokainnal az \u00e1ll \u00e9s az \u00e1ll kont\u00farjainak form\u00e1z\u00e1s\u00e1hoz \u00e9s jav\u00edt\u00e1s\u00e1hoz. Rendeljen nagykereskedelmi \u00e1ron a Kinami Health-t\u00f3l.","robots":{"index":"index","follow":"follow","max-snippet":"max-snippet:-1","max-image-preview":"max-image-preview:large","max-video-preview":"max-video-preview:-1"},"canonical":"https:\/\/kinamihealth.com\/hu\/wp-json\/wp\/v2\/product\/116592","og_locale":"hu_HU","og_type":"article","og_title":"V\u00e1s\u00e1roljon Juvederm Volux lidokainnalt online","og_description":"V\u00e1s\u00e1rolja meg online a Juvederm Volux lidokainnal az \u00e1ll \u00e9s az \u00e1ll kont\u00farjainak form\u00e1z\u00e1s\u00e1hoz \u00e9s jav\u00edt\u00e1s\u00e1hoz. Rendeljen nagykereskedelmi \u00e1ron a Kinami Health-t\u00f3l.","og_url":"https:\/\/kinamihealth.com\/hu\/termek\/juvederm-volux-lidokainnal\/","og_site_name":"Kinami Health","article_modified_time":"2026-04-02T14:05:34+00:00","og_image":[{"width":800,"height":800,"url":"https:\/\/kinamihealth.com\/wp-content\/uploads\/2025\/02\/JUVEDERM-VOLUX-2X1ML-01.jpg","type":"image\/jpeg"}],"twitter_card":"summary_large_image","twitter_misc":{"Becs\u00fclt olvas\u00e1si id\u0151":"1 perc"},"schema":{"@context":"https:\/\/schema.org","@graph":[{"@type":"WebPage","@id":"https:\/\/kinamihealth.com\/hu\/termek\/juvederm-volux-lidokainnal\/","url":"https:\/\/kinamihealth.com\/hu\/termek\/juvederm-volux-lidokainnal\/","name":"V\u00e1s\u00e1roljon Juvederm Volux lidokainnalt online","isPartOf":{"@id":"https:\/\/kinamihealth.com\/#website"},"primaryImageOfPage":{"@id":"https:\/\/kinamihealth.com\/hu\/termek\/juvederm-volux-lidokainnal\/#primaryimage"},"image":{"@id":"https:\/\/kinamihealth.com\/hu\/termek\/juvederm-volux-lidokainnal\/#primaryimage"},"thumbnailUrl":"https:\/\/kinamihealth.com\/wp-content\/uploads\/2025\/02\/JUVEDERM-VOLUX-2X1ML-01.jpg","datePublished":"2025-02-15T16:55:59+00:00","dateModified":"2026-04-02T14:05:34+00:00","description":"V\u00e1s\u00e1rolja meg online a Juvederm Volux lidokainnal az \u00e1ll \u00e9s az \u00e1ll kont\u00farjainak form\u00e1z\u00e1s\u00e1hoz \u00e9s jav\u00edt\u00e1s\u00e1hoz. Rendeljen nagykereskedelmi \u00e1ron a Kinami Health-t\u00f3l.","breadcrumb":{"@id":"https:\/\/kinamihealth.com\/hu\/termek\/juvederm-volux-lidokainnal\/#breadcrumb"},"inLanguage":"hu","potentialAction":[{"@type":"ReadAction","target":["https:\/\/kinamihealth.com\/hu\/termek\/juvederm-volux-lidokainnal\/"]}]},{"@type":"ImageObject","inLanguage":"hu","@id":"https:\/\/kinamihealth.com\/hu\/termek\/juvederm-volux-lidokainnal\/#primaryimage","url":"https:\/\/kinamihealth.com\/wp-content\/uploads\/2025\/02\/JUVEDERM-VOLUX-2X1ML-01.jpg","contentUrl":"https:\/\/kinamihealth.com\/wp-content\/uploads\/2025\/02\/JUVEDERM-VOLUX-2X1ML-01.jpg","width":800,"height":800},{"@type":"BreadcrumbList","@id":"https:\/\/kinamihealth.com\/hu\/termek\/juvederm-volux-lidokainnal\/#breadcrumb","itemListElement":[{"@type":"ListItem","position":1,"name":"Kezd\u0151lap","item":"https:\/\/kinamihealth.com\/"},{"@type":"ListItem","position":2,"name":"Bolt","item":"https:\/\/kinamihealth.com\/shop\/"},{"@type":"ListItem","position":3,"name":"JUV\u00c9DERM\u00ae VOLUX\u00ae lidokainnal"}]},{"@type":"WebSite","@id":"https:\/\/kinamihealth.com\/#website","url":"https:\/\/kinamihealth.com\/","name":"Kinami Health","description":"","publisher":{"@id":"https:\/\/kinamihealth.com\/#organization"},"potentialAction":[{"@type":"SearchAction","target":{"@type":"EntryPoint","urlTemplate":"https:\/\/kinamihealth.com\/?s={search_term_string}"},"query-input":{"@type":"PropertyValueSpecification","valueRequired":true,"valueName":"search_term_string"}}],"inLanguage":"hu"},{"@type":"Organization","@id":"https:\/\/kinamihealth.com\/#organization","name":"Kinami Health","url":"https:\/\/kinamihealth.com\/","logo":{"@type":"ImageObject","inLanguage":"hu","@id":"https:\/\/kinamihealth.com\/#\/schema\/logo\/image\/","url":"https:\/\/kinamihealth.com\/wp-content\/uploads\/2025\/01\/KH_logo_black_2-1.png","contentUrl":"https:\/\/kinamihealth.com\/wp-content\/uploads\/2025\/01\/KH_logo_black_2-1.png","width":339,"height":34,"caption":"Kinami Health"},"image":{"@id":"https:\/\/kinamihealth.com\/#\/schema\/logo\/image\/"}}]}},"_links":{"self":[{"href":"https:\/\/kinamihealth.com\/hu\/wp-json\/wp\/v2\/product\/116592","targetHints":{"allow":["GET"]}}],"collection":[{"href":"https:\/\/kinamihealth.com\/hu\/wp-json\/wp\/v2\/product"}],"about":[{"href":"https:\/\/kinamihealth.com\/hu\/wp-json\/wp\/v2\/types\/product"}],"replies":[{"embeddable":true,"href":"https:\/\/kinamihealth.com\/hu\/wp-json\/wp\/v2\/comments?post=116592"}],"version-history":[{"count":1,"href":"https:\/\/kinamihealth.com\/hu\/wp-json\/wp\/v2\/product\/116592\/revisions"}],"predecessor-version":[{"id":134324,"href":"https:\/\/kinamihealth.com\/hu\/wp-json\/wp\/v2\/product\/116592\/revisions\/134324"}],"wp:featuredmedia":[{"embeddable":true,"href":"https:\/\/kinamihealth.com\/hu\/wp-json\/wp\/v2\/media\/116593"}],"wp:attachment":[{"href":"https:\/\/kinamihealth.com\/hu\/wp-json\/wp\/v2\/media?parent=116592"}],"wp:term":[{"taxonomy":"product_brand","embeddable":true,"href":"https:\/\/kinamihealth.com\/hu\/wp-json\/wp\/v2\/product_brand?post=116592"},{"taxonomy":"product_cat","embeddable":true,"href":"https:\/\/kinamihealth.com\/hu\/wp-json\/wp\/v2\/product_cat?post=116592"},{"taxonomy":"product_tag","embeddable":true,"href":"https:\/\/kinamihealth.com\/hu\/wp-json\/wp\/v2\/product_tag?post=116592"}],"curies":[{"name":"wp","href":"https:\/\/api.w.org\/{rel}","templated":true}]}}