{"id":116566,"date":"2025-02-15T16:55:50","date_gmt":"2025-02-15T16:55:50","guid":{"rendered":"https:\/\/kinamihealth.com\/product\/juvederm-ultra-2-lidokainnal\/"},"modified":"2025-11-16T21:09:13","modified_gmt":"2025-11-16T21:09:13","slug":"juvederm-ultra-2-lidokainnal","status":"publish","type":"product","link":"https:\/\/kinamihealth.com\/hu\/termek\/juvederm-ultra-2-lidokainnal\/","title":{"rendered":"JUVEDERM\u00ae ULTRA 2 lidokainnal"},"content":{"rendered":"<p>A Juv\u00e9derm Ultra 2 a leghat\u00e9konyabb a finom r\u00e1ncok \u00e9s a szemk\u00f6rny\u00e9k kezel\u00e9s\u00e9ben. A Juv\u00e9derm Ultra 2 \u00f6sszet\u00e9tele l\u00e1gy konzisztenci\u00e1t \u00e9s k\u00e9nyelmes kezel\u00e9st biztos\u00edt. A b\u0151r k\u00f6zepes m\u00e9ret\u0171 m\u00e9lyed\u00e9seinek kit\u00f6lt\u00e9s\u00e9re, valamint az ajkak kont\u00farj\u00e1nak kiemel\u00e9s\u00e9re haszn\u00e1lj\u00e1k, k\u00f6z\u00e9ps\u0151 b\u0151rr\u00e9tegbe t\u00f6rt\u00e9n\u0151 injekci\u00f3val. A term\u00e9k lidokaint tartalmaz, ami f\u00e1jdalommentess\u00e9 \u00e9s k\u00e9nyelmess\u00e9 teszi a kezel\u00e9st a p\u00e1ciens sz\u00e1m\u00e1ra.<\/p>\n","protected":false},"excerpt":{"rendered":"<p>A Juv\u00e9derm Ultra 2 a leghat\u00e9konyabb a finom r\u00e1ncok \u00e9s a szemk\u00f6rny\u00e9k kezel\u00e9s\u00e9ben. A Juv\u00e9derm Ultra 2 \u00f6sszet\u00e9tele l\u00e1gy konzisztenci\u00e1t \u00e9s k\u00e9nyelmes kezel\u00e9st biztos\u00edt. A b\u0151r k\u00f6zepes m\u00e9ret\u0171 m\u00e9lyed\u00e9seinek kit\u00f6lt\u00e9s\u00e9re, valamint az ajkak kont\u00farj\u00e1nak kiemel\u00e9s\u00e9re haszn\u00e1lj\u00e1k, k\u00f6z\u00e9ps\u0151 b\u0151rr\u00e9tegbe t\u00f6rt\u00e9n\u0151 injekci\u00f3val. A term\u00e9k lidokaint tartalmaz, ami f\u00e1jdalommentess\u00e9 \u00e9s k\u00e9nyelmess\u00e9 teszi a kezel\u00e9st a p\u00e1ciens sz\u00e1m\u00e1ra.<\/p>\n","protected":false},"featured_media":116567,"comment_status":"closed","ping_status":"closed","template":"","meta":{"_acf_changed":false,"inline_featured_image":false},"product_brand":[2219],"product_cat":[2997,3002],"product_tag":[2979],"class_list":{"0":"post-116566","1":"product","2":"type-product","3":"status-publish","4":"has-post-thumbnail","6":"product_brand-juvederm","7":"product_cat-dermalis-toltoanyagok","8":"product_cat-ha-borfeltoltok","9":"product_tag-orvostechnikai-eszkozok","11":"first","12":"instock","13":"taxable","14":"shipping-taxable","15":"purchasable","16":"product-type-simple","17":"add-to-wishlist-before_image"},"acf":[],"yoast_head":"<!-- This site is optimized with the Yoast SEO plugin v27.3 - https:\/\/yoast.com\/product\/yoast-seo-wordpress\/ -->\n<title>Juvederm Ultra 2 online v\u00e1s\u00e1rl\u00e1s: HA t\u00f6lt\u0151anyag term\u00e9szetes eredm\u00e9nyek\u00e9rt<\/title>\n<meta name=\"description\" content=\"V\u00e1s\u00e1roljon Juv\u00e9derm Ultra 2-t online, hogy kisim\u00edtsa a finom r\u00e1ncokat, form\u00e1lja az ajkakat \u00e9s term\u00e9szetes eredm\u00e9nyt \u00e9rjen el. V\u00e1s\u00e1roljon a Kinami Health-n\u00e9l versenyk\u00e9pes \u00e1ron.\" \/>\n<meta name=\"robots\" content=\"index, follow, max-snippet:-1, max-image-preview:large, max-video-preview:-1\" \/>\n<link rel=\"canonical\" href=\"https:\/\/kinamihealth.com\/hu\/wp-json\/wp\/v2\/product\/116566\" \/>\n<meta property=\"og:locale\" content=\"hu_HU\" \/>\n<meta property=\"og:type\" content=\"article\" \/>\n<meta property=\"og:title\" content=\"Juvederm Ultra 2 online v\u00e1s\u00e1rl\u00e1s: HA t\u00f6lt\u0151anyag term\u00e9szetes eredm\u00e9nyek\u00e9rt\" \/>\n<meta property=\"og:description\" content=\"V\u00e1s\u00e1roljon Juv\u00e9derm Ultra 2-t online, hogy kisim\u00edtsa a finom r\u00e1ncokat, form\u00e1lja az ajkakat \u00e9s term\u00e9szetes eredm\u00e9nyt \u00e9rjen el. V\u00e1s\u00e1roljon a Kinami Health-n\u00e9l versenyk\u00e9pes \u00e1ron.\" \/>\n<meta property=\"og:url\" content=\"https:\/\/kinamihealth.com\/hu\/termek\/juvederm-ultra-2-lidokainnal\/\" \/>\n<meta property=\"og:site_name\" content=\"Kinami Health\" \/>\n<meta property=\"article:modified_time\" content=\"2025-11-16T21:09:13+00:00\" \/>\n<meta property=\"og:image\" content=\"https:\/\/kinamihealth.com\/wp-content\/uploads\/2025\/02\/JUVEDERM-ULTRA2-01.jpg\" \/>\n\t<meta property=\"og:image:width\" content=\"800\" \/>\n\t<meta property=\"og:image:height\" content=\"800\" \/>\n\t<meta property=\"og:image:type\" content=\"image\/jpeg\" \/>\n<meta name=\"twitter:card\" content=\"summary_large_image\" \/>\n<meta name=\"twitter:label1\" content=\"Becs\u00fclt olvas\u00e1si id\u0151\" \/>\n\t<meta name=\"twitter:data1\" content=\"1 perc\" \/>\n<!-- \/ Yoast SEO plugin. -->","yoast_head_json":{"title":"Juvederm Ultra 2 online v\u00e1s\u00e1rl\u00e1s: HA t\u00f6lt\u0151anyag term\u00e9szetes eredm\u00e9nyek\u00e9rt","description":"V\u00e1s\u00e1roljon Juv\u00e9derm Ultra 2-t online, hogy kisim\u00edtsa a finom r\u00e1ncokat, form\u00e1lja az ajkakat \u00e9s term\u00e9szetes eredm\u00e9nyt \u00e9rjen el. V\u00e1s\u00e1roljon a Kinami Health-n\u00e9l versenyk\u00e9pes \u00e1ron.","robots":{"index":"index","follow":"follow","max-snippet":"max-snippet:-1","max-image-preview":"max-image-preview:large","max-video-preview":"max-video-preview:-1"},"canonical":"https:\/\/kinamihealth.com\/hu\/wp-json\/wp\/v2\/product\/116566","og_locale":"hu_HU","og_type":"article","og_title":"Juvederm Ultra 2 online v\u00e1s\u00e1rl\u00e1s: HA t\u00f6lt\u0151anyag term\u00e9szetes eredm\u00e9nyek\u00e9rt","og_description":"V\u00e1s\u00e1roljon Juv\u00e9derm Ultra 2-t online, hogy kisim\u00edtsa a finom r\u00e1ncokat, form\u00e1lja az ajkakat \u00e9s term\u00e9szetes eredm\u00e9nyt \u00e9rjen el. V\u00e1s\u00e1roljon a Kinami Health-n\u00e9l versenyk\u00e9pes \u00e1ron.","og_url":"https:\/\/kinamihealth.com\/hu\/termek\/juvederm-ultra-2-lidokainnal\/","og_site_name":"Kinami Health","article_modified_time":"2025-11-16T21:09:13+00:00","og_image":[{"width":800,"height":800,"url":"https:\/\/kinamihealth.com\/wp-content\/uploads\/2025\/02\/JUVEDERM-ULTRA2-01.jpg","type":"image\/jpeg"}],"twitter_card":"summary_large_image","twitter_misc":{"Becs\u00fclt olvas\u00e1si id\u0151":"1 perc"},"schema":{"@context":"https:\/\/schema.org","@graph":[{"@type":"WebPage","@id":"https:\/\/kinamihealth.com\/hu\/termek\/juvederm-ultra-2-lidokainnal\/","url":"https:\/\/kinamihealth.com\/hu\/termek\/juvederm-ultra-2-lidokainnal\/","name":"Juvederm Ultra 2 online v\u00e1s\u00e1rl\u00e1s: HA t\u00f6lt\u0151anyag term\u00e9szetes eredm\u00e9nyek\u00e9rt","isPartOf":{"@id":"https:\/\/kinamihealth.com\/#website"},"primaryImageOfPage":{"@id":"https:\/\/kinamihealth.com\/hu\/termek\/juvederm-ultra-2-lidokainnal\/#primaryimage"},"image":{"@id":"https:\/\/kinamihealth.com\/hu\/termek\/juvederm-ultra-2-lidokainnal\/#primaryimage"},"thumbnailUrl":"https:\/\/kinamihealth.com\/wp-content\/uploads\/2025\/02\/JUVEDERM-ULTRA2-01.jpg","datePublished":"2025-02-15T16:55:50+00:00","dateModified":"2025-11-16T21:09:13+00:00","description":"V\u00e1s\u00e1roljon Juv\u00e9derm Ultra 2-t online, hogy kisim\u00edtsa a finom r\u00e1ncokat, form\u00e1lja az ajkakat \u00e9s term\u00e9szetes eredm\u00e9nyt \u00e9rjen el. V\u00e1s\u00e1roljon a Kinami Health-n\u00e9l versenyk\u00e9pes \u00e1ron.","breadcrumb":{"@id":"https:\/\/kinamihealth.com\/hu\/termek\/juvederm-ultra-2-lidokainnal\/#breadcrumb"},"inLanguage":"hu","potentialAction":[{"@type":"ReadAction","target":["https:\/\/kinamihealth.com\/hu\/termek\/juvederm-ultra-2-lidokainnal\/"]}]},{"@type":"ImageObject","inLanguage":"hu","@id":"https:\/\/kinamihealth.com\/hu\/termek\/juvederm-ultra-2-lidokainnal\/#primaryimage","url":"https:\/\/kinamihealth.com\/wp-content\/uploads\/2025\/02\/JUVEDERM-ULTRA2-01.jpg","contentUrl":"https:\/\/kinamihealth.com\/wp-content\/uploads\/2025\/02\/JUVEDERM-ULTRA2-01.jpg","width":800,"height":800},{"@type":"BreadcrumbList","@id":"https:\/\/kinamihealth.com\/hu\/termek\/juvederm-ultra-2-lidokainnal\/#breadcrumb","itemListElement":[{"@type":"ListItem","position":1,"name":"Kezd\u0151lap","item":"https:\/\/kinamihealth.com\/"},{"@type":"ListItem","position":2,"name":"Bolt","item":"https:\/\/kinamihealth.com\/shop\/"},{"@type":"ListItem","position":3,"name":"JUVEDERM\u00ae ULTRA 2 lidokainnal"}]},{"@type":"WebSite","@id":"https:\/\/kinamihealth.com\/#website","url":"https:\/\/kinamihealth.com\/","name":"Kinami Health","description":"","publisher":{"@id":"https:\/\/kinamihealth.com\/#organization"},"potentialAction":[{"@type":"SearchAction","target":{"@type":"EntryPoint","urlTemplate":"https:\/\/kinamihealth.com\/?s={search_term_string}"},"query-input":{"@type":"PropertyValueSpecification","valueRequired":true,"valueName":"search_term_string"}}],"inLanguage":"hu"},{"@type":"Organization","@id":"https:\/\/kinamihealth.com\/#organization","name":"Kinami Health","url":"https:\/\/kinamihealth.com\/","logo":{"@type":"ImageObject","inLanguage":"hu","@id":"https:\/\/kinamihealth.com\/#\/schema\/logo\/image\/","url":"https:\/\/kinamihealth.com\/wp-content\/uploads\/2025\/01\/KH_logo_black_2-1.png","contentUrl":"https:\/\/kinamihealth.com\/wp-content\/uploads\/2025\/01\/KH_logo_black_2-1.png","width":339,"height":34,"caption":"Kinami Health"},"image":{"@id":"https:\/\/kinamihealth.com\/#\/schema\/logo\/image\/"}}]}},"_links":{"self":[{"href":"https:\/\/kinamihealth.com\/hu\/wp-json\/wp\/v2\/product\/116566","targetHints":{"allow":["GET"]}}],"collection":[{"href":"https:\/\/kinamihealth.com\/hu\/wp-json\/wp\/v2\/product"}],"about":[{"href":"https:\/\/kinamihealth.com\/hu\/wp-json\/wp\/v2\/types\/product"}],"replies":[{"embeddable":true,"href":"https:\/\/kinamihealth.com\/hu\/wp-json\/wp\/v2\/comments?post=116566"}],"version-history":[{"count":0,"href":"https:\/\/kinamihealth.com\/hu\/wp-json\/wp\/v2\/product\/116566\/revisions"}],"wp:featuredmedia":[{"embeddable":true,"href":"https:\/\/kinamihealth.com\/hu\/wp-json\/wp\/v2\/media\/116567"}],"wp:attachment":[{"href":"https:\/\/kinamihealth.com\/hu\/wp-json\/wp\/v2\/media?parent=116566"}],"wp:term":[{"taxonomy":"product_brand","embeddable":true,"href":"https:\/\/kinamihealth.com\/hu\/wp-json\/wp\/v2\/product_brand?post=116566"},{"taxonomy":"product_cat","embeddable":true,"href":"https:\/\/kinamihealth.com\/hu\/wp-json\/wp\/v2\/product_cat?post=116566"},{"taxonomy":"product_tag","embeddable":true,"href":"https:\/\/kinamihealth.com\/hu\/wp-json\/wp\/v2\/product_tag?post=116566"}],"curies":[{"name":"wp","href":"https:\/\/api.w.org\/{rel}","templated":true}]}}