{"id":116559,"date":"2025-02-15T16:55:43","date_gmt":"2025-02-15T16:55:43","guid":{"rendered":"https:\/\/kinamihealth.com\/product\/jalupro-2x30mg-3ml-2x100mg\/"},"modified":"2025-11-17T21:41:29","modified_gmt":"2025-11-17T21:41:29","slug":"jalupro-2x30mg-3ml-2x100mg","status":"publish","type":"product","link":"https:\/\/kinamihealth.com\/hu\/termek\/jalupro-2x30mg-3ml-2x100mg\/","title":{"rendered":"JALUPRO\u00ae 2x30mg\/3ml + 2x100mg"},"content":{"rendered":"<p>A Jalupro egy n\u00e1trium-hialuron\u00e1t \u00e9s aminosavak alap\u00fa b\u0151rfelt\u00f6lt\u0151 anyag, amely jav\u00edtja a b\u0151r text\u00far\u00e1j\u00e1t, mik\u00f6zben jelent\u0151sen cs\u00f6kkenti a r\u00e1ncok megjelen\u00e9s\u00e9t. Egyed\u00fcl\u00e1ll\u00f3 \u00f6sszet\u00e9tel\u00e9nek k\u00f6sz\u00f6nhet\u0151en a Jalupro kiv\u00e1l\u00f3 bio-revitaliz\u00e1l\u00f3 hat\u00e1ssal rendelkez\u0151 b\u0151rfelt\u00f6lt\u0151 anyagk\u00e9nt m\u0171k\u00f6dik, amely seg\u00edt a kisz\u00e1radt b\u0151r hidrat\u00e1l\u00e1s\u00e1ban, a hegek halv\u00e1ny\u00edt\u00e1s\u00e1ban, a b\u0151r m\u00e9lyed\u00e9seinek elt\u00fcntet\u00e9s\u00e9ben \u00e9s a f\u00e9ny okozta \u00f6reged\u00e9s jeleinek minimaliz\u00e1l\u00e1s\u00e1ban.<\/p>\n","protected":false},"excerpt":{"rendered":"<p>A Jalupro egy n\u00e1trium-hialuron\u00e1t \u00e9s aminosavak alap\u00fa b\u0151rfelt\u00f6lt\u0151 anyag, amely jav\u00edtja a b\u0151r text\u00far\u00e1j\u00e1t, mik\u00f6zben jelent\u0151sen cs\u00f6kkenti a r\u00e1ncok megjelen\u00e9s\u00e9t. Egyed\u00fcl\u00e1ll\u00f3 \u00f6sszet\u00e9tel\u00e9nek k\u00f6sz\u00f6nhet\u0151en a Jalupro kiv\u00e1l\u00f3 bio-revitaliz\u00e1l\u00f3 hat\u00e1ssal rendelkez\u0151 b\u0151rfelt\u00f6lt\u0151 anyagk\u00e9nt m\u0171k\u00f6dik, amely seg\u00edt a kisz\u00e1radt b\u0151r hidrat\u00e1l\u00e1s\u00e1ban, a hegek halv\u00e1ny\u00edt\u00e1s\u00e1ban, a b\u0151r m\u00e9lyed\u00e9seinek elt\u00fcntet\u00e9s\u00e9ben \u00e9s a f\u00e9ny okozta \u00f6reged\u00e9s jeleinek minimaliz\u00e1l\u00e1s\u00e1ban.<\/p>\n","protected":false},"featured_media":116560,"comment_status":"closed","ping_status":"closed","template":"","meta":{"_acf_changed":false,"inline_featured_image":false},"product_brand":[2218],"product_cat":[2997],"product_tag":[2979],"class_list":{"0":"post-116559","1":"product","2":"type-product","3":"status-publish","4":"has-post-thumbnail","6":"product_brand-jalupro","7":"product_cat-dermalis-toltoanyagok","8":"product_tag-orvostechnikai-eszkozok","10":"first","11":"instock","12":"taxable","13":"shipping-taxable","14":"purchasable","15":"product-type-simple","16":"add-to-wishlist-before_image"},"acf":[],"yoast_head":"<!-- This site is optimized with the Yoast SEO plugin v27.1.1 - https:\/\/yoast.com\/product\/yoast-seo-wordpress\/ -->\n<title>V\u00e1s\u00e1roljon JALUPRO 2x30 mg\/3 ml + 2x100 mg term\u00e9ket online<\/title>\n<meta name=\"description\" content=\"V\u00e1s\u00e1roljon JALUPRO 2x30mg\/3ml + 2x100mg term\u00e9ket online, \u00e9s kombin\u00e1lja a n\u00e1trium-hialuron\u00e1tot \u00e9s az aminosavakat az arc \u00e9s a test b\u0151rprobl\u00e9m\u00e1inak jav\u00edt\u00e1s\u00e1ra.\" \/>\n<meta name=\"robots\" content=\"index, follow, max-snippet:-1, max-image-preview:large, max-video-preview:-1\" \/>\n<link rel=\"canonical\" href=\"https:\/\/kinamihealth.com\/hu\/wp-json\/wp\/v2\/product\/116559\" \/>\n<meta property=\"og:locale\" content=\"hu_HU\" \/>\n<meta property=\"og:type\" content=\"article\" \/>\n<meta property=\"og:title\" content=\"V\u00e1s\u00e1roljon JALUPRO 2x30 mg\/3 ml + 2x100 mg term\u00e9ket online\" \/>\n<meta property=\"og:description\" content=\"V\u00e1s\u00e1roljon JALUPRO 2x30mg\/3ml + 2x100mg term\u00e9ket online, \u00e9s kombin\u00e1lja a n\u00e1trium-hialuron\u00e1tot \u00e9s az aminosavakat az arc \u00e9s a test b\u0151rprobl\u00e9m\u00e1inak jav\u00edt\u00e1s\u00e1ra.\" \/>\n<meta property=\"og:url\" content=\"https:\/\/kinamihealth.com\/hu\/termek\/jalupro-2x30mg-3ml-2x100mg\/\" \/>\n<meta property=\"og:site_name\" content=\"Kinami Health\" \/>\n<meta property=\"article:modified_time\" content=\"2025-11-17T21:41:29+00:00\" \/>\n<meta property=\"og:image\" content=\"https:\/\/kinamihealth.com\/wp-content\/uploads\/2025\/02\/PRODERMA-JALUPRO-01.webp\" \/>\n\t<meta property=\"og:image:width\" content=\"800\" \/>\n\t<meta property=\"og:image:height\" content=\"800\" \/>\n\t<meta property=\"og:image:type\" content=\"image\/webp\" \/>\n<meta name=\"twitter:card\" content=\"summary_large_image\" \/>\n<meta name=\"twitter:label1\" content=\"Becs\u00fclt olvas\u00e1si id\u0151\" \/>\n\t<meta name=\"twitter:data1\" content=\"1 perc\" \/>\n<!-- \/ Yoast SEO plugin. -->","yoast_head_json":{"title":"V\u00e1s\u00e1roljon JALUPRO 2x30 mg\/3 ml + 2x100 mg term\u00e9ket online","description":"V\u00e1s\u00e1roljon JALUPRO 2x30mg\/3ml + 2x100mg term\u00e9ket online, \u00e9s kombin\u00e1lja a n\u00e1trium-hialuron\u00e1tot \u00e9s az aminosavakat az arc \u00e9s a test b\u0151rprobl\u00e9m\u00e1inak jav\u00edt\u00e1s\u00e1ra.","robots":{"index":"index","follow":"follow","max-snippet":"max-snippet:-1","max-image-preview":"max-image-preview:large","max-video-preview":"max-video-preview:-1"},"canonical":"https:\/\/kinamihealth.com\/hu\/wp-json\/wp\/v2\/product\/116559","og_locale":"hu_HU","og_type":"article","og_title":"V\u00e1s\u00e1roljon JALUPRO 2x30 mg\/3 ml + 2x100 mg term\u00e9ket online","og_description":"V\u00e1s\u00e1roljon JALUPRO 2x30mg\/3ml + 2x100mg term\u00e9ket online, \u00e9s kombin\u00e1lja a n\u00e1trium-hialuron\u00e1tot \u00e9s az aminosavakat az arc \u00e9s a test b\u0151rprobl\u00e9m\u00e1inak jav\u00edt\u00e1s\u00e1ra.","og_url":"https:\/\/kinamihealth.com\/hu\/termek\/jalupro-2x30mg-3ml-2x100mg\/","og_site_name":"Kinami Health","article_modified_time":"2025-11-17T21:41:29+00:00","og_image":[{"width":800,"height":800,"url":"https:\/\/kinamihealth.com\/wp-content\/uploads\/2025\/02\/PRODERMA-JALUPRO-01.webp","type":"image\/webp"}],"twitter_card":"summary_large_image","twitter_misc":{"Becs\u00fclt olvas\u00e1si id\u0151":"1 perc"},"schema":{"@context":"https:\/\/schema.org","@graph":[{"@type":"WebPage","@id":"https:\/\/kinamihealth.com\/hu\/termek\/jalupro-2x30mg-3ml-2x100mg\/","url":"https:\/\/kinamihealth.com\/hu\/termek\/jalupro-2x30mg-3ml-2x100mg\/","name":"V\u00e1s\u00e1roljon JALUPRO 2x30 mg\/3 ml + 2x100 mg term\u00e9ket online","isPartOf":{"@id":"https:\/\/kinamihealth.com\/#website"},"primaryImageOfPage":{"@id":"https:\/\/kinamihealth.com\/hu\/termek\/jalupro-2x30mg-3ml-2x100mg\/#primaryimage"},"image":{"@id":"https:\/\/kinamihealth.com\/hu\/termek\/jalupro-2x30mg-3ml-2x100mg\/#primaryimage"},"thumbnailUrl":"https:\/\/kinamihealth.com\/wp-content\/uploads\/2025\/02\/PRODERMA-JALUPRO-01.webp","datePublished":"2025-02-15T16:55:43+00:00","dateModified":"2025-11-17T21:41:29+00:00","description":"V\u00e1s\u00e1roljon JALUPRO 2x30mg\/3ml + 2x100mg term\u00e9ket online, \u00e9s kombin\u00e1lja a n\u00e1trium-hialuron\u00e1tot \u00e9s az aminosavakat az arc \u00e9s a test b\u0151rprobl\u00e9m\u00e1inak jav\u00edt\u00e1s\u00e1ra.","breadcrumb":{"@id":"https:\/\/kinamihealth.com\/hu\/termek\/jalupro-2x30mg-3ml-2x100mg\/#breadcrumb"},"inLanguage":"hu","potentialAction":[{"@type":"ReadAction","target":["https:\/\/kinamihealth.com\/hu\/termek\/jalupro-2x30mg-3ml-2x100mg\/"]}]},{"@type":"ImageObject","inLanguage":"hu","@id":"https:\/\/kinamihealth.com\/hu\/termek\/jalupro-2x30mg-3ml-2x100mg\/#primaryimage","url":"https:\/\/kinamihealth.com\/wp-content\/uploads\/2025\/02\/PRODERMA-JALUPRO-01.webp","contentUrl":"https:\/\/kinamihealth.com\/wp-content\/uploads\/2025\/02\/PRODERMA-JALUPRO-01.webp","width":800,"height":800},{"@type":"BreadcrumbList","@id":"https:\/\/kinamihealth.com\/hu\/termek\/jalupro-2x30mg-3ml-2x100mg\/#breadcrumb","itemListElement":[{"@type":"ListItem","position":1,"name":"Kezd\u0151lap","item":"https:\/\/kinamihealth.com\/"},{"@type":"ListItem","position":2,"name":"Bolt","item":"https:\/\/kinamihealth.com\/shop\/"},{"@type":"ListItem","position":3,"name":"JALUPRO\u00ae 2x30mg\/3ml + 2x100mg"}]},{"@type":"WebSite","@id":"https:\/\/kinamihealth.com\/#website","url":"https:\/\/kinamihealth.com\/","name":"Kinami Health","description":"","publisher":{"@id":"https:\/\/kinamihealth.com\/#organization"},"potentialAction":[{"@type":"SearchAction","target":{"@type":"EntryPoint","urlTemplate":"https:\/\/kinamihealth.com\/?s={search_term_string}"},"query-input":{"@type":"PropertyValueSpecification","valueRequired":true,"valueName":"search_term_string"}}],"inLanguage":"hu"},{"@type":"Organization","@id":"https:\/\/kinamihealth.com\/#organization","name":"Kinami Health","url":"https:\/\/kinamihealth.com\/","logo":{"@type":"ImageObject","inLanguage":"hu","@id":"https:\/\/kinamihealth.com\/#\/schema\/logo\/image\/","url":"https:\/\/kinamihealth.com\/wp-content\/uploads\/2025\/01\/KH_logo_black_2-1.png","contentUrl":"https:\/\/kinamihealth.com\/wp-content\/uploads\/2025\/01\/KH_logo_black_2-1.png","width":339,"height":34,"caption":"Kinami Health"},"image":{"@id":"https:\/\/kinamihealth.com\/#\/schema\/logo\/image\/"}}]}},"_links":{"self":[{"href":"https:\/\/kinamihealth.com\/hu\/wp-json\/wp\/v2\/product\/116559","targetHints":{"allow":["GET"]}}],"collection":[{"href":"https:\/\/kinamihealth.com\/hu\/wp-json\/wp\/v2\/product"}],"about":[{"href":"https:\/\/kinamihealth.com\/hu\/wp-json\/wp\/v2\/types\/product"}],"replies":[{"embeddable":true,"href":"https:\/\/kinamihealth.com\/hu\/wp-json\/wp\/v2\/comments?post=116559"}],"version-history":[{"count":0,"href":"https:\/\/kinamihealth.com\/hu\/wp-json\/wp\/v2\/product\/116559\/revisions"}],"wp:featuredmedia":[{"embeddable":true,"href":"https:\/\/kinamihealth.com\/hu\/wp-json\/wp\/v2\/media\/116560"}],"wp:attachment":[{"href":"https:\/\/kinamihealth.com\/hu\/wp-json\/wp\/v2\/media?parent=116559"}],"wp:term":[{"taxonomy":"product_brand","embeddable":true,"href":"https:\/\/kinamihealth.com\/hu\/wp-json\/wp\/v2\/product_brand?post=116559"},{"taxonomy":"product_cat","embeddable":true,"href":"https:\/\/kinamihealth.com\/hu\/wp-json\/wp\/v2\/product_cat?post=116559"},{"taxonomy":"product_tag","embeddable":true,"href":"https:\/\/kinamihealth.com\/hu\/wp-json\/wp\/v2\/product_tag?post=116559"}],"curies":[{"name":"wp","href":"https:\/\/api.w.org\/{rel}","templated":true}]}}