{"id":116554,"date":"2025-02-15T16:55:40","date_gmt":"2025-02-15T16:55:40","guid":{"rendered":"https:\/\/kinamihealth.com\/product\/intraline-spiral-s2938-29g-38mm-50mm\/"},"modified":"2025-11-17T22:20:13","modified_gmt":"2025-11-17T22:20:13","slug":"intraline-spiral-s2938-29g-38mm-50mm","status":"publish","type":"product","link":"https:\/\/kinamihealth.com\/hu\/termek\/intraline-spiral-s2938-29g-38mm-50mm\/","title":{"rendered":"INTRALINE\u00ae SPIRAL S2938 &#8211; 29G 38mm\/50mm"},"content":{"rendered":"<p>Az Intraline Spiral sz\u00e1lak egy vagy k\u00e9t \u00f6sszefon\u00f3d\u00f3 sz\u00e1lat tartalmaznak a t\u0171 k\u00f6r\u00fcl, \u00e9s j\u00f3 t\u00e9rfogat-vissza\u00e1ll\u00edt\u00e1st biztos\u00edtanak a b\u0151r bes\u00fcppedt ter\u00fcletein. A sz\u00e1lak \u00e9s azok t\u00fcsk\u00e9i k\u00f6r\u00fcli kollag\u00e9ntermel\u00e9s seg\u00edt a t\u00e9rfogat vissza\u00e1ll\u00edt\u00e1s\u00e1ban, jav\u00edtja a b\u0151r text\u00far\u00e1j\u00e1t \u00e9s rugalmass\u00e1g\u00e1t, ami term\u00e9szetes eszt\u00e9tikai eredm\u00e9nyt eredm\u00e9nyez. A megereszkedett vagy lel\u00f3g\u00f3 b\u0151rsz\u00f6vet felemel\u00e9se \u00e9s \u00fajraigaz\u00edt\u00e1sa<\/p>\n","protected":false},"excerpt":{"rendered":"<p>Az Intraline Spiral sz\u00e1lak egy vagy k\u00e9t \u00f6sszefon\u00f3d\u00f3 sz\u00e1lat tartalmaznak a t\u0171 k\u00f6r\u00fcl, \u00e9s j\u00f3 t\u00e9rfogat-vissza\u00e1ll\u00edt\u00e1st biztos\u00edtanak a b\u0151r bes\u00fcppedt ter\u00fcletein. A sz\u00e1lak \u00e9s azok t\u00fcsk\u00e9i k\u00f6r\u00fcli kollag\u00e9ntermel\u00e9s seg\u00edt a t\u00e9rfogat vissza\u00e1ll\u00edt\u00e1s\u00e1ban, jav\u00edtja a b\u0151r text\u00far\u00e1j\u00e1t \u00e9s rugalmass\u00e1g\u00e1t, ami term\u00e9szetes eszt\u00e9tikai eredm\u00e9nyt eredm\u00e9nyez. A megereszkedett vagy lel\u00f3g\u00f3 b\u0151rsz\u00f6vet felemel\u00e9se \u00e9s \u00fajraigaz\u00edt\u00e1sa<\/p>\n","protected":false},"featured_media":116555,"comment_status":"closed","ping_status":"closed","template":"","meta":{"_acf_changed":false,"inline_featured_image":false},"product_brand":[2238],"product_cat":[3250,3027],"product_tag":[2979],"class_list":{"0":"post-116554","1":"product","2":"type-product","3":"status-publish","4":"has-post-thumbnail","6":"product_brand-intraline","7":"product_cat-pdo-szalak","8":"product_cat-szalak","9":"product_tag-orvostechnikai-eszkozok","11":"first","12":"instock","13":"taxable","14":"shipping-taxable","15":"purchasable","16":"product-type-simple","17":"add-to-wishlist-before_image"},"acf":[],"yoast_head":"<!-- This site is optimized with the Yoast SEO plugin v27.3 - https:\/\/yoast.com\/product\/yoast-seo-wordpress\/ -->\n<title>Rendeljen INTRALINE\u00ae SPIRAL S2938 term\u00e9ket online<\/title>\n<meta name=\"description\" content=\"Rendeljen INTRALINE\u00ae SPIRAL S2938 term\u00e9ket a fel\u00fcleti r\u00e1ncok kezel\u00e9s\u00e9re \u00e9s a kollag\u00e9n stimul\u00e1l\u00e1s\u00e1ra a prec\u00edzi\u00f3s \u00e9s b\u0151rfiatal\u00edt\u00f3 29G spir\u00e1lsz\u00e1lakkal.\" \/>\n<meta name=\"robots\" content=\"index, follow, max-snippet:-1, max-image-preview:large, max-video-preview:-1\" \/>\n<link rel=\"canonical\" href=\"https:\/\/kinamihealth.com\/hu\/wp-json\/wp\/v2\/product\/116554\" \/>\n<meta property=\"og:locale\" content=\"hu_HU\" \/>\n<meta property=\"og:type\" content=\"article\" \/>\n<meta property=\"og:title\" content=\"Rendeljen INTRALINE\u00ae SPIRAL S2938 term\u00e9ket online\" \/>\n<meta property=\"og:description\" content=\"Rendeljen INTRALINE\u00ae SPIRAL S2938 term\u00e9ket a fel\u00fcleti r\u00e1ncok kezel\u00e9s\u00e9re \u00e9s a kollag\u00e9n stimul\u00e1l\u00e1s\u00e1ra a prec\u00edzi\u00f3s \u00e9s b\u0151rfiatal\u00edt\u00f3 29G spir\u00e1lsz\u00e1lakkal.\" \/>\n<meta property=\"og:url\" content=\"https:\/\/kinamihealth.com\/hu\/termek\/intraline-spiral-s2938-29g-38mm-50mm\/\" \/>\n<meta property=\"og:site_name\" content=\"Kinami Health\" \/>\n<meta property=\"article:modified_time\" content=\"2025-11-17T22:20:13+00:00\" \/>\n<meta property=\"og:image\" content=\"https:\/\/kinamihealth.com\/wp-content\/uploads\/2025\/02\/INTRALINE-SPIRAL-S2939-38MM50MM-01.webp\" \/>\n\t<meta property=\"og:image:width\" content=\"800\" \/>\n\t<meta property=\"og:image:height\" content=\"800\" \/>\n\t<meta property=\"og:image:type\" content=\"image\/webp\" \/>\n<meta name=\"twitter:card\" content=\"summary_large_image\" \/>\n<meta name=\"twitter:label1\" content=\"Becs\u00fclt olvas\u00e1si id\u0151\" \/>\n\t<meta name=\"twitter:data1\" content=\"1 perc\" \/>\n<!-- \/ Yoast SEO plugin. -->","yoast_head_json":{"title":"Rendeljen INTRALINE\u00ae SPIRAL S2938 term\u00e9ket online","description":"Rendeljen INTRALINE\u00ae SPIRAL S2938 term\u00e9ket a fel\u00fcleti r\u00e1ncok kezel\u00e9s\u00e9re \u00e9s a kollag\u00e9n stimul\u00e1l\u00e1s\u00e1ra a prec\u00edzi\u00f3s \u00e9s b\u0151rfiatal\u00edt\u00f3 29G spir\u00e1lsz\u00e1lakkal.","robots":{"index":"index","follow":"follow","max-snippet":"max-snippet:-1","max-image-preview":"max-image-preview:large","max-video-preview":"max-video-preview:-1"},"canonical":"https:\/\/kinamihealth.com\/hu\/wp-json\/wp\/v2\/product\/116554","og_locale":"hu_HU","og_type":"article","og_title":"Rendeljen INTRALINE\u00ae SPIRAL S2938 term\u00e9ket online","og_description":"Rendeljen INTRALINE\u00ae SPIRAL S2938 term\u00e9ket a fel\u00fcleti r\u00e1ncok kezel\u00e9s\u00e9re \u00e9s a kollag\u00e9n stimul\u00e1l\u00e1s\u00e1ra a prec\u00edzi\u00f3s \u00e9s b\u0151rfiatal\u00edt\u00f3 29G spir\u00e1lsz\u00e1lakkal.","og_url":"https:\/\/kinamihealth.com\/hu\/termek\/intraline-spiral-s2938-29g-38mm-50mm\/","og_site_name":"Kinami Health","article_modified_time":"2025-11-17T22:20:13+00:00","og_image":[{"width":800,"height":800,"url":"https:\/\/kinamihealth.com\/wp-content\/uploads\/2025\/02\/INTRALINE-SPIRAL-S2939-38MM50MM-01.webp","type":"image\/webp"}],"twitter_card":"summary_large_image","twitter_misc":{"Becs\u00fclt olvas\u00e1si id\u0151":"1 perc"},"schema":{"@context":"https:\/\/schema.org","@graph":[{"@type":"WebPage","@id":"https:\/\/kinamihealth.com\/hu\/termek\/intraline-spiral-s2938-29g-38mm-50mm\/","url":"https:\/\/kinamihealth.com\/hu\/termek\/intraline-spiral-s2938-29g-38mm-50mm\/","name":"Rendeljen INTRALINE\u00ae SPIRAL S2938 term\u00e9ket online","isPartOf":{"@id":"https:\/\/kinamihealth.com\/#website"},"primaryImageOfPage":{"@id":"https:\/\/kinamihealth.com\/hu\/termek\/intraline-spiral-s2938-29g-38mm-50mm\/#primaryimage"},"image":{"@id":"https:\/\/kinamihealth.com\/hu\/termek\/intraline-spiral-s2938-29g-38mm-50mm\/#primaryimage"},"thumbnailUrl":"https:\/\/kinamihealth.com\/wp-content\/uploads\/2025\/02\/INTRALINE-SPIRAL-S2939-38MM50MM-01.webp","datePublished":"2025-02-15T16:55:40+00:00","dateModified":"2025-11-17T22:20:13+00:00","description":"Rendeljen INTRALINE\u00ae SPIRAL S2938 term\u00e9ket a fel\u00fcleti r\u00e1ncok kezel\u00e9s\u00e9re \u00e9s a kollag\u00e9n stimul\u00e1l\u00e1s\u00e1ra a prec\u00edzi\u00f3s \u00e9s b\u0151rfiatal\u00edt\u00f3 29G spir\u00e1lsz\u00e1lakkal.","breadcrumb":{"@id":"https:\/\/kinamihealth.com\/hu\/termek\/intraline-spiral-s2938-29g-38mm-50mm\/#breadcrumb"},"inLanguage":"hu","potentialAction":[{"@type":"ReadAction","target":["https:\/\/kinamihealth.com\/hu\/termek\/intraline-spiral-s2938-29g-38mm-50mm\/"]}]},{"@type":"ImageObject","inLanguage":"hu","@id":"https:\/\/kinamihealth.com\/hu\/termek\/intraline-spiral-s2938-29g-38mm-50mm\/#primaryimage","url":"https:\/\/kinamihealth.com\/wp-content\/uploads\/2025\/02\/INTRALINE-SPIRAL-S2939-38MM50MM-01.webp","contentUrl":"https:\/\/kinamihealth.com\/wp-content\/uploads\/2025\/02\/INTRALINE-SPIRAL-S2939-38MM50MM-01.webp","width":800,"height":800},{"@type":"BreadcrumbList","@id":"https:\/\/kinamihealth.com\/hu\/termek\/intraline-spiral-s2938-29g-38mm-50mm\/#breadcrumb","itemListElement":[{"@type":"ListItem","position":1,"name":"Kezd\u0151lap","item":"https:\/\/kinamihealth.com\/"},{"@type":"ListItem","position":2,"name":"Bolt","item":"https:\/\/kinamihealth.com\/shop\/"},{"@type":"ListItem","position":3,"name":"INTRALINE\u00ae SPIRAL S2938 &#8211; 29G 38mm\/50mm"}]},{"@type":"WebSite","@id":"https:\/\/kinamihealth.com\/#website","url":"https:\/\/kinamihealth.com\/","name":"Kinami Health","description":"","publisher":{"@id":"https:\/\/kinamihealth.com\/#organization"},"potentialAction":[{"@type":"SearchAction","target":{"@type":"EntryPoint","urlTemplate":"https:\/\/kinamihealth.com\/?s={search_term_string}"},"query-input":{"@type":"PropertyValueSpecification","valueRequired":true,"valueName":"search_term_string"}}],"inLanguage":"hu"},{"@type":"Organization","@id":"https:\/\/kinamihealth.com\/#organization","name":"Kinami Health","url":"https:\/\/kinamihealth.com\/","logo":{"@type":"ImageObject","inLanguage":"hu","@id":"https:\/\/kinamihealth.com\/#\/schema\/logo\/image\/","url":"https:\/\/kinamihealth.com\/wp-content\/uploads\/2025\/01\/KH_logo_black_2-1.png","contentUrl":"https:\/\/kinamihealth.com\/wp-content\/uploads\/2025\/01\/KH_logo_black_2-1.png","width":339,"height":34,"caption":"Kinami Health"},"image":{"@id":"https:\/\/kinamihealth.com\/#\/schema\/logo\/image\/"}}]}},"_links":{"self":[{"href":"https:\/\/kinamihealth.com\/hu\/wp-json\/wp\/v2\/product\/116554","targetHints":{"allow":["GET"]}}],"collection":[{"href":"https:\/\/kinamihealth.com\/hu\/wp-json\/wp\/v2\/product"}],"about":[{"href":"https:\/\/kinamihealth.com\/hu\/wp-json\/wp\/v2\/types\/product"}],"replies":[{"embeddable":true,"href":"https:\/\/kinamihealth.com\/hu\/wp-json\/wp\/v2\/comments?post=116554"}],"version-history":[{"count":0,"href":"https:\/\/kinamihealth.com\/hu\/wp-json\/wp\/v2\/product\/116554\/revisions"}],"wp:featuredmedia":[{"embeddable":true,"href":"https:\/\/kinamihealth.com\/hu\/wp-json\/wp\/v2\/media\/116555"}],"wp:attachment":[{"href":"https:\/\/kinamihealth.com\/hu\/wp-json\/wp\/v2\/media?parent=116554"}],"wp:term":[{"taxonomy":"product_brand","embeddable":true,"href":"https:\/\/kinamihealth.com\/hu\/wp-json\/wp\/v2\/product_brand?post=116554"},{"taxonomy":"product_cat","embeddable":true,"href":"https:\/\/kinamihealth.com\/hu\/wp-json\/wp\/v2\/product_cat?post=116554"},{"taxonomy":"product_tag","embeddable":true,"href":"https:\/\/kinamihealth.com\/hu\/wp-json\/wp\/v2\/product_tag?post=116554"}],"curies":[{"name":"wp","href":"https:\/\/api.w.org\/{rel}","templated":true}]}}