{"id":116470,"date":"2025-02-15T16:55:42","date_gmt":"2025-02-15T16:55:42","guid":{"rendered":"https:\/\/kinamihealth.com\/product\/intraline-two\/"},"modified":"2025-11-17T21:49:59","modified_gmt":"2025-11-17T21:49:59","slug":"intraline-two","status":"publish","type":"product","link":"https:\/\/kinamihealth.com\/hu\/termek\/intraline-two\/","title":{"rendered":"INTRALINE\u00ae TWO"},"content":{"rendered":"<p>Az Intraline Two egy k\u00e9tf\u00e1zis\u00fa, lidokainmentes derm\u00e1lis t\u00f6lt\u0151anyag k\u00f6zepes \u00e9s m\u00e9ly r\u00e1ncok kezel\u00e9s\u00e9re. K\u00f6zepes \u00e9s m\u00e9ly r\u00e1ncok, ajkak felt\u00f6lt\u00e9se, marionettr\u00e1ncok \u00e9s orr-sz\u00e1j r\u00e1ncok kezel\u00e9s\u00e9re haszn\u00e1lj\u00e1k. Emellett \u00e1llcsont felt\u00f6lt\u00e9s\u00e9re \u00e9s arc kont\u00faroz\u00e1s\u00e1ra is alkalmas.<\/p>\n","protected":false},"excerpt":{"rendered":"<p>Az Intraline Two egy k\u00e9tf\u00e1zis\u00fa, lidokainmentes derm\u00e1lis t\u00f6lt\u0151anyag k\u00f6zepes \u00e9s m\u00e9ly r\u00e1ncok kezel\u00e9s\u00e9re. K\u00f6zepes \u00e9s m\u00e9ly r\u00e1ncok, ajkak felt\u00f6lt\u00e9se, marionettr\u00e1ncok \u00e9s orr-sz\u00e1j r\u00e1ncok kezel\u00e9s\u00e9re haszn\u00e1lj\u00e1k. Emellett \u00e1llcsont felt\u00f6lt\u00e9s\u00e9re \u00e9s arc kont\u00faroz\u00e1s\u00e1ra is alkalmas.<\/p>\n","protected":false},"featured_media":116471,"comment_status":"closed","ping_status":"closed","template":"","meta":{"_acf_changed":false,"inline_featured_image":false},"product_brand":[2238],"product_cat":[2997,3002],"product_tag":[2979],"class_list":{"0":"post-116470","1":"product","2":"type-product","3":"status-publish","4":"has-post-thumbnail","6":"product_brand-intraline","7":"product_cat-dermalis-toltoanyagok","8":"product_cat-ha-borfeltoltok","9":"product_tag-orvostechnikai-eszkozok","11":"first","12":"instock","13":"taxable","14":"shipping-taxable","15":"purchasable","16":"product-type-simple","17":"add-to-wishlist-before_image"},"acf":[],"yoast_head":"<!-- This site is optimized with the Yoast SEO plugin v27.3 - https:\/\/yoast.com\/product\/yoast-seo-wordpress\/ -->\n<title>Rendeljen INTRALINE\u00ae TWO term\u00e9ket online<\/title>\n<meta name=\"description\" content=\"Rendeljen INTRALINE\u00ae TWO-t k\u00f6zepes \u00e9s m\u00e9ly b\u0151rkorrekci\u00f3hoz, amely sima, monof\u00e1zisos t\u00f6lt\u0151anyagot tartalmaz, ide\u00e1lis k\u00f6zepes \u00e9s s\u00falyos arcr\u00e1ncok kezel\u00e9s\u00e9re.\" \/>\n<meta name=\"robots\" content=\"index, follow, max-snippet:-1, max-image-preview:large, max-video-preview:-1\" \/>\n<link rel=\"canonical\" href=\"https:\/\/kinamihealth.com\/hu\/wp-json\/wp\/v2\/product\/116470\" \/>\n<meta property=\"og:locale\" content=\"hu_HU\" \/>\n<meta property=\"og:type\" content=\"article\" \/>\n<meta property=\"og:title\" content=\"Rendeljen INTRALINE\u00ae TWO term\u00e9ket online\" \/>\n<meta property=\"og:description\" content=\"Rendeljen INTRALINE\u00ae TWO-t k\u00f6zepes \u00e9s m\u00e9ly b\u0151rkorrekci\u00f3hoz, amely sima, monof\u00e1zisos t\u00f6lt\u0151anyagot tartalmaz, ide\u00e1lis k\u00f6zepes \u00e9s s\u00falyos arcr\u00e1ncok kezel\u00e9s\u00e9re.\" \/>\n<meta property=\"og:url\" content=\"https:\/\/kinamihealth.com\/hu\/termek\/intraline-two\/\" \/>\n<meta property=\"og:site_name\" content=\"Kinami Health\" \/>\n<meta property=\"article:modified_time\" content=\"2025-11-17T21:49:59+00:00\" \/>\n<meta property=\"og:image\" content=\"https:\/\/kinamihealth.com\/wp-content\/uploads\/2025\/02\/INTRALINE-TWO-01.jpg\" \/>\n\t<meta property=\"og:image:width\" content=\"800\" \/>\n\t<meta property=\"og:image:height\" content=\"800\" \/>\n\t<meta property=\"og:image:type\" content=\"image\/jpeg\" \/>\n<meta name=\"twitter:card\" content=\"summary_large_image\" \/>\n<meta name=\"twitter:label1\" content=\"Becs\u00fclt olvas\u00e1si id\u0151\" \/>\n\t<meta name=\"twitter:data1\" content=\"1 perc\" \/>\n<!-- \/ Yoast SEO plugin. -->","yoast_head_json":{"title":"Rendeljen INTRALINE\u00ae TWO term\u00e9ket online","description":"Rendeljen INTRALINE\u00ae TWO-t k\u00f6zepes \u00e9s m\u00e9ly b\u0151rkorrekci\u00f3hoz, amely sima, monof\u00e1zisos t\u00f6lt\u0151anyagot tartalmaz, ide\u00e1lis k\u00f6zepes \u00e9s s\u00falyos arcr\u00e1ncok kezel\u00e9s\u00e9re.","robots":{"index":"index","follow":"follow","max-snippet":"max-snippet:-1","max-image-preview":"max-image-preview:large","max-video-preview":"max-video-preview:-1"},"canonical":"https:\/\/kinamihealth.com\/hu\/wp-json\/wp\/v2\/product\/116470","og_locale":"hu_HU","og_type":"article","og_title":"Rendeljen INTRALINE\u00ae TWO term\u00e9ket online","og_description":"Rendeljen INTRALINE\u00ae TWO-t k\u00f6zepes \u00e9s m\u00e9ly b\u0151rkorrekci\u00f3hoz, amely sima, monof\u00e1zisos t\u00f6lt\u0151anyagot tartalmaz, ide\u00e1lis k\u00f6zepes \u00e9s s\u00falyos arcr\u00e1ncok kezel\u00e9s\u00e9re.","og_url":"https:\/\/kinamihealth.com\/hu\/termek\/intraline-two\/","og_site_name":"Kinami Health","article_modified_time":"2025-11-17T21:49:59+00:00","og_image":[{"width":800,"height":800,"url":"https:\/\/kinamihealth.com\/wp-content\/uploads\/2025\/02\/INTRALINE-TWO-01.jpg","type":"image\/jpeg"}],"twitter_card":"summary_large_image","twitter_misc":{"Becs\u00fclt olvas\u00e1si id\u0151":"1 perc"},"schema":{"@context":"https:\/\/schema.org","@graph":[{"@type":"WebPage","@id":"https:\/\/kinamihealth.com\/hu\/termek\/intraline-two\/","url":"https:\/\/kinamihealth.com\/hu\/termek\/intraline-two\/","name":"Rendeljen INTRALINE\u00ae TWO term\u00e9ket online","isPartOf":{"@id":"https:\/\/kinamihealth.com\/#website"},"primaryImageOfPage":{"@id":"https:\/\/kinamihealth.com\/hu\/termek\/intraline-two\/#primaryimage"},"image":{"@id":"https:\/\/kinamihealth.com\/hu\/termek\/intraline-two\/#primaryimage"},"thumbnailUrl":"https:\/\/kinamihealth.com\/wp-content\/uploads\/2025\/02\/INTRALINE-TWO-01.jpg","datePublished":"2025-02-15T16:55:42+00:00","dateModified":"2025-11-17T21:49:59+00:00","description":"Rendeljen INTRALINE\u00ae TWO-t k\u00f6zepes \u00e9s m\u00e9ly b\u0151rkorrekci\u00f3hoz, amely sima, monof\u00e1zisos t\u00f6lt\u0151anyagot tartalmaz, ide\u00e1lis k\u00f6zepes \u00e9s s\u00falyos arcr\u00e1ncok kezel\u00e9s\u00e9re.","breadcrumb":{"@id":"https:\/\/kinamihealth.com\/hu\/termek\/intraline-two\/#breadcrumb"},"inLanguage":"hu","potentialAction":[{"@type":"ReadAction","target":["https:\/\/kinamihealth.com\/hu\/termek\/intraline-two\/"]}]},{"@type":"ImageObject","inLanguage":"hu","@id":"https:\/\/kinamihealth.com\/hu\/termek\/intraline-two\/#primaryimage","url":"https:\/\/kinamihealth.com\/wp-content\/uploads\/2025\/02\/INTRALINE-TWO-01.jpg","contentUrl":"https:\/\/kinamihealth.com\/wp-content\/uploads\/2025\/02\/INTRALINE-TWO-01.jpg","width":800,"height":800},{"@type":"BreadcrumbList","@id":"https:\/\/kinamihealth.com\/hu\/termek\/intraline-two\/#breadcrumb","itemListElement":[{"@type":"ListItem","position":1,"name":"Kezd\u0151lap","item":"https:\/\/kinamihealth.com\/"},{"@type":"ListItem","position":2,"name":"Bolt","item":"https:\/\/kinamihealth.com\/shop\/"},{"@type":"ListItem","position":3,"name":"INTRALINE\u00ae TWO"}]},{"@type":"WebSite","@id":"https:\/\/kinamihealth.com\/#website","url":"https:\/\/kinamihealth.com\/","name":"Kinami Health","description":"","publisher":{"@id":"https:\/\/kinamihealth.com\/#organization"},"potentialAction":[{"@type":"SearchAction","target":{"@type":"EntryPoint","urlTemplate":"https:\/\/kinamihealth.com\/?s={search_term_string}"},"query-input":{"@type":"PropertyValueSpecification","valueRequired":true,"valueName":"search_term_string"}}],"inLanguage":"hu"},{"@type":"Organization","@id":"https:\/\/kinamihealth.com\/#organization","name":"Kinami Health","url":"https:\/\/kinamihealth.com\/","logo":{"@type":"ImageObject","inLanguage":"hu","@id":"https:\/\/kinamihealth.com\/#\/schema\/logo\/image\/","url":"https:\/\/kinamihealth.com\/wp-content\/uploads\/2025\/01\/KH_logo_black_2-1.png","contentUrl":"https:\/\/kinamihealth.com\/wp-content\/uploads\/2025\/01\/KH_logo_black_2-1.png","width":339,"height":34,"caption":"Kinami Health"},"image":{"@id":"https:\/\/kinamihealth.com\/#\/schema\/logo\/image\/"}}]}},"_links":{"self":[{"href":"https:\/\/kinamihealth.com\/hu\/wp-json\/wp\/v2\/product\/116470","targetHints":{"allow":["GET"]}}],"collection":[{"href":"https:\/\/kinamihealth.com\/hu\/wp-json\/wp\/v2\/product"}],"about":[{"href":"https:\/\/kinamihealth.com\/hu\/wp-json\/wp\/v2\/types\/product"}],"replies":[{"embeddable":true,"href":"https:\/\/kinamihealth.com\/hu\/wp-json\/wp\/v2\/comments?post=116470"}],"version-history":[{"count":0,"href":"https:\/\/kinamihealth.com\/hu\/wp-json\/wp\/v2\/product\/116470\/revisions"}],"wp:featuredmedia":[{"embeddable":true,"href":"https:\/\/kinamihealth.com\/hu\/wp-json\/wp\/v2\/media\/116471"}],"wp:attachment":[{"href":"https:\/\/kinamihealth.com\/hu\/wp-json\/wp\/v2\/media?parent=116470"}],"wp:term":[{"taxonomy":"product_brand","embeddable":true,"href":"https:\/\/kinamihealth.com\/hu\/wp-json\/wp\/v2\/product_brand?post=116470"},{"taxonomy":"product_cat","embeddable":true,"href":"https:\/\/kinamihealth.com\/hu\/wp-json\/wp\/v2\/product_cat?post=116470"},{"taxonomy":"product_tag","embeddable":true,"href":"https:\/\/kinamihealth.com\/hu\/wp-json\/wp\/v2\/product_tag?post=116470"}],"curies":[{"name":"wp","href":"https:\/\/api.w.org\/{rel}","templated":true}]}}