{"id":116393,"date":"2025-02-15T16:55:34","date_gmt":"2025-02-15T16:55:34","guid":{"rendered":"https:\/\/kinamihealth.com\/product\/intraline-pdo-threads-cog-dimension-360-c19100-c-19g-100mm-140mm\/"},"modified":"2026-04-03T11:48:59","modified_gmt":"2026-04-03T11:48:59","slug":"intraline-pdo-threads-cog-dimension-360-c19100-c-19g-100mm-140mm","status":"publish","type":"product","link":"https:\/\/kinamihealth.com\/hu\/termek\/intraline-pdo-threads-cog-dimension-360-c19100-c-19g-100mm-140mm\/","title":{"rendered":"INTRALINE\u00ae PDO THREADS C19100-C &#8211; COG DIMENSION 360 19G 100\/140MM 0-0 (10 pack)"},"content":{"rendered":"<p>Az Intraline PDO Threads Cog Dimension 360 egy olyan seb\u00e9szeti sz\u00e1l, amelyet a megereszkedett vagy lel\u00f3g\u00f3 b\u0151rsz\u00f6vet felemel\u00e9s\u00e9re \u00e9s \u00fajraigaz\u00edt\u00e1s\u00e1ra haszn\u00e1lnak. Az Intraline Cog Threads polidioxanon (PDO) sz\u00e1lak. A Cog sz\u00e1laknak vannak t\u00fcsk\u00e9i, amelyek a b\u0151rbe akaszkodnak, hogy t\u00e1maszt ny\u00fajtsanak \u00e9s felemelj\u00e9k a megereszkedett sz\u00f6veteket. A k\u00f6rnyez\u0151 ter\u00fcleten fibr\u00f3zist okozhat, ami kollag\u00e9n termel\u0151d\u00e9shez vezet. Arcfelvarr\u00e1sra \u00e9s b\u0151rfeszes\u00edt\u00e9sre szolg\u00e1l. A sz\u00e1laknak t\u00fcsk\u00e9i vagy fogai vannak, amelyek a b\u0151r alj\u00e1ba akaszkodnak.<\/p>\n","protected":false},"excerpt":{"rendered":"<p>Az Intraline PDO Threads Cog Dimension 360 egy olyan seb\u00e9szeti sz\u00e1l, amelyet a megereszkedett vagy lel\u00f3g\u00f3 b\u0151rsz\u00f6vet felemel\u00e9s\u00e9re \u00e9s \u00fajraigaz\u00edt\u00e1s\u00e1ra haszn\u00e1lnak. Az Intraline Cog Threads polidioxanon (PDO) sz\u00e1lak. A Cog sz\u00e1laknak vannak t\u00fcsk\u00e9i, amelyek a b\u0151rbe akaszkodnak, hogy t\u00e1maszt ny\u00fajtsanak \u00e9s felemelj\u00e9k a megereszkedett sz\u00f6veteket. A k\u00f6rnyez\u0151 ter\u00fcleten fibr\u00f3zist okozhat, ami kollag\u00e9n termel\u0151d\u00e9shez vezet. Arcfelvarr\u00e1sra [&hellip;]<\/p>\n","protected":false},"featured_media":116394,"comment_status":"closed","ping_status":"closed","template":"","meta":{"_acf_changed":false,"inline_featured_image":false},"product_brand":[2238],"product_cat":[3250,3027],"product_tag":[2979],"class_list":{"0":"post-116393","1":"product","2":"type-product","3":"status-publish","4":"has-post-thumbnail","6":"product_brand-intraline","7":"product_cat-pdo-szalak","8":"product_cat-szalak","9":"product_tag-orvostechnikai-eszkozok","11":"first","12":"instock","13":"taxable","14":"shipping-taxable","15":"purchasable","16":"product-type-simple","17":"add-to-wishlist-before_image"},"acf":[],"yoast_head":"<!-- This site is optimized with the Yoast SEO plugin v27.3 - https:\/\/yoast.com\/product\/yoast-seo-wordpress\/ -->\n<title>Rendeljen INTRALINE\u00ae PDO THREADS Cog Dimension 360 C19100-C-19G sz\u00e1lat<\/title>\n<meta name=\"description\" content=\"Rendeljen INTRALINE\u00ae PDO THREADS Cog Dimension 360 C19100-C-19G term\u00e9ket az er\u0151s arcfelvarr\u00e1shoz \u00e9s t\u00e1maszt\u00e1shoz, m\u00e9ly r\u00f6gz\u00edt\u00e9sre tervezett, t\u00fcsk\u00e9s 19G sz\u00e1lakkal.\" \/>\n<meta name=\"robots\" content=\"index, follow, max-snippet:-1, max-image-preview:large, max-video-preview:-1\" \/>\n<link rel=\"canonical\" href=\"https:\/\/kinamihealth.com\/hu\/wp-json\/wp\/v2\/product\/116393\" \/>\n<meta property=\"og:locale\" content=\"hu_HU\" \/>\n<meta property=\"og:type\" content=\"article\" \/>\n<meta property=\"og:title\" content=\"Rendeljen INTRALINE\u00ae PDO THREADS Cog Dimension 360 C19100-C-19G sz\u00e1lat\" \/>\n<meta property=\"og:description\" content=\"Rendeljen INTRALINE\u00ae PDO THREADS Cog Dimension 360 C19100-C-19G term\u00e9ket az er\u0151s arcfelvarr\u00e1shoz \u00e9s t\u00e1maszt\u00e1shoz, m\u00e9ly r\u00f6gz\u00edt\u00e9sre tervezett, t\u00fcsk\u00e9s 19G sz\u00e1lakkal.\" \/>\n<meta property=\"og:url\" content=\"https:\/\/kinamihealth.com\/hu\/termek\/intraline-pdo-threads-cog-dimension-360-c19100-c-19g-100mm-140mm\/\" \/>\n<meta property=\"og:site_name\" content=\"Kinami Health\" \/>\n<meta property=\"article:modified_time\" content=\"2026-04-03T11:48:59+00:00\" \/>\n<meta property=\"og:image\" content=\"https:\/\/kinamihealth.com\/wp-content\/uploads\/2025\/02\/INTRALINE-PDODIMENSION360-C191000C-19G100MM140MM-01.jpg\" \/>\n\t<meta property=\"og:image:width\" content=\"800\" \/>\n\t<meta property=\"og:image:height\" content=\"800\" \/>\n\t<meta property=\"og:image:type\" content=\"image\/jpeg\" \/>\n<meta name=\"twitter:card\" content=\"summary_large_image\" \/>\n<meta name=\"twitter:label1\" content=\"Becs\u00fclt olvas\u00e1si id\u0151\" \/>\n\t<meta name=\"twitter:data1\" content=\"1 perc\" \/>\n<!-- \/ Yoast SEO plugin. -->","yoast_head_json":{"title":"Rendeljen INTRALINE\u00ae PDO THREADS Cog Dimension 360 C19100-C-19G sz\u00e1lat","description":"Rendeljen INTRALINE\u00ae PDO THREADS Cog Dimension 360 C19100-C-19G term\u00e9ket az er\u0151s arcfelvarr\u00e1shoz \u00e9s t\u00e1maszt\u00e1shoz, m\u00e9ly r\u00f6gz\u00edt\u00e9sre tervezett, t\u00fcsk\u00e9s 19G sz\u00e1lakkal.","robots":{"index":"index","follow":"follow","max-snippet":"max-snippet:-1","max-image-preview":"max-image-preview:large","max-video-preview":"max-video-preview:-1"},"canonical":"https:\/\/kinamihealth.com\/hu\/wp-json\/wp\/v2\/product\/116393","og_locale":"hu_HU","og_type":"article","og_title":"Rendeljen INTRALINE\u00ae PDO THREADS Cog Dimension 360 C19100-C-19G sz\u00e1lat","og_description":"Rendeljen INTRALINE\u00ae PDO THREADS Cog Dimension 360 C19100-C-19G term\u00e9ket az er\u0151s arcfelvarr\u00e1shoz \u00e9s t\u00e1maszt\u00e1shoz, m\u00e9ly r\u00f6gz\u00edt\u00e9sre tervezett, t\u00fcsk\u00e9s 19G sz\u00e1lakkal.","og_url":"https:\/\/kinamihealth.com\/hu\/termek\/intraline-pdo-threads-cog-dimension-360-c19100-c-19g-100mm-140mm\/","og_site_name":"Kinami Health","article_modified_time":"2026-04-03T11:48:59+00:00","og_image":[{"width":800,"height":800,"url":"https:\/\/kinamihealth.com\/wp-content\/uploads\/2025\/02\/INTRALINE-PDODIMENSION360-C191000C-19G100MM140MM-01.jpg","type":"image\/jpeg"}],"twitter_card":"summary_large_image","twitter_misc":{"Becs\u00fclt olvas\u00e1si id\u0151":"1 perc"},"schema":{"@context":"https:\/\/schema.org","@graph":[{"@type":"WebPage","@id":"https:\/\/kinamihealth.com\/hu\/termek\/intraline-pdo-threads-cog-dimension-360-c19100-c-19g-100mm-140mm\/","url":"https:\/\/kinamihealth.com\/hu\/termek\/intraline-pdo-threads-cog-dimension-360-c19100-c-19g-100mm-140mm\/","name":"Rendeljen INTRALINE\u00ae PDO THREADS Cog Dimension 360 C19100-C-19G sz\u00e1lat","isPartOf":{"@id":"https:\/\/kinamihealth.com\/#website"},"primaryImageOfPage":{"@id":"https:\/\/kinamihealth.com\/hu\/termek\/intraline-pdo-threads-cog-dimension-360-c19100-c-19g-100mm-140mm\/#primaryimage"},"image":{"@id":"https:\/\/kinamihealth.com\/hu\/termek\/intraline-pdo-threads-cog-dimension-360-c19100-c-19g-100mm-140mm\/#primaryimage"},"thumbnailUrl":"https:\/\/kinamihealth.com\/wp-content\/uploads\/2025\/02\/INTRALINE-PDODIMENSION360-C191000C-19G100MM140MM-01.jpg","datePublished":"2025-02-15T16:55:34+00:00","dateModified":"2026-04-03T11:48:59+00:00","description":"Rendeljen INTRALINE\u00ae PDO THREADS Cog Dimension 360 C19100-C-19G term\u00e9ket az er\u0151s arcfelvarr\u00e1shoz \u00e9s t\u00e1maszt\u00e1shoz, m\u00e9ly r\u00f6gz\u00edt\u00e9sre tervezett, t\u00fcsk\u00e9s 19G sz\u00e1lakkal.","breadcrumb":{"@id":"https:\/\/kinamihealth.com\/hu\/termek\/intraline-pdo-threads-cog-dimension-360-c19100-c-19g-100mm-140mm\/#breadcrumb"},"inLanguage":"hu","potentialAction":[{"@type":"ReadAction","target":["https:\/\/kinamihealth.com\/hu\/termek\/intraline-pdo-threads-cog-dimension-360-c19100-c-19g-100mm-140mm\/"]}]},{"@type":"ImageObject","inLanguage":"hu","@id":"https:\/\/kinamihealth.com\/hu\/termek\/intraline-pdo-threads-cog-dimension-360-c19100-c-19g-100mm-140mm\/#primaryimage","url":"https:\/\/kinamihealth.com\/wp-content\/uploads\/2025\/02\/INTRALINE-PDODIMENSION360-C191000C-19G100MM140MM-01.jpg","contentUrl":"https:\/\/kinamihealth.com\/wp-content\/uploads\/2025\/02\/INTRALINE-PDODIMENSION360-C191000C-19G100MM140MM-01.jpg","width":800,"height":800},{"@type":"BreadcrumbList","@id":"https:\/\/kinamihealth.com\/hu\/termek\/intraline-pdo-threads-cog-dimension-360-c19100-c-19g-100mm-140mm\/#breadcrumb","itemListElement":[{"@type":"ListItem","position":1,"name":"Kezd\u0151lap","item":"https:\/\/kinamihealth.com\/"},{"@type":"ListItem","position":2,"name":"Bolt","item":"https:\/\/kinamihealth.com\/shop\/"},{"@type":"ListItem","position":3,"name":"INTRALINE\u00ae PDO THREADS C19100-C &#8211; COG DIMENSION 360 19G 100\/140MM 0-0 (10 pack)"}]},{"@type":"WebSite","@id":"https:\/\/kinamihealth.com\/#website","url":"https:\/\/kinamihealth.com\/","name":"Kinami Health","description":"","publisher":{"@id":"https:\/\/kinamihealth.com\/#organization"},"potentialAction":[{"@type":"SearchAction","target":{"@type":"EntryPoint","urlTemplate":"https:\/\/kinamihealth.com\/?s={search_term_string}"},"query-input":{"@type":"PropertyValueSpecification","valueRequired":true,"valueName":"search_term_string"}}],"inLanguage":"hu"},{"@type":"Organization","@id":"https:\/\/kinamihealth.com\/#organization","name":"Kinami Health","url":"https:\/\/kinamihealth.com\/","logo":{"@type":"ImageObject","inLanguage":"hu","@id":"https:\/\/kinamihealth.com\/#\/schema\/logo\/image\/","url":"https:\/\/kinamihealth.com\/wp-content\/uploads\/2025\/01\/KH_logo_black_2-1.png","contentUrl":"https:\/\/kinamihealth.com\/wp-content\/uploads\/2025\/01\/KH_logo_black_2-1.png","width":339,"height":34,"caption":"Kinami Health"},"image":{"@id":"https:\/\/kinamihealth.com\/#\/schema\/logo\/image\/"}}]}},"_links":{"self":[{"href":"https:\/\/kinamihealth.com\/hu\/wp-json\/wp\/v2\/product\/116393","targetHints":{"allow":["GET"]}}],"collection":[{"href":"https:\/\/kinamihealth.com\/hu\/wp-json\/wp\/v2\/product"}],"about":[{"href":"https:\/\/kinamihealth.com\/hu\/wp-json\/wp\/v2\/types\/product"}],"replies":[{"embeddable":true,"href":"https:\/\/kinamihealth.com\/hu\/wp-json\/wp\/v2\/comments?post=116393"}],"version-history":[{"count":1,"href":"https:\/\/kinamihealth.com\/hu\/wp-json\/wp\/v2\/product\/116393\/revisions"}],"predecessor-version":[{"id":134604,"href":"https:\/\/kinamihealth.com\/hu\/wp-json\/wp\/v2\/product\/116393\/revisions\/134604"}],"wp:featuredmedia":[{"embeddable":true,"href":"https:\/\/kinamihealth.com\/hu\/wp-json\/wp\/v2\/media\/116394"}],"wp:attachment":[{"href":"https:\/\/kinamihealth.com\/hu\/wp-json\/wp\/v2\/media?parent=116393"}],"wp:term":[{"taxonomy":"product_brand","embeddable":true,"href":"https:\/\/kinamihealth.com\/hu\/wp-json\/wp\/v2\/product_brand?post=116393"},{"taxonomy":"product_cat","embeddable":true,"href":"https:\/\/kinamihealth.com\/hu\/wp-json\/wp\/v2\/product_cat?post=116393"},{"taxonomy":"product_tag","embeddable":true,"href":"https:\/\/kinamihealth.com\/hu\/wp-json\/wp\/v2\/product_tag?post=116393"}],"curies":[{"name":"wp","href":"https:\/\/api.w.org\/{rel}","templated":true}]}}