{"id":116388,"date":"2025-02-15T16:57:43","date_gmt":"2025-02-15T16:57:43","guid":{"rendered":"https:\/\/kinamihealth.com\/product\/mediderma-sens-age-md-amc-activator\/"},"modified":"2025-10-28T20:34:03","modified_gmt":"2025-10-28T20:34:03","slug":"mediderma-sens-age-md-amc-activator","status":"publish","type":"product","link":"https:\/\/kinamihealth.com\/hu\/termek\/mediderma-sens-age-md-amc-activator\/","title":{"rendered":"SENS-AGE MD G-ACTIVATOR T\u00c1PL\u00c1L\u00d3 ARCKR\u00c9M 50ml"},"content":{"rendered":"<p>SENS-AGE MD G-ACTIVATOR T\u00e1pl\u00e1l\u00f3 arckr\u00e9m &#8211; \u00f6reged\u00e9sg\u00e1tl\u00f3 \u00e9s ide\u00e1lis a sz\u00e1raz b\u0151r \u00e1pol\u00e1s\u00e1hoz. \u201eIfj\u00fas\u00e1gi g\u00e9n\u201d-aktiv\u00e1l\u00f3 \u00f6sszetev\u0151k, amelyek felismerik az \u00f6reged\u00e9s jeleit a sejtmagban \u00e9s aktiv\u00e1lj\u00e1k a sejtek term\u00e9szetes regener\u00e1ci\u00f3s mechanizmusait. Ezenk\u00edv\u00fcl az adenozin \u00e9s a r\u00e9ti habszivacs magjai antioxid\u00e1ns tulajdons\u00e1gokkal rendelkeznek (megv\u00e9dik a b\u0151rt a szabad gy\u00f6k\u00f6kt\u0151l). Egy\u00e9b \u00f6sszetev\u0151k, mint az arg\u00e1nolaj, a sheavaj \u00e9s a lanolin hidrat\u00e1l\u00f3, helyre\u00e1ll\u00edt\u00f3 \u00e9s regener\u00e1l\u00f3 hat\u00e1ssal eg\u00e9sz\u00edtik ki a k\u00e9sz\u00edtm\u00e9nyt.<\/p>\n","protected":false},"excerpt":{"rendered":"<p>SENS-AGE MD G-ACTIVATOR T\u00e1pl\u00e1l\u00f3 arckr\u00e9m &#8211; \u00f6reged\u00e9sg\u00e1tl\u00f3 \u00e9s ide\u00e1lis a sz\u00e1raz b\u0151r \u00e1pol\u00e1s\u00e1hoz. \u201eIfj\u00fas\u00e1gi g\u00e9n\u201d-aktiv\u00e1l\u00f3 \u00f6sszetev\u0151k, amelyek felismerik az \u00f6reged\u00e9s jeleit a sejtmagban \u00e9s aktiv\u00e1lj\u00e1k a sejtek term\u00e9szetes regener\u00e1ci\u00f3s mechanizmusait. Ezenk\u00edv\u00fcl az adenozin \u00e9s a r\u00e9ti habszivacs magjai antioxid\u00e1ns tulajdons\u00e1gokkal rendelkeznek (megv\u00e9dik a b\u0151rt a szabad gy\u00f6k\u00f6kt\u0151l). Egy\u00e9b \u00f6sszetev\u0151k, mint az arg\u00e1nolaj, a sheavaj \u00e9s [&hellip;]<\/p>\n","protected":false},"featured_media":116389,"comment_status":"closed","ping_status":"closed","template":"","meta":{"_acf_changed":false,"inline_featured_image":false},"product_brand":[2846],"product_cat":[2991],"product_tag":[2979],"class_list":{"0":"post-116388","1":"product","2":"type-product","3":"status-publish","4":"has-post-thumbnail","6":"product_brand-mediderma","7":"product_cat-borapolas","8":"product_tag-orvostechnikai-eszkozok","10":"first","11":"instock","12":"taxable","13":"shipping-taxable","14":"purchasable","15":"product-type-simple","16":"add-to-wishlist-before_image"},"acf":[],"yoast_head":"<!-- This site is optimized with the Yoast SEO plugin v27.3 - https:\/\/yoast.com\/product\/yoast-seo-wordpress\/ -->\n<title>V\u00e1s\u00e1roljon Sens-Age MD G-Activator T\u00e1pl\u00e1l\u00f3 Arckr\u00e9met 50ml-t<\/title>\n<meta name=\"description\" content=\"V\u00e1s\u00e1roljon Sens-Age MD G-Activator t\u00e1pl\u00e1l\u00f3 arckr\u00e9met 50ml online a b\u0151r hidrat\u00e1l\u00e1s\u00e1hoz, helyre\u00e1ll\u00edt\u00e1s\u00e1hoz \u00e9s v\u00e9delm\u00e9hez fejlett \u00f6reged\u00e9sg\u00e1tl\u00f3 \u00f6sszetev\u0151kkel.\" \/>\n<meta name=\"robots\" content=\"index, follow, max-snippet:-1, max-image-preview:large, max-video-preview:-1\" \/>\n<link rel=\"canonical\" href=\"https:\/\/kinamihealth.com\/hu\/wp-json\/wp\/v2\/product\/116388\" \/>\n<meta property=\"og:locale\" content=\"hu_HU\" \/>\n<meta property=\"og:type\" content=\"article\" \/>\n<meta property=\"og:title\" content=\"V\u00e1s\u00e1roljon Sens-Age MD G-Activator T\u00e1pl\u00e1l\u00f3 Arckr\u00e9met 50ml-t\" \/>\n<meta property=\"og:description\" content=\"V\u00e1s\u00e1roljon Sens-Age MD G-Activator t\u00e1pl\u00e1l\u00f3 arckr\u00e9met 50ml online a b\u0151r hidrat\u00e1l\u00e1s\u00e1hoz, helyre\u00e1ll\u00edt\u00e1s\u00e1hoz \u00e9s v\u00e9delm\u00e9hez fejlett \u00f6reged\u00e9sg\u00e1tl\u00f3 \u00f6sszetev\u0151kkel.\" \/>\n<meta property=\"og:url\" content=\"https:\/\/kinamihealth.com\/hu\/termek\/mediderma-sens-age-md-amc-activator\/\" \/>\n<meta property=\"og:site_name\" content=\"Kinami Health\" \/>\n<meta property=\"article:modified_time\" content=\"2025-10-28T20:34:03+00:00\" \/>\n<meta property=\"og:image\" content=\"https:\/\/kinamihealth.com\/wp-content\/uploads\/2025\/02\/MEDIDERMA-SENS-AGE-MD-G-ACTIVATOR-NOURISHING-FACIAL-CREAM-01.jpg\" \/>\n\t<meta property=\"og:image:width\" content=\"800\" \/>\n\t<meta property=\"og:image:height\" content=\"800\" \/>\n\t<meta property=\"og:image:type\" content=\"image\/jpeg\" \/>\n<meta name=\"twitter:card\" content=\"summary_large_image\" \/>\n<meta name=\"twitter:label1\" content=\"Becs\u00fclt olvas\u00e1si id\u0151\" \/>\n\t<meta name=\"twitter:data1\" content=\"1 perc\" \/>\n<!-- \/ Yoast SEO plugin. -->","yoast_head_json":{"title":"V\u00e1s\u00e1roljon Sens-Age MD G-Activator T\u00e1pl\u00e1l\u00f3 Arckr\u00e9met 50ml-t","description":"V\u00e1s\u00e1roljon Sens-Age MD G-Activator t\u00e1pl\u00e1l\u00f3 arckr\u00e9met 50ml online a b\u0151r hidrat\u00e1l\u00e1s\u00e1hoz, helyre\u00e1ll\u00edt\u00e1s\u00e1hoz \u00e9s v\u00e9delm\u00e9hez fejlett \u00f6reged\u00e9sg\u00e1tl\u00f3 \u00f6sszetev\u0151kkel.","robots":{"index":"index","follow":"follow","max-snippet":"max-snippet:-1","max-image-preview":"max-image-preview:large","max-video-preview":"max-video-preview:-1"},"canonical":"https:\/\/kinamihealth.com\/hu\/wp-json\/wp\/v2\/product\/116388","og_locale":"hu_HU","og_type":"article","og_title":"V\u00e1s\u00e1roljon Sens-Age MD G-Activator T\u00e1pl\u00e1l\u00f3 Arckr\u00e9met 50ml-t","og_description":"V\u00e1s\u00e1roljon Sens-Age MD G-Activator t\u00e1pl\u00e1l\u00f3 arckr\u00e9met 50ml online a b\u0151r hidrat\u00e1l\u00e1s\u00e1hoz, helyre\u00e1ll\u00edt\u00e1s\u00e1hoz \u00e9s v\u00e9delm\u00e9hez fejlett \u00f6reged\u00e9sg\u00e1tl\u00f3 \u00f6sszetev\u0151kkel.","og_url":"https:\/\/kinamihealth.com\/hu\/termek\/mediderma-sens-age-md-amc-activator\/","og_site_name":"Kinami Health","article_modified_time":"2025-10-28T20:34:03+00:00","og_image":[{"width":800,"height":800,"url":"https:\/\/kinamihealth.com\/wp-content\/uploads\/2025\/02\/MEDIDERMA-SENS-AGE-MD-G-ACTIVATOR-NOURISHING-FACIAL-CREAM-01.jpg","type":"image\/jpeg"}],"twitter_card":"summary_large_image","twitter_misc":{"Becs\u00fclt olvas\u00e1si id\u0151":"1 perc"},"schema":{"@context":"https:\/\/schema.org","@graph":[{"@type":"WebPage","@id":"https:\/\/kinamihealth.com\/hu\/termek\/mediderma-sens-age-md-amc-activator\/","url":"https:\/\/kinamihealth.com\/hu\/termek\/mediderma-sens-age-md-amc-activator\/","name":"V\u00e1s\u00e1roljon Sens-Age MD G-Activator T\u00e1pl\u00e1l\u00f3 Arckr\u00e9met 50ml-t","isPartOf":{"@id":"https:\/\/kinamihealth.com\/#website"},"primaryImageOfPage":{"@id":"https:\/\/kinamihealth.com\/hu\/termek\/mediderma-sens-age-md-amc-activator\/#primaryimage"},"image":{"@id":"https:\/\/kinamihealth.com\/hu\/termek\/mediderma-sens-age-md-amc-activator\/#primaryimage"},"thumbnailUrl":"https:\/\/kinamihealth.com\/wp-content\/uploads\/2025\/02\/MEDIDERMA-SENS-AGE-MD-G-ACTIVATOR-NOURISHING-FACIAL-CREAM-01.jpg","datePublished":"2025-02-15T16:57:43+00:00","dateModified":"2025-10-28T20:34:03+00:00","description":"V\u00e1s\u00e1roljon Sens-Age MD G-Activator t\u00e1pl\u00e1l\u00f3 arckr\u00e9met 50ml online a b\u0151r hidrat\u00e1l\u00e1s\u00e1hoz, helyre\u00e1ll\u00edt\u00e1s\u00e1hoz \u00e9s v\u00e9delm\u00e9hez fejlett \u00f6reged\u00e9sg\u00e1tl\u00f3 \u00f6sszetev\u0151kkel.","breadcrumb":{"@id":"https:\/\/kinamihealth.com\/hu\/termek\/mediderma-sens-age-md-amc-activator\/#breadcrumb"},"inLanguage":"hu","potentialAction":[{"@type":"ReadAction","target":["https:\/\/kinamihealth.com\/hu\/termek\/mediderma-sens-age-md-amc-activator\/"]}]},{"@type":"ImageObject","inLanguage":"hu","@id":"https:\/\/kinamihealth.com\/hu\/termek\/mediderma-sens-age-md-amc-activator\/#primaryimage","url":"https:\/\/kinamihealth.com\/wp-content\/uploads\/2025\/02\/MEDIDERMA-SENS-AGE-MD-G-ACTIVATOR-NOURISHING-FACIAL-CREAM-01.jpg","contentUrl":"https:\/\/kinamihealth.com\/wp-content\/uploads\/2025\/02\/MEDIDERMA-SENS-AGE-MD-G-ACTIVATOR-NOURISHING-FACIAL-CREAM-01.jpg","width":800,"height":800},{"@type":"BreadcrumbList","@id":"https:\/\/kinamihealth.com\/hu\/termek\/mediderma-sens-age-md-amc-activator\/#breadcrumb","itemListElement":[{"@type":"ListItem","position":1,"name":"Kezd\u0151lap","item":"https:\/\/kinamihealth.com\/"},{"@type":"ListItem","position":2,"name":"Bolt","item":"https:\/\/kinamihealth.com\/shop\/"},{"@type":"ListItem","position":3,"name":"SENS-AGE MD G-ACTIVATOR T\u00c1PL\u00c1L\u00d3 ARCKR\u00c9M 50ml"}]},{"@type":"WebSite","@id":"https:\/\/kinamihealth.com\/#website","url":"https:\/\/kinamihealth.com\/","name":"Kinami Health","description":"","publisher":{"@id":"https:\/\/kinamihealth.com\/#organization"},"potentialAction":[{"@type":"SearchAction","target":{"@type":"EntryPoint","urlTemplate":"https:\/\/kinamihealth.com\/?s={search_term_string}"},"query-input":{"@type":"PropertyValueSpecification","valueRequired":true,"valueName":"search_term_string"}}],"inLanguage":"hu"},{"@type":"Organization","@id":"https:\/\/kinamihealth.com\/#organization","name":"Kinami Health","url":"https:\/\/kinamihealth.com\/","logo":{"@type":"ImageObject","inLanguage":"hu","@id":"https:\/\/kinamihealth.com\/#\/schema\/logo\/image\/","url":"https:\/\/kinamihealth.com\/wp-content\/uploads\/2025\/01\/KH_logo_black_2-1.png","contentUrl":"https:\/\/kinamihealth.com\/wp-content\/uploads\/2025\/01\/KH_logo_black_2-1.png","width":339,"height":34,"caption":"Kinami Health"},"image":{"@id":"https:\/\/kinamihealth.com\/#\/schema\/logo\/image\/"}}]}},"_links":{"self":[{"href":"https:\/\/kinamihealth.com\/hu\/wp-json\/wp\/v2\/product\/116388","targetHints":{"allow":["GET"]}}],"collection":[{"href":"https:\/\/kinamihealth.com\/hu\/wp-json\/wp\/v2\/product"}],"about":[{"href":"https:\/\/kinamihealth.com\/hu\/wp-json\/wp\/v2\/types\/product"}],"replies":[{"embeddable":true,"href":"https:\/\/kinamihealth.com\/hu\/wp-json\/wp\/v2\/comments?post=116388"}],"version-history":[{"count":0,"href":"https:\/\/kinamihealth.com\/hu\/wp-json\/wp\/v2\/product\/116388\/revisions"}],"wp:featuredmedia":[{"embeddable":true,"href":"https:\/\/kinamihealth.com\/hu\/wp-json\/wp\/v2\/media\/116389"}],"wp:attachment":[{"href":"https:\/\/kinamihealth.com\/hu\/wp-json\/wp\/v2\/media?parent=116388"}],"wp:term":[{"taxonomy":"product_brand","embeddable":true,"href":"https:\/\/kinamihealth.com\/hu\/wp-json\/wp\/v2\/product_brand?post=116388"},{"taxonomy":"product_cat","embeddable":true,"href":"https:\/\/kinamihealth.com\/hu\/wp-json\/wp\/v2\/product_cat?post=116388"},{"taxonomy":"product_tag","embeddable":true,"href":"https:\/\/kinamihealth.com\/hu\/wp-json\/wp\/v2\/product_tag?post=116388"}],"curies":[{"name":"wp","href":"https:\/\/api.w.org\/{rel}","templated":true}]}}