{"id":116387,"date":"2025-02-15T16:57:42","date_gmt":"2025-02-15T16:57:42","guid":{"rendered":"https:\/\/kinamihealth.com\/product\/sculptra-2-injekcios-uveg\/"},"modified":"2026-04-02T14:06:53","modified_gmt":"2026-04-02T14:06:53","slug":"sculptra-2-injekcios-uveg","status":"publish","type":"product","link":"https:\/\/kinamihealth.com\/hu\/termek\/sculptra-2-injekcios-uveg\/","title":{"rendered":"SCULPTRA\u00ae 2 fiola"},"content":{"rendered":"<p>A Sculptra egy poli-L-tejsav (PLLA) kollag\u00e9nstimul\u00e1tor, amely a b\u0151r m\u00e9lyebb r\u00e9tegeiben hat, seg\u00edtve a kollag\u00e9ntermel\u00e9s revitaliz\u00e1l\u00e1s\u00e1t \u00e9s a b\u0151r bels\u0151 szerkezet\u00e9nek \u00e9s t\u00e9rfogat\u00e1nak helyre\u00e1ll\u00edt\u00e1s\u00e1t. A Sculptra poli-L-tejsav mikror\u00e9szecsk\u00e9i a b\u0151rbe felsz\u00edv\u00f3dva seg\u00edtik a kollag\u00e9n n\u00f6veked\u00e9s\u00e9t. Kollag\u00e9nstimul\u00e1tork\u00e9nt a Sculptra t\u00f6lt\u0151anyagokat a b\u0151r m\u00e9ly, alatta l\u00e9v\u0151 szerkezet\u00e9nek helyre\u00e1ll\u00edt\u00e1s\u00e1val a sek\u00e9ly \u00e9s m\u00e9ly arcr\u00e1ncok \u00e9s red\u0151k korrekci\u00f3j\u00e1ra haszn\u00e1lj\u00e1k. A kollag\u00e9ntermel\u00e9s revitaliz\u00e1l\u00e1sa fokozatosan t\u00f6rt\u00e9nik, seg\u00edtve az arc t\u00e9rfogat\u00e1nak helyre\u00e1ll\u00edt\u00e1s\u00e1t \u00e9s egy feszesebb, fiatalosabb megjelen\u00e9s kialak\u00edt\u00e1s\u00e1t. Alkalmas a m\u00e9lyed\u00e9sek t\u00e9rfogat\u00e1nak n\u00f6vel\u00e9s\u00e9re, k\u00fcl\u00f6n\u00f6sen a b\u0151r m\u00e9lyed\u00e9seinek, p\u00e9ld\u00e1ul b\u0151rred\u0151k, r\u00e1ncok, red\u0151k, hegek korrekci\u00f3j\u00e1ra, valamint a b\u0151r \u00f6reged\u00e9s\u00e9re. A Sculptra alkalmas az arc zs\u00edrvesztes\u00e9g\u00e9nek jeleinek nagy volumen\u0171 korrekci\u00f3j\u00e1ra is.<\/p>\n","protected":false},"excerpt":{"rendered":"<p>A Sculptra egy poli-L-tejsav (PLLA) kollag\u00e9nstimul\u00e1tor, amely a b\u0151r m\u00e9lyebb r\u00e9tegeiben hat, seg\u00edtve a kollag\u00e9ntermel\u00e9s revitaliz\u00e1l\u00e1s\u00e1t \u00e9s a b\u0151r bels\u0151 szerkezet\u00e9nek \u00e9s t\u00e9rfogat\u00e1nak helyre\u00e1ll\u00edt\u00e1s\u00e1t. A Sculptra poli-L-tejsav mikror\u00e9szecsk\u00e9i a b\u0151rbe felsz\u00edv\u00f3dva seg\u00edtik a kollag\u00e9n n\u00f6veked\u00e9s\u00e9t. Kollag\u00e9nstimul\u00e1tork\u00e9nt a Sculptra t\u00f6lt\u0151anyagokat a b\u0151r m\u00e9ly, alatta l\u00e9v\u0151 szerkezet\u00e9nek helyre\u00e1ll\u00edt\u00e1s\u00e1val a sek\u00e9ly \u00e9s m\u00e9ly arcr\u00e1ncok \u00e9s red\u0151k korrekci\u00f3j\u00e1ra haszn\u00e1lj\u00e1k. [&hellip;]<\/p>\n","protected":false},"featured_media":130963,"comment_status":"closed","ping_status":"closed","template":"","meta":{"_acf_changed":false,"inline_featured_image":false},"product_brand":[2253],"product_cat":[3246,2997],"product_tag":[2979],"class_list":{"0":"post-116387","1":"product","2":"type-product","3":"status-publish","4":"has-post-thumbnail","6":"product_brand-sculptra","7":"product_cat-biostimulatorok","8":"product_cat-dermalis-toltoanyagok","9":"product_tag-orvostechnikai-eszkozok","11":"first","12":"instock","13":"taxable","14":"shipping-taxable","15":"purchasable","16":"product-type-simple","17":"add-to-wishlist-before_image"},"acf":[],"yoast_head":"<!-- This site is optimized with the Yoast SEO plugin v27.3 - https:\/\/yoast.com\/product\/yoast-seo-wordpress\/ -->\n<title>V\u00e1s\u00e1roljon Sculptra 2 ampull\u00e1t online a Kinami Health weboldalon<\/title>\n<meta name=\"description\" content=\"Sculptra 2 injekci\u00f3s \u00fcveg \u2013 Poli-L-tejsav kollag\u00e9n stimul\u00e1tor az arc volumen\u00e9nek helyre\u00e1ll\u00edt\u00e1s\u00e1hoz, a r\u00e1ncok korrekci\u00f3j\u00e1hoz \u00e9s a b\u0151r fiatal\u00edt\u00e1s\u00e1hoz, tart\u00f3s hat\u00e1ssal.\" \/>\n<meta name=\"robots\" content=\"index, follow, max-snippet:-1, max-image-preview:large, max-video-preview:-1\" \/>\n<link rel=\"canonical\" href=\"https:\/\/kinamihealth.com\/hu\/wp-json\/wp\/v2\/product\/116387\" \/>\n<meta property=\"og:locale\" content=\"hu_HU\" \/>\n<meta property=\"og:type\" content=\"article\" \/>\n<meta property=\"og:title\" content=\"V\u00e1s\u00e1roljon Sculptra 2 ampull\u00e1t online a Kinami Health weboldalon\" \/>\n<meta property=\"og:description\" content=\"Sculptra 2 injekci\u00f3s \u00fcveg \u2013 Poli-L-tejsav kollag\u00e9n stimul\u00e1tor az arc volumen\u00e9nek helyre\u00e1ll\u00edt\u00e1s\u00e1hoz, a r\u00e1ncok korrekci\u00f3j\u00e1hoz \u00e9s a b\u0151r fiatal\u00edt\u00e1s\u00e1hoz, tart\u00f3s hat\u00e1ssal.\" \/>\n<meta property=\"og:url\" content=\"https:\/\/kinamihealth.com\/hu\/termek\/sculptra-2-injekcios-uveg\/\" \/>\n<meta property=\"og:site_name\" content=\"Kinami Health\" \/>\n<meta property=\"article:modified_time\" content=\"2026-04-02T14:06:53+00:00\" \/>\n<meta property=\"og:image\" content=\"https:\/\/kinamihealth.com\/wp-content\/uploads\/2025\/02\/Sculptra_back.png\" \/>\n\t<meta property=\"og:image:width\" content=\"2107\" \/>\n\t<meta property=\"og:image:height\" content=\"1982\" \/>\n\t<meta property=\"og:image:type\" content=\"image\/png\" \/>\n<meta name=\"twitter:card\" content=\"summary_large_image\" \/>\n<meta name=\"twitter:label1\" content=\"Becs\u00fclt olvas\u00e1si id\u0151\" \/>\n\t<meta name=\"twitter:data1\" content=\"1 perc\" \/>\n<!-- \/ Yoast SEO plugin. -->","yoast_head_json":{"title":"V\u00e1s\u00e1roljon Sculptra 2 ampull\u00e1t online a Kinami Health weboldalon","description":"Sculptra 2 injekci\u00f3s \u00fcveg \u2013 Poli-L-tejsav kollag\u00e9n stimul\u00e1tor az arc volumen\u00e9nek helyre\u00e1ll\u00edt\u00e1s\u00e1hoz, a r\u00e1ncok korrekci\u00f3j\u00e1hoz \u00e9s a b\u0151r fiatal\u00edt\u00e1s\u00e1hoz, tart\u00f3s hat\u00e1ssal.","robots":{"index":"index","follow":"follow","max-snippet":"max-snippet:-1","max-image-preview":"max-image-preview:large","max-video-preview":"max-video-preview:-1"},"canonical":"https:\/\/kinamihealth.com\/hu\/wp-json\/wp\/v2\/product\/116387","og_locale":"hu_HU","og_type":"article","og_title":"V\u00e1s\u00e1roljon Sculptra 2 ampull\u00e1t online a Kinami Health weboldalon","og_description":"Sculptra 2 injekci\u00f3s \u00fcveg \u2013 Poli-L-tejsav kollag\u00e9n stimul\u00e1tor az arc volumen\u00e9nek helyre\u00e1ll\u00edt\u00e1s\u00e1hoz, a r\u00e1ncok korrekci\u00f3j\u00e1hoz \u00e9s a b\u0151r fiatal\u00edt\u00e1s\u00e1hoz, tart\u00f3s hat\u00e1ssal.","og_url":"https:\/\/kinamihealth.com\/hu\/termek\/sculptra-2-injekcios-uveg\/","og_site_name":"Kinami Health","article_modified_time":"2026-04-02T14:06:53+00:00","og_image":[{"width":2107,"height":1982,"url":"https:\/\/kinamihealth.com\/wp-content\/uploads\/2025\/02\/Sculptra_back.png","type":"image\/png"}],"twitter_card":"summary_large_image","twitter_misc":{"Becs\u00fclt olvas\u00e1si id\u0151":"1 perc"},"schema":{"@context":"https:\/\/schema.org","@graph":[{"@type":"WebPage","@id":"https:\/\/kinamihealth.com\/hu\/termek\/sculptra-2-injekcios-uveg\/","url":"https:\/\/kinamihealth.com\/hu\/termek\/sculptra-2-injekcios-uveg\/","name":"V\u00e1s\u00e1roljon Sculptra 2 ampull\u00e1t online a Kinami Health weboldalon","isPartOf":{"@id":"https:\/\/kinamihealth.com\/#website"},"primaryImageOfPage":{"@id":"https:\/\/kinamihealth.com\/hu\/termek\/sculptra-2-injekcios-uveg\/#primaryimage"},"image":{"@id":"https:\/\/kinamihealth.com\/hu\/termek\/sculptra-2-injekcios-uveg\/#primaryimage"},"thumbnailUrl":"https:\/\/kinamihealth.com\/wp-content\/uploads\/2025\/02\/Sculptra_back.png","datePublished":"2025-02-15T16:57:42+00:00","dateModified":"2026-04-02T14:06:53+00:00","description":"Sculptra 2 injekci\u00f3s \u00fcveg \u2013 Poli-L-tejsav kollag\u00e9n stimul\u00e1tor az arc volumen\u00e9nek helyre\u00e1ll\u00edt\u00e1s\u00e1hoz, a r\u00e1ncok korrekci\u00f3j\u00e1hoz \u00e9s a b\u0151r fiatal\u00edt\u00e1s\u00e1hoz, tart\u00f3s hat\u00e1ssal.","breadcrumb":{"@id":"https:\/\/kinamihealth.com\/hu\/termek\/sculptra-2-injekcios-uveg\/#breadcrumb"},"inLanguage":"hu","potentialAction":[{"@type":"ReadAction","target":["https:\/\/kinamihealth.com\/hu\/termek\/sculptra-2-injekcios-uveg\/"]}]},{"@type":"ImageObject","inLanguage":"hu","@id":"https:\/\/kinamihealth.com\/hu\/termek\/sculptra-2-injekcios-uveg\/#primaryimage","url":"https:\/\/kinamihealth.com\/wp-content\/uploads\/2025\/02\/Sculptra_back.png","contentUrl":"https:\/\/kinamihealth.com\/wp-content\/uploads\/2025\/02\/Sculptra_back.png","width":2107,"height":1982},{"@type":"BreadcrumbList","@id":"https:\/\/kinamihealth.com\/hu\/termek\/sculptra-2-injekcios-uveg\/#breadcrumb","itemListElement":[{"@type":"ListItem","position":1,"name":"Kezd\u0151lap","item":"https:\/\/kinamihealth.com\/"},{"@type":"ListItem","position":2,"name":"Bolt","item":"https:\/\/kinamihealth.com\/shop\/"},{"@type":"ListItem","position":3,"name":"SCULPTRA\u00ae 2 fiola"}]},{"@type":"WebSite","@id":"https:\/\/kinamihealth.com\/#website","url":"https:\/\/kinamihealth.com\/","name":"Kinami Health","description":"","publisher":{"@id":"https:\/\/kinamihealth.com\/#organization"},"potentialAction":[{"@type":"SearchAction","target":{"@type":"EntryPoint","urlTemplate":"https:\/\/kinamihealth.com\/?s={search_term_string}"},"query-input":{"@type":"PropertyValueSpecification","valueRequired":true,"valueName":"search_term_string"}}],"inLanguage":"hu"},{"@type":"Organization","@id":"https:\/\/kinamihealth.com\/#organization","name":"Kinami Health","url":"https:\/\/kinamihealth.com\/","logo":{"@type":"ImageObject","inLanguage":"hu","@id":"https:\/\/kinamihealth.com\/#\/schema\/logo\/image\/","url":"https:\/\/kinamihealth.com\/wp-content\/uploads\/2025\/01\/KH_logo_black_2-1.png","contentUrl":"https:\/\/kinamihealth.com\/wp-content\/uploads\/2025\/01\/KH_logo_black_2-1.png","width":339,"height":34,"caption":"Kinami Health"},"image":{"@id":"https:\/\/kinamihealth.com\/#\/schema\/logo\/image\/"}}]}},"_links":{"self":[{"href":"https:\/\/kinamihealth.com\/hu\/wp-json\/wp\/v2\/product\/116387","targetHints":{"allow":["GET"]}}],"collection":[{"href":"https:\/\/kinamihealth.com\/hu\/wp-json\/wp\/v2\/product"}],"about":[{"href":"https:\/\/kinamihealth.com\/hu\/wp-json\/wp\/v2\/types\/product"}],"replies":[{"embeddable":true,"href":"https:\/\/kinamihealth.com\/hu\/wp-json\/wp\/v2\/comments?post=116387"}],"version-history":[{"count":1,"href":"https:\/\/kinamihealth.com\/hu\/wp-json\/wp\/v2\/product\/116387\/revisions"}],"predecessor-version":[{"id":134337,"href":"https:\/\/kinamihealth.com\/hu\/wp-json\/wp\/v2\/product\/116387\/revisions\/134337"}],"wp:featuredmedia":[{"embeddable":true,"href":"https:\/\/kinamihealth.com\/hu\/wp-json\/wp\/v2\/media\/130963"}],"wp:attachment":[{"href":"https:\/\/kinamihealth.com\/hu\/wp-json\/wp\/v2\/media?parent=116387"}],"wp:term":[{"taxonomy":"product_brand","embeddable":true,"href":"https:\/\/kinamihealth.com\/hu\/wp-json\/wp\/v2\/product_brand?post=116387"},{"taxonomy":"product_cat","embeddable":true,"href":"https:\/\/kinamihealth.com\/hu\/wp-json\/wp\/v2\/product_cat?post=116387"},{"taxonomy":"product_tag","embeddable":true,"href":"https:\/\/kinamihealth.com\/hu\/wp-json\/wp\/v2\/product_tag?post=116387"}],"curies":[{"name":"wp","href":"https:\/\/api.w.org\/{rel}","templated":true}]}}