{"id":116376,"date":"2025-02-15T16:57:40","date_gmt":"2025-02-15T16:57:40","guid":{"rendered":"https:\/\/kinamihealth.com\/product\/saypha-rich\/"},"modified":"2025-10-28T21:00:43","modified_gmt":"2025-10-28T21:00:43","slug":"saypha-rich","status":"publish","type":"product","link":"https:\/\/kinamihealth.com\/hu\/termek\/saypha-rich\/","title":{"rendered":"SAYPHA\u00ae RICH"},"content":{"rendered":"<p>A Saypha\u00ae Rich a kor\u00e1bbi Princess Rich helyettes\u00edt\u0151je. Ez egy g\u00e9l implant\u00e1tum, amely nagy koncentr\u00e1ci\u00f3ban tartalmaz hialuronsavat, amelyet glicerin stabiliz\u00e1l, egy term\u00e9szetes hidrat\u00e1l\u00f3 anyag, amely meg\u0151rzi a vizet \u00e9s fenntartja a hidrat\u00e1lts\u00e1got. A Saypha\u00ae Rich jav\u00edtja a b\u0151r rugalmass\u00e1g\u00e1t, t\u00f3nus\u00e1t \u00e9s hidrat\u00e1lts\u00e1g\u00e1t, ami term\u00e9szetes ragyog\u00e1st eredm\u00e9nyez. A g\u00e9lt a fel\u00fcleti b\u0151rr\u00e9tegbe injekci\u00f3zz\u00e1k. Alkalmas a b\u0151r hidrat\u00e1l\u00e1s\u00e1ra \u00e9s a finom r\u00e1ncok cs\u00f6kkent\u00e9s\u00e9re.<\/p>\n","protected":false},"excerpt":{"rendered":"<p>A Saypha\u00ae Rich a kor\u00e1bbi Princess Rich helyettes\u00edt\u0151je. Ez egy g\u00e9l implant\u00e1tum, amely nagy koncentr\u00e1ci\u00f3ban tartalmaz hialuronsavat, amelyet glicerin stabiliz\u00e1l, egy term\u00e9szetes hidrat\u00e1l\u00f3 anyag, amely meg\u0151rzi a vizet \u00e9s fenntartja a hidrat\u00e1lts\u00e1got. A Saypha\u00ae Rich jav\u00edtja a b\u0151r rugalmass\u00e1g\u00e1t, t\u00f3nus\u00e1t \u00e9s hidrat\u00e1lts\u00e1g\u00e1t, ami term\u00e9szetes ragyog\u00e1st eredm\u00e9nyez. A g\u00e9lt a fel\u00fcleti b\u0151rr\u00e9tegbe injekci\u00f3zz\u00e1k. Alkalmas a b\u0151r [&hellip;]<\/p>\n","protected":false},"featured_media":116380,"comment_status":"closed","ping_status":"closed","template":"","meta":{"_acf_changed":false,"inline_featured_image":false},"product_brand":[2225],"product_cat":[2997,3002],"product_tag":[2979],"class_list":{"0":"post-116376","1":"product","2":"type-product","3":"status-publish","4":"has-post-thumbnail","6":"product_brand-saypha","7":"product_cat-dermalis-toltoanyagok","8":"product_cat-ha-borfeltoltok","9":"product_tag-orvostechnikai-eszkozok","11":"first","12":"instock","13":"taxable","14":"shipping-taxable","15":"purchasable","16":"product-type-simple","17":"add-to-wishlist-before_image"},"acf":[],"yoast_head":"<!-- This site is optimized with the Yoast SEO plugin v27.3 - https:\/\/yoast.com\/product\/yoast-seo-wordpress\/ -->\n<title>V\u00e1s\u00e1roljon Saypha Rich term\u00e9ket online a Kinami Health weboldalon<\/title>\n<meta name=\"description\" content=\"V\u00e1s\u00e1rolja meg online a Saypha Rich term\u00e9ket \u2013 egy hialuronsav alap\u00fa b\u0151r\u00e1pol\u00f3 term\u00e9ket, amely m\u00e9ly hidrat\u00e1l\u00e1ssal, jobb rugalmass\u00e1ggal \u00e9s a finom r\u00e1ncok cs\u00f6kkent\u00e9s\u00e9vel fiatalos megjelen\u00e9st biztos\u00edt a b\u0151rnek.\" \/>\n<meta name=\"robots\" content=\"index, follow, max-snippet:-1, max-image-preview:large, max-video-preview:-1\" \/>\n<link rel=\"canonical\" href=\"https:\/\/kinamihealth.com\/hu\/wp-json\/wp\/v2\/product\/116376\" \/>\n<meta property=\"og:locale\" content=\"hu_HU\" \/>\n<meta property=\"og:type\" content=\"article\" \/>\n<meta property=\"og:title\" content=\"V\u00e1s\u00e1roljon Saypha Rich term\u00e9ket online a Kinami Health weboldalon\" \/>\n<meta property=\"og:description\" content=\"V\u00e1s\u00e1rolja meg online a Saypha Rich term\u00e9ket \u2013 egy hialuronsav alap\u00fa b\u0151r\u00e1pol\u00f3 term\u00e9ket, amely m\u00e9ly hidrat\u00e1l\u00e1ssal, jobb rugalmass\u00e1ggal \u00e9s a finom r\u00e1ncok cs\u00f6kkent\u00e9s\u00e9vel fiatalos megjelen\u00e9st biztos\u00edt a b\u0151rnek.\" \/>\n<meta property=\"og:url\" content=\"https:\/\/kinamihealth.com\/hu\/termek\/saypha-rich\/\" \/>\n<meta property=\"og:site_name\" content=\"Kinami Health\" \/>\n<meta property=\"article:modified_time\" content=\"2025-10-28T21:00:43+00:00\" \/>\n<meta property=\"og:image\" content=\"https:\/\/kinamihealth.com\/wp-content\/uploads\/2025\/02\/CHROMA-SAYPHA-RICH-03.jpg\" \/>\n\t<meta property=\"og:image:width\" content=\"800\" \/>\n\t<meta property=\"og:image:height\" content=\"800\" \/>\n\t<meta property=\"og:image:type\" content=\"image\/jpeg\" \/>\n<meta name=\"twitter:card\" content=\"summary_large_image\" \/>\n<meta name=\"twitter:label1\" content=\"Becs\u00fclt olvas\u00e1si id\u0151\" \/>\n\t<meta name=\"twitter:data1\" content=\"1 perc\" \/>\n<!-- \/ Yoast SEO plugin. -->","yoast_head_json":{"title":"V\u00e1s\u00e1roljon Saypha Rich term\u00e9ket online a Kinami Health weboldalon","description":"V\u00e1s\u00e1rolja meg online a Saypha Rich term\u00e9ket \u2013 egy hialuronsav alap\u00fa b\u0151r\u00e1pol\u00f3 term\u00e9ket, amely m\u00e9ly hidrat\u00e1l\u00e1ssal, jobb rugalmass\u00e1ggal \u00e9s a finom r\u00e1ncok cs\u00f6kkent\u00e9s\u00e9vel fiatalos megjelen\u00e9st biztos\u00edt a b\u0151rnek.","robots":{"index":"index","follow":"follow","max-snippet":"max-snippet:-1","max-image-preview":"max-image-preview:large","max-video-preview":"max-video-preview:-1"},"canonical":"https:\/\/kinamihealth.com\/hu\/wp-json\/wp\/v2\/product\/116376","og_locale":"hu_HU","og_type":"article","og_title":"V\u00e1s\u00e1roljon Saypha Rich term\u00e9ket online a Kinami Health weboldalon","og_description":"V\u00e1s\u00e1rolja meg online a Saypha Rich term\u00e9ket \u2013 egy hialuronsav alap\u00fa b\u0151r\u00e1pol\u00f3 term\u00e9ket, amely m\u00e9ly hidrat\u00e1l\u00e1ssal, jobb rugalmass\u00e1ggal \u00e9s a finom r\u00e1ncok cs\u00f6kkent\u00e9s\u00e9vel fiatalos megjelen\u00e9st biztos\u00edt a b\u0151rnek.","og_url":"https:\/\/kinamihealth.com\/hu\/termek\/saypha-rich\/","og_site_name":"Kinami Health","article_modified_time":"2025-10-28T21:00:43+00:00","og_image":[{"width":800,"height":800,"url":"https:\/\/kinamihealth.com\/wp-content\/uploads\/2025\/02\/CHROMA-SAYPHA-RICH-03.jpg","type":"image\/jpeg"}],"twitter_card":"summary_large_image","twitter_misc":{"Becs\u00fclt olvas\u00e1si id\u0151":"1 perc"},"schema":{"@context":"https:\/\/schema.org","@graph":[{"@type":"WebPage","@id":"https:\/\/kinamihealth.com\/hu\/termek\/saypha-rich\/","url":"https:\/\/kinamihealth.com\/hu\/termek\/saypha-rich\/","name":"V\u00e1s\u00e1roljon Saypha Rich term\u00e9ket online a Kinami Health weboldalon","isPartOf":{"@id":"https:\/\/kinamihealth.com\/#website"},"primaryImageOfPage":{"@id":"https:\/\/kinamihealth.com\/hu\/termek\/saypha-rich\/#primaryimage"},"image":{"@id":"https:\/\/kinamihealth.com\/hu\/termek\/saypha-rich\/#primaryimage"},"thumbnailUrl":"https:\/\/kinamihealth.com\/wp-content\/uploads\/2025\/02\/CHROMA-SAYPHA-RICH-03.jpg","datePublished":"2025-02-15T16:57:40+00:00","dateModified":"2025-10-28T21:00:43+00:00","description":"V\u00e1s\u00e1rolja meg online a Saypha Rich term\u00e9ket \u2013 egy hialuronsav alap\u00fa b\u0151r\u00e1pol\u00f3 term\u00e9ket, amely m\u00e9ly hidrat\u00e1l\u00e1ssal, jobb rugalmass\u00e1ggal \u00e9s a finom r\u00e1ncok cs\u00f6kkent\u00e9s\u00e9vel fiatalos megjelen\u00e9st biztos\u00edt a b\u0151rnek.","breadcrumb":{"@id":"https:\/\/kinamihealth.com\/hu\/termek\/saypha-rich\/#breadcrumb"},"inLanguage":"hu","potentialAction":[{"@type":"ReadAction","target":["https:\/\/kinamihealth.com\/hu\/termek\/saypha-rich\/"]}]},{"@type":"ImageObject","inLanguage":"hu","@id":"https:\/\/kinamihealth.com\/hu\/termek\/saypha-rich\/#primaryimage","url":"https:\/\/kinamihealth.com\/wp-content\/uploads\/2025\/02\/CHROMA-SAYPHA-RICH-03.jpg","contentUrl":"https:\/\/kinamihealth.com\/wp-content\/uploads\/2025\/02\/CHROMA-SAYPHA-RICH-03.jpg","width":800,"height":800},{"@type":"BreadcrumbList","@id":"https:\/\/kinamihealth.com\/hu\/termek\/saypha-rich\/#breadcrumb","itemListElement":[{"@type":"ListItem","position":1,"name":"Kezd\u0151lap","item":"https:\/\/kinamihealth.com\/"},{"@type":"ListItem","position":2,"name":"Bolt","item":"https:\/\/kinamihealth.com\/shop\/"},{"@type":"ListItem","position":3,"name":"SAYPHA\u00ae RICH"}]},{"@type":"WebSite","@id":"https:\/\/kinamihealth.com\/#website","url":"https:\/\/kinamihealth.com\/","name":"Kinami Health","description":"","publisher":{"@id":"https:\/\/kinamihealth.com\/#organization"},"potentialAction":[{"@type":"SearchAction","target":{"@type":"EntryPoint","urlTemplate":"https:\/\/kinamihealth.com\/?s={search_term_string}"},"query-input":{"@type":"PropertyValueSpecification","valueRequired":true,"valueName":"search_term_string"}}],"inLanguage":"hu"},{"@type":"Organization","@id":"https:\/\/kinamihealth.com\/#organization","name":"Kinami Health","url":"https:\/\/kinamihealth.com\/","logo":{"@type":"ImageObject","inLanguage":"hu","@id":"https:\/\/kinamihealth.com\/#\/schema\/logo\/image\/","url":"https:\/\/kinamihealth.com\/wp-content\/uploads\/2025\/01\/KH_logo_black_2-1.png","contentUrl":"https:\/\/kinamihealth.com\/wp-content\/uploads\/2025\/01\/KH_logo_black_2-1.png","width":339,"height":34,"caption":"Kinami Health"},"image":{"@id":"https:\/\/kinamihealth.com\/#\/schema\/logo\/image\/"}}]}},"_links":{"self":[{"href":"https:\/\/kinamihealth.com\/hu\/wp-json\/wp\/v2\/product\/116376","targetHints":{"allow":["GET"]}}],"collection":[{"href":"https:\/\/kinamihealth.com\/hu\/wp-json\/wp\/v2\/product"}],"about":[{"href":"https:\/\/kinamihealth.com\/hu\/wp-json\/wp\/v2\/types\/product"}],"replies":[{"embeddable":true,"href":"https:\/\/kinamihealth.com\/hu\/wp-json\/wp\/v2\/comments?post=116376"}],"version-history":[{"count":0,"href":"https:\/\/kinamihealth.com\/hu\/wp-json\/wp\/v2\/product\/116376\/revisions"}],"wp:featuredmedia":[{"embeddable":true,"href":"https:\/\/kinamihealth.com\/hu\/wp-json\/wp\/v2\/media\/116380"}],"wp:attachment":[{"href":"https:\/\/kinamihealth.com\/hu\/wp-json\/wp\/v2\/media?parent=116376"}],"wp:term":[{"taxonomy":"product_brand","embeddable":true,"href":"https:\/\/kinamihealth.com\/hu\/wp-json\/wp\/v2\/product_brand?post=116376"},{"taxonomy":"product_cat","embeddable":true,"href":"https:\/\/kinamihealth.com\/hu\/wp-json\/wp\/v2\/product_cat?post=116376"},{"taxonomy":"product_tag","embeddable":true,"href":"https:\/\/kinamihealth.com\/hu\/wp-json\/wp\/v2\/product_tag?post=116376"}],"curies":[{"name":"wp","href":"https:\/\/api.w.org\/{rel}","templated":true}]}}