{"id":116264,"date":"2025-02-15T16:57:49","date_gmt":"2025-02-15T16:57:49","guid":{"rendered":"https:\/\/kinamihealth.com\/product\/silhouette-soft-16-cones\/"},"modified":"2025-10-28T19:47:56","modified_gmt":"2025-10-28T19:47:56","slug":"silhouette-soft-16-cones","status":"publish","type":"product","link":"https:\/\/kinamihealth.com\/hu\/termek\/silhouette-soft-16-cones\/","title":{"rendered":"SILHOUETTE SOFT\u00ae 16 K\u00fap"},"content":{"rendered":"<p>A Silhouette Soft\u00ae 16 k\u00fap egy nem seb\u00e9szi arcfiatal\u00edt\u00f3 kezel\u00e9s, amely az innovat\u00edv k\u00fap technol\u00f3gi\u00e1n alapul. A felsz\u00edv\u00f3d\u00f3, steril, be\u00fcltethet\u0151, egyszer haszn\u00e1latos eszk\u00f6z a b\u0151r fel\u00fclet\u00e9nek \u00e1talak\u00edt\u00e1s\u00e1ra, valamint a megereszkedett b\u0151r \u00e9s nyaksz\u00f6vet felemel\u00e9s\u00e9re szolg\u00e1l. Ezenk\u00edv\u00fcl a Silhouette Soft\u00ae 16 k\u00fap (cones) seg\u00edt a b\u0151r feszes\u00edt\u00e9s\u00e9ben \u00e9s az elvesztett arcvolumen helyre\u00e1ll\u00edt\u00e1s\u00e1ban az\u00e1ltal, hogy fokozza a szervezet saj\u00e1t kollag\u00e9ntermel\u00e9s\u00e9t. Az implant\u00e1lhat\u00f3, egyszer haszn\u00e1latos eszk\u00f6z polilaktid (PLGA) reszorb\u00e1lhat\u00f3 k\u00fapokkal tark\u00edtott polilaktid sz\u00e1lakb\u00f3l \u00e1ll, amelyek felold\u00f3dnak a b\u0151rben. A sz\u00e1lak a b\u0151r fel\u00fclete alatt v\u00e1zszerkezetk\u00e9nt m\u0171k\u00f6dnek, ahol seg\u00edtenek a megereszkedett b\u0151r felemel\u00e9s\u00e9ben. Ezenk\u00edv\u00fcl a k\u00fapok egyr\u00e9szt a hely\u00fck\u00f6n tartj\u00e1k a sz\u00e1lakat, m\u00e1sr\u00e9szt stimul\u00e1lj\u00e1k a szervezet saj\u00e1t kollag\u00e9ntermel\u00e9s\u00e9t, hogy p\u00f3tolj\u00e1k az elvesztett arcvolumenet. Haszn\u00e1lja ezeket a varratokat az arcon az \u00f6reged\u0151 b\u0151r felemel\u00e9s\u00e9re \u00e9s feszes\u00edt\u00e9s\u00e9re.<\/p>\n","protected":false},"excerpt":{"rendered":"<p>A Silhouette Soft\u00ae 16 k\u00fap egy nem seb\u00e9szi arcfiatal\u00edt\u00f3 kezel\u00e9s, amely az innovat\u00edv k\u00fap technol\u00f3gi\u00e1n alapul. A felsz\u00edv\u00f3d\u00f3, steril, be\u00fcltethet\u0151, egyszer haszn\u00e1latos eszk\u00f6z a b\u0151r fel\u00fclet\u00e9nek \u00e1talak\u00edt\u00e1s\u00e1ra, valamint a megereszkedett b\u0151r \u00e9s nyaksz\u00f6vet felemel\u00e9s\u00e9re szolg\u00e1l. Ezenk\u00edv\u00fcl a Silhouette Soft\u00ae 16 k\u00fap (cones) seg\u00edt a b\u0151r feszes\u00edt\u00e9s\u00e9ben \u00e9s az elvesztett arcvolumen helyre\u00e1ll\u00edt\u00e1s\u00e1ban az\u00e1ltal, hogy fokozza a [&hellip;]<\/p>\n","protected":false},"featured_media":116266,"comment_status":"closed","ping_status":"closed","template":"","meta":{"_acf_changed":false,"inline_featured_image":false},"product_brand":[2255],"product_cat":[3202,3027],"product_tag":[2979],"class_list":{"0":"post-116264","1":"product","2":"type-product","3":"status-publish","4":"has-post-thumbnail","6":"product_brand-silhouette","7":"product_cat-pla-szalak","8":"product_cat-szalak","9":"product_tag-orvostechnikai-eszkozok","11":"first","12":"instock","13":"taxable","14":"shipping-taxable","15":"purchasable","16":"product-type-simple","17":"add-to-wishlist-before_image"},"acf":[],"yoast_head":"<!-- This site is optimized with the Yoast SEO plugin v27.3 - https:\/\/yoast.com\/product\/yoast-seo-wordpress\/ -->\n<title>V\u00e1s\u00e1roljon Silhouette Soft 16 k\u00fapot online - orvosi sz\u00e1lak b\u0151rfeszes\u00edt\u00e9shez<\/title>\n<meta name=\"description\" content=\"V\u00e1s\u00e1roljon Silhouette Soft 16 k\u00fapot online nem seb\u00e9szeti arcfelvarr\u00e1shoz fejlett felsz\u00edv\u00f3d\u00f3 sz\u00e1lakkal, amelyek serkentik a kollag\u00e9ntermel\u00e9st. Rendeljen most!\" \/>\n<meta name=\"robots\" content=\"index, follow, max-snippet:-1, max-image-preview:large, max-video-preview:-1\" \/>\n<link rel=\"canonical\" href=\"https:\/\/kinamihealth.com\/hu\/wp-json\/wp\/v2\/product\/116264\" \/>\n<meta property=\"og:locale\" content=\"hu_HU\" \/>\n<meta property=\"og:type\" content=\"article\" \/>\n<meta property=\"og:title\" content=\"V\u00e1s\u00e1roljon Silhouette Soft 16 k\u00fapot online - orvosi sz\u00e1lak b\u0151rfeszes\u00edt\u00e9shez\" \/>\n<meta property=\"og:description\" content=\"V\u00e1s\u00e1roljon Silhouette Soft 16 k\u00fapot online nem seb\u00e9szeti arcfelvarr\u00e1shoz fejlett felsz\u00edv\u00f3d\u00f3 sz\u00e1lakkal, amelyek serkentik a kollag\u00e9ntermel\u00e9st. Rendeljen most!\" \/>\n<meta property=\"og:url\" content=\"https:\/\/kinamihealth.com\/hu\/termek\/silhouette-soft-16-cones\/\" \/>\n<meta property=\"og:site_name\" content=\"Kinami Health\" \/>\n<meta property=\"article:modified_time\" content=\"2025-10-28T19:47:56+00:00\" \/>\n<meta property=\"og:image\" content=\"https:\/\/kinamihealth.com\/wp-content\/uploads\/2025\/02\/SILHOUETTE-SOFT-16CONES-03.jpg\" \/>\n\t<meta property=\"og:image:width\" content=\"800\" \/>\n\t<meta property=\"og:image:height\" content=\"800\" \/>\n\t<meta property=\"og:image:type\" content=\"image\/jpeg\" \/>\n<meta name=\"twitter:card\" content=\"summary_large_image\" \/>\n<meta name=\"twitter:label1\" content=\"Becs\u00fclt olvas\u00e1si id\u0151\" \/>\n\t<meta name=\"twitter:data1\" content=\"1 perc\" \/>\n<!-- \/ Yoast SEO plugin. -->","yoast_head_json":{"title":"V\u00e1s\u00e1roljon Silhouette Soft 16 k\u00fapot online - orvosi sz\u00e1lak b\u0151rfeszes\u00edt\u00e9shez","description":"V\u00e1s\u00e1roljon Silhouette Soft 16 k\u00fapot online nem seb\u00e9szeti arcfelvarr\u00e1shoz fejlett felsz\u00edv\u00f3d\u00f3 sz\u00e1lakkal, amelyek serkentik a kollag\u00e9ntermel\u00e9st. Rendeljen most!","robots":{"index":"index","follow":"follow","max-snippet":"max-snippet:-1","max-image-preview":"max-image-preview:large","max-video-preview":"max-video-preview:-1"},"canonical":"https:\/\/kinamihealth.com\/hu\/wp-json\/wp\/v2\/product\/116264","og_locale":"hu_HU","og_type":"article","og_title":"V\u00e1s\u00e1roljon Silhouette Soft 16 k\u00fapot online - orvosi sz\u00e1lak b\u0151rfeszes\u00edt\u00e9shez","og_description":"V\u00e1s\u00e1roljon Silhouette Soft 16 k\u00fapot online nem seb\u00e9szeti arcfelvarr\u00e1shoz fejlett felsz\u00edv\u00f3d\u00f3 sz\u00e1lakkal, amelyek serkentik a kollag\u00e9ntermel\u00e9st. Rendeljen most!","og_url":"https:\/\/kinamihealth.com\/hu\/termek\/silhouette-soft-16-cones\/","og_site_name":"Kinami Health","article_modified_time":"2025-10-28T19:47:56+00:00","og_image":[{"width":800,"height":800,"url":"https:\/\/kinamihealth.com\/wp-content\/uploads\/2025\/02\/SILHOUETTE-SOFT-16CONES-03.jpg","type":"image\/jpeg"}],"twitter_card":"summary_large_image","twitter_misc":{"Becs\u00fclt olvas\u00e1si id\u0151":"1 perc"},"schema":{"@context":"https:\/\/schema.org","@graph":[{"@type":"WebPage","@id":"https:\/\/kinamihealth.com\/hu\/termek\/silhouette-soft-16-cones\/","url":"https:\/\/kinamihealth.com\/hu\/termek\/silhouette-soft-16-cones\/","name":"V\u00e1s\u00e1roljon Silhouette Soft 16 k\u00fapot online - orvosi sz\u00e1lak b\u0151rfeszes\u00edt\u00e9shez","isPartOf":{"@id":"https:\/\/kinamihealth.com\/#website"},"primaryImageOfPage":{"@id":"https:\/\/kinamihealth.com\/hu\/termek\/silhouette-soft-16-cones\/#primaryimage"},"image":{"@id":"https:\/\/kinamihealth.com\/hu\/termek\/silhouette-soft-16-cones\/#primaryimage"},"thumbnailUrl":"https:\/\/kinamihealth.com\/wp-content\/uploads\/2025\/02\/SILHOUETTE-SOFT-16CONES-03.jpg","datePublished":"2025-02-15T16:57:49+00:00","dateModified":"2025-10-28T19:47:56+00:00","description":"V\u00e1s\u00e1roljon Silhouette Soft 16 k\u00fapot online nem seb\u00e9szeti arcfelvarr\u00e1shoz fejlett felsz\u00edv\u00f3d\u00f3 sz\u00e1lakkal, amelyek serkentik a kollag\u00e9ntermel\u00e9st. Rendeljen most!","breadcrumb":{"@id":"https:\/\/kinamihealth.com\/hu\/termek\/silhouette-soft-16-cones\/#breadcrumb"},"inLanguage":"hu","potentialAction":[{"@type":"ReadAction","target":["https:\/\/kinamihealth.com\/hu\/termek\/silhouette-soft-16-cones\/"]}]},{"@type":"ImageObject","inLanguage":"hu","@id":"https:\/\/kinamihealth.com\/hu\/termek\/silhouette-soft-16-cones\/#primaryimage","url":"https:\/\/kinamihealth.com\/wp-content\/uploads\/2025\/02\/SILHOUETTE-SOFT-16CONES-03.jpg","contentUrl":"https:\/\/kinamihealth.com\/wp-content\/uploads\/2025\/02\/SILHOUETTE-SOFT-16CONES-03.jpg","width":800,"height":800},{"@type":"BreadcrumbList","@id":"https:\/\/kinamihealth.com\/hu\/termek\/silhouette-soft-16-cones\/#breadcrumb","itemListElement":[{"@type":"ListItem","position":1,"name":"Kezd\u0151lap","item":"https:\/\/kinamihealth.com\/"},{"@type":"ListItem","position":2,"name":"Bolt","item":"https:\/\/kinamihealth.com\/shop\/"},{"@type":"ListItem","position":3,"name":"SILHOUETTE SOFT\u00ae 16 K\u00fap"}]},{"@type":"WebSite","@id":"https:\/\/kinamihealth.com\/#website","url":"https:\/\/kinamihealth.com\/","name":"Kinami Health","description":"","publisher":{"@id":"https:\/\/kinamihealth.com\/#organization"},"potentialAction":[{"@type":"SearchAction","target":{"@type":"EntryPoint","urlTemplate":"https:\/\/kinamihealth.com\/?s={search_term_string}"},"query-input":{"@type":"PropertyValueSpecification","valueRequired":true,"valueName":"search_term_string"}}],"inLanguage":"hu"},{"@type":"Organization","@id":"https:\/\/kinamihealth.com\/#organization","name":"Kinami Health","url":"https:\/\/kinamihealth.com\/","logo":{"@type":"ImageObject","inLanguage":"hu","@id":"https:\/\/kinamihealth.com\/#\/schema\/logo\/image\/","url":"https:\/\/kinamihealth.com\/wp-content\/uploads\/2025\/01\/KH_logo_black_2-1.png","contentUrl":"https:\/\/kinamihealth.com\/wp-content\/uploads\/2025\/01\/KH_logo_black_2-1.png","width":339,"height":34,"caption":"Kinami Health"},"image":{"@id":"https:\/\/kinamihealth.com\/#\/schema\/logo\/image\/"}}]}},"_links":{"self":[{"href":"https:\/\/kinamihealth.com\/hu\/wp-json\/wp\/v2\/product\/116264","targetHints":{"allow":["GET"]}}],"collection":[{"href":"https:\/\/kinamihealth.com\/hu\/wp-json\/wp\/v2\/product"}],"about":[{"href":"https:\/\/kinamihealth.com\/hu\/wp-json\/wp\/v2\/types\/product"}],"replies":[{"embeddable":true,"href":"https:\/\/kinamihealth.com\/hu\/wp-json\/wp\/v2\/comments?post=116264"}],"version-history":[{"count":0,"href":"https:\/\/kinamihealth.com\/hu\/wp-json\/wp\/v2\/product\/116264\/revisions"}],"wp:featuredmedia":[{"embeddable":true,"href":"https:\/\/kinamihealth.com\/hu\/wp-json\/wp\/v2\/media\/116266"}],"wp:attachment":[{"href":"https:\/\/kinamihealth.com\/hu\/wp-json\/wp\/v2\/media?parent=116264"}],"wp:term":[{"taxonomy":"product_brand","embeddable":true,"href":"https:\/\/kinamihealth.com\/hu\/wp-json\/wp\/v2\/product_brand?post=116264"},{"taxonomy":"product_cat","embeddable":true,"href":"https:\/\/kinamihealth.com\/hu\/wp-json\/wp\/v2\/product_cat?post=116264"},{"taxonomy":"product_tag","embeddable":true,"href":"https:\/\/kinamihealth.com\/hu\/wp-json\/wp\/v2\/product_tag?post=116264"}],"curies":[{"name":"wp","href":"https:\/\/api.w.org\/{rel}","templated":true}]}}