{"id":116262,"date":"2025-02-15T16:57:48","date_gmt":"2025-02-15T16:57:48","guid":{"rendered":"https:\/\/kinamihealth.com\/product\/mediderma-sens-age-md-ultra-corrector-3a-renewer\/"},"modified":"2025-10-28T20:28:37","modified_gmt":"2025-10-28T20:28:37","slug":"mediderma-sens-age-md-ultra-corrector-3a-renewer","status":"publish","type":"product","link":"https:\/\/kinamihealth.com\/hu\/termek\/mediderma-sens-age-md-ultra-corrector-3a-renewer\/","title":{"rendered":"MEDIDERMA\u00ae SENS-AGE MD ULTRA CORRECTOR 3A RENEWER"},"content":{"rendered":"<p>A Mediderma Sens-Age MD Ultra Corrector 3A Renewer arckr\u00e9m egy hat\u00e9kony \u00f6reged\u00e9sg\u00e1tl\u00f3 kr\u00e9m, amely a lass\u00fa felszabadul\u00e1s\u00fa 3-Retinol rendszernek k\u00f6sz\u00f6nhet\u0151en kiv\u00e1l\u00f3 toleranci\u00e1val rendelkezik. Sz\u00e1raz b\u0151rre. A retinoidok stimul\u00e1lj\u00e1k a keratinocit\u00e1k szaporod\u00e1s\u00e1t, normaliz\u00e1lj\u00e1k a h\u00e1mlaszt\u00e1si folyamatot, \u00e9s jav\u00edtj\u00e1k a b\u0151r text\u00far\u00e1j\u00e1t \u00e9s t\u00f3nus\u00e1t. M\u00e1s hat\u00f3anyagokkal, p\u00e9ld\u00e1ul hidroliz\u00e1lt hialuronsavval vagy TGF-2 n\u00f6veked\u00e9si faktorral kombin\u00e1lva hat\u00e1saik \u00e9s toleranci\u00e1juk fokoz\u00f3dik. A 3-retinol rendszerben tal\u00e1lhat\u00f3 3 molekula k\u00fcl\u00f6nb\u00f6z\u0151 sebess\u00e9ggel hat, \u00e9s fokozatosan biztos\u00edtja a hat\u00f3anyag optim\u00e1lis adagj\u00e1t. Ennek eredm\u00e9nyek\u00e9nt hosszabb id\u0151 alatt el\u00e9rhet\u0151 a vitamin A ter\u00e1pi\u00e1s szintje, \u00e9s minimaliz\u00e1lhat\u00f3k a hat\u00f3anyagok t\u00falzott mennyis\u00e9g\u00e9vel j\u00e1r\u00f3 mell\u00e9khat\u00e1sok.<\/p>\n","protected":false},"excerpt":{"rendered":"<p>A Mediderma Sens-Age MD Ultra Corrector 3A Renewer arckr\u00e9m egy hat\u00e9kony \u00f6reged\u00e9sg\u00e1tl\u00f3 kr\u00e9m, amely a lass\u00fa felszabadul\u00e1s\u00fa 3-Retinol rendszernek k\u00f6sz\u00f6nhet\u0151en kiv\u00e1l\u00f3 toleranci\u00e1val rendelkezik. Sz\u00e1raz b\u0151rre. A retinoidok stimul\u00e1lj\u00e1k a keratinocit\u00e1k szaporod\u00e1s\u00e1t, normaliz\u00e1lj\u00e1k a h\u00e1mlaszt\u00e1si folyamatot, \u00e9s jav\u00edtj\u00e1k a b\u0151r text\u00far\u00e1j\u00e1t \u00e9s t\u00f3nus\u00e1t. M\u00e1s hat\u00f3anyagokkal, p\u00e9ld\u00e1ul hidroliz\u00e1lt hialuronsavval vagy TGF-2 n\u00f6veked\u00e9si faktorral kombin\u00e1lva hat\u00e1saik \u00e9s toleranci\u00e1juk [&hellip;]<\/p>\n","protected":false},"featured_media":116263,"comment_status":"closed","ping_status":"closed","template":"","meta":{"_acf_changed":false,"inline_featured_image":false},"product_brand":[2846],"product_cat":[2991],"product_tag":[2979],"class_list":{"0":"post-116262","1":"product","2":"type-product","3":"status-publish","4":"has-post-thumbnail","6":"product_brand-mediderma","7":"product_cat-borapolas","8":"product_tag-orvostechnikai-eszkozok","10":"first","11":"instock","12":"taxable","13":"shipping-taxable","14":"purchasable","15":"product-type-simple","16":"add-to-wishlist-before_image"},"acf":[],"yoast_head":"<!-- This site is optimized with the Yoast SEO plugin v27.3 - https:\/\/yoast.com\/product\/yoast-seo-wordpress\/ -->\n<title>V\u00e1s\u00e1roljon Sens-Age MD Ultra Corrector 3A Renewer arckr\u00e9met 50ml-t online<\/title>\n<meta name=\"description\" content=\"V\u00e1s\u00e1roljon Sens-Age MD Ultra Corrector 3A Renewer arckr\u00e9met 50ml \u2013 egy professzion\u00e1lis min\u0151s\u00e9g\u0171 \u00f6reged\u00e9sg\u00e1tl\u00f3 formul\u00e1t retinoidokkal, peptidekkel \u00e9s antioxid\u00e1nsokkal!\" \/>\n<meta name=\"robots\" content=\"index, follow, max-snippet:-1, max-image-preview:large, max-video-preview:-1\" \/>\n<link rel=\"canonical\" href=\"https:\/\/kinamihealth.com\/hu\/wp-json\/wp\/v2\/product\/116262\" \/>\n<meta property=\"og:locale\" content=\"hu_HU\" \/>\n<meta property=\"og:type\" content=\"article\" \/>\n<meta property=\"og:title\" content=\"V\u00e1s\u00e1roljon Sens-Age MD Ultra Corrector 3A Renewer arckr\u00e9met 50ml-t online\" \/>\n<meta property=\"og:description\" content=\"V\u00e1s\u00e1roljon Sens-Age MD Ultra Corrector 3A Renewer arckr\u00e9met 50ml \u2013 egy professzion\u00e1lis min\u0151s\u00e9g\u0171 \u00f6reged\u00e9sg\u00e1tl\u00f3 formul\u00e1t retinoidokkal, peptidekkel \u00e9s antioxid\u00e1nsokkal!\" \/>\n<meta property=\"og:url\" content=\"https:\/\/kinamihealth.com\/hu\/termek\/mediderma-sens-age-md-ultra-corrector-3a-renewer\/\" \/>\n<meta property=\"og:site_name\" content=\"Kinami Health\" \/>\n<meta property=\"article:modified_time\" content=\"2025-10-28T20:28:37+00:00\" \/>\n<meta property=\"og:image\" content=\"https:\/\/kinamihealth.com\/wp-content\/uploads\/2025\/02\/MEDIDERMA-SENS-AGE-MD-ULTRA-CORRECTOR-3A-RENEWER-01-1.jpg\" \/>\n\t<meta property=\"og:image:width\" content=\"800\" \/>\n\t<meta property=\"og:image:height\" content=\"800\" \/>\n\t<meta property=\"og:image:type\" content=\"image\/jpeg\" \/>\n<meta name=\"twitter:card\" content=\"summary_large_image\" \/>\n<meta name=\"twitter:label1\" content=\"Becs\u00fclt olvas\u00e1si id\u0151\" \/>\n\t<meta name=\"twitter:data1\" content=\"1 perc\" \/>\n<!-- \/ Yoast SEO plugin. -->","yoast_head_json":{"title":"V\u00e1s\u00e1roljon Sens-Age MD Ultra Corrector 3A Renewer arckr\u00e9met 50ml-t online","description":"V\u00e1s\u00e1roljon Sens-Age MD Ultra Corrector 3A Renewer arckr\u00e9met 50ml \u2013 egy professzion\u00e1lis min\u0151s\u00e9g\u0171 \u00f6reged\u00e9sg\u00e1tl\u00f3 formul\u00e1t retinoidokkal, peptidekkel \u00e9s antioxid\u00e1nsokkal!","robots":{"index":"index","follow":"follow","max-snippet":"max-snippet:-1","max-image-preview":"max-image-preview:large","max-video-preview":"max-video-preview:-1"},"canonical":"https:\/\/kinamihealth.com\/hu\/wp-json\/wp\/v2\/product\/116262","og_locale":"hu_HU","og_type":"article","og_title":"V\u00e1s\u00e1roljon Sens-Age MD Ultra Corrector 3A Renewer arckr\u00e9met 50ml-t online","og_description":"V\u00e1s\u00e1roljon Sens-Age MD Ultra Corrector 3A Renewer arckr\u00e9met 50ml \u2013 egy professzion\u00e1lis min\u0151s\u00e9g\u0171 \u00f6reged\u00e9sg\u00e1tl\u00f3 formul\u00e1t retinoidokkal, peptidekkel \u00e9s antioxid\u00e1nsokkal!","og_url":"https:\/\/kinamihealth.com\/hu\/termek\/mediderma-sens-age-md-ultra-corrector-3a-renewer\/","og_site_name":"Kinami Health","article_modified_time":"2025-10-28T20:28:37+00:00","og_image":[{"width":800,"height":800,"url":"https:\/\/kinamihealth.com\/wp-content\/uploads\/2025\/02\/MEDIDERMA-SENS-AGE-MD-ULTRA-CORRECTOR-3A-RENEWER-01-1.jpg","type":"image\/jpeg"}],"twitter_card":"summary_large_image","twitter_misc":{"Becs\u00fclt olvas\u00e1si id\u0151":"1 perc"},"schema":{"@context":"https:\/\/schema.org","@graph":[{"@type":"WebPage","@id":"https:\/\/kinamihealth.com\/hu\/termek\/mediderma-sens-age-md-ultra-corrector-3a-renewer\/","url":"https:\/\/kinamihealth.com\/hu\/termek\/mediderma-sens-age-md-ultra-corrector-3a-renewer\/","name":"V\u00e1s\u00e1roljon Sens-Age MD Ultra Corrector 3A Renewer arckr\u00e9met 50ml-t online","isPartOf":{"@id":"https:\/\/kinamihealth.com\/#website"},"primaryImageOfPage":{"@id":"https:\/\/kinamihealth.com\/hu\/termek\/mediderma-sens-age-md-ultra-corrector-3a-renewer\/#primaryimage"},"image":{"@id":"https:\/\/kinamihealth.com\/hu\/termek\/mediderma-sens-age-md-ultra-corrector-3a-renewer\/#primaryimage"},"thumbnailUrl":"https:\/\/kinamihealth.com\/wp-content\/uploads\/2025\/02\/MEDIDERMA-SENS-AGE-MD-ULTRA-CORRECTOR-3A-RENEWER-01-1.jpg","datePublished":"2025-02-15T16:57:48+00:00","dateModified":"2025-10-28T20:28:37+00:00","description":"V\u00e1s\u00e1roljon Sens-Age MD Ultra Corrector 3A Renewer arckr\u00e9met 50ml \u2013 egy professzion\u00e1lis min\u0151s\u00e9g\u0171 \u00f6reged\u00e9sg\u00e1tl\u00f3 formul\u00e1t retinoidokkal, peptidekkel \u00e9s antioxid\u00e1nsokkal!","breadcrumb":{"@id":"https:\/\/kinamihealth.com\/hu\/termek\/mediderma-sens-age-md-ultra-corrector-3a-renewer\/#breadcrumb"},"inLanguage":"hu","potentialAction":[{"@type":"ReadAction","target":["https:\/\/kinamihealth.com\/hu\/termek\/mediderma-sens-age-md-ultra-corrector-3a-renewer\/"]}]},{"@type":"ImageObject","inLanguage":"hu","@id":"https:\/\/kinamihealth.com\/hu\/termek\/mediderma-sens-age-md-ultra-corrector-3a-renewer\/#primaryimage","url":"https:\/\/kinamihealth.com\/wp-content\/uploads\/2025\/02\/MEDIDERMA-SENS-AGE-MD-ULTRA-CORRECTOR-3A-RENEWER-01-1.jpg","contentUrl":"https:\/\/kinamihealth.com\/wp-content\/uploads\/2025\/02\/MEDIDERMA-SENS-AGE-MD-ULTRA-CORRECTOR-3A-RENEWER-01-1.jpg","width":800,"height":800},{"@type":"BreadcrumbList","@id":"https:\/\/kinamihealth.com\/hu\/termek\/mediderma-sens-age-md-ultra-corrector-3a-renewer\/#breadcrumb","itemListElement":[{"@type":"ListItem","position":1,"name":"Kezd\u0151lap","item":"https:\/\/kinamihealth.com\/"},{"@type":"ListItem","position":2,"name":"Bolt","item":"https:\/\/kinamihealth.com\/shop\/"},{"@type":"ListItem","position":3,"name":"MEDIDERMA\u00ae SENS-AGE MD ULTRA CORRECTOR 3A RENEWER"}]},{"@type":"WebSite","@id":"https:\/\/kinamihealth.com\/#website","url":"https:\/\/kinamihealth.com\/","name":"Kinami Health","description":"","publisher":{"@id":"https:\/\/kinamihealth.com\/#organization"},"potentialAction":[{"@type":"SearchAction","target":{"@type":"EntryPoint","urlTemplate":"https:\/\/kinamihealth.com\/?s={search_term_string}"},"query-input":{"@type":"PropertyValueSpecification","valueRequired":true,"valueName":"search_term_string"}}],"inLanguage":"hu"},{"@type":"Organization","@id":"https:\/\/kinamihealth.com\/#organization","name":"Kinami Health","url":"https:\/\/kinamihealth.com\/","logo":{"@type":"ImageObject","inLanguage":"hu","@id":"https:\/\/kinamihealth.com\/#\/schema\/logo\/image\/","url":"https:\/\/kinamihealth.com\/wp-content\/uploads\/2025\/01\/KH_logo_black_2-1.png","contentUrl":"https:\/\/kinamihealth.com\/wp-content\/uploads\/2025\/01\/KH_logo_black_2-1.png","width":339,"height":34,"caption":"Kinami Health"},"image":{"@id":"https:\/\/kinamihealth.com\/#\/schema\/logo\/image\/"}}]}},"_links":{"self":[{"href":"https:\/\/kinamihealth.com\/hu\/wp-json\/wp\/v2\/product\/116262","targetHints":{"allow":["GET"]}}],"collection":[{"href":"https:\/\/kinamihealth.com\/hu\/wp-json\/wp\/v2\/product"}],"about":[{"href":"https:\/\/kinamihealth.com\/hu\/wp-json\/wp\/v2\/types\/product"}],"replies":[{"embeddable":true,"href":"https:\/\/kinamihealth.com\/hu\/wp-json\/wp\/v2\/comments?post=116262"}],"version-history":[{"count":0,"href":"https:\/\/kinamihealth.com\/hu\/wp-json\/wp\/v2\/product\/116262\/revisions"}],"wp:featuredmedia":[{"embeddable":true,"href":"https:\/\/kinamihealth.com\/hu\/wp-json\/wp\/v2\/media\/116263"}],"wp:attachment":[{"href":"https:\/\/kinamihealth.com\/hu\/wp-json\/wp\/v2\/media?parent=116262"}],"wp:term":[{"taxonomy":"product_brand","embeddable":true,"href":"https:\/\/kinamihealth.com\/hu\/wp-json\/wp\/v2\/product_brand?post=116262"},{"taxonomy":"product_cat","embeddable":true,"href":"https:\/\/kinamihealth.com\/hu\/wp-json\/wp\/v2\/product_cat?post=116262"},{"taxonomy":"product_tag","embeddable":true,"href":"https:\/\/kinamihealth.com\/hu\/wp-json\/wp\/v2\/product_tag?post=116262"}],"curies":[{"name":"wp","href":"https:\/\/api.w.org\/{rel}","templated":true}]}}