{"id":116230,"date":"2025-02-15T16:58:00","date_gmt":"2025-02-15T16:58:00","guid":{"rendered":"https:\/\/kinamihealth.com\/product\/stylage-l-bi-soft\/"},"modified":"2026-03-18T09:20:28","modified_gmt":"2026-03-18T09:20:28","slug":"stylage-l-bi-soft","status":"publish","type":"product","link":"https:\/\/kinamihealth.com\/hu\/termek\/stylage-l-bi-soft\/","title":{"rendered":"STYLAGE\u00ae L BI-SOFT\u00ae"},"content":{"rendered":"<p>A Stylage Bi-Soft L term\u00e9k a m\u00e9ly b\u0151rr\u00e9tegben tal\u00e1lhat\u00f3 m\u00e9ly r\u00e1ncok \u00e9s red\u0151k azonnali korrekci\u00f3j\u00e1ra szolg\u00e1l. A Stylage Bi-Soft L-t k\u00f6zepes \u00e9s m\u00e9ly nasolabialis red\u0151k kit\u00f6lt\u00e9s\u00e9re, r\u00e1ncos \u00e9s megereszkedett ter\u00fcletek, marionettvonalak, arcr\u00e1ncok, homlok\u00fcreges ter\u00fcletek sim\u00edt\u00e1s\u00e1ra, orrp\u00fap cs\u00f6kkent\u00e9s\u00e9re vagy orrhegy emel\u00e9s\u00e9re, f\u00fclcimpa \u00e1tform\u00e1l\u00e1s\u00e1ra haszn\u00e1lja. A Stylage Bi-Soft L Lidocaine k\u00e9zfiatal\u00edt\u00e1sra is haszn\u00e1lhat\u00f3, bele\u00e9rtve a k\u00e9zfejen jelentkez\u0151 t\u00e9rfogatveszt\u00e9s kezel\u00e9s\u00e9t.<\/p>\n","protected":false},"excerpt":{"rendered":"<p>A Stylage Bi-Soft L term\u00e9k a m\u00e9ly b\u0151rr\u00e9tegben tal\u00e1lhat\u00f3 m\u00e9ly r\u00e1ncok \u00e9s red\u0151k azonnali korrekci\u00f3j\u00e1ra szolg\u00e1l. A Stylage Bi-Soft L-t k\u00f6zepes \u00e9s m\u00e9ly nasolabialis red\u0151k kit\u00f6lt\u00e9s\u00e9re, r\u00e1ncos \u00e9s megereszkedett ter\u00fcletek, marionettvonalak, arcr\u00e1ncok, homlok\u00fcreges ter\u00fcletek sim\u00edt\u00e1s\u00e1ra, orrp\u00fap cs\u00f6kkent\u00e9s\u00e9re vagy orrhegy emel\u00e9s\u00e9re, f\u00fclcimpa \u00e1tform\u00e1l\u00e1s\u00e1ra haszn\u00e1lja. A Stylage Bi-Soft L Lidocaine k\u00e9zfiatal\u00edt\u00e1sra is haszn\u00e1lhat\u00f3, bele\u00e9rtve a k\u00e9zfejen jelentkez\u0151 [&hellip;]<\/p>\n","protected":false},"featured_media":116231,"comment_status":"closed","ping_status":"closed","template":"","meta":{"_acf_changed":false,"inline_featured_image":false},"product_brand":[2257],"product_cat":[2997,3002],"product_tag":[2979],"class_list":{"0":"post-116230","1":"product","2":"type-product","3":"status-publish","4":"has-post-thumbnail","6":"product_brand-stylage","7":"product_cat-dermalis-toltoanyagok","8":"product_cat-ha-borfeltoltok","9":"product_tag-orvostechnikai-eszkozok","11":"first","12":"instock","13":"taxable","14":"shipping-taxable","15":"purchasable","16":"product-type-simple","17":"add-to-wishlist-before_image"},"acf":[],"yoast_head":"<!-- This site is optimized with the Yoast SEO plugin v27.1.1 - https:\/\/yoast.com\/product\/yoast-seo-wordpress\/ -->\n<title>V\u00e1s\u00e1roljon Stylage L Bi-Soft-ot online: Pr\u00e9mium t\u00f6lt\u0151 m\u00e9ly r\u00e1ncokra<\/title>\n<meta name=\"description\" content=\"V\u00e1s\u00e1roljon Stylage L Bi-Soft-ot online a hat\u00e9kony m\u00e9lyr\u00e1nc korrekci\u00f3hoz, arckont\u00faroz\u00e1shoz \u00e9s k\u00e9z fiatal\u00edt\u00e1shoz. Hosszan tart\u00f3 eredm\u00e9nyek!\" \/>\n<meta name=\"robots\" content=\"index, follow, max-snippet:-1, max-image-preview:large, max-video-preview:-1\" \/>\n<link rel=\"canonical\" href=\"https:\/\/kinamihealth.com\/hu\/wp-json\/wp\/v2\/product\/116230\" \/>\n<meta property=\"og:locale\" content=\"hu_HU\" \/>\n<meta property=\"og:type\" content=\"article\" \/>\n<meta property=\"og:title\" content=\"V\u00e1s\u00e1roljon Stylage L Bi-Soft-ot online: Pr\u00e9mium t\u00f6lt\u0151 m\u00e9ly r\u00e1ncokra\" \/>\n<meta property=\"og:description\" content=\"V\u00e1s\u00e1roljon Stylage L Bi-Soft-ot online a hat\u00e9kony m\u00e9lyr\u00e1nc korrekci\u00f3hoz, arckont\u00faroz\u00e1shoz \u00e9s k\u00e9z fiatal\u00edt\u00e1shoz. Hosszan tart\u00f3 eredm\u00e9nyek!\" \/>\n<meta property=\"og:url\" content=\"https:\/\/kinamihealth.com\/hu\/termek\/stylage-l-bi-soft\/\" \/>\n<meta property=\"og:site_name\" content=\"Kinami Health\" \/>\n<meta property=\"article:modified_time\" content=\"2026-03-18T09:20:28+00:00\" \/>\n<meta property=\"og:image\" content=\"https:\/\/kinamihealth.com\/wp-content\/uploads\/2025\/02\/VIVACY-STYLAGE-L-BISOFT-02.jpg\" \/>\n\t<meta property=\"og:image:width\" content=\"800\" \/>\n\t<meta property=\"og:image:height\" content=\"800\" \/>\n\t<meta property=\"og:image:type\" content=\"image\/jpeg\" \/>\n<meta name=\"twitter:card\" content=\"summary_large_image\" \/>\n<meta name=\"twitter:label1\" content=\"Becs\u00fclt olvas\u00e1si id\u0151\" \/>\n\t<meta name=\"twitter:data1\" content=\"1 perc\" \/>\n<!-- \/ Yoast SEO plugin. -->","yoast_head_json":{"title":"V\u00e1s\u00e1roljon Stylage L Bi-Soft-ot online: Pr\u00e9mium t\u00f6lt\u0151 m\u00e9ly r\u00e1ncokra","description":"V\u00e1s\u00e1roljon Stylage L Bi-Soft-ot online a hat\u00e9kony m\u00e9lyr\u00e1nc korrekci\u00f3hoz, arckont\u00faroz\u00e1shoz \u00e9s k\u00e9z fiatal\u00edt\u00e1shoz. Hosszan tart\u00f3 eredm\u00e9nyek!","robots":{"index":"index","follow":"follow","max-snippet":"max-snippet:-1","max-image-preview":"max-image-preview:large","max-video-preview":"max-video-preview:-1"},"canonical":"https:\/\/kinamihealth.com\/hu\/wp-json\/wp\/v2\/product\/116230","og_locale":"hu_HU","og_type":"article","og_title":"V\u00e1s\u00e1roljon Stylage L Bi-Soft-ot online: Pr\u00e9mium t\u00f6lt\u0151 m\u00e9ly r\u00e1ncokra","og_description":"V\u00e1s\u00e1roljon Stylage L Bi-Soft-ot online a hat\u00e9kony m\u00e9lyr\u00e1nc korrekci\u00f3hoz, arckont\u00faroz\u00e1shoz \u00e9s k\u00e9z fiatal\u00edt\u00e1shoz. Hosszan tart\u00f3 eredm\u00e9nyek!","og_url":"https:\/\/kinamihealth.com\/hu\/termek\/stylage-l-bi-soft\/","og_site_name":"Kinami Health","article_modified_time":"2026-03-18T09:20:28+00:00","og_image":[{"width":800,"height":800,"url":"https:\/\/kinamihealth.com\/wp-content\/uploads\/2025\/02\/VIVACY-STYLAGE-L-BISOFT-02.jpg","type":"image\/jpeg"}],"twitter_card":"summary_large_image","twitter_misc":{"Becs\u00fclt olvas\u00e1si id\u0151":"1 perc"},"schema":{"@context":"https:\/\/schema.org","@graph":[{"@type":"WebPage","@id":"https:\/\/kinamihealth.com\/hu\/termek\/stylage-l-bi-soft\/","url":"https:\/\/kinamihealth.com\/hu\/termek\/stylage-l-bi-soft\/","name":"V\u00e1s\u00e1roljon Stylage L Bi-Soft-ot online: Pr\u00e9mium t\u00f6lt\u0151 m\u00e9ly r\u00e1ncokra","isPartOf":{"@id":"https:\/\/kinamihealth.com\/#website"},"primaryImageOfPage":{"@id":"https:\/\/kinamihealth.com\/hu\/termek\/stylage-l-bi-soft\/#primaryimage"},"image":{"@id":"https:\/\/kinamihealth.com\/hu\/termek\/stylage-l-bi-soft\/#primaryimage"},"thumbnailUrl":"https:\/\/kinamihealth.com\/wp-content\/uploads\/2025\/02\/VIVACY-STYLAGE-L-BISOFT-02.jpg","datePublished":"2025-02-15T16:58:00+00:00","dateModified":"2026-03-18T09:20:28+00:00","description":"V\u00e1s\u00e1roljon Stylage L Bi-Soft-ot online a hat\u00e9kony m\u00e9lyr\u00e1nc korrekci\u00f3hoz, arckont\u00faroz\u00e1shoz \u00e9s k\u00e9z fiatal\u00edt\u00e1shoz. Hosszan tart\u00f3 eredm\u00e9nyek!","breadcrumb":{"@id":"https:\/\/kinamihealth.com\/hu\/termek\/stylage-l-bi-soft\/#breadcrumb"},"inLanguage":"hu","potentialAction":[{"@type":"ReadAction","target":["https:\/\/kinamihealth.com\/hu\/termek\/stylage-l-bi-soft\/"]}]},{"@type":"ImageObject","inLanguage":"hu","@id":"https:\/\/kinamihealth.com\/hu\/termek\/stylage-l-bi-soft\/#primaryimage","url":"https:\/\/kinamihealth.com\/wp-content\/uploads\/2025\/02\/VIVACY-STYLAGE-L-BISOFT-02.jpg","contentUrl":"https:\/\/kinamihealth.com\/wp-content\/uploads\/2025\/02\/VIVACY-STYLAGE-L-BISOFT-02.jpg","width":800,"height":800},{"@type":"BreadcrumbList","@id":"https:\/\/kinamihealth.com\/hu\/termek\/stylage-l-bi-soft\/#breadcrumb","itemListElement":[{"@type":"ListItem","position":1,"name":"Kezd\u0151lap","item":"https:\/\/kinamihealth.com\/"},{"@type":"ListItem","position":2,"name":"Bolt","item":"https:\/\/kinamihealth.com\/shop\/"},{"@type":"ListItem","position":3,"name":"STYLAGE\u00ae L BI-SOFT\u00ae"}]},{"@type":"WebSite","@id":"https:\/\/kinamihealth.com\/#website","url":"https:\/\/kinamihealth.com\/","name":"Kinami Health","description":"","publisher":{"@id":"https:\/\/kinamihealth.com\/#organization"},"potentialAction":[{"@type":"SearchAction","target":{"@type":"EntryPoint","urlTemplate":"https:\/\/kinamihealth.com\/?s={search_term_string}"},"query-input":{"@type":"PropertyValueSpecification","valueRequired":true,"valueName":"search_term_string"}}],"inLanguage":"hu"},{"@type":"Organization","@id":"https:\/\/kinamihealth.com\/#organization","name":"Kinami Health","url":"https:\/\/kinamihealth.com\/","logo":{"@type":"ImageObject","inLanguage":"hu","@id":"https:\/\/kinamihealth.com\/#\/schema\/logo\/image\/","url":"https:\/\/kinamihealth.com\/wp-content\/uploads\/2025\/01\/KH_logo_black_2-1.png","contentUrl":"https:\/\/kinamihealth.com\/wp-content\/uploads\/2025\/01\/KH_logo_black_2-1.png","width":339,"height":34,"caption":"Kinami Health"},"image":{"@id":"https:\/\/kinamihealth.com\/#\/schema\/logo\/image\/"}}]}},"_links":{"self":[{"href":"https:\/\/kinamihealth.com\/hu\/wp-json\/wp\/v2\/product\/116230","targetHints":{"allow":["GET"]}}],"collection":[{"href":"https:\/\/kinamihealth.com\/hu\/wp-json\/wp\/v2\/product"}],"about":[{"href":"https:\/\/kinamihealth.com\/hu\/wp-json\/wp\/v2\/types\/product"}],"replies":[{"embeddable":true,"href":"https:\/\/kinamihealth.com\/hu\/wp-json\/wp\/v2\/comments?post=116230"}],"version-history":[{"count":1,"href":"https:\/\/kinamihealth.com\/hu\/wp-json\/wp\/v2\/product\/116230\/revisions"}],"predecessor-version":[{"id":133889,"href":"https:\/\/kinamihealth.com\/hu\/wp-json\/wp\/v2\/product\/116230\/revisions\/133889"}],"wp:featuredmedia":[{"embeddable":true,"href":"https:\/\/kinamihealth.com\/hu\/wp-json\/wp\/v2\/media\/116231"}],"wp:attachment":[{"href":"https:\/\/kinamihealth.com\/hu\/wp-json\/wp\/v2\/media?parent=116230"}],"wp:term":[{"taxonomy":"product_brand","embeddable":true,"href":"https:\/\/kinamihealth.com\/hu\/wp-json\/wp\/v2\/product_brand?post=116230"},{"taxonomy":"product_cat","embeddable":true,"href":"https:\/\/kinamihealth.com\/hu\/wp-json\/wp\/v2\/product_cat?post=116230"},{"taxonomy":"product_tag","embeddable":true,"href":"https:\/\/kinamihealth.com\/hu\/wp-json\/wp\/v2\/product_tag?post=116230"}],"curies":[{"name":"wp","href":"https:\/\/api.w.org\/{rel}","templated":true}]}}