{"id":116226,"date":"2025-02-15T16:57:58","date_gmt":"2025-02-15T16:57:58","guid":{"rendered":"https:\/\/kinamihealth.com\/product\/stylage-hydro-bi-soft\/"},"modified":"2025-10-28T19:07:14","modified_gmt":"2025-10-28T19:07:14","slug":"stylage-hydro-bi-soft","status":"publish","type":"product","link":"https:\/\/kinamihealth.com\/hu\/termek\/stylage-hydro-bi-soft\/","title":{"rendered":"STYLAGE\u00ae HYDRO BI-SOFT\u00ae"},"content":{"rendered":"<p>A Stylage Bi-Soft Hydro c\u00e9lja a b\u0151r optim\u00e1lis hidrat\u00e1lts\u00e1g\u00e1nak helyre\u00e1ll\u00edt\u00e1sa, valamint rugalmass\u00e1g\u00e1nak \u00e9s feszess\u00e9g\u00e9nek jav\u00edt\u00e1sa. A Stylage Bi-Soft Hydro-t az arc, a nyak \u00e9s a dekolt\u00e1zs ter\u00fclet\u00e9nek revitaliz\u00e1l\u00e1s\u00e1ra, valamint a k\u00e9zfiatal\u00edt\u00e1sra haszn\u00e1lja. A Stylage Hydro-t a fel\u00fcletes vagy m\u00e9ly b\u0151rr\u00e9tegbe injekci\u00f3zz\u00e1k.<\/p>\n","protected":false},"excerpt":{"rendered":"<p>A Stylage Bi-Soft Hydro c\u00e9lja a b\u0151r optim\u00e1lis hidrat\u00e1lts\u00e1g\u00e1nak helyre\u00e1ll\u00edt\u00e1sa, valamint rugalmass\u00e1g\u00e1nak \u00e9s feszess\u00e9g\u00e9nek jav\u00edt\u00e1sa. A Stylage Bi-Soft Hydro-t az arc, a nyak \u00e9s a dekolt\u00e1zs ter\u00fclet\u00e9nek revitaliz\u00e1l\u00e1s\u00e1ra, valamint a k\u00e9zfiatal\u00edt\u00e1sra haszn\u00e1lja. A Stylage Hydro-t a fel\u00fcletes vagy m\u00e9ly b\u0151rr\u00e9tegbe injekci\u00f3zz\u00e1k.<\/p>\n","protected":false},"featured_media":116227,"comment_status":"closed","ping_status":"closed","template":"","meta":{"_acf_changed":false,"inline_featured_image":false},"product_brand":[2257],"product_cat":[2997,3099],"product_tag":[2979],"class_list":{"0":"post-116226","1":"product","2":"type-product","3":"status-publish","4":"has-post-thumbnail","6":"product_brand-stylage","7":"product_cat-dermalis-toltoanyagok","8":"product_cat-skinbooster","9":"product_tag-orvostechnikai-eszkozok","11":"first","12":"instock","13":"taxable","14":"shipping-taxable","15":"purchasable","16":"product-type-simple","17":"add-to-wishlist-before_image"},"acf":[],"yoast_head":"<!-- This site is optimized with the Yoast SEO plugin v27.3 - https:\/\/yoast.com\/product\/yoast-seo-wordpress\/ -->\n<title>V\u00e1s\u00e1roljon Stylage Hydro Bi-Soft-ot online: Halad\u00f3 hidrat\u00e1l\u00f3 megold\u00e1s<\/title>\n<meta name=\"description\" content=\"V\u00e1s\u00e1roljon Stylage Hydro Bi-Soft-ot online a m\u00e9ly b\u0151rhidrat\u00e1l\u00e1shoz \u00e9s rugalmass\u00e1ghoz. Helyre\u00e1ll\u00edtja a nedvess\u00e9get, fokozza a rugalmass\u00e1got \u00e9s jav\u00edtja az \u00e1ltal\u00e1nos b\u0151reg\u00e9szs\u00e9get. Rendeljen m\u00e9g ma!\" \/>\n<meta name=\"robots\" content=\"index, follow, max-snippet:-1, max-image-preview:large, max-video-preview:-1\" \/>\n<link rel=\"canonical\" href=\"https:\/\/kinamihealth.com\/hu\/wp-json\/wp\/v2\/product\/116226\" \/>\n<meta property=\"og:locale\" content=\"hu_HU\" \/>\n<meta property=\"og:type\" content=\"article\" \/>\n<meta property=\"og:title\" content=\"V\u00e1s\u00e1roljon Stylage Hydro Bi-Soft-ot online: Halad\u00f3 hidrat\u00e1l\u00f3 megold\u00e1s\" \/>\n<meta property=\"og:description\" content=\"V\u00e1s\u00e1roljon Stylage Hydro Bi-Soft-ot online a m\u00e9ly b\u0151rhidrat\u00e1l\u00e1shoz \u00e9s rugalmass\u00e1ghoz. Helyre\u00e1ll\u00edtja a nedvess\u00e9get, fokozza a rugalmass\u00e1got \u00e9s jav\u00edtja az \u00e1ltal\u00e1nos b\u0151reg\u00e9szs\u00e9get. Rendeljen m\u00e9g ma!\" \/>\n<meta property=\"og:url\" content=\"https:\/\/kinamihealth.com\/hu\/termek\/stylage-hydro-bi-soft\/\" \/>\n<meta property=\"og:site_name\" content=\"Kinami Health\" \/>\n<meta property=\"article:modified_time\" content=\"2025-10-28T19:07:14+00:00\" \/>\n<meta property=\"og:image\" content=\"https:\/\/kinamihealth.com\/wp-content\/uploads\/2025\/02\/VIVACY-STYLAGE-HYDRO-BISOFT-01.jpg\" \/>\n\t<meta property=\"og:image:width\" content=\"800\" \/>\n\t<meta property=\"og:image:height\" content=\"800\" \/>\n\t<meta property=\"og:image:type\" content=\"image\/jpeg\" \/>\n<meta name=\"twitter:card\" content=\"summary_large_image\" \/>\n<meta name=\"twitter:label1\" content=\"Becs\u00fclt olvas\u00e1si id\u0151\" \/>\n\t<meta name=\"twitter:data1\" content=\"1 perc\" \/>\n<!-- \/ Yoast SEO plugin. -->","yoast_head_json":{"title":"V\u00e1s\u00e1roljon Stylage Hydro Bi-Soft-ot online: Halad\u00f3 hidrat\u00e1l\u00f3 megold\u00e1s","description":"V\u00e1s\u00e1roljon Stylage Hydro Bi-Soft-ot online a m\u00e9ly b\u0151rhidrat\u00e1l\u00e1shoz \u00e9s rugalmass\u00e1ghoz. Helyre\u00e1ll\u00edtja a nedvess\u00e9get, fokozza a rugalmass\u00e1got \u00e9s jav\u00edtja az \u00e1ltal\u00e1nos b\u0151reg\u00e9szs\u00e9get. Rendeljen m\u00e9g ma!","robots":{"index":"index","follow":"follow","max-snippet":"max-snippet:-1","max-image-preview":"max-image-preview:large","max-video-preview":"max-video-preview:-1"},"canonical":"https:\/\/kinamihealth.com\/hu\/wp-json\/wp\/v2\/product\/116226","og_locale":"hu_HU","og_type":"article","og_title":"V\u00e1s\u00e1roljon Stylage Hydro Bi-Soft-ot online: Halad\u00f3 hidrat\u00e1l\u00f3 megold\u00e1s","og_description":"V\u00e1s\u00e1roljon Stylage Hydro Bi-Soft-ot online a m\u00e9ly b\u0151rhidrat\u00e1l\u00e1shoz \u00e9s rugalmass\u00e1ghoz. Helyre\u00e1ll\u00edtja a nedvess\u00e9get, fokozza a rugalmass\u00e1got \u00e9s jav\u00edtja az \u00e1ltal\u00e1nos b\u0151reg\u00e9szs\u00e9get. Rendeljen m\u00e9g ma!","og_url":"https:\/\/kinamihealth.com\/hu\/termek\/stylage-hydro-bi-soft\/","og_site_name":"Kinami Health","article_modified_time":"2025-10-28T19:07:14+00:00","og_image":[{"width":800,"height":800,"url":"https:\/\/kinamihealth.com\/wp-content\/uploads\/2025\/02\/VIVACY-STYLAGE-HYDRO-BISOFT-01.jpg","type":"image\/jpeg"}],"twitter_card":"summary_large_image","twitter_misc":{"Becs\u00fclt olvas\u00e1si id\u0151":"1 perc"},"schema":{"@context":"https:\/\/schema.org","@graph":[{"@type":"WebPage","@id":"https:\/\/kinamihealth.com\/hu\/termek\/stylage-hydro-bi-soft\/","url":"https:\/\/kinamihealth.com\/hu\/termek\/stylage-hydro-bi-soft\/","name":"V\u00e1s\u00e1roljon Stylage Hydro Bi-Soft-ot online: Halad\u00f3 hidrat\u00e1l\u00f3 megold\u00e1s","isPartOf":{"@id":"https:\/\/kinamihealth.com\/#website"},"primaryImageOfPage":{"@id":"https:\/\/kinamihealth.com\/hu\/termek\/stylage-hydro-bi-soft\/#primaryimage"},"image":{"@id":"https:\/\/kinamihealth.com\/hu\/termek\/stylage-hydro-bi-soft\/#primaryimage"},"thumbnailUrl":"https:\/\/kinamihealth.com\/wp-content\/uploads\/2025\/02\/VIVACY-STYLAGE-HYDRO-BISOFT-01.jpg","datePublished":"2025-02-15T16:57:58+00:00","dateModified":"2025-10-28T19:07:14+00:00","description":"V\u00e1s\u00e1roljon Stylage Hydro Bi-Soft-ot online a m\u00e9ly b\u0151rhidrat\u00e1l\u00e1shoz \u00e9s rugalmass\u00e1ghoz. Helyre\u00e1ll\u00edtja a nedvess\u00e9get, fokozza a rugalmass\u00e1got \u00e9s jav\u00edtja az \u00e1ltal\u00e1nos b\u0151reg\u00e9szs\u00e9get. Rendeljen m\u00e9g ma!","breadcrumb":{"@id":"https:\/\/kinamihealth.com\/hu\/termek\/stylage-hydro-bi-soft\/#breadcrumb"},"inLanguage":"hu","potentialAction":[{"@type":"ReadAction","target":["https:\/\/kinamihealth.com\/hu\/termek\/stylage-hydro-bi-soft\/"]}]},{"@type":"ImageObject","inLanguage":"hu","@id":"https:\/\/kinamihealth.com\/hu\/termek\/stylage-hydro-bi-soft\/#primaryimage","url":"https:\/\/kinamihealth.com\/wp-content\/uploads\/2025\/02\/VIVACY-STYLAGE-HYDRO-BISOFT-01.jpg","contentUrl":"https:\/\/kinamihealth.com\/wp-content\/uploads\/2025\/02\/VIVACY-STYLAGE-HYDRO-BISOFT-01.jpg","width":800,"height":800},{"@type":"BreadcrumbList","@id":"https:\/\/kinamihealth.com\/hu\/termek\/stylage-hydro-bi-soft\/#breadcrumb","itemListElement":[{"@type":"ListItem","position":1,"name":"Kezd\u0151lap","item":"https:\/\/kinamihealth.com\/"},{"@type":"ListItem","position":2,"name":"Bolt","item":"https:\/\/kinamihealth.com\/shop\/"},{"@type":"ListItem","position":3,"name":"STYLAGE\u00ae HYDRO BI-SOFT\u00ae"}]},{"@type":"WebSite","@id":"https:\/\/kinamihealth.com\/#website","url":"https:\/\/kinamihealth.com\/","name":"Kinami Health","description":"","publisher":{"@id":"https:\/\/kinamihealth.com\/#organization"},"potentialAction":[{"@type":"SearchAction","target":{"@type":"EntryPoint","urlTemplate":"https:\/\/kinamihealth.com\/?s={search_term_string}"},"query-input":{"@type":"PropertyValueSpecification","valueRequired":true,"valueName":"search_term_string"}}],"inLanguage":"hu"},{"@type":"Organization","@id":"https:\/\/kinamihealth.com\/#organization","name":"Kinami Health","url":"https:\/\/kinamihealth.com\/","logo":{"@type":"ImageObject","inLanguage":"hu","@id":"https:\/\/kinamihealth.com\/#\/schema\/logo\/image\/","url":"https:\/\/kinamihealth.com\/wp-content\/uploads\/2025\/01\/KH_logo_black_2-1.png","contentUrl":"https:\/\/kinamihealth.com\/wp-content\/uploads\/2025\/01\/KH_logo_black_2-1.png","width":339,"height":34,"caption":"Kinami Health"},"image":{"@id":"https:\/\/kinamihealth.com\/#\/schema\/logo\/image\/"}}]}},"_links":{"self":[{"href":"https:\/\/kinamihealth.com\/hu\/wp-json\/wp\/v2\/product\/116226","targetHints":{"allow":["GET"]}}],"collection":[{"href":"https:\/\/kinamihealth.com\/hu\/wp-json\/wp\/v2\/product"}],"about":[{"href":"https:\/\/kinamihealth.com\/hu\/wp-json\/wp\/v2\/types\/product"}],"replies":[{"embeddable":true,"href":"https:\/\/kinamihealth.com\/hu\/wp-json\/wp\/v2\/comments?post=116226"}],"version-history":[{"count":0,"href":"https:\/\/kinamihealth.com\/hu\/wp-json\/wp\/v2\/product\/116226\/revisions"}],"wp:featuredmedia":[{"embeddable":true,"href":"https:\/\/kinamihealth.com\/hu\/wp-json\/wp\/v2\/media\/116227"}],"wp:attachment":[{"href":"https:\/\/kinamihealth.com\/hu\/wp-json\/wp\/v2\/media?parent=116226"}],"wp:term":[{"taxonomy":"product_brand","embeddable":true,"href":"https:\/\/kinamihealth.com\/hu\/wp-json\/wp\/v2\/product_brand?post=116226"},{"taxonomy":"product_cat","embeddable":true,"href":"https:\/\/kinamihealth.com\/hu\/wp-json\/wp\/v2\/product_cat?post=116226"},{"taxonomy":"product_tag","embeddable":true,"href":"https:\/\/kinamihealth.com\/hu\/wp-json\/wp\/v2\/product_tag?post=116226"}],"curies":[{"name":"wp","href":"https:\/\/api.w.org\/{rel}","templated":true}]}}