{"id":116211,"date":"2025-02-15T16:58:31","date_gmt":"2025-02-15T16:58:31","guid":{"rendered":"https:\/\/kinamihealth.com\/product\/teosyal-puresense-redensity-i-1x3ml\/"},"modified":"2025-10-26T19:56:57","modified_gmt":"2025-10-26T19:56:57","slug":"teosyal-puresense-redensity-i-1x3ml","status":"publish","type":"product","link":"https:\/\/kinamihealth.com\/hu\/termek\/teosyal-puresense-redensity-i-1x3ml\/","title":{"rendered":"TEOSYAL\u00ae PURESENSE REDENSITY I (1x3ml)"},"content":{"rendered":"<p>A Teosyal PureSense Redensity I egy egyed\u00fcl\u00e1ll\u00f3 hialuronsav alap\u00fa b\u0151rjav\u00edt\u00f3 szer, amely megakad\u00e1lyozza a b\u0151r id\u0151 el\u0151tti \u00f6reged\u00e9s\u00e9t, helyre\u00e1ll\u00edtja a b\u0151r s\u0171r\u0171s\u00e9g\u00e9t \u00e9s meg\u0151rzi a b\u0151r ragyog\u00e1s\u00e1t. A Teosyal PureSense Redensity I alkalmas az arcra, a nyakra \u00e9s a dekolt\u00e1zsra is, ahol a b\u0151r sz\u00e1razs\u00e1g, b\u0151rlazul\u00e1s, napk\u00e1rosod\u00e1s \u00e9s \u00f6reged\u00e9s jeleit mutatja. A b\u0151r s\u0171r\u0171s\u00e9g\u00e9nek n\u00f6vel\u00e9s\u00e9re haszn\u00e1lj\u00e1k.<\/p>\n","protected":false},"excerpt":{"rendered":"<p>A Teosyal PureSense Redensity I egy egyed\u00fcl\u00e1ll\u00f3 hialuronsav alap\u00fa b\u0151rjav\u00edt\u00f3 szer, amely megakad\u00e1lyozza a b\u0151r id\u0151 el\u0151tti \u00f6reged\u00e9s\u00e9t, helyre\u00e1ll\u00edtja a b\u0151r s\u0171r\u0171s\u00e9g\u00e9t \u00e9s meg\u0151rzi a b\u0151r ragyog\u00e1s\u00e1t. A Teosyal PureSense Redensity I alkalmas az arcra, a nyakra \u00e9s a dekolt\u00e1zsra is, ahol a b\u0151r sz\u00e1razs\u00e1g, b\u0151rlazul\u00e1s, napk\u00e1rosod\u00e1s \u00e9s \u00f6reged\u00e9s jeleit mutatja. A b\u0151r s\u0171r\u0171s\u00e9g\u00e9nek n\u00f6vel\u00e9s\u00e9re [&hellip;]<\/p>\n","protected":false},"featured_media":116212,"comment_status":"closed","ping_status":"closed","template":"","meta":{"_acf_changed":false,"inline_featured_image":false},"product_brand":[2226],"product_cat":[2997,3099],"product_tag":[2979],"class_list":{"0":"post-116211","1":"product","2":"type-product","3":"status-publish","4":"has-post-thumbnail","6":"product_brand-teosyal","7":"product_cat-dermalis-toltoanyagok","8":"product_cat-skinbooster","9":"product_tag-orvostechnikai-eszkozok","11":"first","12":"instock","13":"taxable","14":"shipping-taxable","15":"purchasable","16":"product-type-simple","17":"add-to-wishlist-before_image"},"acf":[],"yoast_head":"<!-- This site is optimized with the Yoast SEO plugin v27.3 - https:\/\/yoast.com\/product\/yoast-seo-wordpress\/ -->\n<title>V\u00e1s\u00e1roljon Teosyal Puresense Redensity I (1x3ml) online<\/title>\n<meta name=\"description\" content=\"V\u00e1s\u00e1rolja meg online a Teosyal Puresense Redensity I (1x3ml) term\u00e9ket, \u00e9s jav\u00edtsa p\u00e1ciensei eredm\u00e9nyeit ezzel a fejlett b\u0151rfiatal\u00edt\u00f3 derm\u00e1lis t\u00f6lt\u0151anyaggal.\" \/>\n<meta name=\"robots\" content=\"index, follow, max-snippet:-1, max-image-preview:large, max-video-preview:-1\" \/>\n<link rel=\"canonical\" href=\"https:\/\/kinamihealth.com\/hu\/wp-json\/wp\/v2\/product\/116211\" \/>\n<meta property=\"og:locale\" content=\"hu_HU\" \/>\n<meta property=\"og:type\" content=\"article\" \/>\n<meta property=\"og:title\" content=\"V\u00e1s\u00e1roljon Teosyal Puresense Redensity I (1x3ml) online\" \/>\n<meta property=\"og:description\" content=\"V\u00e1s\u00e1rolja meg online a Teosyal Puresense Redensity I (1x3ml) term\u00e9ket, \u00e9s jav\u00edtsa p\u00e1ciensei eredm\u00e9nyeit ezzel a fejlett b\u0151rfiatal\u00edt\u00f3 derm\u00e1lis t\u00f6lt\u0151anyaggal.\" \/>\n<meta property=\"og:url\" content=\"https:\/\/kinamihealth.com\/hu\/termek\/teosyal-puresense-redensity-i-1x3ml\/\" \/>\n<meta property=\"og:site_name\" content=\"Kinami Health\" \/>\n<meta property=\"article:modified_time\" content=\"2025-10-26T19:56:57+00:00\" \/>\n<meta property=\"og:image\" content=\"https:\/\/kinamihealth.com\/wp-content\/uploads\/2025\/02\/TEOXANE-TEOSYAL-REDENSITY1-PURESENSE-1X3-01.jpg\" \/>\n\t<meta property=\"og:image:width\" content=\"800\" \/>\n\t<meta property=\"og:image:height\" content=\"800\" \/>\n\t<meta property=\"og:image:type\" content=\"image\/jpeg\" \/>\n<meta name=\"twitter:card\" content=\"summary_large_image\" \/>\n<meta name=\"twitter:label1\" content=\"Becs\u00fclt olvas\u00e1si id\u0151\" \/>\n\t<meta name=\"twitter:data1\" content=\"1 perc\" \/>\n<!-- \/ Yoast SEO plugin. -->","yoast_head_json":{"title":"V\u00e1s\u00e1roljon Teosyal Puresense Redensity I (1x3ml) online","description":"V\u00e1s\u00e1rolja meg online a Teosyal Puresense Redensity I (1x3ml) term\u00e9ket, \u00e9s jav\u00edtsa p\u00e1ciensei eredm\u00e9nyeit ezzel a fejlett b\u0151rfiatal\u00edt\u00f3 derm\u00e1lis t\u00f6lt\u0151anyaggal.","robots":{"index":"index","follow":"follow","max-snippet":"max-snippet:-1","max-image-preview":"max-image-preview:large","max-video-preview":"max-video-preview:-1"},"canonical":"https:\/\/kinamihealth.com\/hu\/wp-json\/wp\/v2\/product\/116211","og_locale":"hu_HU","og_type":"article","og_title":"V\u00e1s\u00e1roljon Teosyal Puresense Redensity I (1x3ml) online","og_description":"V\u00e1s\u00e1rolja meg online a Teosyal Puresense Redensity I (1x3ml) term\u00e9ket, \u00e9s jav\u00edtsa p\u00e1ciensei eredm\u00e9nyeit ezzel a fejlett b\u0151rfiatal\u00edt\u00f3 derm\u00e1lis t\u00f6lt\u0151anyaggal.","og_url":"https:\/\/kinamihealth.com\/hu\/termek\/teosyal-puresense-redensity-i-1x3ml\/","og_site_name":"Kinami Health","article_modified_time":"2025-10-26T19:56:57+00:00","og_image":[{"width":800,"height":800,"url":"https:\/\/kinamihealth.com\/wp-content\/uploads\/2025\/02\/TEOXANE-TEOSYAL-REDENSITY1-PURESENSE-1X3-01.jpg","type":"image\/jpeg"}],"twitter_card":"summary_large_image","twitter_misc":{"Becs\u00fclt olvas\u00e1si id\u0151":"1 perc"},"schema":{"@context":"https:\/\/schema.org","@graph":[{"@type":"WebPage","@id":"https:\/\/kinamihealth.com\/hu\/termek\/teosyal-puresense-redensity-i-1x3ml\/","url":"https:\/\/kinamihealth.com\/hu\/termek\/teosyal-puresense-redensity-i-1x3ml\/","name":"V\u00e1s\u00e1roljon Teosyal Puresense Redensity I (1x3ml) online","isPartOf":{"@id":"https:\/\/kinamihealth.com\/#website"},"primaryImageOfPage":{"@id":"https:\/\/kinamihealth.com\/hu\/termek\/teosyal-puresense-redensity-i-1x3ml\/#primaryimage"},"image":{"@id":"https:\/\/kinamihealth.com\/hu\/termek\/teosyal-puresense-redensity-i-1x3ml\/#primaryimage"},"thumbnailUrl":"https:\/\/kinamihealth.com\/wp-content\/uploads\/2025\/02\/TEOXANE-TEOSYAL-REDENSITY1-PURESENSE-1X3-01.jpg","datePublished":"2025-02-15T16:58:31+00:00","dateModified":"2025-10-26T19:56:57+00:00","description":"V\u00e1s\u00e1rolja meg online a Teosyal Puresense Redensity I (1x3ml) term\u00e9ket, \u00e9s jav\u00edtsa p\u00e1ciensei eredm\u00e9nyeit ezzel a fejlett b\u0151rfiatal\u00edt\u00f3 derm\u00e1lis t\u00f6lt\u0151anyaggal.","breadcrumb":{"@id":"https:\/\/kinamihealth.com\/hu\/termek\/teosyal-puresense-redensity-i-1x3ml\/#breadcrumb"},"inLanguage":"hu","potentialAction":[{"@type":"ReadAction","target":["https:\/\/kinamihealth.com\/hu\/termek\/teosyal-puresense-redensity-i-1x3ml\/"]}]},{"@type":"ImageObject","inLanguage":"hu","@id":"https:\/\/kinamihealth.com\/hu\/termek\/teosyal-puresense-redensity-i-1x3ml\/#primaryimage","url":"https:\/\/kinamihealth.com\/wp-content\/uploads\/2025\/02\/TEOXANE-TEOSYAL-REDENSITY1-PURESENSE-1X3-01.jpg","contentUrl":"https:\/\/kinamihealth.com\/wp-content\/uploads\/2025\/02\/TEOXANE-TEOSYAL-REDENSITY1-PURESENSE-1X3-01.jpg","width":800,"height":800},{"@type":"BreadcrumbList","@id":"https:\/\/kinamihealth.com\/hu\/termek\/teosyal-puresense-redensity-i-1x3ml\/#breadcrumb","itemListElement":[{"@type":"ListItem","position":1,"name":"Kezd\u0151lap","item":"https:\/\/kinamihealth.com\/"},{"@type":"ListItem","position":2,"name":"Bolt","item":"https:\/\/kinamihealth.com\/shop\/"},{"@type":"ListItem","position":3,"name":"TEOSYAL\u00ae PURESENSE REDENSITY I (1x3ml)"}]},{"@type":"WebSite","@id":"https:\/\/kinamihealth.com\/#website","url":"https:\/\/kinamihealth.com\/","name":"Kinami Health","description":"","publisher":{"@id":"https:\/\/kinamihealth.com\/#organization"},"potentialAction":[{"@type":"SearchAction","target":{"@type":"EntryPoint","urlTemplate":"https:\/\/kinamihealth.com\/?s={search_term_string}"},"query-input":{"@type":"PropertyValueSpecification","valueRequired":true,"valueName":"search_term_string"}}],"inLanguage":"hu"},{"@type":"Organization","@id":"https:\/\/kinamihealth.com\/#organization","name":"Kinami Health","url":"https:\/\/kinamihealth.com\/","logo":{"@type":"ImageObject","inLanguage":"hu","@id":"https:\/\/kinamihealth.com\/#\/schema\/logo\/image\/","url":"https:\/\/kinamihealth.com\/wp-content\/uploads\/2025\/01\/KH_logo_black_2-1.png","contentUrl":"https:\/\/kinamihealth.com\/wp-content\/uploads\/2025\/01\/KH_logo_black_2-1.png","width":339,"height":34,"caption":"Kinami Health"},"image":{"@id":"https:\/\/kinamihealth.com\/#\/schema\/logo\/image\/"}}]}},"_links":{"self":[{"href":"https:\/\/kinamihealth.com\/hu\/wp-json\/wp\/v2\/product\/116211","targetHints":{"allow":["GET"]}}],"collection":[{"href":"https:\/\/kinamihealth.com\/hu\/wp-json\/wp\/v2\/product"}],"about":[{"href":"https:\/\/kinamihealth.com\/hu\/wp-json\/wp\/v2\/types\/product"}],"replies":[{"embeddable":true,"href":"https:\/\/kinamihealth.com\/hu\/wp-json\/wp\/v2\/comments?post=116211"}],"version-history":[{"count":0,"href":"https:\/\/kinamihealth.com\/hu\/wp-json\/wp\/v2\/product\/116211\/revisions"}],"wp:featuredmedia":[{"embeddable":true,"href":"https:\/\/kinamihealth.com\/hu\/wp-json\/wp\/v2\/media\/116212"}],"wp:attachment":[{"href":"https:\/\/kinamihealth.com\/hu\/wp-json\/wp\/v2\/media?parent=116211"}],"wp:term":[{"taxonomy":"product_brand","embeddable":true,"href":"https:\/\/kinamihealth.com\/hu\/wp-json\/wp\/v2\/product_brand?post=116211"},{"taxonomy":"product_cat","embeddable":true,"href":"https:\/\/kinamihealth.com\/hu\/wp-json\/wp\/v2\/product_cat?post=116211"},{"taxonomy":"product_tag","embeddable":true,"href":"https:\/\/kinamihealth.com\/hu\/wp-json\/wp\/v2\/product_tag?post=116211"}],"curies":[{"name":"wp","href":"https:\/\/api.w.org\/{rel}","templated":true}]}}