{"id":116206,"date":"2025-02-15T16:58:25","date_gmt":"2025-02-15T16:58:25","guid":{"rendered":"https:\/\/kinamihealth.com\/product\/teosyal-puresense-global-action\/"},"modified":"2025-10-26T20:01:22","modified_gmt":"2025-10-26T20:01:22","slug":"teosyal-puresense-global-action","status":"publish","type":"product","link":"https:\/\/kinamihealth.com\/hu\/termek\/teosyal-puresense-global-action\/","title":{"rendered":"TEOSYAL\u00ae PURESENSE GLOBAL ACTION"},"content":{"rendered":"<p>A Teosyal PureSense Global Action egy hat\u00e9kony \u00e9s tart\u00f3s, hialuronsav alap\u00fa term\u00e9k, amelyet az arc r\u00e1ncainak kezel\u00e9s\u00e9re fejlesztettek ki. A Teosyal PureSense Global Action aj\u00e1nlott k\u00f6zepes r\u00e1ncok, b\u0151rdepresszi\u00f3k, enyhe vagy k\u00f6zepes nasolabialis r\u00e1ncok, valamint a k\u00f6z\u00e9ps\u0151 b\u0151rr\u00e9tegben tal\u00e1lhat\u00f3 perior\u00e1lis \u00e9s glabell\u00e1ris r\u00e1ncok kezel\u00e9s\u00e9re. A term\u00e9k lidokaint, egy er\u0151s \u00e9rz\u00e9stelen\u00edt\u0151t tartalmaz, amely k\u00e9nyelmesebb\u00e9 teszi az injekci\u00f3 bead\u00e1s\u00e1t. Fel\u00fcleti \u00e9s k\u00f6zepes r\u00e1ncok, p\u00e9ld\u00e1ul glabell\u00e1ris r\u00e1ncok, nasolabialis r\u00e1ncok, periorbit\u00e1lis r\u00e1ncok \u00e9s perior\u00e1lis r\u00e1ncok korrekci\u00f3j\u00e1ra haszn\u00e1lj\u00e1k.<\/p>\n","protected":false},"excerpt":{"rendered":"<p>A Teosyal PureSense Global Action egy hat\u00e9kony \u00e9s tart\u00f3s, hialuronsav alap\u00fa term\u00e9k, amelyet az arc r\u00e1ncainak kezel\u00e9s\u00e9re fejlesztettek ki. A Teosyal PureSense Global Action aj\u00e1nlott k\u00f6zepes r\u00e1ncok, b\u0151rdepresszi\u00f3k, enyhe vagy k\u00f6zepes nasolabialis r\u00e1ncok, valamint a k\u00f6z\u00e9ps\u0151 b\u0151rr\u00e9tegben tal\u00e1lhat\u00f3 perior\u00e1lis \u00e9s glabell\u00e1ris r\u00e1ncok kezel\u00e9s\u00e9re. A term\u00e9k lidokaint, egy er\u0151s \u00e9rz\u00e9stelen\u00edt\u0151t tartalmaz, amely k\u00e9nyelmesebb\u00e9 teszi az injekci\u00f3 [&hellip;]<\/p>\n","protected":false},"featured_media":116207,"comment_status":"closed","ping_status":"closed","template":"","meta":{"_acf_changed":false,"inline_featured_image":false},"product_brand":[2226],"product_cat":[2997,3002],"product_tag":[2979],"class_list":{"0":"post-116206","1":"product","2":"type-product","3":"status-publish","4":"has-post-thumbnail","6":"product_brand-teosyal","7":"product_cat-dermalis-toltoanyagok","8":"product_cat-ha-borfeltoltok","9":"product_tag-orvostechnikai-eszkozok","11":"first","12":"instock","13":"taxable","14":"shipping-taxable","15":"purchasable","16":"product-type-simple","17":"add-to-wishlist-before_image"},"acf":[],"yoast_head":"<!-- This site is optimized with the Yoast SEO plugin v27.4 - https:\/\/yoast.com\/product\/yoast-seo-wordpress\/ -->\n<title>V\u00e1s\u00e1roljon Teosyal Puresense Global Action-t online \u2013 Pr\u00e9mium anti-aging megold\u00e1s<\/title>\n<meta name=\"description\" content=\"V\u00e1s\u00e1rolja meg online a Teosyal Puresense Global Action term\u00e9ket a finom \u00e9s k\u00f6zepes r\u00e1ncok cs\u00f6kkent\u00e9s\u00e9re \u00e9s a b\u0151r hidrat\u00e1lts\u00e1g\u00e1nak helyre\u00e1ll\u00edt\u00e1s\u00e1ra. Hialuronsav-t\u00f6lt\u0151anyag, term\u00e9szetes hat\u00e1s\u00fa, tart\u00f3s eredm\u00e9nyekkel.\" \/>\n<meta name=\"robots\" content=\"index, follow, max-snippet:-1, max-image-preview:large, max-video-preview:-1\" \/>\n<link rel=\"canonical\" href=\"https:\/\/kinamihealth.com\/hu\/wp-json\/wp\/v2\/product\/116206\" \/>\n<meta property=\"og:locale\" content=\"hu_HU\" \/>\n<meta property=\"og:type\" content=\"article\" \/>\n<meta property=\"og:title\" content=\"V\u00e1s\u00e1roljon Teosyal Puresense Global Action-t online \u2013 Pr\u00e9mium anti-aging megold\u00e1s\" \/>\n<meta property=\"og:description\" content=\"V\u00e1s\u00e1rolja meg online a Teosyal Puresense Global Action term\u00e9ket a finom \u00e9s k\u00f6zepes r\u00e1ncok cs\u00f6kkent\u00e9s\u00e9re \u00e9s a b\u0151r hidrat\u00e1lts\u00e1g\u00e1nak helyre\u00e1ll\u00edt\u00e1s\u00e1ra. Hialuronsav-t\u00f6lt\u0151anyag, term\u00e9szetes hat\u00e1s\u00fa, tart\u00f3s eredm\u00e9nyekkel.\" \/>\n<meta property=\"og:url\" content=\"https:\/\/kinamihealth.com\/hu\/termek\/teosyal-puresense-global-action\/\" \/>\n<meta property=\"og:site_name\" content=\"Kinami Health\" \/>\n<meta property=\"article:modified_time\" content=\"2025-10-26T20:01:22+00:00\" \/>\n<meta property=\"og:image\" content=\"https:\/\/kinamihealth.com\/wp-content\/uploads\/2025\/02\/TEOXANE-TEOSYAL-GLOBALACTION-PURESENSE-30G-01.jpg\" \/>\n\t<meta property=\"og:image:width\" content=\"800\" \/>\n\t<meta property=\"og:image:height\" content=\"800\" \/>\n\t<meta property=\"og:image:type\" content=\"image\/jpeg\" \/>\n<meta name=\"twitter:card\" content=\"summary_large_image\" \/>\n<meta name=\"twitter:label1\" content=\"Becs\u00fclt olvas\u00e1si id\u0151\" \/>\n\t<meta name=\"twitter:data1\" content=\"1 perc\" \/>\n<!-- \/ Yoast SEO plugin. -->","yoast_head_json":{"title":"V\u00e1s\u00e1roljon Teosyal Puresense Global Action-t online \u2013 Pr\u00e9mium anti-aging megold\u00e1s","description":"V\u00e1s\u00e1rolja meg online a Teosyal Puresense Global Action term\u00e9ket a finom \u00e9s k\u00f6zepes r\u00e1ncok cs\u00f6kkent\u00e9s\u00e9re \u00e9s a b\u0151r hidrat\u00e1lts\u00e1g\u00e1nak helyre\u00e1ll\u00edt\u00e1s\u00e1ra. Hialuronsav-t\u00f6lt\u0151anyag, term\u00e9szetes hat\u00e1s\u00fa, tart\u00f3s eredm\u00e9nyekkel.","robots":{"index":"index","follow":"follow","max-snippet":"max-snippet:-1","max-image-preview":"max-image-preview:large","max-video-preview":"max-video-preview:-1"},"canonical":"https:\/\/kinamihealth.com\/hu\/wp-json\/wp\/v2\/product\/116206","og_locale":"hu_HU","og_type":"article","og_title":"V\u00e1s\u00e1roljon Teosyal Puresense Global Action-t online \u2013 Pr\u00e9mium anti-aging megold\u00e1s","og_description":"V\u00e1s\u00e1rolja meg online a Teosyal Puresense Global Action term\u00e9ket a finom \u00e9s k\u00f6zepes r\u00e1ncok cs\u00f6kkent\u00e9s\u00e9re \u00e9s a b\u0151r hidrat\u00e1lts\u00e1g\u00e1nak helyre\u00e1ll\u00edt\u00e1s\u00e1ra. Hialuronsav-t\u00f6lt\u0151anyag, term\u00e9szetes hat\u00e1s\u00fa, tart\u00f3s eredm\u00e9nyekkel.","og_url":"https:\/\/kinamihealth.com\/hu\/termek\/teosyal-puresense-global-action\/","og_site_name":"Kinami Health","article_modified_time":"2025-10-26T20:01:22+00:00","og_image":[{"width":800,"height":800,"url":"https:\/\/kinamihealth.com\/wp-content\/uploads\/2025\/02\/TEOXANE-TEOSYAL-GLOBALACTION-PURESENSE-30G-01.jpg","type":"image\/jpeg"}],"twitter_card":"summary_large_image","twitter_misc":{"Becs\u00fclt olvas\u00e1si id\u0151":"1 perc"},"schema":{"@context":"https:\/\/schema.org","@graph":[{"@type":"WebPage","@id":"https:\/\/kinamihealth.com\/hu\/termek\/teosyal-puresense-global-action\/","url":"https:\/\/kinamihealth.com\/hu\/termek\/teosyal-puresense-global-action\/","name":"V\u00e1s\u00e1roljon Teosyal Puresense Global Action-t online \u2013 Pr\u00e9mium anti-aging megold\u00e1s","isPartOf":{"@id":"https:\/\/kinamihealth.com\/#website"},"primaryImageOfPage":{"@id":"https:\/\/kinamihealth.com\/hu\/termek\/teosyal-puresense-global-action\/#primaryimage"},"image":{"@id":"https:\/\/kinamihealth.com\/hu\/termek\/teosyal-puresense-global-action\/#primaryimage"},"thumbnailUrl":"https:\/\/kinamihealth.com\/wp-content\/uploads\/2025\/02\/TEOXANE-TEOSYAL-GLOBALACTION-PURESENSE-30G-01.jpg","datePublished":"2025-02-15T16:58:25+00:00","dateModified":"2025-10-26T20:01:22+00:00","description":"V\u00e1s\u00e1rolja meg online a Teosyal Puresense Global Action term\u00e9ket a finom \u00e9s k\u00f6zepes r\u00e1ncok cs\u00f6kkent\u00e9s\u00e9re \u00e9s a b\u0151r hidrat\u00e1lts\u00e1g\u00e1nak helyre\u00e1ll\u00edt\u00e1s\u00e1ra. Hialuronsav-t\u00f6lt\u0151anyag, term\u00e9szetes hat\u00e1s\u00fa, tart\u00f3s eredm\u00e9nyekkel.","breadcrumb":{"@id":"https:\/\/kinamihealth.com\/hu\/termek\/teosyal-puresense-global-action\/#breadcrumb"},"inLanguage":"hu","potentialAction":[{"@type":"ReadAction","target":["https:\/\/kinamihealth.com\/hu\/termek\/teosyal-puresense-global-action\/"]}]},{"@type":"ImageObject","inLanguage":"hu","@id":"https:\/\/kinamihealth.com\/hu\/termek\/teosyal-puresense-global-action\/#primaryimage","url":"https:\/\/kinamihealth.com\/wp-content\/uploads\/2025\/02\/TEOXANE-TEOSYAL-GLOBALACTION-PURESENSE-30G-01.jpg","contentUrl":"https:\/\/kinamihealth.com\/wp-content\/uploads\/2025\/02\/TEOXANE-TEOSYAL-GLOBALACTION-PURESENSE-30G-01.jpg","width":800,"height":800},{"@type":"BreadcrumbList","@id":"https:\/\/kinamihealth.com\/hu\/termek\/teosyal-puresense-global-action\/#breadcrumb","itemListElement":[{"@type":"ListItem","position":1,"name":"Kezd\u0151lap","item":"https:\/\/kinamihealth.com\/"},{"@type":"ListItem","position":2,"name":"Bolt","item":"https:\/\/kinamihealth.com\/shop\/"},{"@type":"ListItem","position":3,"name":"TEOSYAL\u00ae PURESENSE GLOBAL ACTION"}]},{"@type":"WebSite","@id":"https:\/\/kinamihealth.com\/#website","url":"https:\/\/kinamihealth.com\/","name":"Kinami Health","description":"","publisher":{"@id":"https:\/\/kinamihealth.com\/#organization"},"potentialAction":[{"@type":"SearchAction","target":{"@type":"EntryPoint","urlTemplate":"https:\/\/kinamihealth.com\/?s={search_term_string}"},"query-input":{"@type":"PropertyValueSpecification","valueRequired":true,"valueName":"search_term_string"}}],"inLanguage":"hu"},{"@type":"Organization","@id":"https:\/\/kinamihealth.com\/#organization","name":"Kinami Health","url":"https:\/\/kinamihealth.com\/","logo":{"@type":"ImageObject","inLanguage":"hu","@id":"https:\/\/kinamihealth.com\/#\/schema\/logo\/image\/","url":"https:\/\/kinamihealth.com\/wp-content\/uploads\/2025\/01\/KH_logo_black_2-1.png","contentUrl":"https:\/\/kinamihealth.com\/wp-content\/uploads\/2025\/01\/KH_logo_black_2-1.png","width":339,"height":34,"caption":"Kinami Health"},"image":{"@id":"https:\/\/kinamihealth.com\/#\/schema\/logo\/image\/"}}]}},"_links":{"self":[{"href":"https:\/\/kinamihealth.com\/hu\/wp-json\/wp\/v2\/product\/116206","targetHints":{"allow":["GET"]}}],"collection":[{"href":"https:\/\/kinamihealth.com\/hu\/wp-json\/wp\/v2\/product"}],"about":[{"href":"https:\/\/kinamihealth.com\/hu\/wp-json\/wp\/v2\/types\/product"}],"replies":[{"embeddable":true,"href":"https:\/\/kinamihealth.com\/hu\/wp-json\/wp\/v2\/comments?post=116206"}],"version-history":[{"count":0,"href":"https:\/\/kinamihealth.com\/hu\/wp-json\/wp\/v2\/product\/116206\/revisions"}],"wp:featuredmedia":[{"embeddable":true,"href":"https:\/\/kinamihealth.com\/hu\/wp-json\/wp\/v2\/media\/116207"}],"wp:attachment":[{"href":"https:\/\/kinamihealth.com\/hu\/wp-json\/wp\/v2\/media?parent=116206"}],"wp:term":[{"taxonomy":"product_brand","embeddable":true,"href":"https:\/\/kinamihealth.com\/hu\/wp-json\/wp\/v2\/product_brand?post=116206"},{"taxonomy":"product_cat","embeddable":true,"href":"https:\/\/kinamihealth.com\/hu\/wp-json\/wp\/v2\/product_cat?post=116206"},{"taxonomy":"product_tag","embeddable":true,"href":"https:\/\/kinamihealth.com\/hu\/wp-json\/wp\/v2\/product_tag?post=116206"}],"curies":[{"name":"wp","href":"https:\/\/api.w.org\/{rel}","templated":true}]}}