{"id":116197,"date":"2025-02-15T16:58:23","date_gmt":"2025-02-15T16:58:23","guid":{"rendered":"https:\/\/kinamihealth.com\/product\/sunekos-performa\/"},"modified":"2025-10-26T20:18:38","modified_gmt":"2025-10-26T20:18:38","slug":"sunekos-performa","status":"publish","type":"product","link":"https:\/\/kinamihealth.com\/hu\/termek\/sunekos-performa\/","title":{"rendered":"SUNEKOS\u00ae PERFORMA"},"content":{"rendered":"<p>A Sunekos Performa a Sunekos Laboratories \u00faj innov\u00e1ci\u00f3ja az eszt\u00e9tikai orvostudom\u00e1ny ter\u00fclet\u00e9n. Alacsony molekulat\u00f6meg\u0171 hialuronsavb\u00f3l \u00e9s a szabadalmaztatott aminosav-klaszterb\u0151l, a HY6AA formul\u00e1b\u00f3l \u00e1ll, \u00faj \u201eAA vs HA\u201d ar\u00e1nyban, amely jelent\u0151sen cs\u00f6kkenti a hialuronid\u00e1z hat\u00e1s\u00e1t.<\/p>\n","protected":false},"excerpt":{"rendered":"<p>A Sunekos Performa a Sunekos Laboratories \u00faj innov\u00e1ci\u00f3ja az eszt\u00e9tikai orvostudom\u00e1ny ter\u00fclet\u00e9n. Alacsony molekulat\u00f6meg\u0171 hialuronsavb\u00f3l \u00e9s a szabadalmaztatott aminosav-klaszterb\u0151l, a HY6AA formul\u00e1b\u00f3l \u00e1ll, \u00faj \u201eAA vs HA\u201d ar\u00e1nyban, amely jelent\u0151sen cs\u00f6kkenti a hialuronid\u00e1z hat\u00e1s\u00e1t.<\/p>\n","protected":false},"featured_media":116202,"comment_status":"closed","ping_status":"closed","template":"","meta":{"_acf_changed":false,"inline_featured_image":false},"product_brand":[2258],"product_cat":[2997,3099],"product_tag":[2979],"class_list":{"0":"post-116197","1":"product","2":"type-product","3":"status-publish","4":"has-post-thumbnail","6":"product_brand-sunekos","7":"product_cat-dermalis-toltoanyagok","8":"product_cat-skinbooster","9":"product_tag-orvostechnikai-eszkozok","11":"first","12":"instock","13":"taxable","14":"shipping-taxable","15":"purchasable","16":"product-type-simple","17":"add-to-wishlist-before_image"},"acf":[],"yoast_head":"<!-- This site is optimized with the Yoast SEO plugin v27.5 - https:\/\/yoast.com\/product\/yoast-seo-wordpress\/ -->\n<title>V\u00e1s\u00e1roljon Sunekos Performa-t \u2013 B\u0151rfiatal\u00edt\u00e1s<\/title>\n<meta name=\"description\" content=\"V\u00e1s\u00e1rolja meg a Sunekos Performa term\u00e9ket a kollag\u00e9n fokoz\u00e1s\u00e1hoz, a r\u00e1ncok cs\u00f6kkent\u00e9s\u00e9hez \u00e9s a b\u0151r t\u00e9rfogat\u00e1nak helyre\u00e1ll\u00edt\u00e1s\u00e1hoz. Rendeljen most a Kinami Health-n\u00e1l!\" \/>\n<meta name=\"robots\" content=\"index, follow, max-snippet:-1, max-image-preview:large, max-video-preview:-1\" \/>\n<link rel=\"canonical\" href=\"https:\/\/kinamihealth.com\/hu\/wp-json\/wp\/v2\/product\/116197\" \/>\n<meta property=\"og:locale\" content=\"hu_HU\" \/>\n<meta property=\"og:type\" content=\"article\" \/>\n<meta property=\"og:title\" content=\"V\u00e1s\u00e1roljon Sunekos Performa-t \u2013 B\u0151rfiatal\u00edt\u00e1s\" \/>\n<meta property=\"og:description\" content=\"V\u00e1s\u00e1rolja meg a Sunekos Performa term\u00e9ket a kollag\u00e9n fokoz\u00e1s\u00e1hoz, a r\u00e1ncok cs\u00f6kkent\u00e9s\u00e9hez \u00e9s a b\u0151r t\u00e9rfogat\u00e1nak helyre\u00e1ll\u00edt\u00e1s\u00e1hoz. Rendeljen most a Kinami Health-n\u00e1l!\" \/>\n<meta property=\"og:url\" content=\"https:\/\/kinamihealth.com\/hu\/termek\/sunekos-performa\/\" \/>\n<meta property=\"og:site_name\" content=\"Kinami Health\" \/>\n<meta property=\"article:modified_time\" content=\"2025-10-26T20:18:38+00:00\" \/>\n<meta property=\"og:image\" content=\"https:\/\/kinamihealth.com\/wp-content\/uploads\/2025\/02\/sunekos-performa-front-right.webp\" \/>\n\t<meta property=\"og:image:width\" content=\"1500\" \/>\n\t<meta property=\"og:image:height\" content=\"1500\" \/>\n\t<meta property=\"og:image:type\" content=\"image\/webp\" \/>\n<meta name=\"twitter:card\" content=\"summary_large_image\" \/>\n<meta name=\"twitter:label1\" content=\"Becs\u00fclt olvas\u00e1si id\u0151\" \/>\n\t<meta name=\"twitter:data1\" content=\"1 perc\" \/>\n<!-- \/ Yoast SEO plugin. -->","yoast_head_json":{"title":"V\u00e1s\u00e1roljon Sunekos Performa-t \u2013 B\u0151rfiatal\u00edt\u00e1s","description":"V\u00e1s\u00e1rolja meg a Sunekos Performa term\u00e9ket a kollag\u00e9n fokoz\u00e1s\u00e1hoz, a r\u00e1ncok cs\u00f6kkent\u00e9s\u00e9hez \u00e9s a b\u0151r t\u00e9rfogat\u00e1nak helyre\u00e1ll\u00edt\u00e1s\u00e1hoz. Rendeljen most a Kinami Health-n\u00e1l!","robots":{"index":"index","follow":"follow","max-snippet":"max-snippet:-1","max-image-preview":"max-image-preview:large","max-video-preview":"max-video-preview:-1"},"canonical":"https:\/\/kinamihealth.com\/hu\/wp-json\/wp\/v2\/product\/116197","og_locale":"hu_HU","og_type":"article","og_title":"V\u00e1s\u00e1roljon Sunekos Performa-t \u2013 B\u0151rfiatal\u00edt\u00e1s","og_description":"V\u00e1s\u00e1rolja meg a Sunekos Performa term\u00e9ket a kollag\u00e9n fokoz\u00e1s\u00e1hoz, a r\u00e1ncok cs\u00f6kkent\u00e9s\u00e9hez \u00e9s a b\u0151r t\u00e9rfogat\u00e1nak helyre\u00e1ll\u00edt\u00e1s\u00e1hoz. Rendeljen most a Kinami Health-n\u00e1l!","og_url":"https:\/\/kinamihealth.com\/hu\/termek\/sunekos-performa\/","og_site_name":"Kinami Health","article_modified_time":"2025-10-26T20:18:38+00:00","og_image":[{"width":1500,"height":1500,"url":"https:\/\/kinamihealth.com\/wp-content\/uploads\/2025\/02\/sunekos-performa-front-right.webp","type":"image\/webp"}],"twitter_card":"summary_large_image","twitter_misc":{"Becs\u00fclt olvas\u00e1si id\u0151":"1 perc"},"schema":{"@context":"https:\/\/schema.org","@graph":[{"@type":"WebPage","@id":"https:\/\/kinamihealth.com\/hu\/termek\/sunekos-performa\/","url":"https:\/\/kinamihealth.com\/hu\/termek\/sunekos-performa\/","name":"V\u00e1s\u00e1roljon Sunekos Performa-t \u2013 B\u0151rfiatal\u00edt\u00e1s","isPartOf":{"@id":"https:\/\/kinamihealth.com\/#website"},"primaryImageOfPage":{"@id":"https:\/\/kinamihealth.com\/hu\/termek\/sunekos-performa\/#primaryimage"},"image":{"@id":"https:\/\/kinamihealth.com\/hu\/termek\/sunekos-performa\/#primaryimage"},"thumbnailUrl":"https:\/\/kinamihealth.com\/wp-content\/uploads\/2025\/02\/sunekos-performa-front-right.webp","datePublished":"2025-02-15T16:58:23+00:00","dateModified":"2025-10-26T20:18:38+00:00","description":"V\u00e1s\u00e1rolja meg a Sunekos Performa term\u00e9ket a kollag\u00e9n fokoz\u00e1s\u00e1hoz, a r\u00e1ncok cs\u00f6kkent\u00e9s\u00e9hez \u00e9s a b\u0151r t\u00e9rfogat\u00e1nak helyre\u00e1ll\u00edt\u00e1s\u00e1hoz. Rendeljen most a Kinami Health-n\u00e1l!","breadcrumb":{"@id":"https:\/\/kinamihealth.com\/hu\/termek\/sunekos-performa\/#breadcrumb"},"inLanguage":"hu","potentialAction":[{"@type":"ReadAction","target":["https:\/\/kinamihealth.com\/hu\/termek\/sunekos-performa\/"]}]},{"@type":"ImageObject","inLanguage":"hu","@id":"https:\/\/kinamihealth.com\/hu\/termek\/sunekos-performa\/#primaryimage","url":"https:\/\/kinamihealth.com\/wp-content\/uploads\/2025\/02\/sunekos-performa-front-right.webp","contentUrl":"https:\/\/kinamihealth.com\/wp-content\/uploads\/2025\/02\/sunekos-performa-front-right.webp","width":1500,"height":1500},{"@type":"BreadcrumbList","@id":"https:\/\/kinamihealth.com\/hu\/termek\/sunekos-performa\/#breadcrumb","itemListElement":[{"@type":"ListItem","position":1,"name":"Kezd\u0151lap","item":"https:\/\/kinamihealth.com\/"},{"@type":"ListItem","position":2,"name":"Bolt","item":"https:\/\/kinamihealth.com\/shop\/"},{"@type":"ListItem","position":3,"name":"SUNEKOS\u00ae PERFORMA"}]},{"@type":"WebSite","@id":"https:\/\/kinamihealth.com\/#website","url":"https:\/\/kinamihealth.com\/","name":"Kinami Health","description":"","publisher":{"@id":"https:\/\/kinamihealth.com\/#organization"},"potentialAction":[{"@type":"SearchAction","target":{"@type":"EntryPoint","urlTemplate":"https:\/\/kinamihealth.com\/?s={search_term_string}"},"query-input":{"@type":"PropertyValueSpecification","valueRequired":true,"valueName":"search_term_string"}}],"inLanguage":"hu"},{"@type":"Organization","@id":"https:\/\/kinamihealth.com\/#organization","name":"Kinami Health","url":"https:\/\/kinamihealth.com\/","logo":{"@type":"ImageObject","inLanguage":"hu","@id":"https:\/\/kinamihealth.com\/#\/schema\/logo\/image\/","url":"https:\/\/kinamihealth.com\/wp-content\/uploads\/2025\/01\/KH_logo_black_2-1.png","contentUrl":"https:\/\/kinamihealth.com\/wp-content\/uploads\/2025\/01\/KH_logo_black_2-1.png","width":339,"height":34,"caption":"Kinami Health"},"image":{"@id":"https:\/\/kinamihealth.com\/#\/schema\/logo\/image\/"}}]}},"_links":{"self":[{"href":"https:\/\/kinamihealth.com\/hu\/wp-json\/wp\/v2\/product\/116197","targetHints":{"allow":["GET"]}}],"collection":[{"href":"https:\/\/kinamihealth.com\/hu\/wp-json\/wp\/v2\/product"}],"about":[{"href":"https:\/\/kinamihealth.com\/hu\/wp-json\/wp\/v2\/types\/product"}],"replies":[{"embeddable":true,"href":"https:\/\/kinamihealth.com\/hu\/wp-json\/wp\/v2\/comments?post=116197"}],"version-history":[{"count":0,"href":"https:\/\/kinamihealth.com\/hu\/wp-json\/wp\/v2\/product\/116197\/revisions"}],"wp:featuredmedia":[{"embeddable":true,"href":"https:\/\/kinamihealth.com\/hu\/wp-json\/wp\/v2\/media\/116202"}],"wp:attachment":[{"href":"https:\/\/kinamihealth.com\/hu\/wp-json\/wp\/v2\/media?parent=116197"}],"wp:term":[{"taxonomy":"product_brand","embeddable":true,"href":"https:\/\/kinamihealth.com\/hu\/wp-json\/wp\/v2\/product_brand?post=116197"},{"taxonomy":"product_cat","embeddable":true,"href":"https:\/\/kinamihealth.com\/hu\/wp-json\/wp\/v2\/product_cat?post=116197"},{"taxonomy":"product_tag","embeddable":true,"href":"https:\/\/kinamihealth.com\/hu\/wp-json\/wp\/v2\/product_tag?post=116197"}],"curies":[{"name":"wp","href":"https:\/\/api.w.org\/{rel}","templated":true}]}}