{"id":116175,"date":"2025-02-15T16:58:14","date_gmt":"2025-02-15T16:58:14","guid":{"rendered":"https:\/\/kinamihealth.com\/product\/stylage-special-lips-lidokainnal\/"},"modified":"2025-10-27T20:27:39","modified_gmt":"2025-10-27T20:27:39","slug":"stylage-special-lips-lidokainnal","status":"publish","type":"product","link":"https:\/\/kinamihealth.com\/hu\/termek\/stylage-special-lips-lidokainnal\/","title":{"rendered":"STYLAGE\u00ae SPECIAL LIPS lidokainnal"},"content":{"rendered":"<p>A Stylage Special Lips Lidocaine kifejezetten az ajkak jav\u00edt\u00e1s\u00e1ra lett kifejlesztve, finom telts\u00e9get k\u00f6lcs\u00f6n\u00f6zve \u00e9s korrig\u00e1lva az ajkak kont\u00farj\u00e1t. Haszn\u00e1lja a Stylage Special Lips Lidocaine-t az ar\u00e1nytalan fels\u0151 vagy als\u00f3 ajak m\u00e9ret\u00e9nek korrekci\u00f3j\u00e1ra, a sz\u00e1j k\u00f6r\u00fcli r\u00e1ncok vagy a fels\u0151 ajak feletti doh\u00e1nyos r\u00e1ncok cs\u00f6kkent\u00e9s\u00e9re, valamint az ajkak hidrat\u00e1lts\u00e1g\u00e1nak helyre\u00e1ll\u00edt\u00e1s\u00e1ra. Lidokaint, egy er\u0151s \u00e9rz\u00e9stelen\u00edt\u0151t tartalmaz, ami k\u00e9nyelmesebb\u00e9 teszi az injekci\u00f3 bead\u00e1s\u00e1t. N\u00f6veli az ajkak t\u00e9rfogat\u00e1t \u00e9s jav\u00edtja az ajkak kont\u00farj\u00e1t.<\/p>\n","protected":false},"excerpt":{"rendered":"<p>A Stylage Special Lips Lidocaine kifejezetten az ajkak jav\u00edt\u00e1s\u00e1ra lett kifejlesztve, finom telts\u00e9get k\u00f6lcs\u00f6n\u00f6zve \u00e9s korrig\u00e1lva az ajkak kont\u00farj\u00e1t. Haszn\u00e1lja a Stylage Special Lips Lidocaine-t az ar\u00e1nytalan fels\u0151 vagy als\u00f3 ajak m\u00e9ret\u00e9nek korrekci\u00f3j\u00e1ra, a sz\u00e1j k\u00f6r\u00fcli r\u00e1ncok vagy a fels\u0151 ajak feletti doh\u00e1nyos r\u00e1ncok cs\u00f6kkent\u00e9s\u00e9re, valamint az ajkak hidrat\u00e1lts\u00e1g\u00e1nak helyre\u00e1ll\u00edt\u00e1s\u00e1ra. Lidokaint, egy er\u0151s \u00e9rz\u00e9stelen\u00edt\u0151t tartalmaz, [&hellip;]<\/p>\n","protected":false},"featured_media":116176,"comment_status":"closed","ping_status":"closed","template":"","meta":{"_acf_changed":false,"inline_featured_image":false},"product_brand":[],"product_cat":[],"product_tag":[],"class_list":{"0":"post-116175","1":"product","2":"type-product","3":"status-publish","4":"has-post-thumbnail","7":"first","8":"instock","9":"taxable","10":"shipping-taxable","11":"purchasable","12":"product-type-simple","13":"add-to-wishlist-before_image"},"acf":[],"yoast_head":"<!-- This site is optimized with the Yoast SEO plugin v27.3 - https:\/\/yoast.com\/product\/yoast-seo-wordpress\/ -->\n<title>V\u00e1s\u00e1roljon STYLAGE SPECIAL LIPS lidokainnal online<\/title>\n<meta name=\"description\" content=\"V\u00e1s\u00e1rolja meg online a STYLAGE SPECIAL LIPS lidokain tartalm\u00fa term\u00e9ket, \u00e9s haszn\u00e1lja ezt a HA g\u00e9lt a sz\u00e1j k\u00f6r\u00fcli finom r\u00e1ncok \u00e9s r\u00e1ncok korrekci\u00f3j\u00e1ra, valamint az ajkak megnagyobb\u00edt\u00e1s\u00e1ra.\" \/>\n<meta name=\"robots\" content=\"index, follow, max-snippet:-1, max-image-preview:large, max-video-preview:-1\" \/>\n<link rel=\"canonical\" href=\"https:\/\/kinamihealth.com\/hu\/wp-json\/wp\/v2\/product\/116175\" \/>\n<meta property=\"og:locale\" content=\"hu_HU\" \/>\n<meta property=\"og:type\" content=\"article\" \/>\n<meta property=\"og:title\" content=\"V\u00e1s\u00e1roljon STYLAGE SPECIAL LIPS lidokainnal online\" \/>\n<meta property=\"og:description\" content=\"V\u00e1s\u00e1rolja meg online a STYLAGE SPECIAL LIPS lidokain tartalm\u00fa term\u00e9ket, \u00e9s haszn\u00e1lja ezt a HA g\u00e9lt a sz\u00e1j k\u00f6r\u00fcli finom r\u00e1ncok \u00e9s r\u00e1ncok korrekci\u00f3j\u00e1ra, valamint az ajkak megnagyobb\u00edt\u00e1s\u00e1ra.\" \/>\n<meta property=\"og:url\" content=\"https:\/\/kinamihealth.com\/hu\/termek\/stylage-special-lips-lidokainnal\/\" \/>\n<meta property=\"og:site_name\" content=\"Kinami Health\" \/>\n<meta property=\"article:modified_time\" content=\"2025-10-27T20:27:39+00:00\" \/>\n<meta property=\"og:image\" content=\"https:\/\/kinamihealth.com\/wp-content\/uploads\/2025\/02\/VIVACY-STYLAGE-SPECIALLIPS-LIDOCAINE-BISOFT-01.webp\" \/>\n\t<meta property=\"og:image:width\" content=\"800\" \/>\n\t<meta property=\"og:image:height\" content=\"800\" \/>\n\t<meta property=\"og:image:type\" content=\"image\/webp\" \/>\n<meta name=\"twitter:card\" content=\"summary_large_image\" \/>\n<meta name=\"twitter:label1\" content=\"Becs\u00fclt olvas\u00e1si id\u0151\" \/>\n\t<meta name=\"twitter:data1\" content=\"1 perc\" \/>\n<!-- \/ Yoast SEO plugin. -->","yoast_head_json":{"title":"V\u00e1s\u00e1roljon STYLAGE SPECIAL LIPS lidokainnal online","description":"V\u00e1s\u00e1rolja meg online a STYLAGE SPECIAL LIPS lidokain tartalm\u00fa term\u00e9ket, \u00e9s haszn\u00e1lja ezt a HA g\u00e9lt a sz\u00e1j k\u00f6r\u00fcli finom r\u00e1ncok \u00e9s r\u00e1ncok korrekci\u00f3j\u00e1ra, valamint az ajkak megnagyobb\u00edt\u00e1s\u00e1ra.","robots":{"index":"index","follow":"follow","max-snippet":"max-snippet:-1","max-image-preview":"max-image-preview:large","max-video-preview":"max-video-preview:-1"},"canonical":"https:\/\/kinamihealth.com\/hu\/wp-json\/wp\/v2\/product\/116175","og_locale":"hu_HU","og_type":"article","og_title":"V\u00e1s\u00e1roljon STYLAGE SPECIAL LIPS lidokainnal online","og_description":"V\u00e1s\u00e1rolja meg online a STYLAGE SPECIAL LIPS lidokain tartalm\u00fa term\u00e9ket, \u00e9s haszn\u00e1lja ezt a HA g\u00e9lt a sz\u00e1j k\u00f6r\u00fcli finom r\u00e1ncok \u00e9s r\u00e1ncok korrekci\u00f3j\u00e1ra, valamint az ajkak megnagyobb\u00edt\u00e1s\u00e1ra.","og_url":"https:\/\/kinamihealth.com\/hu\/termek\/stylage-special-lips-lidokainnal\/","og_site_name":"Kinami Health","article_modified_time":"2025-10-27T20:27:39+00:00","og_image":[{"width":800,"height":800,"url":"https:\/\/kinamihealth.com\/wp-content\/uploads\/2025\/02\/VIVACY-STYLAGE-SPECIALLIPS-LIDOCAINE-BISOFT-01.webp","type":"image\/webp"}],"twitter_card":"summary_large_image","twitter_misc":{"Becs\u00fclt olvas\u00e1si id\u0151":"1 perc"},"schema":{"@context":"https:\/\/schema.org","@graph":[{"@type":"WebPage","@id":"https:\/\/kinamihealth.com\/hu\/termek\/stylage-special-lips-lidokainnal\/","url":"https:\/\/kinamihealth.com\/hu\/termek\/stylage-special-lips-lidokainnal\/","name":"V\u00e1s\u00e1roljon STYLAGE SPECIAL LIPS lidokainnal online","isPartOf":{"@id":"https:\/\/kinamihealth.com\/#website"},"primaryImageOfPage":{"@id":"https:\/\/kinamihealth.com\/hu\/termek\/stylage-special-lips-lidokainnal\/#primaryimage"},"image":{"@id":"https:\/\/kinamihealth.com\/hu\/termek\/stylage-special-lips-lidokainnal\/#primaryimage"},"thumbnailUrl":"https:\/\/kinamihealth.com\/wp-content\/uploads\/2025\/02\/VIVACY-STYLAGE-SPECIALLIPS-LIDOCAINE-BISOFT-01.webp","datePublished":"2025-02-15T16:58:14+00:00","dateModified":"2025-10-27T20:27:39+00:00","description":"V\u00e1s\u00e1rolja meg online a STYLAGE SPECIAL LIPS lidokain tartalm\u00fa term\u00e9ket, \u00e9s haszn\u00e1lja ezt a HA g\u00e9lt a sz\u00e1j k\u00f6r\u00fcli finom r\u00e1ncok \u00e9s r\u00e1ncok korrekci\u00f3j\u00e1ra, valamint az ajkak megnagyobb\u00edt\u00e1s\u00e1ra.","breadcrumb":{"@id":"https:\/\/kinamihealth.com\/hu\/termek\/stylage-special-lips-lidokainnal\/#breadcrumb"},"inLanguage":"hu","potentialAction":[{"@type":"ReadAction","target":["https:\/\/kinamihealth.com\/hu\/termek\/stylage-special-lips-lidokainnal\/"]}]},{"@type":"ImageObject","inLanguage":"hu","@id":"https:\/\/kinamihealth.com\/hu\/termek\/stylage-special-lips-lidokainnal\/#primaryimage","url":"https:\/\/kinamihealth.com\/wp-content\/uploads\/2025\/02\/VIVACY-STYLAGE-SPECIALLIPS-LIDOCAINE-BISOFT-01.webp","contentUrl":"https:\/\/kinamihealth.com\/wp-content\/uploads\/2025\/02\/VIVACY-STYLAGE-SPECIALLIPS-LIDOCAINE-BISOFT-01.webp","width":800,"height":800},{"@type":"BreadcrumbList","@id":"https:\/\/kinamihealth.com\/hu\/termek\/stylage-special-lips-lidokainnal\/#breadcrumb","itemListElement":[{"@type":"ListItem","position":1,"name":"Kezd\u0151lap","item":"https:\/\/kinamihealth.com\/"},{"@type":"ListItem","position":2,"name":"Bolt","item":"https:\/\/kinamihealth.com\/shop\/"},{"@type":"ListItem","position":3,"name":"STYLAGE\u00ae SPECIAL LIPS lidokainnal"}]},{"@type":"WebSite","@id":"https:\/\/kinamihealth.com\/#website","url":"https:\/\/kinamihealth.com\/","name":"Kinami Health","description":"","publisher":{"@id":"https:\/\/kinamihealth.com\/#organization"},"potentialAction":[{"@type":"SearchAction","target":{"@type":"EntryPoint","urlTemplate":"https:\/\/kinamihealth.com\/?s={search_term_string}"},"query-input":{"@type":"PropertyValueSpecification","valueRequired":true,"valueName":"search_term_string"}}],"inLanguage":"hu"},{"@type":"Organization","@id":"https:\/\/kinamihealth.com\/#organization","name":"Kinami Health","url":"https:\/\/kinamihealth.com\/","logo":{"@type":"ImageObject","inLanguage":"hu","@id":"https:\/\/kinamihealth.com\/#\/schema\/logo\/image\/","url":"https:\/\/kinamihealth.com\/wp-content\/uploads\/2025\/01\/KH_logo_black_2-1.png","contentUrl":"https:\/\/kinamihealth.com\/wp-content\/uploads\/2025\/01\/KH_logo_black_2-1.png","width":339,"height":34,"caption":"Kinami Health"},"image":{"@id":"https:\/\/kinamihealth.com\/#\/schema\/logo\/image\/"}}]}},"_links":{"self":[{"href":"https:\/\/kinamihealth.com\/hu\/wp-json\/wp\/v2\/product\/116175","targetHints":{"allow":["GET"]}}],"collection":[{"href":"https:\/\/kinamihealth.com\/hu\/wp-json\/wp\/v2\/product"}],"about":[{"href":"https:\/\/kinamihealth.com\/hu\/wp-json\/wp\/v2\/types\/product"}],"replies":[{"embeddable":true,"href":"https:\/\/kinamihealth.com\/hu\/wp-json\/wp\/v2\/comments?post=116175"}],"version-history":[{"count":0,"href":"https:\/\/kinamihealth.com\/hu\/wp-json\/wp\/v2\/product\/116175\/revisions"}],"wp:featuredmedia":[{"embeddable":true,"href":"https:\/\/kinamihealth.com\/hu\/wp-json\/wp\/v2\/media\/116176"}],"wp:attachment":[{"href":"https:\/\/kinamihealth.com\/hu\/wp-json\/wp\/v2\/media?parent=116175"}],"wp:term":[{"taxonomy":"product_brand","embeddable":true,"href":"https:\/\/kinamihealth.com\/hu\/wp-json\/wp\/v2\/product_brand?post=116175"},{"taxonomy":"product_cat","embeddable":true,"href":"https:\/\/kinamihealth.com\/hu\/wp-json\/wp\/v2\/product_cat?post=116175"},{"taxonomy":"product_tag","embeddable":true,"href":"https:\/\/kinamihealth.com\/hu\/wp-json\/wp\/v2\/product_tag?post=116175"}],"curies":[{"name":"wp","href":"https:\/\/api.w.org\/{rel}","templated":true}]}}