{"id":116166,"date":"2025-02-15T16:58:12","date_gmt":"2025-02-15T16:58:12","guid":{"rendered":"https:\/\/kinamihealth.com\/product\/stylage-s-bi-soft-lidokainnal\/"},"modified":"2025-02-15T16:58:12","modified_gmt":"2025-02-15T16:58:12","slug":"stylage-s-bi-soft-lidokainnal","status":"publish","type":"product","link":"https:\/\/kinamihealth.com\/hu\/termek\/stylage-s-bi-soft-lidokainnal\/","title":{"rendered":"STYLAGE\u00ae S BI-SOFT\u00ae lidokainnal"},"content":{"rendered":"<p>A Stylage Bi-Soft S Lidocaine feladata a fel\u00fcleti r\u00e1ncok \u00e9s vonalak megjelen\u00e9s\u00e9nek jav\u00edt\u00e1sa. A Stylage Bi-Soft S Lidocaine ide\u00e1lis v\u00e9kony \u00e9s \u00e9rz\u00e9keny ter\u00fcleteken val\u00f3 alkalmaz\u00e1sra, ahol az \u00f6reged\u00e9s els\u0151 l\u00e1that\u00f3 jelei kezdenek megjelenni: a szem k\u00f6r\u00fcl, az ajkak k\u00f6r\u00fcl \u00e9s a szem\u00f6ld\u00f6k k\u00f6z\u00f6tt. Lidokaint tartalmaz, egy er\u0151s \u00e9rz\u00e9stelen\u00edt\u0151t, amely k\u00e9nyelmesebb\u00e9 teszi az injekci\u00f3 bead\u00e1s\u00e1t.  <\/p>\n","protected":false},"excerpt":{"rendered":"<p>A Stylage Bi-Soft S Lidocaine feladata a fel\u00fcleti r\u00e1ncok \u00e9s vonalak megjelen\u00e9s\u00e9nek jav\u00edt\u00e1sa. A Stylage Bi-Soft S Lidocaine ide\u00e1lis v\u00e9kony \u00e9s \u00e9rz\u00e9keny ter\u00fcleteken val\u00f3 alkalmaz\u00e1sra, ahol az \u00f6reged\u00e9s els\u0151 l\u00e1that\u00f3 jelei kezdenek megjelenni: a szem k\u00f6r\u00fcl, az ajkak k\u00f6r\u00fcl \u00e9s a szem\u00f6ld\u00f6k k\u00f6z\u00f6tt. Lidokaint tartalmaz, egy er\u0151s \u00e9rz\u00e9stelen\u00edt\u0151t, amely k\u00e9nyelmesebb\u00e9 teszi az injekci\u00f3 bead\u00e1s\u00e1t.<\/p>\n","protected":false},"featured_media":116167,"comment_status":"closed","ping_status":"closed","template":"","meta":{"_acf_changed":false,"inline_featured_image":false},"product_brand":[2257],"product_cat":[2997,3002],"product_tag":[2979],"class_list":{"0":"post-116166","1":"product","2":"type-product","3":"status-publish","4":"has-post-thumbnail","6":"product_brand-stylage","7":"product_cat-dermalis-toltoanyagok","8":"product_cat-ha-borfeltoltok","9":"product_tag-orvostechnikai-eszkozok","11":"first","12":"instock","13":"taxable","14":"shipping-taxable","15":"purchasable","16":"product-type-simple","17":"add-to-wishlist-before_image"},"acf":[],"yoast_head":"<!-- This site is optimized with the Yoast SEO plugin v27.5 - https:\/\/yoast.com\/product\/yoast-seo-wordpress\/ -->\n<title>V\u00e1s\u00e1roljon STYLAGE S BI-SOFT lidokainnal online | Kinami Health<\/title>\n<meta name=\"description\" content=\"V\u00e1s\u00e1roljon STYLAGE S BI-SOFT lidokainnal online, hogy kijav\u00edtsa az arc k\u00f6r\u00fcli sek\u00e9ly \u00e9s k\u00f6zepes r\u00e1ncokat \u00e9s vonalakat, \u00e9s visszaford\u00edtsa az \u00f6reged\u00e9s korai jeleit.\" \/>\n<meta name=\"robots\" content=\"index, follow, max-snippet:-1, max-image-preview:large, max-video-preview:-1\" \/>\n<link rel=\"canonical\" href=\"https:\/\/kinamihealth.com\/hu\/wp-json\/wp\/v2\/product\/116166\" \/>\n<meta property=\"og:locale\" content=\"hu_HU\" \/>\n<meta property=\"og:type\" content=\"article\" \/>\n<meta property=\"og:title\" content=\"V\u00e1s\u00e1roljon STYLAGE S BI-SOFT lidokainnal online | Kinami Health\" \/>\n<meta property=\"og:description\" content=\"V\u00e1s\u00e1roljon STYLAGE S BI-SOFT lidokainnal online, hogy kijav\u00edtsa az arc k\u00f6r\u00fcli sek\u00e9ly \u00e9s k\u00f6zepes r\u00e1ncokat \u00e9s vonalakat, \u00e9s visszaford\u00edtsa az \u00f6reged\u00e9s korai jeleit.\" \/>\n<meta property=\"og:url\" content=\"https:\/\/kinamihealth.com\/hu\/termek\/stylage-s-bi-soft-lidokainnal\/\" \/>\n<meta property=\"og:site_name\" content=\"Kinami Health\" \/>\n<meta property=\"og:image\" content=\"https:\/\/kinamihealth.com\/wp-content\/uploads\/2025\/02\/VIVACY-STYLAGE-S-LIDOCAINE-BISOFT-01.jpg\" \/>\n\t<meta property=\"og:image:width\" content=\"800\" \/>\n\t<meta property=\"og:image:height\" content=\"800\" \/>\n\t<meta property=\"og:image:type\" content=\"image\/jpeg\" \/>\n<meta name=\"twitter:card\" content=\"summary_large_image\" \/>\n<!-- \/ Yoast SEO plugin. -->","yoast_head_json":{"title":"V\u00e1s\u00e1roljon STYLAGE S BI-SOFT lidokainnal online | Kinami Health","description":"V\u00e1s\u00e1roljon STYLAGE S BI-SOFT lidokainnal online, hogy kijav\u00edtsa az arc k\u00f6r\u00fcli sek\u00e9ly \u00e9s k\u00f6zepes r\u00e1ncokat \u00e9s vonalakat, \u00e9s visszaford\u00edtsa az \u00f6reged\u00e9s korai jeleit.","robots":{"index":"index","follow":"follow","max-snippet":"max-snippet:-1","max-image-preview":"max-image-preview:large","max-video-preview":"max-video-preview:-1"},"canonical":"https:\/\/kinamihealth.com\/hu\/wp-json\/wp\/v2\/product\/116166","og_locale":"hu_HU","og_type":"article","og_title":"V\u00e1s\u00e1roljon STYLAGE S BI-SOFT lidokainnal online | Kinami Health","og_description":"V\u00e1s\u00e1roljon STYLAGE S BI-SOFT lidokainnal online, hogy kijav\u00edtsa az arc k\u00f6r\u00fcli sek\u00e9ly \u00e9s k\u00f6zepes r\u00e1ncokat \u00e9s vonalakat, \u00e9s visszaford\u00edtsa az \u00f6reged\u00e9s korai jeleit.","og_url":"https:\/\/kinamihealth.com\/hu\/termek\/stylage-s-bi-soft-lidokainnal\/","og_site_name":"Kinami Health","og_image":[{"width":800,"height":800,"url":"https:\/\/kinamihealth.com\/wp-content\/uploads\/2025\/02\/VIVACY-STYLAGE-S-LIDOCAINE-BISOFT-01.jpg","type":"image\/jpeg"}],"twitter_card":"summary_large_image","schema":{"@context":"https:\/\/schema.org","@graph":[{"@type":"WebPage","@id":"https:\/\/kinamihealth.com\/hu\/termek\/stylage-s-bi-soft-lidokainnal\/","url":"https:\/\/kinamihealth.com\/hu\/termek\/stylage-s-bi-soft-lidokainnal\/","name":"V\u00e1s\u00e1roljon STYLAGE S BI-SOFT lidokainnal online | Kinami Health","isPartOf":{"@id":"https:\/\/kinamihealth.com\/#website"},"primaryImageOfPage":{"@id":"https:\/\/kinamihealth.com\/hu\/termek\/stylage-s-bi-soft-lidokainnal\/#primaryimage"},"image":{"@id":"https:\/\/kinamihealth.com\/hu\/termek\/stylage-s-bi-soft-lidokainnal\/#primaryimage"},"thumbnailUrl":"https:\/\/kinamihealth.com\/wp-content\/uploads\/2025\/02\/VIVACY-STYLAGE-S-LIDOCAINE-BISOFT-01.jpg","datePublished":"2025-02-15T16:58:12+00:00","description":"V\u00e1s\u00e1roljon STYLAGE S BI-SOFT lidokainnal online, hogy kijav\u00edtsa az arc k\u00f6r\u00fcli sek\u00e9ly \u00e9s k\u00f6zepes r\u00e1ncokat \u00e9s vonalakat, \u00e9s visszaford\u00edtsa az \u00f6reged\u00e9s korai jeleit.","breadcrumb":{"@id":"https:\/\/kinamihealth.com\/hu\/termek\/stylage-s-bi-soft-lidokainnal\/#breadcrumb"},"inLanguage":"hu","potentialAction":[{"@type":"ReadAction","target":["https:\/\/kinamihealth.com\/hu\/termek\/stylage-s-bi-soft-lidokainnal\/"]}]},{"@type":"ImageObject","inLanguage":"hu","@id":"https:\/\/kinamihealth.com\/hu\/termek\/stylage-s-bi-soft-lidokainnal\/#primaryimage","url":"https:\/\/kinamihealth.com\/wp-content\/uploads\/2025\/02\/VIVACY-STYLAGE-S-LIDOCAINE-BISOFT-01.jpg","contentUrl":"https:\/\/kinamihealth.com\/wp-content\/uploads\/2025\/02\/VIVACY-STYLAGE-S-LIDOCAINE-BISOFT-01.jpg","width":800,"height":800},{"@type":"BreadcrumbList","@id":"https:\/\/kinamihealth.com\/hu\/termek\/stylage-s-bi-soft-lidokainnal\/#breadcrumb","itemListElement":[{"@type":"ListItem","position":1,"name":"Kezd\u0151lap","item":"https:\/\/kinamihealth.com\/"},{"@type":"ListItem","position":2,"name":"Bolt","item":"https:\/\/kinamihealth.com\/shop\/"},{"@type":"ListItem","position":3,"name":"STYLAGE\u00ae S BI-SOFT\u00ae lidokainnal"}]},{"@type":"WebSite","@id":"https:\/\/kinamihealth.com\/#website","url":"https:\/\/kinamihealth.com\/","name":"Kinami Health","description":"","publisher":{"@id":"https:\/\/kinamihealth.com\/#organization"},"potentialAction":[{"@type":"SearchAction","target":{"@type":"EntryPoint","urlTemplate":"https:\/\/kinamihealth.com\/?s={search_term_string}"},"query-input":{"@type":"PropertyValueSpecification","valueRequired":true,"valueName":"search_term_string"}}],"inLanguage":"hu"},{"@type":"Organization","@id":"https:\/\/kinamihealth.com\/#organization","name":"Kinami Health","url":"https:\/\/kinamihealth.com\/","logo":{"@type":"ImageObject","inLanguage":"hu","@id":"https:\/\/kinamihealth.com\/#\/schema\/logo\/image\/","url":"https:\/\/kinamihealth.com\/wp-content\/uploads\/2025\/01\/KH_logo_black_2-1.png","contentUrl":"https:\/\/kinamihealth.com\/wp-content\/uploads\/2025\/01\/KH_logo_black_2-1.png","width":339,"height":34,"caption":"Kinami Health"},"image":{"@id":"https:\/\/kinamihealth.com\/#\/schema\/logo\/image\/"}}]}},"_links":{"self":[{"href":"https:\/\/kinamihealth.com\/hu\/wp-json\/wp\/v2\/product\/116166","targetHints":{"allow":["GET"]}}],"collection":[{"href":"https:\/\/kinamihealth.com\/hu\/wp-json\/wp\/v2\/product"}],"about":[{"href":"https:\/\/kinamihealth.com\/hu\/wp-json\/wp\/v2\/types\/product"}],"replies":[{"embeddable":true,"href":"https:\/\/kinamihealth.com\/hu\/wp-json\/wp\/v2\/comments?post=116166"}],"version-history":[{"count":0,"href":"https:\/\/kinamihealth.com\/hu\/wp-json\/wp\/v2\/product\/116166\/revisions"}],"wp:featuredmedia":[{"embeddable":true,"href":"https:\/\/kinamihealth.com\/hu\/wp-json\/wp\/v2\/media\/116167"}],"wp:attachment":[{"href":"https:\/\/kinamihealth.com\/hu\/wp-json\/wp\/v2\/media?parent=116166"}],"wp:term":[{"taxonomy":"product_brand","embeddable":true,"href":"https:\/\/kinamihealth.com\/hu\/wp-json\/wp\/v2\/product_brand?post=116166"},{"taxonomy":"product_cat","embeddable":true,"href":"https:\/\/kinamihealth.com\/hu\/wp-json\/wp\/v2\/product_cat?post=116166"},{"taxonomy":"product_tag","embeddable":true,"href":"https:\/\/kinamihealth.com\/hu\/wp-json\/wp\/v2\/product_tag?post=116166"}],"curies":[{"name":"wp","href":"https:\/\/api.w.org\/{rel}","templated":true}]}}