{"id":116162,"date":"2025-02-15T16:58:11","date_gmt":"2025-02-15T16:58:11","guid":{"rendered":"https:\/\/kinamihealth.com\/product\/stylage-s-bi-soft\/"},"modified":"2025-10-27T20:55:08","modified_gmt":"2025-10-27T20:55:08","slug":"stylage-s-bi-soft","status":"publish","type":"product","link":"https:\/\/kinamihealth.com\/hu\/termek\/stylage-s-bi-soft\/","title":{"rendered":"STYLAGE\u00ae S BI-SOFT\u00ae"},"content":{"rendered":"<p>A Stylage Bi-Soft S kifejezetten az arc fel\u00fcleti r\u00e1ncainak \u00e9s vonalainak megjelen\u00e9s\u00e9nek jav\u00edt\u00e1s\u00e1ra lett kifejlesztve. A Stylage Bi-Soft S ide\u00e1lis v\u00e9kony \u00e9s \u00e9rz\u00e9keny ter\u00fcleteken val\u00f3 alkalmaz\u00e1sra, ahol az \u00f6reged\u00e9s els\u0151 l\u00e1that\u00f3 jelei kezdenek megjelenni: a szem k\u00f6r\u00fcl, az ajkak k\u00f6r\u00fcl \u00e9s a szem\u00f6ld\u00f6k k\u00f6z\u00f6tt.<\/p>\n","protected":false},"excerpt":{"rendered":"<p>A Stylage Bi-Soft S kifejezetten az arc fel\u00fcleti r\u00e1ncainak \u00e9s vonalainak megjelen\u00e9s\u00e9nek jav\u00edt\u00e1s\u00e1ra lett kifejlesztve. A Stylage Bi-Soft S ide\u00e1lis v\u00e9kony \u00e9s \u00e9rz\u00e9keny ter\u00fcleteken val\u00f3 alkalmaz\u00e1sra, ahol az \u00f6reged\u00e9s els\u0151 l\u00e1that\u00f3 jelei kezdenek megjelenni: a szem k\u00f6r\u00fcl, az ajkak k\u00f6r\u00fcl \u00e9s a szem\u00f6ld\u00f6k k\u00f6z\u00f6tt.<\/p>\n","protected":false},"featured_media":116163,"comment_status":"closed","ping_status":"closed","template":"","meta":{"_acf_changed":false,"inline_featured_image":false},"product_brand":[2257],"product_cat":[2997,3002],"product_tag":[2979],"class_list":{"0":"post-116162","1":"product","2":"type-product","3":"status-publish","4":"has-post-thumbnail","6":"product_brand-stylage","7":"product_cat-dermalis-toltoanyagok","8":"product_cat-ha-borfeltoltok","9":"product_tag-orvostechnikai-eszkozok","11":"first","12":"instock","13":"taxable","14":"shipping-taxable","15":"purchasable","16":"product-type-simple","17":"add-to-wishlist-before_image"},"acf":[],"yoast_head":"<!-- This site is optimized with the Yoast SEO plugin v27.3 - https:\/\/yoast.com\/product\/yoast-seo-wordpress\/ -->\n<title>V\u00e1s\u00e1roljon STYLAGE S BI-SOFT-ot online - finom arcvon\u00e1sok<\/title>\n<meta name=\"description\" content=\"V\u00e1s\u00e1roljon STYLAGE S BI-SOFT online, \u00e9s haszn\u00e1lja ezt a derm\u00e1lis t\u00f6lt\u0151anyagot az arc finom \u00e9s k\u00f6zepes r\u00e1ncainak kezel\u00e9s\u00e9re innovat\u00edv technol\u00f3gi\u00e1kkal.\" \/>\n<meta name=\"robots\" content=\"index, follow, max-snippet:-1, max-image-preview:large, max-video-preview:-1\" \/>\n<link rel=\"canonical\" href=\"https:\/\/kinamihealth.com\/hu\/wp-json\/wp\/v2\/product\/116162\" \/>\n<meta property=\"og:locale\" content=\"hu_HU\" \/>\n<meta property=\"og:type\" content=\"article\" \/>\n<meta property=\"og:title\" content=\"V\u00e1s\u00e1roljon STYLAGE S BI-SOFT-ot online - finom arcvon\u00e1sok\" \/>\n<meta property=\"og:description\" content=\"V\u00e1s\u00e1roljon STYLAGE S BI-SOFT online, \u00e9s haszn\u00e1lja ezt a derm\u00e1lis t\u00f6lt\u0151anyagot az arc finom \u00e9s k\u00f6zepes r\u00e1ncainak kezel\u00e9s\u00e9re innovat\u00edv technol\u00f3gi\u00e1kkal.\" \/>\n<meta property=\"og:url\" content=\"https:\/\/kinamihealth.com\/hu\/termek\/stylage-s-bi-soft\/\" \/>\n<meta property=\"og:site_name\" content=\"Kinami Health\" \/>\n<meta property=\"article:modified_time\" content=\"2025-10-27T20:55:08+00:00\" \/>\n<meta property=\"og:image\" content=\"https:\/\/kinamihealth.com\/wp-content\/uploads\/2025\/02\/VIVACY-STYLAGE-S-BISOFT-01.jpg\" \/>\n\t<meta property=\"og:image:width\" content=\"800\" \/>\n\t<meta property=\"og:image:height\" content=\"800\" \/>\n\t<meta property=\"og:image:type\" content=\"image\/jpeg\" \/>\n<meta name=\"twitter:card\" content=\"summary_large_image\" \/>\n<meta name=\"twitter:label1\" content=\"Becs\u00fclt olvas\u00e1si id\u0151\" \/>\n\t<meta name=\"twitter:data1\" content=\"1 perc\" \/>\n<!-- \/ Yoast SEO plugin. -->","yoast_head_json":{"title":"V\u00e1s\u00e1roljon STYLAGE S BI-SOFT-ot online - finom arcvon\u00e1sok","description":"V\u00e1s\u00e1roljon STYLAGE S BI-SOFT online, \u00e9s haszn\u00e1lja ezt a derm\u00e1lis t\u00f6lt\u0151anyagot az arc finom \u00e9s k\u00f6zepes r\u00e1ncainak kezel\u00e9s\u00e9re innovat\u00edv technol\u00f3gi\u00e1kkal.","robots":{"index":"index","follow":"follow","max-snippet":"max-snippet:-1","max-image-preview":"max-image-preview:large","max-video-preview":"max-video-preview:-1"},"canonical":"https:\/\/kinamihealth.com\/hu\/wp-json\/wp\/v2\/product\/116162","og_locale":"hu_HU","og_type":"article","og_title":"V\u00e1s\u00e1roljon STYLAGE S BI-SOFT-ot online - finom arcvon\u00e1sok","og_description":"V\u00e1s\u00e1roljon STYLAGE S BI-SOFT online, \u00e9s haszn\u00e1lja ezt a derm\u00e1lis t\u00f6lt\u0151anyagot az arc finom \u00e9s k\u00f6zepes r\u00e1ncainak kezel\u00e9s\u00e9re innovat\u00edv technol\u00f3gi\u00e1kkal.","og_url":"https:\/\/kinamihealth.com\/hu\/termek\/stylage-s-bi-soft\/","og_site_name":"Kinami Health","article_modified_time":"2025-10-27T20:55:08+00:00","og_image":[{"width":800,"height":800,"url":"https:\/\/kinamihealth.com\/wp-content\/uploads\/2025\/02\/VIVACY-STYLAGE-S-BISOFT-01.jpg","type":"image\/jpeg"}],"twitter_card":"summary_large_image","twitter_misc":{"Becs\u00fclt olvas\u00e1si id\u0151":"1 perc"},"schema":{"@context":"https:\/\/schema.org","@graph":[{"@type":"WebPage","@id":"https:\/\/kinamihealth.com\/hu\/termek\/stylage-s-bi-soft\/","url":"https:\/\/kinamihealth.com\/hu\/termek\/stylage-s-bi-soft\/","name":"V\u00e1s\u00e1roljon STYLAGE S BI-SOFT-ot online - finom arcvon\u00e1sok","isPartOf":{"@id":"https:\/\/kinamihealth.com\/#website"},"primaryImageOfPage":{"@id":"https:\/\/kinamihealth.com\/hu\/termek\/stylage-s-bi-soft\/#primaryimage"},"image":{"@id":"https:\/\/kinamihealth.com\/hu\/termek\/stylage-s-bi-soft\/#primaryimage"},"thumbnailUrl":"https:\/\/kinamihealth.com\/wp-content\/uploads\/2025\/02\/VIVACY-STYLAGE-S-BISOFT-01.jpg","datePublished":"2025-02-15T16:58:11+00:00","dateModified":"2025-10-27T20:55:08+00:00","description":"V\u00e1s\u00e1roljon STYLAGE S BI-SOFT online, \u00e9s haszn\u00e1lja ezt a derm\u00e1lis t\u00f6lt\u0151anyagot az arc finom \u00e9s k\u00f6zepes r\u00e1ncainak kezel\u00e9s\u00e9re innovat\u00edv technol\u00f3gi\u00e1kkal.","breadcrumb":{"@id":"https:\/\/kinamihealth.com\/hu\/termek\/stylage-s-bi-soft\/#breadcrumb"},"inLanguage":"hu","potentialAction":[{"@type":"ReadAction","target":["https:\/\/kinamihealth.com\/hu\/termek\/stylage-s-bi-soft\/"]}]},{"@type":"ImageObject","inLanguage":"hu","@id":"https:\/\/kinamihealth.com\/hu\/termek\/stylage-s-bi-soft\/#primaryimage","url":"https:\/\/kinamihealth.com\/wp-content\/uploads\/2025\/02\/VIVACY-STYLAGE-S-BISOFT-01.jpg","contentUrl":"https:\/\/kinamihealth.com\/wp-content\/uploads\/2025\/02\/VIVACY-STYLAGE-S-BISOFT-01.jpg","width":800,"height":800},{"@type":"BreadcrumbList","@id":"https:\/\/kinamihealth.com\/hu\/termek\/stylage-s-bi-soft\/#breadcrumb","itemListElement":[{"@type":"ListItem","position":1,"name":"Kezd\u0151lap","item":"https:\/\/kinamihealth.com\/"},{"@type":"ListItem","position":2,"name":"Bolt","item":"https:\/\/kinamihealth.com\/shop\/"},{"@type":"ListItem","position":3,"name":"STYLAGE\u00ae S BI-SOFT\u00ae"}]},{"@type":"WebSite","@id":"https:\/\/kinamihealth.com\/#website","url":"https:\/\/kinamihealth.com\/","name":"Kinami Health","description":"","publisher":{"@id":"https:\/\/kinamihealth.com\/#organization"},"potentialAction":[{"@type":"SearchAction","target":{"@type":"EntryPoint","urlTemplate":"https:\/\/kinamihealth.com\/?s={search_term_string}"},"query-input":{"@type":"PropertyValueSpecification","valueRequired":true,"valueName":"search_term_string"}}],"inLanguage":"hu"},{"@type":"Organization","@id":"https:\/\/kinamihealth.com\/#organization","name":"Kinami Health","url":"https:\/\/kinamihealth.com\/","logo":{"@type":"ImageObject","inLanguage":"hu","@id":"https:\/\/kinamihealth.com\/#\/schema\/logo\/image\/","url":"https:\/\/kinamihealth.com\/wp-content\/uploads\/2025\/01\/KH_logo_black_2-1.png","contentUrl":"https:\/\/kinamihealth.com\/wp-content\/uploads\/2025\/01\/KH_logo_black_2-1.png","width":339,"height":34,"caption":"Kinami Health"},"image":{"@id":"https:\/\/kinamihealth.com\/#\/schema\/logo\/image\/"}}]}},"_links":{"self":[{"href":"https:\/\/kinamihealth.com\/hu\/wp-json\/wp\/v2\/product\/116162","targetHints":{"allow":["GET"]}}],"collection":[{"href":"https:\/\/kinamihealth.com\/hu\/wp-json\/wp\/v2\/product"}],"about":[{"href":"https:\/\/kinamihealth.com\/hu\/wp-json\/wp\/v2\/types\/product"}],"replies":[{"embeddable":true,"href":"https:\/\/kinamihealth.com\/hu\/wp-json\/wp\/v2\/comments?post=116162"}],"version-history":[{"count":0,"href":"https:\/\/kinamihealth.com\/hu\/wp-json\/wp\/v2\/product\/116162\/revisions"}],"wp:featuredmedia":[{"embeddable":true,"href":"https:\/\/kinamihealth.com\/hu\/wp-json\/wp\/v2\/media\/116163"}],"wp:attachment":[{"href":"https:\/\/kinamihealth.com\/hu\/wp-json\/wp\/v2\/media?parent=116162"}],"wp:term":[{"taxonomy":"product_brand","embeddable":true,"href":"https:\/\/kinamihealth.com\/hu\/wp-json\/wp\/v2\/product_brand?post=116162"},{"taxonomy":"product_cat","embeddable":true,"href":"https:\/\/kinamihealth.com\/hu\/wp-json\/wp\/v2\/product_cat?post=116162"},{"taxonomy":"product_tag","embeddable":true,"href":"https:\/\/kinamihealth.com\/hu\/wp-json\/wp\/v2\/product_tag?post=116162"}],"curies":[{"name":"wp","href":"https:\/\/api.w.org\/{rel}","templated":true}]}}