{"id":116157,"date":"2025-02-15T16:58:09","date_gmt":"2025-02-15T16:58:09","guid":{"rendered":"https:\/\/kinamihealth.com\/product\/stylage-m-bi-soft-lidokainnal\/"},"modified":"2026-03-18T09:54:44","modified_gmt":"2026-03-18T09:54:44","slug":"stylage-m-bi-soft-lidokainnal","status":"publish","type":"product","link":"https:\/\/kinamihealth.com\/hu\/termek\/stylage-m-bi-soft-lidokainnal\/","title":{"rendered":"STYLAGE\u00ae M BI-SOFT\u00ae lidokainnal"},"content":{"rendered":"<p>A Stylage Bi-Soft M Lidocaine kifejezetten a fel\u00fcleti r\u00e1ncok \u00e9s red\u0151k azonnali korrekci\u00f3j\u00e1ra lett kifejlesztve. A Stylage Bi-Soft M Lidocaine kisebb orr-sz\u00e1j red\u0151k kit\u00f6lt\u00e9s\u00e9re, fel\u00fcleti r\u00e1ncok \u00e9s megereszkedett \u00e1ll red\u0151k kezel\u00e9s\u00e9re haszn\u00e1lhat\u00f3, hogy azok sim\u00e1v\u00e1 \u00e9s feszess\u00e9 v\u00e1ljanak. Marionettvonalak, orrp\u00fap cs\u00f6kkent\u00e9se vagy orrhegy emel\u00e9se \u00e9s f\u00fclcimpa \u00e1tform\u00e1l\u00e1sa eset\u00e9n is alkalmazhat\u00f3. A Stylage Bi-Soft M Lidocaine k\u00e9zfiatal\u00edt\u00e1sra is haszn\u00e1lhat\u00f3, bele\u00e9rtve a k\u00e9z h\u00e1ts\u00f3 r\u00e9sz\u00e9n fell\u00e9p\u0151 t\u00e9rfogatveszt\u00e9s kezel\u00e9s\u00e9t. Lidokaint, egy er\u0151s \u00e9rz\u00e9stelen\u00edt\u0151t tartalmaz, ami k\u00e9nyelmesebb\u00e9 teszi az injekci\u00f3 bead\u00e1s\u00e1t.<\/p>\n","protected":false},"excerpt":{"rendered":"<p>A Stylage Bi-Soft M Lidocaine kifejezetten a fel\u00fcleti r\u00e1ncok \u00e9s red\u0151k azonnali korrekci\u00f3j\u00e1ra lett kifejlesztve. A Stylage Bi-Soft M Lidocaine kisebb orr-sz\u00e1j red\u0151k kit\u00f6lt\u00e9s\u00e9re, fel\u00fcleti r\u00e1ncok \u00e9s megereszkedett \u00e1ll red\u0151k kezel\u00e9s\u00e9re haszn\u00e1lhat\u00f3, hogy azok sim\u00e1v\u00e1 \u00e9s feszess\u00e9 v\u00e1ljanak. Marionettvonalak, orrp\u00fap cs\u00f6kkent\u00e9se vagy orrhegy emel\u00e9se \u00e9s f\u00fclcimpa \u00e1tform\u00e1l\u00e1sa eset\u00e9n is alkalmazhat\u00f3. A Stylage Bi-Soft M Lidocaine [&hellip;]<\/p>\n","protected":false},"featured_media":116159,"comment_status":"closed","ping_status":"closed","template":"","meta":{"_acf_changed":false,"inline_featured_image":false},"product_brand":[2257],"product_cat":[2997,3002],"product_tag":[2979],"class_list":{"0":"post-116157","1":"product","2":"type-product","3":"status-publish","4":"has-post-thumbnail","6":"product_brand-stylage","7":"product_cat-dermalis-toltoanyagok","8":"product_cat-ha-borfeltoltok","9":"product_tag-orvostechnikai-eszkozok","11":"first","12":"instock","13":"taxable","14":"shipping-taxable","15":"purchasable","16":"product-type-simple","17":"add-to-wishlist-before_image"},"acf":[],"yoast_head":"<!-- This site is optimized with the Yoast SEO plugin v27.3 - https:\/\/yoast.com\/product\/yoast-seo-wordpress\/ -->\n<title>STYLAGE M BI-SOFT lidokainnal online v\u00e1s\u00e1rl\u00e1s \u2013 k\u00f6zepes r\u00e1ncok ellen<\/title>\n<meta name=\"description\" content=\"V\u00e1s\u00e1rolja meg online a STYLAGE M BI-SOFT lidokain tartalommal, \u00e9s haszn\u00e1lja ezt a HA g\u00e9lt az arc k\u00f6zepes \u00e9s m\u00e9ly r\u00e1ncainak \u00e9s vonalainak jav\u00edt\u00e1s\u00e1ra.\" \/>\n<meta name=\"robots\" content=\"index, follow, max-snippet:-1, max-image-preview:large, max-video-preview:-1\" \/>\n<link rel=\"canonical\" href=\"https:\/\/kinamihealth.com\/hu\/wp-json\/wp\/v2\/product\/116157\" \/>\n<meta property=\"og:locale\" content=\"hu_HU\" \/>\n<meta property=\"og:type\" content=\"article\" \/>\n<meta property=\"og:title\" content=\"STYLAGE M BI-SOFT lidokainnal online v\u00e1s\u00e1rl\u00e1s \u2013 k\u00f6zepes r\u00e1ncok ellen\" \/>\n<meta property=\"og:description\" content=\"V\u00e1s\u00e1rolja meg online a STYLAGE M BI-SOFT lidokain tartalommal, \u00e9s haszn\u00e1lja ezt a HA g\u00e9lt az arc k\u00f6zepes \u00e9s m\u00e9ly r\u00e1ncainak \u00e9s vonalainak jav\u00edt\u00e1s\u00e1ra.\" \/>\n<meta property=\"og:url\" content=\"https:\/\/kinamihealth.com\/hu\/termek\/stylage-m-bi-soft-lidokainnal\/\" \/>\n<meta property=\"og:site_name\" content=\"Kinami Health\" \/>\n<meta property=\"article:modified_time\" content=\"2026-03-18T09:54:44+00:00\" \/>\n<meta property=\"og:image\" content=\"https:\/\/kinamihealth.com\/wp-content\/uploads\/2025\/02\/VIVACY-STYLAGE-M-LIDOCAINE-BISOFT-02.jpg\" \/>\n\t<meta property=\"og:image:width\" content=\"800\" \/>\n\t<meta property=\"og:image:height\" content=\"800\" \/>\n\t<meta property=\"og:image:type\" content=\"image\/jpeg\" \/>\n<meta name=\"twitter:card\" content=\"summary_large_image\" \/>\n<meta name=\"twitter:label1\" content=\"Becs\u00fclt olvas\u00e1si id\u0151\" \/>\n\t<meta name=\"twitter:data1\" content=\"1 perc\" \/>\n<!-- \/ Yoast SEO plugin. -->","yoast_head_json":{"title":"STYLAGE M BI-SOFT lidokainnal online v\u00e1s\u00e1rl\u00e1s \u2013 k\u00f6zepes r\u00e1ncok ellen","description":"V\u00e1s\u00e1rolja meg online a STYLAGE M BI-SOFT lidokain tartalommal, \u00e9s haszn\u00e1lja ezt a HA g\u00e9lt az arc k\u00f6zepes \u00e9s m\u00e9ly r\u00e1ncainak \u00e9s vonalainak jav\u00edt\u00e1s\u00e1ra.","robots":{"index":"index","follow":"follow","max-snippet":"max-snippet:-1","max-image-preview":"max-image-preview:large","max-video-preview":"max-video-preview:-1"},"canonical":"https:\/\/kinamihealth.com\/hu\/wp-json\/wp\/v2\/product\/116157","og_locale":"hu_HU","og_type":"article","og_title":"STYLAGE M BI-SOFT lidokainnal online v\u00e1s\u00e1rl\u00e1s \u2013 k\u00f6zepes r\u00e1ncok ellen","og_description":"V\u00e1s\u00e1rolja meg online a STYLAGE M BI-SOFT lidokain tartalommal, \u00e9s haszn\u00e1lja ezt a HA g\u00e9lt az arc k\u00f6zepes \u00e9s m\u00e9ly r\u00e1ncainak \u00e9s vonalainak jav\u00edt\u00e1s\u00e1ra.","og_url":"https:\/\/kinamihealth.com\/hu\/termek\/stylage-m-bi-soft-lidokainnal\/","og_site_name":"Kinami Health","article_modified_time":"2026-03-18T09:54:44+00:00","og_image":[{"width":800,"height":800,"url":"https:\/\/kinamihealth.com\/wp-content\/uploads\/2025\/02\/VIVACY-STYLAGE-M-LIDOCAINE-BISOFT-02.jpg","type":"image\/jpeg"}],"twitter_card":"summary_large_image","twitter_misc":{"Becs\u00fclt olvas\u00e1si id\u0151":"1 perc"},"schema":{"@context":"https:\/\/schema.org","@graph":[{"@type":"WebPage","@id":"https:\/\/kinamihealth.com\/hu\/termek\/stylage-m-bi-soft-lidokainnal\/","url":"https:\/\/kinamihealth.com\/hu\/termek\/stylage-m-bi-soft-lidokainnal\/","name":"STYLAGE M BI-SOFT lidokainnal online v\u00e1s\u00e1rl\u00e1s \u2013 k\u00f6zepes r\u00e1ncok ellen","isPartOf":{"@id":"https:\/\/kinamihealth.com\/#website"},"primaryImageOfPage":{"@id":"https:\/\/kinamihealth.com\/hu\/termek\/stylage-m-bi-soft-lidokainnal\/#primaryimage"},"image":{"@id":"https:\/\/kinamihealth.com\/hu\/termek\/stylage-m-bi-soft-lidokainnal\/#primaryimage"},"thumbnailUrl":"https:\/\/kinamihealth.com\/wp-content\/uploads\/2025\/02\/VIVACY-STYLAGE-M-LIDOCAINE-BISOFT-02.jpg","datePublished":"2025-02-15T16:58:09+00:00","dateModified":"2026-03-18T09:54:44+00:00","description":"V\u00e1s\u00e1rolja meg online a STYLAGE M BI-SOFT lidokain tartalommal, \u00e9s haszn\u00e1lja ezt a HA g\u00e9lt az arc k\u00f6zepes \u00e9s m\u00e9ly r\u00e1ncainak \u00e9s vonalainak jav\u00edt\u00e1s\u00e1ra.","breadcrumb":{"@id":"https:\/\/kinamihealth.com\/hu\/termek\/stylage-m-bi-soft-lidokainnal\/#breadcrumb"},"inLanguage":"hu","potentialAction":[{"@type":"ReadAction","target":["https:\/\/kinamihealth.com\/hu\/termek\/stylage-m-bi-soft-lidokainnal\/"]}]},{"@type":"ImageObject","inLanguage":"hu","@id":"https:\/\/kinamihealth.com\/hu\/termek\/stylage-m-bi-soft-lidokainnal\/#primaryimage","url":"https:\/\/kinamihealth.com\/wp-content\/uploads\/2025\/02\/VIVACY-STYLAGE-M-LIDOCAINE-BISOFT-02.jpg","contentUrl":"https:\/\/kinamihealth.com\/wp-content\/uploads\/2025\/02\/VIVACY-STYLAGE-M-LIDOCAINE-BISOFT-02.jpg","width":800,"height":800},{"@type":"BreadcrumbList","@id":"https:\/\/kinamihealth.com\/hu\/termek\/stylage-m-bi-soft-lidokainnal\/#breadcrumb","itemListElement":[{"@type":"ListItem","position":1,"name":"Kezd\u0151lap","item":"https:\/\/kinamihealth.com\/"},{"@type":"ListItem","position":2,"name":"Bolt","item":"https:\/\/kinamihealth.com\/shop\/"},{"@type":"ListItem","position":3,"name":"STYLAGE\u00ae M BI-SOFT\u00ae lidokainnal"}]},{"@type":"WebSite","@id":"https:\/\/kinamihealth.com\/#website","url":"https:\/\/kinamihealth.com\/","name":"Kinami Health","description":"","publisher":{"@id":"https:\/\/kinamihealth.com\/#organization"},"potentialAction":[{"@type":"SearchAction","target":{"@type":"EntryPoint","urlTemplate":"https:\/\/kinamihealth.com\/?s={search_term_string}"},"query-input":{"@type":"PropertyValueSpecification","valueRequired":true,"valueName":"search_term_string"}}],"inLanguage":"hu"},{"@type":"Organization","@id":"https:\/\/kinamihealth.com\/#organization","name":"Kinami Health","url":"https:\/\/kinamihealth.com\/","logo":{"@type":"ImageObject","inLanguage":"hu","@id":"https:\/\/kinamihealth.com\/#\/schema\/logo\/image\/","url":"https:\/\/kinamihealth.com\/wp-content\/uploads\/2025\/01\/KH_logo_black_2-1.png","contentUrl":"https:\/\/kinamihealth.com\/wp-content\/uploads\/2025\/01\/KH_logo_black_2-1.png","width":339,"height":34,"caption":"Kinami Health"},"image":{"@id":"https:\/\/kinamihealth.com\/#\/schema\/logo\/image\/"}}]}},"_links":{"self":[{"href":"https:\/\/kinamihealth.com\/hu\/wp-json\/wp\/v2\/product\/116157","targetHints":{"allow":["GET"]}}],"collection":[{"href":"https:\/\/kinamihealth.com\/hu\/wp-json\/wp\/v2\/product"}],"about":[{"href":"https:\/\/kinamihealth.com\/hu\/wp-json\/wp\/v2\/types\/product"}],"replies":[{"embeddable":true,"href":"https:\/\/kinamihealth.com\/hu\/wp-json\/wp\/v2\/comments?post=116157"}],"version-history":[{"count":1,"href":"https:\/\/kinamihealth.com\/hu\/wp-json\/wp\/v2\/product\/116157\/revisions"}],"predecessor-version":[{"id":133913,"href":"https:\/\/kinamihealth.com\/hu\/wp-json\/wp\/v2\/product\/116157\/revisions\/133913"}],"wp:featuredmedia":[{"embeddable":true,"href":"https:\/\/kinamihealth.com\/hu\/wp-json\/wp\/v2\/media\/116159"}],"wp:attachment":[{"href":"https:\/\/kinamihealth.com\/hu\/wp-json\/wp\/v2\/media?parent=116157"}],"wp:term":[{"taxonomy":"product_brand","embeddable":true,"href":"https:\/\/kinamihealth.com\/hu\/wp-json\/wp\/v2\/product_brand?post=116157"},{"taxonomy":"product_cat","embeddable":true,"href":"https:\/\/kinamihealth.com\/hu\/wp-json\/wp\/v2\/product_cat?post=116157"},{"taxonomy":"product_tag","embeddable":true,"href":"https:\/\/kinamihealth.com\/hu\/wp-json\/wp\/v2\/product_tag?post=116157"}],"curies":[{"name":"wp","href":"https:\/\/api.w.org\/{rel}","templated":true}]}}