{"id":116148,"date":"2025-02-15T16:58:03","date_gmt":"2025-02-15T16:58:03","guid":{"rendered":"https:\/\/kinamihealth.com\/product\/stylage-lips-plus-bi-soft-lidokainnal\/"},"modified":"2025-10-27T21:16:57","modified_gmt":"2025-10-27T21:16:57","slug":"stylage-lips-plus-bi-soft-lidokainnal","status":"publish","type":"product","link":"https:\/\/kinamihealth.com\/hu\/termek\/stylage-lips-plus-bi-soft-lidokainnal\/","title":{"rendered":"STYLAGE\u00ae LIPS PLUS BI-SOFT\u00ae lidokainnal"},"content":{"rendered":"<p>A Stylage\u00ae Special Lips Bi-SOFT Lidocaine l\u00e1that\u00f3an jav\u00edtja az ajkak megjelen\u00e9s\u00e9t, gy\u00f6ny\u00f6r\u0171en \u00fajraform\u00e1lja az ajkak kont\u00farj\u00e1t. A fels\u0151 \u00e9s als\u00f3 ajak ar\u00e1nya term\u00e9szetesen jav\u00edthat\u00f3. Ezenk\u00edv\u00fcl a hialuronsav t\u00f6lt\u0151anyag biztos\u00edtja az ajkak sz\u00e1m\u00e1ra a sz\u00fcks\u00e9ges nedvess\u00e9get \u00e9s term\u00e9szetes f\u00e9nyt.<\/p>\n","protected":false},"excerpt":{"rendered":"<p>A Stylage\u00ae Special Lips Bi-SOFT Lidocaine l\u00e1that\u00f3an jav\u00edtja az ajkak megjelen\u00e9s\u00e9t, gy\u00f6ny\u00f6r\u0171en \u00fajraform\u00e1lja az ajkak kont\u00farj\u00e1t. A fels\u0151 \u00e9s als\u00f3 ajak ar\u00e1nya term\u00e9szetesen jav\u00edthat\u00f3. Ezenk\u00edv\u00fcl a hialuronsav t\u00f6lt\u0151anyag biztos\u00edtja az ajkak sz\u00e1m\u00e1ra a sz\u00fcks\u00e9ges nedvess\u00e9get \u00e9s term\u00e9szetes f\u00e9nyt.<\/p>\n","protected":false},"featured_media":116151,"comment_status":"closed","ping_status":"closed","template":"","meta":{"_acf_changed":false,"inline_featured_image":false},"product_brand":[2257],"product_cat":[2997,3002],"product_tag":[2979],"class_list":{"0":"post-116148","1":"product","2":"type-product","3":"status-publish","4":"has-post-thumbnail","6":"product_brand-stylage","7":"product_cat-dermalis-toltoanyagok","8":"product_cat-ha-borfeltoltok","9":"product_tag-orvostechnikai-eszkozok","11":"first","12":"instock","13":"taxable","14":"shipping-taxable","15":"purchasable","16":"product-type-simple","17":"add-to-wishlist-before_image"},"acf":[],"yoast_head":"<!-- This site is optimized with the Yoast SEO plugin v27.3 - https:\/\/yoast.com\/product\/yoast-seo-wordpress\/ -->\n<title>V\u00e1s\u00e1roljon Stylage Lips Plus Bi-Soft-ot online: Pr\u00e9mium ajakt\u00f6lt\u0151<\/title>\n<meta name=\"description\" content=\"V\u00e1s\u00e1roljon Stylage Lips Plus Bi-Soft-ot online a term\u00e9szetes hat\u00e1s\u00fa ajakfelt\u00f6lt\u00e9shez. Fokozza a volument, a defin\u00edci\u00f3t \u00e9s a hidrat\u00e1lts\u00e1got. Rendeljen m\u00e9g ma!\" \/>\n<meta name=\"robots\" content=\"index, follow, max-snippet:-1, max-image-preview:large, max-video-preview:-1\" \/>\n<link rel=\"canonical\" href=\"https:\/\/kinamihealth.com\/hu\/wp-json\/wp\/v2\/product\/116148\" \/>\n<meta property=\"og:locale\" content=\"hu_HU\" \/>\n<meta property=\"og:type\" content=\"article\" \/>\n<meta property=\"og:title\" content=\"V\u00e1s\u00e1roljon Stylage Lips Plus Bi-Soft-ot online: Pr\u00e9mium ajakt\u00f6lt\u0151\" \/>\n<meta property=\"og:description\" content=\"V\u00e1s\u00e1roljon Stylage Lips Plus Bi-Soft-ot online a term\u00e9szetes hat\u00e1s\u00fa ajakfelt\u00f6lt\u00e9shez. Fokozza a volument, a defin\u00edci\u00f3t \u00e9s a hidrat\u00e1lts\u00e1got. Rendeljen m\u00e9g ma!\" \/>\n<meta property=\"og:url\" content=\"https:\/\/kinamihealth.com\/hu\/termek\/stylage-lips-plus-bi-soft-lidokainnal\/\" \/>\n<meta property=\"og:site_name\" content=\"Kinami Health\" \/>\n<meta property=\"article:modified_time\" content=\"2025-10-27T21:16:57+00:00\" \/>\n<meta property=\"og:image\" content=\"https:\/\/kinamihealth.com\/wp-content\/uploads\/2025\/02\/STYLAGE-LIPS-PLUS-BI-SOFT-with-Lidocaine_Front.webp\" \/>\n\t<meta property=\"og:image:width\" content=\"1500\" \/>\n\t<meta property=\"og:image:height\" content=\"1500\" \/>\n\t<meta property=\"og:image:type\" content=\"image\/webp\" \/>\n<meta name=\"twitter:card\" content=\"summary_large_image\" \/>\n<meta name=\"twitter:label1\" content=\"Becs\u00fclt olvas\u00e1si id\u0151\" \/>\n\t<meta name=\"twitter:data1\" content=\"1 perc\" \/>\n<!-- \/ Yoast SEO plugin. -->","yoast_head_json":{"title":"V\u00e1s\u00e1roljon Stylage Lips Plus Bi-Soft-ot online: Pr\u00e9mium ajakt\u00f6lt\u0151","description":"V\u00e1s\u00e1roljon Stylage Lips Plus Bi-Soft-ot online a term\u00e9szetes hat\u00e1s\u00fa ajakfelt\u00f6lt\u00e9shez. Fokozza a volument, a defin\u00edci\u00f3t \u00e9s a hidrat\u00e1lts\u00e1got. Rendeljen m\u00e9g ma!","robots":{"index":"index","follow":"follow","max-snippet":"max-snippet:-1","max-image-preview":"max-image-preview:large","max-video-preview":"max-video-preview:-1"},"canonical":"https:\/\/kinamihealth.com\/hu\/wp-json\/wp\/v2\/product\/116148","og_locale":"hu_HU","og_type":"article","og_title":"V\u00e1s\u00e1roljon Stylage Lips Plus Bi-Soft-ot online: Pr\u00e9mium ajakt\u00f6lt\u0151","og_description":"V\u00e1s\u00e1roljon Stylage Lips Plus Bi-Soft-ot online a term\u00e9szetes hat\u00e1s\u00fa ajakfelt\u00f6lt\u00e9shez. Fokozza a volument, a defin\u00edci\u00f3t \u00e9s a hidrat\u00e1lts\u00e1got. Rendeljen m\u00e9g ma!","og_url":"https:\/\/kinamihealth.com\/hu\/termek\/stylage-lips-plus-bi-soft-lidokainnal\/","og_site_name":"Kinami Health","article_modified_time":"2025-10-27T21:16:57+00:00","og_image":[{"width":1500,"height":1500,"url":"https:\/\/kinamihealth.com\/wp-content\/uploads\/2025\/02\/STYLAGE-LIPS-PLUS-BI-SOFT-with-Lidocaine_Front.webp","type":"image\/webp"}],"twitter_card":"summary_large_image","twitter_misc":{"Becs\u00fclt olvas\u00e1si id\u0151":"1 perc"},"schema":{"@context":"https:\/\/schema.org","@graph":[{"@type":"WebPage","@id":"https:\/\/kinamihealth.com\/hu\/termek\/stylage-lips-plus-bi-soft-lidokainnal\/","url":"https:\/\/kinamihealth.com\/hu\/termek\/stylage-lips-plus-bi-soft-lidokainnal\/","name":"V\u00e1s\u00e1roljon Stylage Lips Plus Bi-Soft-ot online: Pr\u00e9mium ajakt\u00f6lt\u0151","isPartOf":{"@id":"https:\/\/kinamihealth.com\/#website"},"primaryImageOfPage":{"@id":"https:\/\/kinamihealth.com\/hu\/termek\/stylage-lips-plus-bi-soft-lidokainnal\/#primaryimage"},"image":{"@id":"https:\/\/kinamihealth.com\/hu\/termek\/stylage-lips-plus-bi-soft-lidokainnal\/#primaryimage"},"thumbnailUrl":"https:\/\/kinamihealth.com\/wp-content\/uploads\/2025\/02\/STYLAGE-LIPS-PLUS-BI-SOFT-with-Lidocaine_Front.webp","datePublished":"2025-02-15T16:58:03+00:00","dateModified":"2025-10-27T21:16:57+00:00","description":"V\u00e1s\u00e1roljon Stylage Lips Plus Bi-Soft-ot online a term\u00e9szetes hat\u00e1s\u00fa ajakfelt\u00f6lt\u00e9shez. Fokozza a volument, a defin\u00edci\u00f3t \u00e9s a hidrat\u00e1lts\u00e1got. Rendeljen m\u00e9g ma!","breadcrumb":{"@id":"https:\/\/kinamihealth.com\/hu\/termek\/stylage-lips-plus-bi-soft-lidokainnal\/#breadcrumb"},"inLanguage":"hu","potentialAction":[{"@type":"ReadAction","target":["https:\/\/kinamihealth.com\/hu\/termek\/stylage-lips-plus-bi-soft-lidokainnal\/"]}]},{"@type":"ImageObject","inLanguage":"hu","@id":"https:\/\/kinamihealth.com\/hu\/termek\/stylage-lips-plus-bi-soft-lidokainnal\/#primaryimage","url":"https:\/\/kinamihealth.com\/wp-content\/uploads\/2025\/02\/STYLAGE-LIPS-PLUS-BI-SOFT-with-Lidocaine_Front.webp","contentUrl":"https:\/\/kinamihealth.com\/wp-content\/uploads\/2025\/02\/STYLAGE-LIPS-PLUS-BI-SOFT-with-Lidocaine_Front.webp","width":1500,"height":1500},{"@type":"BreadcrumbList","@id":"https:\/\/kinamihealth.com\/hu\/termek\/stylage-lips-plus-bi-soft-lidokainnal\/#breadcrumb","itemListElement":[{"@type":"ListItem","position":1,"name":"Kezd\u0151lap","item":"https:\/\/kinamihealth.com\/"},{"@type":"ListItem","position":2,"name":"Bolt","item":"https:\/\/kinamihealth.com\/shop\/"},{"@type":"ListItem","position":3,"name":"STYLAGE\u00ae LIPS PLUS BI-SOFT\u00ae lidokainnal"}]},{"@type":"WebSite","@id":"https:\/\/kinamihealth.com\/#website","url":"https:\/\/kinamihealth.com\/","name":"Kinami Health","description":"","publisher":{"@id":"https:\/\/kinamihealth.com\/#organization"},"potentialAction":[{"@type":"SearchAction","target":{"@type":"EntryPoint","urlTemplate":"https:\/\/kinamihealth.com\/?s={search_term_string}"},"query-input":{"@type":"PropertyValueSpecification","valueRequired":true,"valueName":"search_term_string"}}],"inLanguage":"hu"},{"@type":"Organization","@id":"https:\/\/kinamihealth.com\/#organization","name":"Kinami Health","url":"https:\/\/kinamihealth.com\/","logo":{"@type":"ImageObject","inLanguage":"hu","@id":"https:\/\/kinamihealth.com\/#\/schema\/logo\/image\/","url":"https:\/\/kinamihealth.com\/wp-content\/uploads\/2025\/01\/KH_logo_black_2-1.png","contentUrl":"https:\/\/kinamihealth.com\/wp-content\/uploads\/2025\/01\/KH_logo_black_2-1.png","width":339,"height":34,"caption":"Kinami Health"},"image":{"@id":"https:\/\/kinamihealth.com\/#\/schema\/logo\/image\/"}}]}},"_links":{"self":[{"href":"https:\/\/kinamihealth.com\/hu\/wp-json\/wp\/v2\/product\/116148","targetHints":{"allow":["GET"]}}],"collection":[{"href":"https:\/\/kinamihealth.com\/hu\/wp-json\/wp\/v2\/product"}],"about":[{"href":"https:\/\/kinamihealth.com\/hu\/wp-json\/wp\/v2\/types\/product"}],"replies":[{"embeddable":true,"href":"https:\/\/kinamihealth.com\/hu\/wp-json\/wp\/v2\/comments?post=116148"}],"version-history":[{"count":0,"href":"https:\/\/kinamihealth.com\/hu\/wp-json\/wp\/v2\/product\/116148\/revisions"}],"wp:featuredmedia":[{"embeddable":true,"href":"https:\/\/kinamihealth.com\/hu\/wp-json\/wp\/v2\/media\/116151"}],"wp:attachment":[{"href":"https:\/\/kinamihealth.com\/hu\/wp-json\/wp\/v2\/media?parent=116148"}],"wp:term":[{"taxonomy":"product_brand","embeddable":true,"href":"https:\/\/kinamihealth.com\/hu\/wp-json\/wp\/v2\/product_brand?post=116148"},{"taxonomy":"product_cat","embeddable":true,"href":"https:\/\/kinamihealth.com\/hu\/wp-json\/wp\/v2\/product_cat?post=116148"},{"taxonomy":"product_tag","embeddable":true,"href":"https:\/\/kinamihealth.com\/hu\/wp-json\/wp\/v2\/product_tag?post=116148"}],"curies":[{"name":"wp","href":"https:\/\/api.w.org\/{rel}","templated":true}]}}