{"id":116006,"date":"2025-02-15T16:58:22","date_gmt":"2025-02-15T16:58:22","guid":{"rendered":"https:\/\/kinamihealth.com\/product\/sunekos-body\/"},"modified":"2025-10-26T20:22:20","modified_gmt":"2025-10-26T20:22:20","slug":"sunekos-body","status":"publish","type":"product","link":"https:\/\/kinamihealth.com\/hu\/termek\/sunekos-body\/","title":{"rendered":"SUNEKOS\u00ae BODY"},"content":{"rendered":"<p>A Sunekos \u00ae Body ide\u00e1lis term\u00e9k a b\u0151r megereszked\u00e9s\u00e9nek \u00e9s petyh\u00fcdts\u00e9g\u00e9nek, valamint a karok, combok, t\u00e9rdek \u00e9s has ter\u00fclet\u00e9n megjelen\u0151 stri\u00e1k elleni k\u00fczdelemhez.<\/p>\n","protected":false},"excerpt":{"rendered":"<p>A Sunekos \u00ae Body ide\u00e1lis term\u00e9k a b\u0151r megereszked\u00e9s\u00e9nek \u00e9s petyh\u00fcdts\u00e9g\u00e9nek, valamint a karok, combok, t\u00e9rdek \u00e9s has ter\u00fclet\u00e9n megjelen\u0151 stri\u00e1k elleni k\u00fczdelemhez.<\/p>\n","protected":false},"featured_media":116007,"comment_status":"closed","ping_status":"closed","template":"","meta":{"_acf_changed":false,"inline_featured_image":false},"product_brand":[2258],"product_cat":[3045],"product_tag":[2979],"class_list":{"0":"post-116006","1":"product","2":"type-product","3":"status-publish","4":"has-post-thumbnail","6":"product_brand-sunekos","7":"product_cat-testformalas","8":"product_tag-orvostechnikai-eszkozok","10":"first","11":"instock","12":"taxable","13":"shipping-taxable","14":"purchasable","15":"product-type-simple","16":"add-to-wishlist-before_image"},"acf":[],"yoast_head":"<!-- This site is optimized with the Yoast SEO plugin v27.3 - https:\/\/yoast.com\/product\/yoast-seo-wordpress\/ -->\n<title>V\u00e1s\u00e1roljon Sunekos Body \u2013 B\u0151rfeszes\u00edt\u00e9s \u00e9s stri\u00e1k kezel\u00e9s<\/title>\n<meta name=\"description\" content=\"V\u00e1s\u00e1rolja meg a Sunekos Body-t a b\u0151r lazas\u00e1g\u00e1nak \u00e9s a stri\u00e1knak a cs\u00f6kkent\u00e9s\u00e9re. Fokozza a b\u0151r rugalmass\u00e1g\u00e1t \u00e9s helyre\u00e1ll\u00edtsa a b\u0151r szerkezet\u00e9t ezzel az injekci\u00f3s oldattal. Rendelje meg most!\" \/>\n<meta name=\"robots\" content=\"index, follow, max-snippet:-1, max-image-preview:large, max-video-preview:-1\" \/>\n<link rel=\"canonical\" href=\"https:\/\/kinamihealth.com\/hu\/wp-json\/wp\/v2\/product\/116006\" \/>\n<meta property=\"og:locale\" content=\"hu_HU\" \/>\n<meta property=\"og:type\" content=\"article\" \/>\n<meta property=\"og:title\" content=\"V\u00e1s\u00e1roljon Sunekos Body \u2013 B\u0151rfeszes\u00edt\u00e9s \u00e9s stri\u00e1k kezel\u00e9s\" \/>\n<meta property=\"og:description\" content=\"V\u00e1s\u00e1rolja meg a Sunekos Body-t a b\u0151r lazas\u00e1g\u00e1nak \u00e9s a stri\u00e1knak a cs\u00f6kkent\u00e9s\u00e9re. Fokozza a b\u0151r rugalmass\u00e1g\u00e1t \u00e9s helyre\u00e1ll\u00edtsa a b\u0151r szerkezet\u00e9t ezzel az injekci\u00f3s oldattal. Rendelje meg most!\" \/>\n<meta property=\"og:url\" content=\"https:\/\/kinamihealth.com\/hu\/termek\/sunekos-body\/\" \/>\n<meta property=\"og:site_name\" content=\"Kinami Health\" \/>\n<meta property=\"article:modified_time\" content=\"2025-10-26T20:22:20+00:00\" \/>\n<meta property=\"og:image\" content=\"https:\/\/kinamihealth.com\/wp-content\/uploads\/2025\/02\/SUNEKOS-BODY-02.jpg\" \/>\n\t<meta property=\"og:image:width\" content=\"800\" \/>\n\t<meta property=\"og:image:height\" content=\"800\" \/>\n\t<meta property=\"og:image:type\" content=\"image\/jpeg\" \/>\n<meta name=\"twitter:card\" content=\"summary_large_image\" \/>\n<meta name=\"twitter:label1\" content=\"Becs\u00fclt olvas\u00e1si id\u0151\" \/>\n\t<meta name=\"twitter:data1\" content=\"1 perc\" \/>\n<!-- \/ Yoast SEO plugin. -->","yoast_head_json":{"title":"V\u00e1s\u00e1roljon Sunekos Body \u2013 B\u0151rfeszes\u00edt\u00e9s \u00e9s stri\u00e1k kezel\u00e9s","description":"V\u00e1s\u00e1rolja meg a Sunekos Body-t a b\u0151r lazas\u00e1g\u00e1nak \u00e9s a stri\u00e1knak a cs\u00f6kkent\u00e9s\u00e9re. Fokozza a b\u0151r rugalmass\u00e1g\u00e1t \u00e9s helyre\u00e1ll\u00edtsa a b\u0151r szerkezet\u00e9t ezzel az injekci\u00f3s oldattal. Rendelje meg most!","robots":{"index":"index","follow":"follow","max-snippet":"max-snippet:-1","max-image-preview":"max-image-preview:large","max-video-preview":"max-video-preview:-1"},"canonical":"https:\/\/kinamihealth.com\/hu\/wp-json\/wp\/v2\/product\/116006","og_locale":"hu_HU","og_type":"article","og_title":"V\u00e1s\u00e1roljon Sunekos Body \u2013 B\u0151rfeszes\u00edt\u00e9s \u00e9s stri\u00e1k kezel\u00e9s","og_description":"V\u00e1s\u00e1rolja meg a Sunekos Body-t a b\u0151r lazas\u00e1g\u00e1nak \u00e9s a stri\u00e1knak a cs\u00f6kkent\u00e9s\u00e9re. Fokozza a b\u0151r rugalmass\u00e1g\u00e1t \u00e9s helyre\u00e1ll\u00edtsa a b\u0151r szerkezet\u00e9t ezzel az injekci\u00f3s oldattal. Rendelje meg most!","og_url":"https:\/\/kinamihealth.com\/hu\/termek\/sunekos-body\/","og_site_name":"Kinami Health","article_modified_time":"2025-10-26T20:22:20+00:00","og_image":[{"width":800,"height":800,"url":"https:\/\/kinamihealth.com\/wp-content\/uploads\/2025\/02\/SUNEKOS-BODY-02.jpg","type":"image\/jpeg"}],"twitter_card":"summary_large_image","twitter_misc":{"Becs\u00fclt olvas\u00e1si id\u0151":"1 perc"},"schema":{"@context":"https:\/\/schema.org","@graph":[{"@type":"WebPage","@id":"https:\/\/kinamihealth.com\/hu\/termek\/sunekos-body\/","url":"https:\/\/kinamihealth.com\/hu\/termek\/sunekos-body\/","name":"V\u00e1s\u00e1roljon Sunekos Body \u2013 B\u0151rfeszes\u00edt\u00e9s \u00e9s stri\u00e1k kezel\u00e9s","isPartOf":{"@id":"https:\/\/kinamihealth.com\/#website"},"primaryImageOfPage":{"@id":"https:\/\/kinamihealth.com\/hu\/termek\/sunekos-body\/#primaryimage"},"image":{"@id":"https:\/\/kinamihealth.com\/hu\/termek\/sunekos-body\/#primaryimage"},"thumbnailUrl":"https:\/\/kinamihealth.com\/wp-content\/uploads\/2025\/02\/SUNEKOS-BODY-02.jpg","datePublished":"2025-02-15T16:58:22+00:00","dateModified":"2025-10-26T20:22:20+00:00","description":"V\u00e1s\u00e1rolja meg a Sunekos Body-t a b\u0151r lazas\u00e1g\u00e1nak \u00e9s a stri\u00e1knak a cs\u00f6kkent\u00e9s\u00e9re. Fokozza a b\u0151r rugalmass\u00e1g\u00e1t \u00e9s helyre\u00e1ll\u00edtsa a b\u0151r szerkezet\u00e9t ezzel az injekci\u00f3s oldattal. Rendelje meg most!","breadcrumb":{"@id":"https:\/\/kinamihealth.com\/hu\/termek\/sunekos-body\/#breadcrumb"},"inLanguage":"hu","potentialAction":[{"@type":"ReadAction","target":["https:\/\/kinamihealth.com\/hu\/termek\/sunekos-body\/"]}]},{"@type":"ImageObject","inLanguage":"hu","@id":"https:\/\/kinamihealth.com\/hu\/termek\/sunekos-body\/#primaryimage","url":"https:\/\/kinamihealth.com\/wp-content\/uploads\/2025\/02\/SUNEKOS-BODY-02.jpg","contentUrl":"https:\/\/kinamihealth.com\/wp-content\/uploads\/2025\/02\/SUNEKOS-BODY-02.jpg","width":800,"height":800},{"@type":"BreadcrumbList","@id":"https:\/\/kinamihealth.com\/hu\/termek\/sunekos-body\/#breadcrumb","itemListElement":[{"@type":"ListItem","position":1,"name":"Kezd\u0151lap","item":"https:\/\/kinamihealth.com\/"},{"@type":"ListItem","position":2,"name":"Bolt","item":"https:\/\/kinamihealth.com\/shop\/"},{"@type":"ListItem","position":3,"name":"SUNEKOS\u00ae BODY"}]},{"@type":"WebSite","@id":"https:\/\/kinamihealth.com\/#website","url":"https:\/\/kinamihealth.com\/","name":"Kinami Health","description":"","publisher":{"@id":"https:\/\/kinamihealth.com\/#organization"},"potentialAction":[{"@type":"SearchAction","target":{"@type":"EntryPoint","urlTemplate":"https:\/\/kinamihealth.com\/?s={search_term_string}"},"query-input":{"@type":"PropertyValueSpecification","valueRequired":true,"valueName":"search_term_string"}}],"inLanguage":"hu"},{"@type":"Organization","@id":"https:\/\/kinamihealth.com\/#organization","name":"Kinami Health","url":"https:\/\/kinamihealth.com\/","logo":{"@type":"ImageObject","inLanguage":"hu","@id":"https:\/\/kinamihealth.com\/#\/schema\/logo\/image\/","url":"https:\/\/kinamihealth.com\/wp-content\/uploads\/2025\/01\/KH_logo_black_2-1.png","contentUrl":"https:\/\/kinamihealth.com\/wp-content\/uploads\/2025\/01\/KH_logo_black_2-1.png","width":339,"height":34,"caption":"Kinami Health"},"image":{"@id":"https:\/\/kinamihealth.com\/#\/schema\/logo\/image\/"}}]}},"_links":{"self":[{"href":"https:\/\/kinamihealth.com\/hu\/wp-json\/wp\/v2\/product\/116006","targetHints":{"allow":["GET"]}}],"collection":[{"href":"https:\/\/kinamihealth.com\/hu\/wp-json\/wp\/v2\/product"}],"about":[{"href":"https:\/\/kinamihealth.com\/hu\/wp-json\/wp\/v2\/types\/product"}],"replies":[{"embeddable":true,"href":"https:\/\/kinamihealth.com\/hu\/wp-json\/wp\/v2\/comments?post=116006"}],"version-history":[{"count":0,"href":"https:\/\/kinamihealth.com\/hu\/wp-json\/wp\/v2\/product\/116006\/revisions"}],"wp:featuredmedia":[{"embeddable":true,"href":"https:\/\/kinamihealth.com\/hu\/wp-json\/wp\/v2\/media\/116007"}],"wp:attachment":[{"href":"https:\/\/kinamihealth.com\/hu\/wp-json\/wp\/v2\/media?parent=116006"}],"wp:term":[{"taxonomy":"product_brand","embeddable":true,"href":"https:\/\/kinamihealth.com\/hu\/wp-json\/wp\/v2\/product_brand?post=116006"},{"taxonomy":"product_cat","embeddable":true,"href":"https:\/\/kinamihealth.com\/hu\/wp-json\/wp\/v2\/product_cat?post=116006"},{"taxonomy":"product_tag","embeddable":true,"href":"https:\/\/kinamihealth.com\/hu\/wp-json\/wp\/v2\/product_tag?post=116006"}],"curies":[{"name":"wp","href":"https:\/\/api.w.org\/{rel}","templated":true}]}}