{"id":116004,"date":"2025-03-11T18:14:37","date_gmt":"2025-03-11T18:14:37","guid":{"rendered":"https:\/\/kinamihealth.com\/product\/croma-polyphil\/"},"modified":"2025-12-02T15:16:32","modified_gmt":"2025-12-02T15:16:32","slug":"croma-polyphil","status":"publish","type":"product","link":"https:\/\/kinamihealth.com\/hu\/termek\/croma-polyphil\/","title":{"rendered":"CROMA POLYPHIL\u2122"},"content":{"rendered":"<p>A CROMA POLYPHIL\u2122 egy polinukleotid alap\u00fa b\u0151rfeszes\u00edt\u0151, amelynek c\u00e9lja a b\u0151r regener\u00e1l\u00e1sa \u00e9s hidrat\u00e1l\u00e1sa, jav\u00edtva az arc, a nyak, a dekolt\u00e1zs \u00e9s a kezek text\u00far\u00e1j\u00e1t, rugalmass\u00e1g\u00e1t \u00e9s \u00e1ltal\u00e1nos ragyog\u00e1s\u00e1t.<\/p>\n","protected":false},"excerpt":{"rendered":"<p>A CROMA POLYPHIL\u2122 egy polinukleotid alap\u00fa b\u0151rfeszes\u00edt\u0151, amelynek c\u00e9lja a b\u0151r regener\u00e1l\u00e1sa \u00e9s hidrat\u00e1l\u00e1sa, jav\u00edtva az arc, a nyak, a dekolt\u00e1zs \u00e9s a kezek text\u00far\u00e1j\u00e1t, rugalmass\u00e1g\u00e1t \u00e9s \u00e1ltal\u00e1nos ragyog\u00e1s\u00e1t.<\/p>\n","protected":false},"featured_media":116005,"comment_status":"closed","ping_status":"closed","template":"","meta":{"_acf_changed":false,"inline_featured_image":false},"product_brand":[2215],"product_cat":[2997],"product_tag":[2979],"class_list":{"0":"post-116004","1":"product","2":"type-product","3":"status-publish","4":"has-post-thumbnail","6":"product_brand-croma","7":"product_cat-dermalis-toltoanyagok","8":"product_tag-orvostechnikai-eszkozok","10":"first","11":"instock","12":"taxable","13":"shipping-taxable","14":"purchasable","15":"product-type-simple","16":"add-to-wishlist-before_image"},"acf":[],"yoast_head":"<!-- This site is optimized with the Yoast SEO plugin v27.3 - https:\/\/yoast.com\/product\/yoast-seo-wordpress\/ -->\n<title>Rendeljen CROMA POLYPHIL term\u00e9ket online<\/title>\n<meta name=\"description\" content=\"Rendeljen CROMA POLYPHIL Online term\u00e9ket, hogy megb\u00edzhat\u00f3 polinukleotid oldattal t\u00e1mogassa a b\u0151r revitaliz\u00e1ci\u00f3j\u00e1t \u00e9s regener\u00e1l\u00f3d\u00e1s\u00e1t klinikai k\u00f6rnyezetben.\" \/>\n<meta name=\"robots\" content=\"index, follow, max-snippet:-1, max-image-preview:large, max-video-preview:-1\" \/>\n<link rel=\"canonical\" href=\"https:\/\/kinamihealth.com\/hu\/wp-json\/wp\/v2\/product\/116004\" \/>\n<meta property=\"og:locale\" content=\"hu_HU\" \/>\n<meta property=\"og:type\" content=\"article\" \/>\n<meta property=\"og:title\" content=\"Rendeljen CROMA POLYPHIL term\u00e9ket online\" \/>\n<meta property=\"og:description\" content=\"Rendeljen CROMA POLYPHIL Online term\u00e9ket, hogy megb\u00edzhat\u00f3 polinukleotid oldattal t\u00e1mogassa a b\u0151r revitaliz\u00e1ci\u00f3j\u00e1t \u00e9s regener\u00e1l\u00f3d\u00e1s\u00e1t klinikai k\u00f6rnyezetben.\" \/>\n<meta property=\"og:url\" content=\"https:\/\/kinamihealth.com\/hu\/termek\/croma-polyphil\/\" \/>\n<meta property=\"og:site_name\" content=\"Kinami Health\" \/>\n<meta property=\"article:modified_time\" content=\"2025-12-02T15:16:32+00:00\" \/>\n<meta property=\"og:image\" content=\"https:\/\/kinamihealth.com\/wp-content\/uploads\/2025\/03\/CROMA-POLYPHIL_Front-scaled.webp\" \/>\n\t<meta property=\"og:image:width\" content=\"2560\" \/>\n\t<meta property=\"og:image:height\" content=\"2560\" \/>\n\t<meta property=\"og:image:type\" content=\"image\/webp\" \/>\n<meta name=\"twitter:card\" content=\"summary_large_image\" \/>\n<meta name=\"twitter:label1\" content=\"Becs\u00fclt olvas\u00e1si id\u0151\" \/>\n\t<meta name=\"twitter:data1\" content=\"1 perc\" \/>\n<!-- \/ Yoast SEO plugin. -->","yoast_head_json":{"title":"Rendeljen CROMA POLYPHIL term\u00e9ket online","description":"Rendeljen CROMA POLYPHIL Online term\u00e9ket, hogy megb\u00edzhat\u00f3 polinukleotid oldattal t\u00e1mogassa a b\u0151r revitaliz\u00e1ci\u00f3j\u00e1t \u00e9s regener\u00e1l\u00f3d\u00e1s\u00e1t klinikai k\u00f6rnyezetben.","robots":{"index":"index","follow":"follow","max-snippet":"max-snippet:-1","max-image-preview":"max-image-preview:large","max-video-preview":"max-video-preview:-1"},"canonical":"https:\/\/kinamihealth.com\/hu\/wp-json\/wp\/v2\/product\/116004","og_locale":"hu_HU","og_type":"article","og_title":"Rendeljen CROMA POLYPHIL term\u00e9ket online","og_description":"Rendeljen CROMA POLYPHIL Online term\u00e9ket, hogy megb\u00edzhat\u00f3 polinukleotid oldattal t\u00e1mogassa a b\u0151r revitaliz\u00e1ci\u00f3j\u00e1t \u00e9s regener\u00e1l\u00f3d\u00e1s\u00e1t klinikai k\u00f6rnyezetben.","og_url":"https:\/\/kinamihealth.com\/hu\/termek\/croma-polyphil\/","og_site_name":"Kinami Health","article_modified_time":"2025-12-02T15:16:32+00:00","og_image":[{"width":2560,"height":2560,"url":"https:\/\/kinamihealth.com\/wp-content\/uploads\/2025\/03\/CROMA-POLYPHIL_Front-scaled.webp","type":"image\/webp"}],"twitter_card":"summary_large_image","twitter_misc":{"Becs\u00fclt olvas\u00e1si id\u0151":"1 perc"},"schema":{"@context":"https:\/\/schema.org","@graph":[{"@type":"WebPage","@id":"https:\/\/kinamihealth.com\/hu\/termek\/croma-polyphil\/","url":"https:\/\/kinamihealth.com\/hu\/termek\/croma-polyphil\/","name":"Rendeljen CROMA POLYPHIL term\u00e9ket online","isPartOf":{"@id":"https:\/\/kinamihealth.com\/#website"},"primaryImageOfPage":{"@id":"https:\/\/kinamihealth.com\/hu\/termek\/croma-polyphil\/#primaryimage"},"image":{"@id":"https:\/\/kinamihealth.com\/hu\/termek\/croma-polyphil\/#primaryimage"},"thumbnailUrl":"https:\/\/kinamihealth.com\/wp-content\/uploads\/2025\/03\/CROMA-POLYPHIL_Front-scaled.webp","datePublished":"2025-03-11T18:14:37+00:00","dateModified":"2025-12-02T15:16:32+00:00","description":"Rendeljen CROMA POLYPHIL Online term\u00e9ket, hogy megb\u00edzhat\u00f3 polinukleotid oldattal t\u00e1mogassa a b\u0151r revitaliz\u00e1ci\u00f3j\u00e1t \u00e9s regener\u00e1l\u00f3d\u00e1s\u00e1t klinikai k\u00f6rnyezetben.","breadcrumb":{"@id":"https:\/\/kinamihealth.com\/hu\/termek\/croma-polyphil\/#breadcrumb"},"inLanguage":"hu","potentialAction":[{"@type":"ReadAction","target":["https:\/\/kinamihealth.com\/hu\/termek\/croma-polyphil\/"]}]},{"@type":"ImageObject","inLanguage":"hu","@id":"https:\/\/kinamihealth.com\/hu\/termek\/croma-polyphil\/#primaryimage","url":"https:\/\/kinamihealth.com\/wp-content\/uploads\/2025\/03\/CROMA-POLYPHIL_Front-scaled.webp","contentUrl":"https:\/\/kinamihealth.com\/wp-content\/uploads\/2025\/03\/CROMA-POLYPHIL_Front-scaled.webp","width":2560,"height":2560},{"@type":"BreadcrumbList","@id":"https:\/\/kinamihealth.com\/hu\/termek\/croma-polyphil\/#breadcrumb","itemListElement":[{"@type":"ListItem","position":1,"name":"Kezd\u0151lap","item":"https:\/\/kinamihealth.com\/"},{"@type":"ListItem","position":2,"name":"Bolt","item":"https:\/\/kinamihealth.com\/shop\/"},{"@type":"ListItem","position":3,"name":"CROMA POLYPHIL\u2122"}]},{"@type":"WebSite","@id":"https:\/\/kinamihealth.com\/#website","url":"https:\/\/kinamihealth.com\/","name":"Kinami Health","description":"","publisher":{"@id":"https:\/\/kinamihealth.com\/#organization"},"potentialAction":[{"@type":"SearchAction","target":{"@type":"EntryPoint","urlTemplate":"https:\/\/kinamihealth.com\/?s={search_term_string}"},"query-input":{"@type":"PropertyValueSpecification","valueRequired":true,"valueName":"search_term_string"}}],"inLanguage":"hu"},{"@type":"Organization","@id":"https:\/\/kinamihealth.com\/#organization","name":"Kinami Health","url":"https:\/\/kinamihealth.com\/","logo":{"@type":"ImageObject","inLanguage":"hu","@id":"https:\/\/kinamihealth.com\/#\/schema\/logo\/image\/","url":"https:\/\/kinamihealth.com\/wp-content\/uploads\/2025\/01\/KH_logo_black_2-1.png","contentUrl":"https:\/\/kinamihealth.com\/wp-content\/uploads\/2025\/01\/KH_logo_black_2-1.png","width":339,"height":34,"caption":"Kinami Health"},"image":{"@id":"https:\/\/kinamihealth.com\/#\/schema\/logo\/image\/"}}]}},"_links":{"self":[{"href":"https:\/\/kinamihealth.com\/hu\/wp-json\/wp\/v2\/product\/116004","targetHints":{"allow":["GET"]}}],"collection":[{"href":"https:\/\/kinamihealth.com\/hu\/wp-json\/wp\/v2\/product"}],"about":[{"href":"https:\/\/kinamihealth.com\/hu\/wp-json\/wp\/v2\/types\/product"}],"replies":[{"embeddable":true,"href":"https:\/\/kinamihealth.com\/hu\/wp-json\/wp\/v2\/comments?post=116004"}],"version-history":[{"count":0,"href":"https:\/\/kinamihealth.com\/hu\/wp-json\/wp\/v2\/product\/116004\/revisions"}],"wp:featuredmedia":[{"embeddable":true,"href":"https:\/\/kinamihealth.com\/hu\/wp-json\/wp\/v2\/media\/116005"}],"wp:attachment":[{"href":"https:\/\/kinamihealth.com\/hu\/wp-json\/wp\/v2\/media?parent=116004"}],"wp:term":[{"taxonomy":"product_brand","embeddable":true,"href":"https:\/\/kinamihealth.com\/hu\/wp-json\/wp\/v2\/product_brand?post=116004"},{"taxonomy":"product_cat","embeddable":true,"href":"https:\/\/kinamihealth.com\/hu\/wp-json\/wp\/v2\/product_cat?post=116004"},{"taxonomy":"product_tag","embeddable":true,"href":"https:\/\/kinamihealth.com\/hu\/wp-json\/wp\/v2\/product_tag?post=116004"}],"curies":[{"name":"wp","href":"https:\/\/api.w.org\/{rel}","templated":true}]}}