{"id":116002,"date":"2025-03-11T18:14:36","date_gmt":"2025-03-11T18:14:36","guid":{"rendered":"https:\/\/kinamihealth.com\/product\/cingal\/"},"modified":"2025-10-26T16:38:25","modified_gmt":"2025-10-26T16:38:25","slug":"cingal","status":"publish","type":"product","link":"https:\/\/kinamihealth.com\/hu\/termek\/cingal\/","title":{"rendered":"CINGAL\u00ae"},"content":{"rendered":"<p>A CINGAL\u00ae egy gyorsan hat\u00f3, hossz\u00fa t\u00e1v\u00fa injekci\u00f3s kezel\u00e9s, amely hialuronsavat \u00e9s kortikoszteroidot kombin\u00e1l, hogy gyors f\u00e1jdalomcsillap\u00edt\u00e1st \u00e9s jobb \u00edz\u00fcleti funkci\u00f3t biztos\u00edtson az osteoarthritisben szenved\u0151 szem\u00e9lyek sz\u00e1m\u00e1ra.<\/p>\n","protected":false},"excerpt":{"rendered":"<p>A CINGAL\u00ae egy gyorsan hat\u00f3, hossz\u00fa t\u00e1v\u00fa injekci\u00f3s kezel\u00e9s, amely hialuronsavat \u00e9s kortikoszteroidot kombin\u00e1l, hogy gyors f\u00e1jdalomcsillap\u00edt\u00e1st \u00e9s jobb \u00edz\u00fcleti funkci\u00f3t biztos\u00edtson az osteoarthritisben szenved\u0151 szem\u00e9lyek sz\u00e1m\u00e1ra.<\/p>\n","protected":false},"featured_media":116003,"comment_status":"closed","ping_status":"closed","template":"","meta":{"_acf_changed":false,"inline_featured_image":false},"product_brand":[2231],"product_cat":[2978],"product_tag":[2979],"class_list":{"0":"post-116002","1":"product","2":"type-product","3":"status-publish","4":"has-post-thumbnail","6":"product_brand-cingal","7":"product_cat-ortopediai-injekciok","8":"product_tag-orvostechnikai-eszkozok","10":"first","11":"instock","12":"taxable","13":"shipping-taxable","14":"purchasable","15":"product-type-simple","16":"add-to-wishlist-before_image"},"acf":[],"yoast_head":"<!-- This site is optimized with the Yoast SEO plugin v27.3 - https:\/\/yoast.com\/product\/yoast-seo-wordpress\/ -->\n<title>V\u00e1s\u00e1roljon Cingal t\u00e9rdf\u00e1jdalomcsillap\u00edt\u00f3 injekci\u00f3t a Kinami Health \u00e1ruh\u00e1zban<\/title>\n<meta name=\"description\" content=\"V\u00e1s\u00e1rolja meg a Cingal injekci\u00f3t, \u00e9s biztos\u00edtson c\u00e9lzott t\u00e9rdf\u00e1jdalom-cs\u00f6kkent\u00e9st osteoarthritisben szenved\u0151 p\u00e1cienseinek!\" \/>\n<meta name=\"robots\" content=\"index, follow, max-snippet:-1, max-image-preview:large, max-video-preview:-1\" \/>\n<link rel=\"canonical\" href=\"https:\/\/kinamihealth.com\/hu\/wp-json\/wp\/v2\/product\/116002\" \/>\n<meta property=\"og:locale\" content=\"hu_HU\" \/>\n<meta property=\"og:type\" content=\"article\" \/>\n<meta property=\"og:title\" content=\"V\u00e1s\u00e1roljon Cingal t\u00e9rdf\u00e1jdalomcsillap\u00edt\u00f3 injekci\u00f3t a Kinami Health \u00e1ruh\u00e1zban\" \/>\n<meta property=\"og:description\" content=\"V\u00e1s\u00e1rolja meg a Cingal injekci\u00f3t, \u00e9s biztos\u00edtson c\u00e9lzott t\u00e9rdf\u00e1jdalom-cs\u00f6kkent\u00e9st osteoarthritisben szenved\u0151 p\u00e1cienseinek!\" \/>\n<meta property=\"og:url\" content=\"https:\/\/kinamihealth.com\/hu\/termek\/cingal\/\" \/>\n<meta property=\"og:site_name\" content=\"Kinami Health\" \/>\n<meta property=\"article:modified_time\" content=\"2025-10-26T16:38:25+00:00\" \/>\n<meta property=\"og:image\" content=\"https:\/\/kinamihealth.com\/wp-content\/uploads\/2025\/03\/CINGAL-4ML-01.webp\" \/>\n\t<meta property=\"og:image:width\" content=\"800\" \/>\n\t<meta property=\"og:image:height\" content=\"800\" \/>\n\t<meta property=\"og:image:type\" content=\"image\/webp\" \/>\n<meta name=\"twitter:card\" content=\"summary_large_image\" \/>\n<meta name=\"twitter:label1\" content=\"Becs\u00fclt olvas\u00e1si id\u0151\" \/>\n\t<meta name=\"twitter:data1\" content=\"1 perc\" \/>\n<!-- \/ Yoast SEO plugin. -->","yoast_head_json":{"title":"V\u00e1s\u00e1roljon Cingal t\u00e9rdf\u00e1jdalomcsillap\u00edt\u00f3 injekci\u00f3t a Kinami Health \u00e1ruh\u00e1zban","description":"V\u00e1s\u00e1rolja meg a Cingal injekci\u00f3t, \u00e9s biztos\u00edtson c\u00e9lzott t\u00e9rdf\u00e1jdalom-cs\u00f6kkent\u00e9st osteoarthritisben szenved\u0151 p\u00e1cienseinek!","robots":{"index":"index","follow":"follow","max-snippet":"max-snippet:-1","max-image-preview":"max-image-preview:large","max-video-preview":"max-video-preview:-1"},"canonical":"https:\/\/kinamihealth.com\/hu\/wp-json\/wp\/v2\/product\/116002","og_locale":"hu_HU","og_type":"article","og_title":"V\u00e1s\u00e1roljon Cingal t\u00e9rdf\u00e1jdalomcsillap\u00edt\u00f3 injekci\u00f3t a Kinami Health \u00e1ruh\u00e1zban","og_description":"V\u00e1s\u00e1rolja meg a Cingal injekci\u00f3t, \u00e9s biztos\u00edtson c\u00e9lzott t\u00e9rdf\u00e1jdalom-cs\u00f6kkent\u00e9st osteoarthritisben szenved\u0151 p\u00e1cienseinek!","og_url":"https:\/\/kinamihealth.com\/hu\/termek\/cingal\/","og_site_name":"Kinami Health","article_modified_time":"2025-10-26T16:38:25+00:00","og_image":[{"width":800,"height":800,"url":"https:\/\/kinamihealth.com\/wp-content\/uploads\/2025\/03\/CINGAL-4ML-01.webp","type":"image\/webp"}],"twitter_card":"summary_large_image","twitter_misc":{"Becs\u00fclt olvas\u00e1si id\u0151":"1 perc"},"schema":{"@context":"https:\/\/schema.org","@graph":[{"@type":"WebPage","@id":"https:\/\/kinamihealth.com\/hu\/termek\/cingal\/","url":"https:\/\/kinamihealth.com\/hu\/termek\/cingal\/","name":"V\u00e1s\u00e1roljon Cingal t\u00e9rdf\u00e1jdalomcsillap\u00edt\u00f3 injekci\u00f3t a Kinami Health \u00e1ruh\u00e1zban","isPartOf":{"@id":"https:\/\/kinamihealth.com\/#website"},"primaryImageOfPage":{"@id":"https:\/\/kinamihealth.com\/hu\/termek\/cingal\/#primaryimage"},"image":{"@id":"https:\/\/kinamihealth.com\/hu\/termek\/cingal\/#primaryimage"},"thumbnailUrl":"https:\/\/kinamihealth.com\/wp-content\/uploads\/2025\/03\/CINGAL-4ML-01.webp","datePublished":"2025-03-11T18:14:36+00:00","dateModified":"2025-10-26T16:38:25+00:00","description":"V\u00e1s\u00e1rolja meg a Cingal injekci\u00f3t, \u00e9s biztos\u00edtson c\u00e9lzott t\u00e9rdf\u00e1jdalom-cs\u00f6kkent\u00e9st osteoarthritisben szenved\u0151 p\u00e1cienseinek!","breadcrumb":{"@id":"https:\/\/kinamihealth.com\/hu\/termek\/cingal\/#breadcrumb"},"inLanguage":"hu","potentialAction":[{"@type":"ReadAction","target":["https:\/\/kinamihealth.com\/hu\/termek\/cingal\/"]}]},{"@type":"ImageObject","inLanguage":"hu","@id":"https:\/\/kinamihealth.com\/hu\/termek\/cingal\/#primaryimage","url":"https:\/\/kinamihealth.com\/wp-content\/uploads\/2025\/03\/CINGAL-4ML-01.webp","contentUrl":"https:\/\/kinamihealth.com\/wp-content\/uploads\/2025\/03\/CINGAL-4ML-01.webp","width":800,"height":800},{"@type":"BreadcrumbList","@id":"https:\/\/kinamihealth.com\/hu\/termek\/cingal\/#breadcrumb","itemListElement":[{"@type":"ListItem","position":1,"name":"Kezd\u0151lap","item":"https:\/\/kinamihealth.com\/"},{"@type":"ListItem","position":2,"name":"Bolt","item":"https:\/\/kinamihealth.com\/shop\/"},{"@type":"ListItem","position":3,"name":"CINGAL\u00ae"}]},{"@type":"WebSite","@id":"https:\/\/kinamihealth.com\/#website","url":"https:\/\/kinamihealth.com\/","name":"Kinami Health","description":"","publisher":{"@id":"https:\/\/kinamihealth.com\/#organization"},"potentialAction":[{"@type":"SearchAction","target":{"@type":"EntryPoint","urlTemplate":"https:\/\/kinamihealth.com\/?s={search_term_string}"},"query-input":{"@type":"PropertyValueSpecification","valueRequired":true,"valueName":"search_term_string"}}],"inLanguage":"hu"},{"@type":"Organization","@id":"https:\/\/kinamihealth.com\/#organization","name":"Kinami Health","url":"https:\/\/kinamihealth.com\/","logo":{"@type":"ImageObject","inLanguage":"hu","@id":"https:\/\/kinamihealth.com\/#\/schema\/logo\/image\/","url":"https:\/\/kinamihealth.com\/wp-content\/uploads\/2025\/01\/KH_logo_black_2-1.png","contentUrl":"https:\/\/kinamihealth.com\/wp-content\/uploads\/2025\/01\/KH_logo_black_2-1.png","width":339,"height":34,"caption":"Kinami Health"},"image":{"@id":"https:\/\/kinamihealth.com\/#\/schema\/logo\/image\/"}}]}},"_links":{"self":[{"href":"https:\/\/kinamihealth.com\/hu\/wp-json\/wp\/v2\/product\/116002","targetHints":{"allow":["GET"]}}],"collection":[{"href":"https:\/\/kinamihealth.com\/hu\/wp-json\/wp\/v2\/product"}],"about":[{"href":"https:\/\/kinamihealth.com\/hu\/wp-json\/wp\/v2\/types\/product"}],"replies":[{"embeddable":true,"href":"https:\/\/kinamihealth.com\/hu\/wp-json\/wp\/v2\/comments?post=116002"}],"version-history":[{"count":0,"href":"https:\/\/kinamihealth.com\/hu\/wp-json\/wp\/v2\/product\/116002\/revisions"}],"wp:featuredmedia":[{"embeddable":true,"href":"https:\/\/kinamihealth.com\/hu\/wp-json\/wp\/v2\/media\/116003"}],"wp:attachment":[{"href":"https:\/\/kinamihealth.com\/hu\/wp-json\/wp\/v2\/media?parent=116002"}],"wp:term":[{"taxonomy":"product_brand","embeddable":true,"href":"https:\/\/kinamihealth.com\/hu\/wp-json\/wp\/v2\/product_brand?post=116002"},{"taxonomy":"product_cat","embeddable":true,"href":"https:\/\/kinamihealth.com\/hu\/wp-json\/wp\/v2\/product_cat?post=116002"},{"taxonomy":"product_tag","embeddable":true,"href":"https:\/\/kinamihealth.com\/hu\/wp-json\/wp\/v2\/product_tag?post=116002"}],"curies":[{"name":"wp","href":"https:\/\/api.w.org\/{rel}","templated":true}]}}