{"id":115979,"date":"2025-03-11T18:14:47","date_gmt":"2025-03-11T18:14:47","guid":{"rendered":"https:\/\/kinamihealth.com\/product\/monovisc\/"},"modified":"2026-04-02T14:13:15","modified_gmt":"2026-04-02T14:13:15","slug":"monovisc","status":"publish","type":"product","link":"https:\/\/kinamihealth.com\/hu\/termek\/monovisc\/","title":{"rendered":"MONOVISC\u00ae"},"content":{"rendered":"<p>A MONOVISC\u00ae egy egyszeri injekci\u00f3val alkalmazhat\u00f3 hialuronsav-kezel\u00e9s, amely tart\u00f3s enyh\u00fcl\u00e9st ny\u00fajt a t\u00e9rd osteoarthritis okozta f\u00e1jdalmak eset\u00e9n. Hat\u00e1s\u00e1t az \u00edz\u00fcletek ken\u00e9s\u00e9nek \u00e9s p\u00e1rn\u00e1z\u00e1s\u00e1nak helyre\u00e1ll\u00edt\u00e1s\u00e1val, a kellemetlen \u00e9rz\u00e9s cs\u00f6kkent\u00e9s\u00e9vel \u00e9s a mozg\u00e9konys\u00e1g jav\u00edt\u00e1s\u00e1val fejti ki. Nem \u00e1llati eredet\u0171, stabiliz\u00e1lt hialuronsavval k\u00e9sz\u00fclt MONOVISC\u00ae biztons\u00e1gos \u00e9s hat\u00e9kony, nem seb\u00e9szi beavatkoz\u00e1st ig\u00e9nyl\u0151 megold\u00e1st k\u00edn\u00e1l azoknak a betegeknek, akik tart\u00f3s f\u00e1jdalomcsillap\u00edt\u00e1st keresnek.<\/p>\n","protected":false},"excerpt":{"rendered":"<p>A MONOVISC\u00ae egy egyszeri injekci\u00f3val alkalmazhat\u00f3 hialuronsav-kezel\u00e9s, amely tart\u00f3s enyh\u00fcl\u00e9st ny\u00fajt a t\u00e9rd osteoarthritis okozta f\u00e1jdalmak eset\u00e9n. Hat\u00e1s\u00e1t az \u00edz\u00fcletek ken\u00e9s\u00e9nek \u00e9s p\u00e1rn\u00e1z\u00e1s\u00e1nak helyre\u00e1ll\u00edt\u00e1s\u00e1val, a kellemetlen \u00e9rz\u00e9s cs\u00f6kkent\u00e9s\u00e9vel \u00e9s a mozg\u00e9konys\u00e1g jav\u00edt\u00e1s\u00e1val fejti ki. Nem \u00e1llati eredet\u0171, stabiliz\u00e1lt hialuronsavval k\u00e9sz\u00fclt MONOVISC\u00ae biztons\u00e1gos \u00e9s hat\u00e9kony, nem seb\u00e9szi beavatkoz\u00e1st ig\u00e9nyl\u0151 megold\u00e1st k\u00edn\u00e1l azoknak a betegeknek, akik tart\u00f3s [&hellip;]<\/p>\n","protected":false},"featured_media":115983,"comment_status":"closed","ping_status":"closed","template":"","meta":{"_acf_changed":false,"inline_featured_image":false},"product_brand":[2243],"product_cat":[2978],"product_tag":[2979],"class_list":{"0":"post-115979","1":"product","2":"type-product","3":"status-publish","4":"has-post-thumbnail","6":"product_brand-monovisc","7":"product_cat-ortopediai-injekciok","8":"product_tag-orvostechnikai-eszkozok","10":"first","11":"instock","12":"taxable","13":"shipping-taxable","14":"purchasable","15":"product-type-simple","16":"add-to-wishlist-before_image"},"acf":[],"yoast_head":"<!-- This site is optimized with the Yoast SEO plugin v27.3 - https:\/\/yoast.com\/product\/yoast-seo-wordpress\/ -->\n<title>V\u00e1s\u00e1roljon Monovisc injekci\u00f3t online \u2013 hosszan tart\u00f3 osteoarthritis enyh\u00edt\u00e9s<\/title>\n<meta name=\"description\" content=\"V\u00e1s\u00e1roljon Monovisc injekci\u00f3kat online hat\u00e9kony osteoarthritis f\u00e1jdalomcsillap\u00edt\u00e1sra. Egyszeri adag\u00fa HA kezel\u00e9s az \u00edz\u00fcletek ken\u00e9s\u00e9re \u00e9s mozg\u00e9konys\u00e1g\u00e1ra. Rendeljen a Kinami Health-t\u0151l.\" \/>\n<meta name=\"robots\" content=\"index, follow, max-snippet:-1, max-image-preview:large, max-video-preview:-1\" \/>\n<link rel=\"canonical\" href=\"https:\/\/kinamihealth.com\/hu\/wp-json\/wp\/v2\/product\/115979\" \/>\n<meta property=\"og:locale\" content=\"hu_HU\" \/>\n<meta property=\"og:type\" content=\"article\" \/>\n<meta property=\"og:title\" content=\"V\u00e1s\u00e1roljon Monovisc injekci\u00f3t online \u2013 hosszan tart\u00f3 osteoarthritis enyh\u00edt\u00e9s\" \/>\n<meta property=\"og:description\" content=\"V\u00e1s\u00e1roljon Monovisc injekci\u00f3kat online hat\u00e9kony osteoarthritis f\u00e1jdalomcsillap\u00edt\u00e1sra. Egyszeri adag\u00fa HA kezel\u00e9s az \u00edz\u00fcletek ken\u00e9s\u00e9re \u00e9s mozg\u00e9konys\u00e1g\u00e1ra. Rendeljen a Kinami Health-t\u0151l.\" \/>\n<meta property=\"og:url\" content=\"https:\/\/kinamihealth.com\/hu\/termek\/monovisc\/\" \/>\n<meta property=\"og:site_name\" content=\"Kinami Health\" \/>\n<meta property=\"article:modified_time\" content=\"2026-04-02T14:13:15+00:00\" \/>\n<meta property=\"og:image\" content=\"https:\/\/kinamihealth.com\/wp-content\/uploads\/2025\/03\/MONOVISC-4ML-04.webp\" \/>\n\t<meta property=\"og:image:width\" content=\"800\" \/>\n\t<meta property=\"og:image:height\" content=\"800\" \/>\n\t<meta property=\"og:image:type\" content=\"image\/webp\" \/>\n<meta name=\"twitter:card\" content=\"summary_large_image\" \/>\n<meta name=\"twitter:label1\" content=\"Becs\u00fclt olvas\u00e1si id\u0151\" \/>\n\t<meta name=\"twitter:data1\" content=\"1 perc\" \/>\n<!-- \/ Yoast SEO plugin. -->","yoast_head_json":{"title":"V\u00e1s\u00e1roljon Monovisc injekci\u00f3t online \u2013 hosszan tart\u00f3 osteoarthritis enyh\u00edt\u00e9s","description":"V\u00e1s\u00e1roljon Monovisc injekci\u00f3kat online hat\u00e9kony osteoarthritis f\u00e1jdalomcsillap\u00edt\u00e1sra. Egyszeri adag\u00fa HA kezel\u00e9s az \u00edz\u00fcletek ken\u00e9s\u00e9re \u00e9s mozg\u00e9konys\u00e1g\u00e1ra. Rendeljen a Kinami Health-t\u0151l.","robots":{"index":"index","follow":"follow","max-snippet":"max-snippet:-1","max-image-preview":"max-image-preview:large","max-video-preview":"max-video-preview:-1"},"canonical":"https:\/\/kinamihealth.com\/hu\/wp-json\/wp\/v2\/product\/115979","og_locale":"hu_HU","og_type":"article","og_title":"V\u00e1s\u00e1roljon Monovisc injekci\u00f3t online \u2013 hosszan tart\u00f3 osteoarthritis enyh\u00edt\u00e9s","og_description":"V\u00e1s\u00e1roljon Monovisc injekci\u00f3kat online hat\u00e9kony osteoarthritis f\u00e1jdalomcsillap\u00edt\u00e1sra. Egyszeri adag\u00fa HA kezel\u00e9s az \u00edz\u00fcletek ken\u00e9s\u00e9re \u00e9s mozg\u00e9konys\u00e1g\u00e1ra. Rendeljen a Kinami Health-t\u0151l.","og_url":"https:\/\/kinamihealth.com\/hu\/termek\/monovisc\/","og_site_name":"Kinami Health","article_modified_time":"2026-04-02T14:13:15+00:00","og_image":[{"width":800,"height":800,"url":"https:\/\/kinamihealth.com\/wp-content\/uploads\/2025\/03\/MONOVISC-4ML-04.webp","type":"image\/webp"}],"twitter_card":"summary_large_image","twitter_misc":{"Becs\u00fclt olvas\u00e1si id\u0151":"1 perc"},"schema":{"@context":"https:\/\/schema.org","@graph":[{"@type":"WebPage","@id":"https:\/\/kinamihealth.com\/hu\/termek\/monovisc\/","url":"https:\/\/kinamihealth.com\/hu\/termek\/monovisc\/","name":"V\u00e1s\u00e1roljon Monovisc injekci\u00f3t online \u2013 hosszan tart\u00f3 osteoarthritis enyh\u00edt\u00e9s","isPartOf":{"@id":"https:\/\/kinamihealth.com\/#website"},"primaryImageOfPage":{"@id":"https:\/\/kinamihealth.com\/hu\/termek\/monovisc\/#primaryimage"},"image":{"@id":"https:\/\/kinamihealth.com\/hu\/termek\/monovisc\/#primaryimage"},"thumbnailUrl":"https:\/\/kinamihealth.com\/wp-content\/uploads\/2025\/03\/MONOVISC-4ML-04.webp","datePublished":"2025-03-11T18:14:47+00:00","dateModified":"2026-04-02T14:13:15+00:00","description":"V\u00e1s\u00e1roljon Monovisc injekci\u00f3kat online hat\u00e9kony osteoarthritis f\u00e1jdalomcsillap\u00edt\u00e1sra. Egyszeri adag\u00fa HA kezel\u00e9s az \u00edz\u00fcletek ken\u00e9s\u00e9re \u00e9s mozg\u00e9konys\u00e1g\u00e1ra. Rendeljen a Kinami Health-t\u0151l.","breadcrumb":{"@id":"https:\/\/kinamihealth.com\/hu\/termek\/monovisc\/#breadcrumb"},"inLanguage":"hu","potentialAction":[{"@type":"ReadAction","target":["https:\/\/kinamihealth.com\/hu\/termek\/monovisc\/"]}]},{"@type":"ImageObject","inLanguage":"hu","@id":"https:\/\/kinamihealth.com\/hu\/termek\/monovisc\/#primaryimage","url":"https:\/\/kinamihealth.com\/wp-content\/uploads\/2025\/03\/MONOVISC-4ML-04.webp","contentUrl":"https:\/\/kinamihealth.com\/wp-content\/uploads\/2025\/03\/MONOVISC-4ML-04.webp","width":800,"height":800},{"@type":"BreadcrumbList","@id":"https:\/\/kinamihealth.com\/hu\/termek\/monovisc\/#breadcrumb","itemListElement":[{"@type":"ListItem","position":1,"name":"Kezd\u0151lap","item":"https:\/\/kinamihealth.com\/"},{"@type":"ListItem","position":2,"name":"Bolt","item":"https:\/\/kinamihealth.com\/shop\/"},{"@type":"ListItem","position":3,"name":"MONOVISC\u00ae"}]},{"@type":"WebSite","@id":"https:\/\/kinamihealth.com\/#website","url":"https:\/\/kinamihealth.com\/","name":"Kinami Health","description":"","publisher":{"@id":"https:\/\/kinamihealth.com\/#organization"},"potentialAction":[{"@type":"SearchAction","target":{"@type":"EntryPoint","urlTemplate":"https:\/\/kinamihealth.com\/?s={search_term_string}"},"query-input":{"@type":"PropertyValueSpecification","valueRequired":true,"valueName":"search_term_string"}}],"inLanguage":"hu"},{"@type":"Organization","@id":"https:\/\/kinamihealth.com\/#organization","name":"Kinami Health","url":"https:\/\/kinamihealth.com\/","logo":{"@type":"ImageObject","inLanguage":"hu","@id":"https:\/\/kinamihealth.com\/#\/schema\/logo\/image\/","url":"https:\/\/kinamihealth.com\/wp-content\/uploads\/2025\/01\/KH_logo_black_2-1.png","contentUrl":"https:\/\/kinamihealth.com\/wp-content\/uploads\/2025\/01\/KH_logo_black_2-1.png","width":339,"height":34,"caption":"Kinami Health"},"image":{"@id":"https:\/\/kinamihealth.com\/#\/schema\/logo\/image\/"}}]}},"_links":{"self":[{"href":"https:\/\/kinamihealth.com\/hu\/wp-json\/wp\/v2\/product\/115979","targetHints":{"allow":["GET"]}}],"collection":[{"href":"https:\/\/kinamihealth.com\/hu\/wp-json\/wp\/v2\/product"}],"about":[{"href":"https:\/\/kinamihealth.com\/hu\/wp-json\/wp\/v2\/types\/product"}],"replies":[{"embeddable":true,"href":"https:\/\/kinamihealth.com\/hu\/wp-json\/wp\/v2\/comments?post=115979"}],"version-history":[{"count":1,"href":"https:\/\/kinamihealth.com\/hu\/wp-json\/wp\/v2\/product\/115979\/revisions"}],"predecessor-version":[{"id":134349,"href":"https:\/\/kinamihealth.com\/hu\/wp-json\/wp\/v2\/product\/115979\/revisions\/134349"}],"wp:featuredmedia":[{"embeddable":true,"href":"https:\/\/kinamihealth.com\/hu\/wp-json\/wp\/v2\/media\/115983"}],"wp:attachment":[{"href":"https:\/\/kinamihealth.com\/hu\/wp-json\/wp\/v2\/media?parent=115979"}],"wp:term":[{"taxonomy":"product_brand","embeddable":true,"href":"https:\/\/kinamihealth.com\/hu\/wp-json\/wp\/v2\/product_brand?post=115979"},{"taxonomy":"product_cat","embeddable":true,"href":"https:\/\/kinamihealth.com\/hu\/wp-json\/wp\/v2\/product_cat?post=115979"},{"taxonomy":"product_tag","embeddable":true,"href":"https:\/\/kinamihealth.com\/hu\/wp-json\/wp\/v2\/product_tag?post=115979"}],"curies":[{"name":"wp","href":"https:\/\/api.w.org\/{rel}","templated":true}]}}