{"id":115977,"date":"2025-03-11T18:14:46","date_gmt":"2025-03-11T18:14:46","guid":{"rendered":"https:\/\/kinamihealth.com\/product\/lanluma-v\/"},"modified":"2025-10-25T20:30:10","modified_gmt":"2025-10-25T20:30:10","slug":"lanluma-v","status":"publish","type":"product","link":"https:\/\/kinamihealth.com\/hu\/termek\/lanluma-v\/","title":{"rendered":"LANLUMA\u00ae V"},"content":{"rendered":"<p>A Lanluma V egy innovat\u00edv, kollag\u00e9ntermel\u00e9st serkent\u0151 injekci\u00f3s k\u00e9sz\u00edtm\u00e9ny, amelynek c\u00e9lja a b\u0151r t\u00e9rfogat\u00e1nak, kont\u00farj\u00e1nak \u00e9s min\u0151s\u00e9g\u00e9nek jav\u00edt\u00e1sa. Ide\u00e1lis nem seb\u00e9szi test- \u00e9s arcfiatal\u00edt\u00e1shoz, fokozatosan jav\u00edtja a b\u0151r text\u00far\u00e1j\u00e1t \u00e9s feszess\u00e9g\u00e9t, tart\u00f3s, term\u00e9szetes eredm\u00e9nyt biztos\u00edtva.<\/p>\n","protected":false},"excerpt":{"rendered":"<p>A Lanluma V egy innovat\u00edv, kollag\u00e9ntermel\u00e9st serkent\u0151 injekci\u00f3s k\u00e9sz\u00edtm\u00e9ny, amelynek c\u00e9lja a b\u0151r t\u00e9rfogat\u00e1nak, kont\u00farj\u00e1nak \u00e9s min\u0151s\u00e9g\u00e9nek jav\u00edt\u00e1sa. Ide\u00e1lis nem seb\u00e9szi test- \u00e9s arcfiatal\u00edt\u00e1shoz, fokozatosan jav\u00edtja a b\u0151r text\u00far\u00e1j\u00e1t \u00e9s feszess\u00e9g\u00e9t, tart\u00f3s, term\u00e9szetes eredm\u00e9nyt biztos\u00edtva.<\/p>\n","protected":false},"featured_media":115978,"comment_status":"closed","ping_status":"closed","template":"","meta":{"_acf_changed":false,"inline_featured_image":false},"product_brand":[2240],"product_cat":[2997],"product_tag":[2979],"class_list":{"0":"post-115977","1":"product","2":"type-product","3":"status-publish","4":"has-post-thumbnail","6":"product_brand-lanluma","7":"product_cat-dermalis-toltoanyagok","8":"product_tag-orvostechnikai-eszkozok","10":"first","11":"instock","12":"taxable","13":"shipping-taxable","14":"purchasable","15":"product-type-simple","16":"add-to-wishlist-before_image"},"acf":[],"yoast_head":"<!-- This site is optimized with the Yoast SEO plugin v27.3 - https:\/\/yoast.com\/product\/yoast-seo-wordpress\/ -->\n<title>V\u00e1s\u00e1roljon Lanluma V-t online - biztons\u00e1gos \u00e9s hat\u00e9kony kollag\u00e9n stimul\u00e1ci\u00f3<\/title>\n<meta name=\"description\" content=\"V\u00e1s\u00e1roljon Lanluma V-t online a b\u0151r volumen\u00e9nek n\u00f6vel\u00e9s\u00e9hez \u00e9s a kollag\u00e9ntermel\u00e9s fokoz\u00e1s\u00e1hoz ezzel a hosszan tart\u00f3 PLLA injekci\u00f3val. Gyors sz\u00e1ll\u00edt\u00e1s a Kinami Health-t\u0151l.\" \/>\n<meta name=\"robots\" content=\"index, follow, max-snippet:-1, max-image-preview:large, max-video-preview:-1\" \/>\n<link rel=\"canonical\" href=\"https:\/\/kinamihealth.com\/hu\/wp-json\/wp\/v2\/product\/115977\" \/>\n<meta property=\"og:locale\" content=\"hu_HU\" \/>\n<meta property=\"og:type\" content=\"article\" \/>\n<meta property=\"og:title\" content=\"V\u00e1s\u00e1roljon Lanluma V-t online - biztons\u00e1gos \u00e9s hat\u00e9kony kollag\u00e9n stimul\u00e1ci\u00f3\" \/>\n<meta property=\"og:description\" content=\"V\u00e1s\u00e1roljon Lanluma V-t online a b\u0151r volumen\u00e9nek n\u00f6vel\u00e9s\u00e9hez \u00e9s a kollag\u00e9ntermel\u00e9s fokoz\u00e1s\u00e1hoz ezzel a hosszan tart\u00f3 PLLA injekci\u00f3val. Gyors sz\u00e1ll\u00edt\u00e1s a Kinami Health-t\u0151l.\" \/>\n<meta property=\"og:url\" content=\"https:\/\/kinamihealth.com\/hu\/termek\/lanluma-v\/\" \/>\n<meta property=\"og:site_name\" content=\"Kinami Health\" \/>\n<meta property=\"article:modified_time\" content=\"2025-10-25T20:30:10+00:00\" \/>\n<meta property=\"og:image\" content=\"https:\/\/kinamihealth.com\/wp-content\/uploads\/2025\/03\/LANLUMA\u00ae-V.jpg\" \/>\n\t<meta property=\"og:image:width\" content=\"800\" \/>\n\t<meta property=\"og:image:height\" content=\"800\" \/>\n\t<meta property=\"og:image:type\" content=\"image\/jpeg\" \/>\n<meta name=\"twitter:card\" content=\"summary_large_image\" \/>\n<meta name=\"twitter:label1\" content=\"Becs\u00fclt olvas\u00e1si id\u0151\" \/>\n\t<meta name=\"twitter:data1\" content=\"1 perc\" \/>\n<!-- \/ Yoast SEO plugin. -->","yoast_head_json":{"title":"V\u00e1s\u00e1roljon Lanluma V-t online - biztons\u00e1gos \u00e9s hat\u00e9kony kollag\u00e9n stimul\u00e1ci\u00f3","description":"V\u00e1s\u00e1roljon Lanluma V-t online a b\u0151r volumen\u00e9nek n\u00f6vel\u00e9s\u00e9hez \u00e9s a kollag\u00e9ntermel\u00e9s fokoz\u00e1s\u00e1hoz ezzel a hosszan tart\u00f3 PLLA injekci\u00f3val. Gyors sz\u00e1ll\u00edt\u00e1s a Kinami Health-t\u0151l.","robots":{"index":"index","follow":"follow","max-snippet":"max-snippet:-1","max-image-preview":"max-image-preview:large","max-video-preview":"max-video-preview:-1"},"canonical":"https:\/\/kinamihealth.com\/hu\/wp-json\/wp\/v2\/product\/115977","og_locale":"hu_HU","og_type":"article","og_title":"V\u00e1s\u00e1roljon Lanluma V-t online - biztons\u00e1gos \u00e9s hat\u00e9kony kollag\u00e9n stimul\u00e1ci\u00f3","og_description":"V\u00e1s\u00e1roljon Lanluma V-t online a b\u0151r volumen\u00e9nek n\u00f6vel\u00e9s\u00e9hez \u00e9s a kollag\u00e9ntermel\u00e9s fokoz\u00e1s\u00e1hoz ezzel a hosszan tart\u00f3 PLLA injekci\u00f3val. Gyors sz\u00e1ll\u00edt\u00e1s a Kinami Health-t\u0151l.","og_url":"https:\/\/kinamihealth.com\/hu\/termek\/lanluma-v\/","og_site_name":"Kinami Health","article_modified_time":"2025-10-25T20:30:10+00:00","og_image":[{"width":800,"height":800,"url":"https:\/\/kinamihealth.com\/wp-content\/uploads\/2025\/03\/LANLUMA\u00ae-V.jpg","type":"image\/jpeg"}],"twitter_card":"summary_large_image","twitter_misc":{"Becs\u00fclt olvas\u00e1si id\u0151":"1 perc"},"schema":{"@context":"https:\/\/schema.org","@graph":[{"@type":"WebPage","@id":"https:\/\/kinamihealth.com\/hu\/termek\/lanluma-v\/","url":"https:\/\/kinamihealth.com\/hu\/termek\/lanluma-v\/","name":"V\u00e1s\u00e1roljon Lanluma V-t online - biztons\u00e1gos \u00e9s hat\u00e9kony kollag\u00e9n stimul\u00e1ci\u00f3","isPartOf":{"@id":"https:\/\/kinamihealth.com\/#website"},"primaryImageOfPage":{"@id":"https:\/\/kinamihealth.com\/hu\/termek\/lanluma-v\/#primaryimage"},"image":{"@id":"https:\/\/kinamihealth.com\/hu\/termek\/lanluma-v\/#primaryimage"},"thumbnailUrl":"https:\/\/kinamihealth.com\/wp-content\/uploads\/2025\/03\/LANLUMA\u00ae-V.jpg","datePublished":"2025-03-11T18:14:46+00:00","dateModified":"2025-10-25T20:30:10+00:00","description":"V\u00e1s\u00e1roljon Lanluma V-t online a b\u0151r volumen\u00e9nek n\u00f6vel\u00e9s\u00e9hez \u00e9s a kollag\u00e9ntermel\u00e9s fokoz\u00e1s\u00e1hoz ezzel a hosszan tart\u00f3 PLLA injekci\u00f3val. Gyors sz\u00e1ll\u00edt\u00e1s a Kinami Health-t\u0151l.","breadcrumb":{"@id":"https:\/\/kinamihealth.com\/hu\/termek\/lanluma-v\/#breadcrumb"},"inLanguage":"hu","potentialAction":[{"@type":"ReadAction","target":["https:\/\/kinamihealth.com\/hu\/termek\/lanluma-v\/"]}]},{"@type":"ImageObject","inLanguage":"hu","@id":"https:\/\/kinamihealth.com\/hu\/termek\/lanluma-v\/#primaryimage","url":"https:\/\/kinamihealth.com\/wp-content\/uploads\/2025\/03\/LANLUMA\u00ae-V.jpg","contentUrl":"https:\/\/kinamihealth.com\/wp-content\/uploads\/2025\/03\/LANLUMA\u00ae-V.jpg","width":800,"height":800},{"@type":"BreadcrumbList","@id":"https:\/\/kinamihealth.com\/hu\/termek\/lanluma-v\/#breadcrumb","itemListElement":[{"@type":"ListItem","position":1,"name":"Kezd\u0151lap","item":"https:\/\/kinamihealth.com\/"},{"@type":"ListItem","position":2,"name":"Bolt","item":"https:\/\/kinamihealth.com\/shop\/"},{"@type":"ListItem","position":3,"name":"LANLUMA\u00ae V"}]},{"@type":"WebSite","@id":"https:\/\/kinamihealth.com\/#website","url":"https:\/\/kinamihealth.com\/","name":"Kinami Health","description":"","publisher":{"@id":"https:\/\/kinamihealth.com\/#organization"},"potentialAction":[{"@type":"SearchAction","target":{"@type":"EntryPoint","urlTemplate":"https:\/\/kinamihealth.com\/?s={search_term_string}"},"query-input":{"@type":"PropertyValueSpecification","valueRequired":true,"valueName":"search_term_string"}}],"inLanguage":"hu"},{"@type":"Organization","@id":"https:\/\/kinamihealth.com\/#organization","name":"Kinami Health","url":"https:\/\/kinamihealth.com\/","logo":{"@type":"ImageObject","inLanguage":"hu","@id":"https:\/\/kinamihealth.com\/#\/schema\/logo\/image\/","url":"https:\/\/kinamihealth.com\/wp-content\/uploads\/2025\/01\/KH_logo_black_2-1.png","contentUrl":"https:\/\/kinamihealth.com\/wp-content\/uploads\/2025\/01\/KH_logo_black_2-1.png","width":339,"height":34,"caption":"Kinami Health"},"image":{"@id":"https:\/\/kinamihealth.com\/#\/schema\/logo\/image\/"}}]}},"_links":{"self":[{"href":"https:\/\/kinamihealth.com\/hu\/wp-json\/wp\/v2\/product\/115977","targetHints":{"allow":["GET"]}}],"collection":[{"href":"https:\/\/kinamihealth.com\/hu\/wp-json\/wp\/v2\/product"}],"about":[{"href":"https:\/\/kinamihealth.com\/hu\/wp-json\/wp\/v2\/types\/product"}],"replies":[{"embeddable":true,"href":"https:\/\/kinamihealth.com\/hu\/wp-json\/wp\/v2\/comments?post=115977"}],"version-history":[{"count":0,"href":"https:\/\/kinamihealth.com\/hu\/wp-json\/wp\/v2\/product\/115977\/revisions"}],"wp:featuredmedia":[{"embeddable":true,"href":"https:\/\/kinamihealth.com\/hu\/wp-json\/wp\/v2\/media\/115978"}],"wp:attachment":[{"href":"https:\/\/kinamihealth.com\/hu\/wp-json\/wp\/v2\/media?parent=115977"}],"wp:term":[{"taxonomy":"product_brand","embeddable":true,"href":"https:\/\/kinamihealth.com\/hu\/wp-json\/wp\/v2\/product_brand?post=115977"},{"taxonomy":"product_cat","embeddable":true,"href":"https:\/\/kinamihealth.com\/hu\/wp-json\/wp\/v2\/product_cat?post=115977"},{"taxonomy":"product_tag","embeddable":true,"href":"https:\/\/kinamihealth.com\/hu\/wp-json\/wp\/v2\/product_tag?post=115977"}],"curies":[{"name":"wp","href":"https:\/\/api.w.org\/{rel}","templated":true}]}}