{"id":115975,"date":"2025-03-11T18:14:42","date_gmt":"2025-03-11T18:14:42","guid":{"rendered":"https:\/\/kinamihealth.com\/product\/jalupro-young-eye\/"},"modified":"2025-10-25T20:48:10","modified_gmt":"2025-10-25T20:48:10","slug":"jalupro-young-eye","status":"publish","type":"product","link":"https:\/\/kinamihealth.com\/hu\/termek\/jalupro-young-eye\/","title":{"rendered":"JALUPRO\u00ae YOUNG EYE"},"content":{"rendered":"<p>A JALUPRO\u00ae Young Eye egy fejlett injekci\u00f3s kezel\u00e9s, amely a k\u00e9nyes szemk\u00f6rny\u00e9k fiatal\u00edt\u00e1s\u00e1ra lett kifejlesztve. Cs\u00f6kkenti a finom r\u00e1ncokat, a s\u00f6t\u00e9t karik\u00e1kat \u00e9s a duzzanatokat, mik\u00f6zben fokozza a kollag\u00e9n termel\u00e9st, \u00edgy friss, fiatalos megjelen\u00e9st biztos\u00edt.<\/p>\n","protected":false},"excerpt":{"rendered":"<p>A JALUPRO\u00ae Young Eye egy fejlett injekci\u00f3s kezel\u00e9s, amely a k\u00e9nyes szemk\u00f6rny\u00e9k fiatal\u00edt\u00e1s\u00e1ra lett kifejlesztve. Cs\u00f6kkenti a finom r\u00e1ncokat, a s\u00f6t\u00e9t karik\u00e1kat \u00e9s a duzzanatokat, mik\u00f6zben fokozza a kollag\u00e9n termel\u00e9st, \u00edgy friss, fiatalos megjelen\u00e9st biztos\u00edt.<\/p>\n","protected":false},"featured_media":115976,"comment_status":"closed","ping_status":"closed","template":"","meta":{"_acf_changed":false,"inline_featured_image":false},"product_brand":[2218],"product_cat":[2997],"product_tag":[2979],"class_list":{"0":"post-115975","1":"product","2":"type-product","3":"status-publish","4":"has-post-thumbnail","6":"product_brand-jalupro","7":"product_cat-dermalis-toltoanyagok","8":"product_tag-orvostechnikai-eszkozok","10":"first","11":"instock","12":"taxable","13":"shipping-taxable","14":"purchasable","15":"product-type-simple","16":"add-to-wishlist-before_image"},"acf":[],"yoast_head":"<!-- This site is optimized with the Yoast SEO plugin v27.3 - https:\/\/yoast.com\/product\/yoast-seo-wordpress\/ -->\n<title>V\u00e1s\u00e1roljon Jalupro Young Eye-t online r\u00e1ncokra \u00e9s duzzanatokra<\/title>\n<meta name=\"description\" content=\"V\u00e1s\u00e1roljon Jalupro Young Eye-t online a s\u00f6t\u00e9t karik\u00e1k, duzzanatok, szarkal\u00e1bak, finom vonalak \u00e9s r\u00e1ncok kezel\u00e9s\u00e9re, ami sim\u00e1bb, feszesebb b\u0151rt eredm\u00e9nyez a szem k\u00f6r\u00fcl.\" \/>\n<meta name=\"robots\" content=\"index, follow, max-snippet:-1, max-image-preview:large, max-video-preview:-1\" \/>\n<link rel=\"canonical\" href=\"https:\/\/kinamihealth.com\/hu\/wp-json\/wp\/v2\/product\/115975\" \/>\n<meta property=\"og:locale\" content=\"hu_HU\" \/>\n<meta property=\"og:type\" content=\"article\" \/>\n<meta property=\"og:title\" content=\"V\u00e1s\u00e1roljon Jalupro Young Eye-t online r\u00e1ncokra \u00e9s duzzanatokra\" \/>\n<meta property=\"og:description\" content=\"V\u00e1s\u00e1roljon Jalupro Young Eye-t online a s\u00f6t\u00e9t karik\u00e1k, duzzanatok, szarkal\u00e1bak, finom vonalak \u00e9s r\u00e1ncok kezel\u00e9s\u00e9re, ami sim\u00e1bb, feszesebb b\u0151rt eredm\u00e9nyez a szem k\u00f6r\u00fcl.\" \/>\n<meta property=\"og:url\" content=\"https:\/\/kinamihealth.com\/hu\/termek\/jalupro-young-eye\/\" \/>\n<meta property=\"og:site_name\" content=\"Kinami Health\" \/>\n<meta property=\"article:modified_time\" content=\"2025-10-25T20:48:10+00:00\" \/>\n<meta property=\"og:image\" content=\"https:\/\/kinamihealth.com\/wp-content\/uploads\/2025\/03\/JALUPRO\u00ae-YOUNG-EYE.jpg\" \/>\n\t<meta property=\"og:image:width\" content=\"800\" \/>\n\t<meta property=\"og:image:height\" content=\"800\" \/>\n\t<meta property=\"og:image:type\" content=\"image\/jpeg\" \/>\n<meta name=\"twitter:card\" content=\"summary_large_image\" \/>\n<meta name=\"twitter:label1\" content=\"Becs\u00fclt olvas\u00e1si id\u0151\" \/>\n\t<meta name=\"twitter:data1\" content=\"1 perc\" \/>\n<!-- \/ Yoast SEO plugin. -->","yoast_head_json":{"title":"V\u00e1s\u00e1roljon Jalupro Young Eye-t online r\u00e1ncokra \u00e9s duzzanatokra","description":"V\u00e1s\u00e1roljon Jalupro Young Eye-t online a s\u00f6t\u00e9t karik\u00e1k, duzzanatok, szarkal\u00e1bak, finom vonalak \u00e9s r\u00e1ncok kezel\u00e9s\u00e9re, ami sim\u00e1bb, feszesebb b\u0151rt eredm\u00e9nyez a szem k\u00f6r\u00fcl.","robots":{"index":"index","follow":"follow","max-snippet":"max-snippet:-1","max-image-preview":"max-image-preview:large","max-video-preview":"max-video-preview:-1"},"canonical":"https:\/\/kinamihealth.com\/hu\/wp-json\/wp\/v2\/product\/115975","og_locale":"hu_HU","og_type":"article","og_title":"V\u00e1s\u00e1roljon Jalupro Young Eye-t online r\u00e1ncokra \u00e9s duzzanatokra","og_description":"V\u00e1s\u00e1roljon Jalupro Young Eye-t online a s\u00f6t\u00e9t karik\u00e1k, duzzanatok, szarkal\u00e1bak, finom vonalak \u00e9s r\u00e1ncok kezel\u00e9s\u00e9re, ami sim\u00e1bb, feszesebb b\u0151rt eredm\u00e9nyez a szem k\u00f6r\u00fcl.","og_url":"https:\/\/kinamihealth.com\/hu\/termek\/jalupro-young-eye\/","og_site_name":"Kinami Health","article_modified_time":"2025-10-25T20:48:10+00:00","og_image":[{"width":800,"height":800,"url":"https:\/\/kinamihealth.com\/wp-content\/uploads\/2025\/03\/JALUPRO\u00ae-YOUNG-EYE.jpg","type":"image\/jpeg"}],"twitter_card":"summary_large_image","twitter_misc":{"Becs\u00fclt olvas\u00e1si id\u0151":"1 perc"},"schema":{"@context":"https:\/\/schema.org","@graph":[{"@type":"WebPage","@id":"https:\/\/kinamihealth.com\/hu\/termek\/jalupro-young-eye\/","url":"https:\/\/kinamihealth.com\/hu\/termek\/jalupro-young-eye\/","name":"V\u00e1s\u00e1roljon Jalupro Young Eye-t online r\u00e1ncokra \u00e9s duzzanatokra","isPartOf":{"@id":"https:\/\/kinamihealth.com\/#website"},"primaryImageOfPage":{"@id":"https:\/\/kinamihealth.com\/hu\/termek\/jalupro-young-eye\/#primaryimage"},"image":{"@id":"https:\/\/kinamihealth.com\/hu\/termek\/jalupro-young-eye\/#primaryimage"},"thumbnailUrl":"https:\/\/kinamihealth.com\/wp-content\/uploads\/2025\/03\/JALUPRO\u00ae-YOUNG-EYE.jpg","datePublished":"2025-03-11T18:14:42+00:00","dateModified":"2025-10-25T20:48:10+00:00","description":"V\u00e1s\u00e1roljon Jalupro Young Eye-t online a s\u00f6t\u00e9t karik\u00e1k, duzzanatok, szarkal\u00e1bak, finom vonalak \u00e9s r\u00e1ncok kezel\u00e9s\u00e9re, ami sim\u00e1bb, feszesebb b\u0151rt eredm\u00e9nyez a szem k\u00f6r\u00fcl.","breadcrumb":{"@id":"https:\/\/kinamihealth.com\/hu\/termek\/jalupro-young-eye\/#breadcrumb"},"inLanguage":"hu","potentialAction":[{"@type":"ReadAction","target":["https:\/\/kinamihealth.com\/hu\/termek\/jalupro-young-eye\/"]}]},{"@type":"ImageObject","inLanguage":"hu","@id":"https:\/\/kinamihealth.com\/hu\/termek\/jalupro-young-eye\/#primaryimage","url":"https:\/\/kinamihealth.com\/wp-content\/uploads\/2025\/03\/JALUPRO\u00ae-YOUNG-EYE.jpg","contentUrl":"https:\/\/kinamihealth.com\/wp-content\/uploads\/2025\/03\/JALUPRO\u00ae-YOUNG-EYE.jpg","width":800,"height":800},{"@type":"BreadcrumbList","@id":"https:\/\/kinamihealth.com\/hu\/termek\/jalupro-young-eye\/#breadcrumb","itemListElement":[{"@type":"ListItem","position":1,"name":"Kezd\u0151lap","item":"https:\/\/kinamihealth.com\/"},{"@type":"ListItem","position":2,"name":"Bolt","item":"https:\/\/kinamihealth.com\/shop\/"},{"@type":"ListItem","position":3,"name":"JALUPRO\u00ae YOUNG EYE"}]},{"@type":"WebSite","@id":"https:\/\/kinamihealth.com\/#website","url":"https:\/\/kinamihealth.com\/","name":"Kinami Health","description":"","publisher":{"@id":"https:\/\/kinamihealth.com\/#organization"},"potentialAction":[{"@type":"SearchAction","target":{"@type":"EntryPoint","urlTemplate":"https:\/\/kinamihealth.com\/?s={search_term_string}"},"query-input":{"@type":"PropertyValueSpecification","valueRequired":true,"valueName":"search_term_string"}}],"inLanguage":"hu"},{"@type":"Organization","@id":"https:\/\/kinamihealth.com\/#organization","name":"Kinami Health","url":"https:\/\/kinamihealth.com\/","logo":{"@type":"ImageObject","inLanguage":"hu","@id":"https:\/\/kinamihealth.com\/#\/schema\/logo\/image\/","url":"https:\/\/kinamihealth.com\/wp-content\/uploads\/2025\/01\/KH_logo_black_2-1.png","contentUrl":"https:\/\/kinamihealth.com\/wp-content\/uploads\/2025\/01\/KH_logo_black_2-1.png","width":339,"height":34,"caption":"Kinami Health"},"image":{"@id":"https:\/\/kinamihealth.com\/#\/schema\/logo\/image\/"}}]}},"_links":{"self":[{"href":"https:\/\/kinamihealth.com\/hu\/wp-json\/wp\/v2\/product\/115975","targetHints":{"allow":["GET"]}}],"collection":[{"href":"https:\/\/kinamihealth.com\/hu\/wp-json\/wp\/v2\/product"}],"about":[{"href":"https:\/\/kinamihealth.com\/hu\/wp-json\/wp\/v2\/types\/product"}],"replies":[{"embeddable":true,"href":"https:\/\/kinamihealth.com\/hu\/wp-json\/wp\/v2\/comments?post=115975"}],"version-history":[{"count":0,"href":"https:\/\/kinamihealth.com\/hu\/wp-json\/wp\/v2\/product\/115975\/revisions"}],"wp:featuredmedia":[{"embeddable":true,"href":"https:\/\/kinamihealth.com\/hu\/wp-json\/wp\/v2\/media\/115976"}],"wp:attachment":[{"href":"https:\/\/kinamihealth.com\/hu\/wp-json\/wp\/v2\/media?parent=115975"}],"wp:term":[{"taxonomy":"product_brand","embeddable":true,"href":"https:\/\/kinamihealth.com\/hu\/wp-json\/wp\/v2\/product_brand?post=115975"},{"taxonomy":"product_cat","embeddable":true,"href":"https:\/\/kinamihealth.com\/hu\/wp-json\/wp\/v2\/product_cat?post=115975"},{"taxonomy":"product_tag","embeddable":true,"href":"https:\/\/kinamihealth.com\/hu\/wp-json\/wp\/v2\/product_tag?post=115975"}],"curies":[{"name":"wp","href":"https:\/\/api.w.org\/{rel}","templated":true}]}}