{"id":115973,"date":"2025-03-11T18:14:42","date_gmt":"2025-03-11T18:14:42","guid":{"rendered":"https:\/\/kinamihealth.com\/product\/intraline-tr2390\/"},"modified":"2025-10-25T20:34:36","modified_gmt":"2025-10-25T20:34:36","slug":"intraline-tr2390","status":"publish","type":"product","link":"https:\/\/kinamihealth.com\/hu\/termek\/intraline-tr2390\/","title":{"rendered":"INTRALINE\u00ae TR2390"},"content":{"rendered":"<p>Az INTRALINE\u00ae TR2390 egy pr\u00e9mium PDO sz\u00e1l, amelyet nem seb\u00e9szi lifting \u00e9s b\u0151rfiatal\u00edt\u00e1s c\u00e9lj\u00e1ra fejlesztettek ki. Fokozza a kollag\u00e9ntermel\u00e9st, jav\u00edtja a b\u0151r feszess\u00e9g\u00e9t, \u00e9s term\u00e9szetes, tart\u00f3s lifting hat\u00e1st biztos\u00edt a fiatalosabb megjelen\u00e9s \u00e9rdek\u00e9ben.<\/p>\n","protected":false},"excerpt":{"rendered":"<p>Az INTRALINE\u00ae TR2390 egy pr\u00e9mium PDO sz\u00e1l, amelyet nem seb\u00e9szi lifting \u00e9s b\u0151rfiatal\u00edt\u00e1s c\u00e9lj\u00e1ra fejlesztettek ki. Fokozza a kollag\u00e9ntermel\u00e9st, jav\u00edtja a b\u0151r feszess\u00e9g\u00e9t, \u00e9s term\u00e9szetes, tart\u00f3s lifting hat\u00e1st biztos\u00edt a fiatalosabb megjelen\u00e9s \u00e9rdek\u00e9ben.<\/p>\n","protected":false},"featured_media":115974,"comment_status":"closed","ping_status":"closed","template":"","meta":{"_acf_changed":false,"inline_featured_image":false},"product_brand":[2238],"product_cat":[3027],"product_tag":[2979],"class_list":{"0":"post-115973","1":"product","2":"type-product","3":"status-publish","4":"has-post-thumbnail","6":"product_brand-intraline","7":"product_cat-szalak","8":"product_tag-orvostechnikai-eszkozok","10":"first","11":"instock","12":"taxable","13":"shipping-taxable","14":"purchasable","15":"product-type-simple","16":"add-to-wishlist-before_image"},"acf":[],"yoast_head":"<!-- This site is optimized with the Yoast SEO plugin v27.3 - https:\/\/yoast.com\/product\/yoast-seo-wordpress\/ -->\n<title>V\u00e1s\u00e1roljon Intraline TR2390 term\u00e9ket online \u2013 Kiv\u00e1l\u00f3 min\u0151s\u00e9g\u0171 PDO sz\u00e1ltechnol\u00f3gia<\/title>\n<meta name=\"description\" content=\"V\u00e1s\u00e1rolja meg online az Intraline TR2390 term\u00e9ket a legmodernebb PDO sz\u00e1ltechnol\u00f3gi\u00e1\u00e9rt. Kiv\u00e1l\u00f3 b\u0151rfeszes\u00edt\u00e9s, lifting \u00e9s fiatal\u00edt\u00e1s a p\u00e1cienseinek.\" \/>\n<meta name=\"robots\" content=\"index, follow, max-snippet:-1, max-image-preview:large, max-video-preview:-1\" \/>\n<link rel=\"canonical\" href=\"https:\/\/kinamihealth.com\/hu\/wp-json\/wp\/v2\/product\/115973\" \/>\n<meta property=\"og:locale\" content=\"hu_HU\" \/>\n<meta property=\"og:type\" content=\"article\" \/>\n<meta property=\"og:title\" content=\"V\u00e1s\u00e1roljon Intraline TR2390 term\u00e9ket online \u2013 Kiv\u00e1l\u00f3 min\u0151s\u00e9g\u0171 PDO sz\u00e1ltechnol\u00f3gia\" \/>\n<meta property=\"og:description\" content=\"V\u00e1s\u00e1rolja meg online az Intraline TR2390 term\u00e9ket a legmodernebb PDO sz\u00e1ltechnol\u00f3gi\u00e1\u00e9rt. Kiv\u00e1l\u00f3 b\u0151rfeszes\u00edt\u00e9s, lifting \u00e9s fiatal\u00edt\u00e1s a p\u00e1cienseinek.\" \/>\n<meta property=\"og:url\" content=\"https:\/\/kinamihealth.com\/hu\/termek\/intraline-tr2390\/\" \/>\n<meta property=\"og:site_name\" content=\"Kinami Health\" \/>\n<meta property=\"article:modified_time\" content=\"2025-10-25T20:34:36+00:00\" \/>\n<meta property=\"og:image\" content=\"https:\/\/kinamihealth.com\/wp-content\/uploads\/2025\/03\/INTRALINE-TR2390.jpg\" \/>\n\t<meta property=\"og:image:width\" content=\"533\" \/>\n\t<meta property=\"og:image:height\" content=\"800\" \/>\n\t<meta property=\"og:image:type\" content=\"image\/jpeg\" \/>\n<meta name=\"twitter:card\" content=\"summary_large_image\" \/>\n<meta name=\"twitter:label1\" content=\"Becs\u00fclt olvas\u00e1si id\u0151\" \/>\n\t<meta name=\"twitter:data1\" content=\"1 perc\" \/>\n<!-- \/ Yoast SEO plugin. -->","yoast_head_json":{"title":"V\u00e1s\u00e1roljon Intraline TR2390 term\u00e9ket online \u2013 Kiv\u00e1l\u00f3 min\u0151s\u00e9g\u0171 PDO sz\u00e1ltechnol\u00f3gia","description":"V\u00e1s\u00e1rolja meg online az Intraline TR2390 term\u00e9ket a legmodernebb PDO sz\u00e1ltechnol\u00f3gi\u00e1\u00e9rt. Kiv\u00e1l\u00f3 b\u0151rfeszes\u00edt\u00e9s, lifting \u00e9s fiatal\u00edt\u00e1s a p\u00e1cienseinek.","robots":{"index":"index","follow":"follow","max-snippet":"max-snippet:-1","max-image-preview":"max-image-preview:large","max-video-preview":"max-video-preview:-1"},"canonical":"https:\/\/kinamihealth.com\/hu\/wp-json\/wp\/v2\/product\/115973","og_locale":"hu_HU","og_type":"article","og_title":"V\u00e1s\u00e1roljon Intraline TR2390 term\u00e9ket online \u2013 Kiv\u00e1l\u00f3 min\u0151s\u00e9g\u0171 PDO sz\u00e1ltechnol\u00f3gia","og_description":"V\u00e1s\u00e1rolja meg online az Intraline TR2390 term\u00e9ket a legmodernebb PDO sz\u00e1ltechnol\u00f3gi\u00e1\u00e9rt. Kiv\u00e1l\u00f3 b\u0151rfeszes\u00edt\u00e9s, lifting \u00e9s fiatal\u00edt\u00e1s a p\u00e1cienseinek.","og_url":"https:\/\/kinamihealth.com\/hu\/termek\/intraline-tr2390\/","og_site_name":"Kinami Health","article_modified_time":"2025-10-25T20:34:36+00:00","og_image":[{"width":533,"height":800,"url":"https:\/\/kinamihealth.com\/wp-content\/uploads\/2025\/03\/INTRALINE-TR2390.jpg","type":"image\/jpeg"}],"twitter_card":"summary_large_image","twitter_misc":{"Becs\u00fclt olvas\u00e1si id\u0151":"1 perc"},"schema":{"@context":"https:\/\/schema.org","@graph":[{"@type":"WebPage","@id":"https:\/\/kinamihealth.com\/hu\/termek\/intraline-tr2390\/","url":"https:\/\/kinamihealth.com\/hu\/termek\/intraline-tr2390\/","name":"V\u00e1s\u00e1roljon Intraline TR2390 term\u00e9ket online \u2013 Kiv\u00e1l\u00f3 min\u0151s\u00e9g\u0171 PDO sz\u00e1ltechnol\u00f3gia","isPartOf":{"@id":"https:\/\/kinamihealth.com\/#website"},"primaryImageOfPage":{"@id":"https:\/\/kinamihealth.com\/hu\/termek\/intraline-tr2390\/#primaryimage"},"image":{"@id":"https:\/\/kinamihealth.com\/hu\/termek\/intraline-tr2390\/#primaryimage"},"thumbnailUrl":"https:\/\/kinamihealth.com\/wp-content\/uploads\/2025\/03\/INTRALINE-TR2390.jpg","datePublished":"2025-03-11T18:14:42+00:00","dateModified":"2025-10-25T20:34:36+00:00","description":"V\u00e1s\u00e1rolja meg online az Intraline TR2390 term\u00e9ket a legmodernebb PDO sz\u00e1ltechnol\u00f3gi\u00e1\u00e9rt. Kiv\u00e1l\u00f3 b\u0151rfeszes\u00edt\u00e9s, lifting \u00e9s fiatal\u00edt\u00e1s a p\u00e1cienseinek.","breadcrumb":{"@id":"https:\/\/kinamihealth.com\/hu\/termek\/intraline-tr2390\/#breadcrumb"},"inLanguage":"hu","potentialAction":[{"@type":"ReadAction","target":["https:\/\/kinamihealth.com\/hu\/termek\/intraline-tr2390\/"]}]},{"@type":"ImageObject","inLanguage":"hu","@id":"https:\/\/kinamihealth.com\/hu\/termek\/intraline-tr2390\/#primaryimage","url":"https:\/\/kinamihealth.com\/wp-content\/uploads\/2025\/03\/INTRALINE-TR2390.jpg","contentUrl":"https:\/\/kinamihealth.com\/wp-content\/uploads\/2025\/03\/INTRALINE-TR2390.jpg","width":533,"height":800},{"@type":"BreadcrumbList","@id":"https:\/\/kinamihealth.com\/hu\/termek\/intraline-tr2390\/#breadcrumb","itemListElement":[{"@type":"ListItem","position":1,"name":"Kezd\u0151lap","item":"https:\/\/kinamihealth.com\/"},{"@type":"ListItem","position":2,"name":"Bolt","item":"https:\/\/kinamihealth.com\/shop\/"},{"@type":"ListItem","position":3,"name":"INTRALINE\u00ae TR2390"}]},{"@type":"WebSite","@id":"https:\/\/kinamihealth.com\/#website","url":"https:\/\/kinamihealth.com\/","name":"Kinami Health","description":"","publisher":{"@id":"https:\/\/kinamihealth.com\/#organization"},"potentialAction":[{"@type":"SearchAction","target":{"@type":"EntryPoint","urlTemplate":"https:\/\/kinamihealth.com\/?s={search_term_string}"},"query-input":{"@type":"PropertyValueSpecification","valueRequired":true,"valueName":"search_term_string"}}],"inLanguage":"hu"},{"@type":"Organization","@id":"https:\/\/kinamihealth.com\/#organization","name":"Kinami Health","url":"https:\/\/kinamihealth.com\/","logo":{"@type":"ImageObject","inLanguage":"hu","@id":"https:\/\/kinamihealth.com\/#\/schema\/logo\/image\/","url":"https:\/\/kinamihealth.com\/wp-content\/uploads\/2025\/01\/KH_logo_black_2-1.png","contentUrl":"https:\/\/kinamihealth.com\/wp-content\/uploads\/2025\/01\/KH_logo_black_2-1.png","width":339,"height":34,"caption":"Kinami Health"},"image":{"@id":"https:\/\/kinamihealth.com\/#\/schema\/logo\/image\/"}}]}},"_links":{"self":[{"href":"https:\/\/kinamihealth.com\/hu\/wp-json\/wp\/v2\/product\/115973","targetHints":{"allow":["GET"]}}],"collection":[{"href":"https:\/\/kinamihealth.com\/hu\/wp-json\/wp\/v2\/product"}],"about":[{"href":"https:\/\/kinamihealth.com\/hu\/wp-json\/wp\/v2\/types\/product"}],"replies":[{"embeddable":true,"href":"https:\/\/kinamihealth.com\/hu\/wp-json\/wp\/v2\/comments?post=115973"}],"version-history":[{"count":0,"href":"https:\/\/kinamihealth.com\/hu\/wp-json\/wp\/v2\/product\/115973\/revisions"}],"wp:featuredmedia":[{"embeddable":true,"href":"https:\/\/kinamihealth.com\/hu\/wp-json\/wp\/v2\/media\/115974"}],"wp:attachment":[{"href":"https:\/\/kinamihealth.com\/hu\/wp-json\/wp\/v2\/media?parent=115973"}],"wp:term":[{"taxonomy":"product_brand","embeddable":true,"href":"https:\/\/kinamihealth.com\/hu\/wp-json\/wp\/v2\/product_brand?post=115973"},{"taxonomy":"product_cat","embeddable":true,"href":"https:\/\/kinamihealth.com\/hu\/wp-json\/wp\/v2\/product_cat?post=115973"},{"taxonomy":"product_tag","embeddable":true,"href":"https:\/\/kinamihealth.com\/hu\/wp-json\/wp\/v2\/product_tag?post=115973"}],"curies":[{"name":"wp","href":"https:\/\/api.w.org\/{rel}","templated":true}]}}