{"id":115943,"date":"2025-03-11T18:14:52","date_gmt":"2025-03-11T18:14:52","guid":{"rendered":"https:\/\/kinamihealth.com\/product\/zo-skin-complexion-clearing-masque\/"},"modified":"2025-10-25T19:06:47","modified_gmt":"2025-10-25T19:06:47","slug":"zo-skin-complexion-clearing-masque","status":"publish","type":"product","link":"https:\/\/kinamihealth.com\/hu\/termek\/zo-skin-complexion-clearing-masque\/","title":{"rendered":"ZO\u00ae SKIN COMPLEXION CLEARING MASQUE"},"content":{"rendered":"<p>A ZO\u00ae Skin Complexion tiszt\u00edt\u00f3 maszk egy tiszt\u00edt\u00f3, agyag alap\u00fa maszk, amelynek c\u00e9lja a felesleges faggy\u00fa felsz\u00edv\u00e1sa, a pattan\u00e1sok cs\u00f6kkent\u00e9se \u00e9s a p\u00f3rusok finom\u00edt\u00e1sa. K\u00e9nnel \u00e9s kaolinnal d\u00fas\u00edtva seg\u00edt elt\u00fcntetni a b\u0151rhib\u00e1kat, megnyugtatja az irrit\u00e1ci\u00f3t \u00e9s el\u0151seg\u00edti a tiszt\u00e1bb, kiegyens\u00falyozottabb arcb\u0151rt.<\/p>\n","protected":false},"excerpt":{"rendered":"<p>A ZO\u00ae Skin Complexion tiszt\u00edt\u00f3 maszk egy tiszt\u00edt\u00f3, agyag alap\u00fa maszk, amelynek c\u00e9lja a felesleges faggy\u00fa felsz\u00edv\u00e1sa, a pattan\u00e1sok cs\u00f6kkent\u00e9se \u00e9s a p\u00f3rusok finom\u00edt\u00e1sa. K\u00e9nnel \u00e9s kaolinnal d\u00fas\u00edtva seg\u00edt elt\u00fcntetni a b\u0151rhib\u00e1kat, megnyugtatja az irrit\u00e1ci\u00f3t \u00e9s el\u0151seg\u00edti a tiszt\u00e1bb, kiegyens\u00falyozottabb arcb\u0151rt.<\/p>\n","protected":false},"featured_media":115944,"comment_status":"closed","ping_status":"closed","template":"","meta":{"_acf_changed":false,"inline_featured_image":false},"product_brand":[2262],"product_cat":[2994],"product_tag":[2979],"class_list":{"0":"post-115943","1":"product","2":"type-product","3":"status-publish","4":"has-post-thumbnail","6":"product_brand-zo","7":"product_cat-hamlasztok-es-maszkok","8":"product_tag-orvostechnikai-eszkozok","10":"first","11":"instock","12":"taxable","13":"shipping-taxable","14":"purchasable","15":"product-type-simple","16":"add-to-wishlist-before_image"},"acf":[],"yoast_head":"<!-- This site is optimized with the Yoast SEO plugin v27.3 - https:\/\/yoast.com\/product\/yoast-seo-wordpress\/ -->\n<title>V\u00e1s\u00e1rolja meg a ZO Complexion Clearing Masque - T\u00falzott faggy\u00fakezel\u00e9s<\/title>\n<meta name=\"description\" content=\"V\u00e1s\u00e1rolja meg online a ZO Complexion Clearing Masque term\u00e9ket az akne kezel\u00e9s\u00e9re, a felesleges faggy\u00fa felsz\u00edv\u00e1s\u00e1ra \u00e9s a p\u00f3rusok tiszt\u00edt\u00e1s\u00e1ra. K\u00e9n \u00e9s kaolin formula a tiszt\u00e1bb, eg\u00e9szs\u00e9gesebb b\u0151r\u00e9rt.\" \/>\n<meta name=\"robots\" content=\"index, follow, max-snippet:-1, max-image-preview:large, max-video-preview:-1\" \/>\n<link rel=\"canonical\" href=\"https:\/\/kinamihealth.com\/hu\/wp-json\/wp\/v2\/product\/115943\" \/>\n<meta property=\"og:locale\" content=\"hu_HU\" \/>\n<meta property=\"og:type\" content=\"article\" \/>\n<meta property=\"og:title\" content=\"V\u00e1s\u00e1rolja meg a ZO Complexion Clearing Masque - T\u00falzott faggy\u00fakezel\u00e9s\" \/>\n<meta property=\"og:description\" content=\"V\u00e1s\u00e1rolja meg online a ZO Complexion Clearing Masque term\u00e9ket az akne kezel\u00e9s\u00e9re, a felesleges faggy\u00fa felsz\u00edv\u00e1s\u00e1ra \u00e9s a p\u00f3rusok tiszt\u00edt\u00e1s\u00e1ra. K\u00e9n \u00e9s kaolin formula a tiszt\u00e1bb, eg\u00e9szs\u00e9gesebb b\u0151r\u00e9rt.\" \/>\n<meta property=\"og:url\" content=\"https:\/\/kinamihealth.com\/hu\/termek\/zo-skin-complexion-clearing-masque\/\" \/>\n<meta property=\"og:site_name\" content=\"Kinami Health\" \/>\n<meta property=\"article:modified_time\" content=\"2025-10-25T19:06:47+00:00\" \/>\n<meta property=\"og:image\" content=\"https:\/\/kinamihealth.com\/wp-content\/uploads\/2025\/03\/ZO\u00ae-SKIN-COMPLEXION-CLEARING-MASQUE.jpg\" \/>\n\t<meta property=\"og:image:width\" content=\"800\" \/>\n\t<meta property=\"og:image:height\" content=\"800\" \/>\n\t<meta property=\"og:image:type\" content=\"image\/jpeg\" \/>\n<meta name=\"twitter:card\" content=\"summary_large_image\" \/>\n<meta name=\"twitter:label1\" content=\"Becs\u00fclt olvas\u00e1si id\u0151\" \/>\n\t<meta name=\"twitter:data1\" content=\"1 perc\" \/>\n<!-- \/ Yoast SEO plugin. -->","yoast_head_json":{"title":"V\u00e1s\u00e1rolja meg a ZO Complexion Clearing Masque - T\u00falzott faggy\u00fakezel\u00e9s","description":"V\u00e1s\u00e1rolja meg online a ZO Complexion Clearing Masque term\u00e9ket az akne kezel\u00e9s\u00e9re, a felesleges faggy\u00fa felsz\u00edv\u00e1s\u00e1ra \u00e9s a p\u00f3rusok tiszt\u00edt\u00e1s\u00e1ra. K\u00e9n \u00e9s kaolin formula a tiszt\u00e1bb, eg\u00e9szs\u00e9gesebb b\u0151r\u00e9rt.","robots":{"index":"index","follow":"follow","max-snippet":"max-snippet:-1","max-image-preview":"max-image-preview:large","max-video-preview":"max-video-preview:-1"},"canonical":"https:\/\/kinamihealth.com\/hu\/wp-json\/wp\/v2\/product\/115943","og_locale":"hu_HU","og_type":"article","og_title":"V\u00e1s\u00e1rolja meg a ZO Complexion Clearing Masque - T\u00falzott faggy\u00fakezel\u00e9s","og_description":"V\u00e1s\u00e1rolja meg online a ZO Complexion Clearing Masque term\u00e9ket az akne kezel\u00e9s\u00e9re, a felesleges faggy\u00fa felsz\u00edv\u00e1s\u00e1ra \u00e9s a p\u00f3rusok tiszt\u00edt\u00e1s\u00e1ra. K\u00e9n \u00e9s kaolin formula a tiszt\u00e1bb, eg\u00e9szs\u00e9gesebb b\u0151r\u00e9rt.","og_url":"https:\/\/kinamihealth.com\/hu\/termek\/zo-skin-complexion-clearing-masque\/","og_site_name":"Kinami Health","article_modified_time":"2025-10-25T19:06:47+00:00","og_image":[{"width":800,"height":800,"url":"https:\/\/kinamihealth.com\/wp-content\/uploads\/2025\/03\/ZO\u00ae-SKIN-COMPLEXION-CLEARING-MASQUE.jpg","type":"image\/jpeg"}],"twitter_card":"summary_large_image","twitter_misc":{"Becs\u00fclt olvas\u00e1si id\u0151":"1 perc"},"schema":{"@context":"https:\/\/schema.org","@graph":[{"@type":"WebPage","@id":"https:\/\/kinamihealth.com\/hu\/termek\/zo-skin-complexion-clearing-masque\/","url":"https:\/\/kinamihealth.com\/hu\/termek\/zo-skin-complexion-clearing-masque\/","name":"V\u00e1s\u00e1rolja meg a ZO Complexion Clearing Masque - T\u00falzott faggy\u00fakezel\u00e9s","isPartOf":{"@id":"https:\/\/kinamihealth.com\/#website"},"primaryImageOfPage":{"@id":"https:\/\/kinamihealth.com\/hu\/termek\/zo-skin-complexion-clearing-masque\/#primaryimage"},"image":{"@id":"https:\/\/kinamihealth.com\/hu\/termek\/zo-skin-complexion-clearing-masque\/#primaryimage"},"thumbnailUrl":"https:\/\/kinamihealth.com\/wp-content\/uploads\/2025\/03\/ZO\u00ae-SKIN-COMPLEXION-CLEARING-MASQUE.jpg","datePublished":"2025-03-11T18:14:52+00:00","dateModified":"2025-10-25T19:06:47+00:00","description":"V\u00e1s\u00e1rolja meg online a ZO Complexion Clearing Masque term\u00e9ket az akne kezel\u00e9s\u00e9re, a felesleges faggy\u00fa felsz\u00edv\u00e1s\u00e1ra \u00e9s a p\u00f3rusok tiszt\u00edt\u00e1s\u00e1ra. K\u00e9n \u00e9s kaolin formula a tiszt\u00e1bb, eg\u00e9szs\u00e9gesebb b\u0151r\u00e9rt.","breadcrumb":{"@id":"https:\/\/kinamihealth.com\/hu\/termek\/zo-skin-complexion-clearing-masque\/#breadcrumb"},"inLanguage":"hu","potentialAction":[{"@type":"ReadAction","target":["https:\/\/kinamihealth.com\/hu\/termek\/zo-skin-complexion-clearing-masque\/"]}]},{"@type":"ImageObject","inLanguage":"hu","@id":"https:\/\/kinamihealth.com\/hu\/termek\/zo-skin-complexion-clearing-masque\/#primaryimage","url":"https:\/\/kinamihealth.com\/wp-content\/uploads\/2025\/03\/ZO\u00ae-SKIN-COMPLEXION-CLEARING-MASQUE.jpg","contentUrl":"https:\/\/kinamihealth.com\/wp-content\/uploads\/2025\/03\/ZO\u00ae-SKIN-COMPLEXION-CLEARING-MASQUE.jpg","width":800,"height":800},{"@type":"BreadcrumbList","@id":"https:\/\/kinamihealth.com\/hu\/termek\/zo-skin-complexion-clearing-masque\/#breadcrumb","itemListElement":[{"@type":"ListItem","position":1,"name":"Kezd\u0151lap","item":"https:\/\/kinamihealth.com\/"},{"@type":"ListItem","position":2,"name":"Bolt","item":"https:\/\/kinamihealth.com\/shop\/"},{"@type":"ListItem","position":3,"name":"ZO\u00ae SKIN COMPLEXION CLEARING MASQUE"}]},{"@type":"WebSite","@id":"https:\/\/kinamihealth.com\/#website","url":"https:\/\/kinamihealth.com\/","name":"Kinami Health","description":"","publisher":{"@id":"https:\/\/kinamihealth.com\/#organization"},"potentialAction":[{"@type":"SearchAction","target":{"@type":"EntryPoint","urlTemplate":"https:\/\/kinamihealth.com\/?s={search_term_string}"},"query-input":{"@type":"PropertyValueSpecification","valueRequired":true,"valueName":"search_term_string"}}],"inLanguage":"hu"},{"@type":"Organization","@id":"https:\/\/kinamihealth.com\/#organization","name":"Kinami Health","url":"https:\/\/kinamihealth.com\/","logo":{"@type":"ImageObject","inLanguage":"hu","@id":"https:\/\/kinamihealth.com\/#\/schema\/logo\/image\/","url":"https:\/\/kinamihealth.com\/wp-content\/uploads\/2025\/01\/KH_logo_black_2-1.png","contentUrl":"https:\/\/kinamihealth.com\/wp-content\/uploads\/2025\/01\/KH_logo_black_2-1.png","width":339,"height":34,"caption":"Kinami Health"},"image":{"@id":"https:\/\/kinamihealth.com\/#\/schema\/logo\/image\/"}}]}},"_links":{"self":[{"href":"https:\/\/kinamihealth.com\/hu\/wp-json\/wp\/v2\/product\/115943","targetHints":{"allow":["GET"]}}],"collection":[{"href":"https:\/\/kinamihealth.com\/hu\/wp-json\/wp\/v2\/product"}],"about":[{"href":"https:\/\/kinamihealth.com\/hu\/wp-json\/wp\/v2\/types\/product"}],"replies":[{"embeddable":true,"href":"https:\/\/kinamihealth.com\/hu\/wp-json\/wp\/v2\/comments?post=115943"}],"version-history":[{"count":0,"href":"https:\/\/kinamihealth.com\/hu\/wp-json\/wp\/v2\/product\/115943\/revisions"}],"wp:featuredmedia":[{"embeddable":true,"href":"https:\/\/kinamihealth.com\/hu\/wp-json\/wp\/v2\/media\/115944"}],"wp:attachment":[{"href":"https:\/\/kinamihealth.com\/hu\/wp-json\/wp\/v2\/media?parent=115943"}],"wp:term":[{"taxonomy":"product_brand","embeddable":true,"href":"https:\/\/kinamihealth.com\/hu\/wp-json\/wp\/v2\/product_brand?post=115943"},{"taxonomy":"product_cat","embeddable":true,"href":"https:\/\/kinamihealth.com\/hu\/wp-json\/wp\/v2\/product_cat?post=115943"},{"taxonomy":"product_tag","embeddable":true,"href":"https:\/\/kinamihealth.com\/hu\/wp-json\/wp\/v2\/product_tag?post=115943"}],"curies":[{"name":"wp","href":"https:\/\/api.w.org\/{rel}","templated":true}]}}