{"id":115941,"date":"2025-03-11T18:14:52","date_gmt":"2025-03-11T18:14:52","guid":{"rendered":"https:\/\/kinamihealth.com\/product\/zo-skin-smart-tone-szeles-spektrumu-naptej-spf-50\/"},"modified":"2025-10-23T21:19:03","modified_gmt":"2025-10-23T21:19:03","slug":"zo-skin-smart-tone-szeles-spektrumu-naptej-spf-50","status":"publish","type":"product","link":"https:\/\/kinamihealth.com\/hu\/termek\/zo-skin-smart-tone-szeles-spektrumu-naptej-spf-50\/","title":{"rendered":"ZO\u00ae SKIN SMART TONE BROAD-SPECTRUM SUNSCREEN SPF 50"},"content":{"rendered":"<p>A ZO\u00ae Skin Smart Tone sz\u00e9les spektrum\u00fa naptej SPF 50 egy fejlett, k\u00f6nny\u0171 napv\u00e9d\u0151 kr\u00e9m, amely magas szint\u0171 UVA\/UVB v\u00e9delmet ny\u00fajt, mik\u00f6zben alkalmazkodik a k\u00fcl\u00f6nb\u00f6z\u0151 b\u0151rsz\u00ednekhez, \u00edgy term\u00e9szetes hat\u00e1st k\u00f6lcs\u00f6n\u00f6z. Antioxid\u00e1nsokkal \u00e9s hidrat\u00e1l\u00f3 anyagokkal d\u00fas\u00edtva seg\u00edt megv\u00e9deni a b\u0151rt a k\u00f6rnyezeti k\u00e1ros hat\u00e1sokt\u00f3l \u00e9s a korai \u00f6reged\u00e9st\u0151l.<\/p>\n","protected":false},"excerpt":{"rendered":"<p>A ZO\u00ae Skin Smart Tone sz\u00e9les spektrum\u00fa naptej SPF 50 egy fejlett, k\u00f6nny\u0171 napv\u00e9d\u0151 kr\u00e9m, amely magas szint\u0171 UVA\/UVB v\u00e9delmet ny\u00fajt, mik\u00f6zben alkalmazkodik a k\u00fcl\u00f6nb\u00f6z\u0151 b\u0151rsz\u00ednekhez, \u00edgy term\u00e9szetes hat\u00e1st k\u00f6lcs\u00f6n\u00f6z. Antioxid\u00e1nsokkal \u00e9s hidrat\u00e1l\u00f3 anyagokkal d\u00fas\u00edtva seg\u00edt megv\u00e9deni a b\u0151rt a k\u00f6rnyezeti k\u00e1ros hat\u00e1sokt\u00f3l \u00e9s a korai \u00f6reged\u00e9st\u0151l.<\/p>\n","protected":false},"featured_media":115942,"comment_status":"closed","ping_status":"closed","template":"","meta":{"_acf_changed":false,"inline_featured_image":false},"product_brand":[2262],"product_cat":[2991],"product_tag":[2979],"class_list":{"0":"post-115941","1":"product","2":"type-product","3":"status-publish","4":"has-post-thumbnail","6":"product_brand-zo","7":"product_cat-borapolas","8":"product_tag-orvostechnikai-eszkozok","10":"first","11":"instock","12":"featured","13":"taxable","14":"shipping-taxable","15":"purchasable","16":"product-type-simple","17":"add-to-wishlist-before_image"},"acf":[],"yoast_head":"<!-- This site is optimized with the Yoast SEO plugin v27.1.1 - https:\/\/yoast.com\/product\/yoast-seo-wordpress\/ -->\n<title>V\u00e1s\u00e1rolja meg a ZO Skin Smart Tone Broad-Spectrum Sunscreen SPF 50 - Fejlett v\u00e9delem<\/title>\n<meta name=\"description\" content=\"V\u00e1s\u00e1rolja meg a ZO Skin Smart Tone Broad-Spectrum Sunscreen SPF 50 term\u00e9ket a kiv\u00e1l\u00f3 napv\u00e9delem\u00e9rt. Nem zs\u00edros, alkalmazkod\u00f3 formula, amely v\u00e9delmet ny\u00fajt az UVA\/UVB sugarak ellen.\" \/>\n<meta name=\"robots\" content=\"index, follow, max-snippet:-1, max-image-preview:large, max-video-preview:-1\" \/>\n<link rel=\"canonical\" href=\"https:\/\/kinamihealth.com\/hu\/wp-json\/wp\/v2\/product\/115941\" \/>\n<meta property=\"og:locale\" content=\"hu_HU\" \/>\n<meta property=\"og:type\" content=\"article\" \/>\n<meta property=\"og:title\" content=\"V\u00e1s\u00e1rolja meg a ZO Skin Smart Tone Broad-Spectrum Sunscreen SPF 50 - Fejlett v\u00e9delem\" \/>\n<meta property=\"og:description\" content=\"V\u00e1s\u00e1rolja meg a ZO Skin Smart Tone Broad-Spectrum Sunscreen SPF 50 term\u00e9ket a kiv\u00e1l\u00f3 napv\u00e9delem\u00e9rt. Nem zs\u00edros, alkalmazkod\u00f3 formula, amely v\u00e9delmet ny\u00fajt az UVA\/UVB sugarak ellen.\" \/>\n<meta property=\"og:url\" content=\"https:\/\/kinamihealth.com\/hu\/termek\/zo-skin-smart-tone-szeles-spektrumu-naptej-spf-50\/\" \/>\n<meta property=\"og:site_name\" content=\"Kinami Health\" \/>\n<meta property=\"article:modified_time\" content=\"2025-10-23T21:19:03+00:00\" \/>\n<meta property=\"og:image\" content=\"https:\/\/kinamihealth.com\/wp-content\/uploads\/2025\/03\/ZO\u00ae-SKIN-SMART-TONE-BROAD-SPECTRUM-SUNSCREEN-SPF-50.jpg\" \/>\n\t<meta property=\"og:image:width\" content=\"800\" \/>\n\t<meta property=\"og:image:height\" content=\"800\" \/>\n\t<meta property=\"og:image:type\" content=\"image\/jpeg\" \/>\n<meta name=\"twitter:card\" content=\"summary_large_image\" \/>\n<meta name=\"twitter:label1\" content=\"Becs\u00fclt olvas\u00e1si id\u0151\" \/>\n\t<meta name=\"twitter:data1\" content=\"1 perc\" \/>\n<!-- \/ Yoast SEO plugin. -->","yoast_head_json":{"title":"V\u00e1s\u00e1rolja meg a ZO Skin Smart Tone Broad-Spectrum Sunscreen SPF 50 - Fejlett v\u00e9delem","description":"V\u00e1s\u00e1rolja meg a ZO Skin Smart Tone Broad-Spectrum Sunscreen SPF 50 term\u00e9ket a kiv\u00e1l\u00f3 napv\u00e9delem\u00e9rt. Nem zs\u00edros, alkalmazkod\u00f3 formula, amely v\u00e9delmet ny\u00fajt az UVA\/UVB sugarak ellen.","robots":{"index":"index","follow":"follow","max-snippet":"max-snippet:-1","max-image-preview":"max-image-preview:large","max-video-preview":"max-video-preview:-1"},"canonical":"https:\/\/kinamihealth.com\/hu\/wp-json\/wp\/v2\/product\/115941","og_locale":"hu_HU","og_type":"article","og_title":"V\u00e1s\u00e1rolja meg a ZO Skin Smart Tone Broad-Spectrum Sunscreen SPF 50 - Fejlett v\u00e9delem","og_description":"V\u00e1s\u00e1rolja meg a ZO Skin Smart Tone Broad-Spectrum Sunscreen SPF 50 term\u00e9ket a kiv\u00e1l\u00f3 napv\u00e9delem\u00e9rt. Nem zs\u00edros, alkalmazkod\u00f3 formula, amely v\u00e9delmet ny\u00fajt az UVA\/UVB sugarak ellen.","og_url":"https:\/\/kinamihealth.com\/hu\/termek\/zo-skin-smart-tone-szeles-spektrumu-naptej-spf-50\/","og_site_name":"Kinami Health","article_modified_time":"2025-10-23T21:19:03+00:00","og_image":[{"width":800,"height":800,"url":"https:\/\/kinamihealth.com\/wp-content\/uploads\/2025\/03\/ZO\u00ae-SKIN-SMART-TONE-BROAD-SPECTRUM-SUNSCREEN-SPF-50.jpg","type":"image\/jpeg"}],"twitter_card":"summary_large_image","twitter_misc":{"Becs\u00fclt olvas\u00e1si id\u0151":"1 perc"},"schema":{"@context":"https:\/\/schema.org","@graph":[{"@type":"WebPage","@id":"https:\/\/kinamihealth.com\/hu\/termek\/zo-skin-smart-tone-szeles-spektrumu-naptej-spf-50\/","url":"https:\/\/kinamihealth.com\/hu\/termek\/zo-skin-smart-tone-szeles-spektrumu-naptej-spf-50\/","name":"V\u00e1s\u00e1rolja meg a ZO Skin Smart Tone Broad-Spectrum Sunscreen SPF 50 - Fejlett v\u00e9delem","isPartOf":{"@id":"https:\/\/kinamihealth.com\/#website"},"primaryImageOfPage":{"@id":"https:\/\/kinamihealth.com\/hu\/termek\/zo-skin-smart-tone-szeles-spektrumu-naptej-spf-50\/#primaryimage"},"image":{"@id":"https:\/\/kinamihealth.com\/hu\/termek\/zo-skin-smart-tone-szeles-spektrumu-naptej-spf-50\/#primaryimage"},"thumbnailUrl":"https:\/\/kinamihealth.com\/wp-content\/uploads\/2025\/03\/ZO\u00ae-SKIN-SMART-TONE-BROAD-SPECTRUM-SUNSCREEN-SPF-50.jpg","datePublished":"2025-03-11T18:14:52+00:00","dateModified":"2025-10-23T21:19:03+00:00","description":"V\u00e1s\u00e1rolja meg a ZO Skin Smart Tone Broad-Spectrum Sunscreen SPF 50 term\u00e9ket a kiv\u00e1l\u00f3 napv\u00e9delem\u00e9rt. Nem zs\u00edros, alkalmazkod\u00f3 formula, amely v\u00e9delmet ny\u00fajt az UVA\/UVB sugarak ellen.","breadcrumb":{"@id":"https:\/\/kinamihealth.com\/hu\/termek\/zo-skin-smart-tone-szeles-spektrumu-naptej-spf-50\/#breadcrumb"},"inLanguage":"hu","potentialAction":[{"@type":"ReadAction","target":["https:\/\/kinamihealth.com\/hu\/termek\/zo-skin-smart-tone-szeles-spektrumu-naptej-spf-50\/"]}]},{"@type":"ImageObject","inLanguage":"hu","@id":"https:\/\/kinamihealth.com\/hu\/termek\/zo-skin-smart-tone-szeles-spektrumu-naptej-spf-50\/#primaryimage","url":"https:\/\/kinamihealth.com\/wp-content\/uploads\/2025\/03\/ZO\u00ae-SKIN-SMART-TONE-BROAD-SPECTRUM-SUNSCREEN-SPF-50.jpg","contentUrl":"https:\/\/kinamihealth.com\/wp-content\/uploads\/2025\/03\/ZO\u00ae-SKIN-SMART-TONE-BROAD-SPECTRUM-SUNSCREEN-SPF-50.jpg","width":800,"height":800},{"@type":"BreadcrumbList","@id":"https:\/\/kinamihealth.com\/hu\/termek\/zo-skin-smart-tone-szeles-spektrumu-naptej-spf-50\/#breadcrumb","itemListElement":[{"@type":"ListItem","position":1,"name":"Kezd\u0151lap","item":"https:\/\/kinamihealth.com\/"},{"@type":"ListItem","position":2,"name":"Bolt","item":"https:\/\/kinamihealth.com\/shop\/"},{"@type":"ListItem","position":3,"name":"ZO\u00ae SKIN SMART TONE BROAD-SPECTRUM SUNSCREEN SPF 50"}]},{"@type":"WebSite","@id":"https:\/\/kinamihealth.com\/#website","url":"https:\/\/kinamihealth.com\/","name":"Kinami Health","description":"","publisher":{"@id":"https:\/\/kinamihealth.com\/#organization"},"potentialAction":[{"@type":"SearchAction","target":{"@type":"EntryPoint","urlTemplate":"https:\/\/kinamihealth.com\/?s={search_term_string}"},"query-input":{"@type":"PropertyValueSpecification","valueRequired":true,"valueName":"search_term_string"}}],"inLanguage":"hu"},{"@type":"Organization","@id":"https:\/\/kinamihealth.com\/#organization","name":"Kinami Health","url":"https:\/\/kinamihealth.com\/","logo":{"@type":"ImageObject","inLanguage":"hu","@id":"https:\/\/kinamihealth.com\/#\/schema\/logo\/image\/","url":"https:\/\/kinamihealth.com\/wp-content\/uploads\/2025\/01\/KH_logo_black_2-1.png","contentUrl":"https:\/\/kinamihealth.com\/wp-content\/uploads\/2025\/01\/KH_logo_black_2-1.png","width":339,"height":34,"caption":"Kinami Health"},"image":{"@id":"https:\/\/kinamihealth.com\/#\/schema\/logo\/image\/"}}]}},"_links":{"self":[{"href":"https:\/\/kinamihealth.com\/hu\/wp-json\/wp\/v2\/product\/115941","targetHints":{"allow":["GET"]}}],"collection":[{"href":"https:\/\/kinamihealth.com\/hu\/wp-json\/wp\/v2\/product"}],"about":[{"href":"https:\/\/kinamihealth.com\/hu\/wp-json\/wp\/v2\/types\/product"}],"replies":[{"embeddable":true,"href":"https:\/\/kinamihealth.com\/hu\/wp-json\/wp\/v2\/comments?post=115941"}],"version-history":[{"count":0,"href":"https:\/\/kinamihealth.com\/hu\/wp-json\/wp\/v2\/product\/115941\/revisions"}],"wp:featuredmedia":[{"embeddable":true,"href":"https:\/\/kinamihealth.com\/hu\/wp-json\/wp\/v2\/media\/115942"}],"wp:attachment":[{"href":"https:\/\/kinamihealth.com\/hu\/wp-json\/wp\/v2\/media?parent=115941"}],"wp:term":[{"taxonomy":"product_brand","embeddable":true,"href":"https:\/\/kinamihealth.com\/hu\/wp-json\/wp\/v2\/product_brand?post=115941"},{"taxonomy":"product_cat","embeddable":true,"href":"https:\/\/kinamihealth.com\/hu\/wp-json\/wp\/v2\/product_cat?post=115941"},{"taxonomy":"product_tag","embeddable":true,"href":"https:\/\/kinamihealth.com\/hu\/wp-json\/wp\/v2\/product_tag?post=115941"}],"curies":[{"name":"wp","href":"https:\/\/api.w.org\/{rel}","templated":true}]}}