{"id":115939,"date":"2025-03-11T18:14:51","date_gmt":"2025-03-11T18:14:51","guid":{"rendered":"https:\/\/kinamihealth.com\/product\/synvisc\/"},"modified":"2025-10-25T19:12:54","modified_gmt":"2025-10-25T19:12:54","slug":"synvisc","status":"publish","type":"product","link":"https:\/\/kinamihealth.com\/hu\/termek\/synvisc\/","title":{"rendered":"SYNVISC\u00ae"},"content":{"rendered":"<p>A SYNVISC\u00ae egy hialuronsav-injekci\u00f3, amelynek c\u00e9lja a t\u00e9rd osteoarthritis okozta f\u00e1jdalom enyh\u00edt\u00e9se az \u00edz\u00fcleti ken\u00e9s \u00e9s p\u00e1rn\u00e1z\u00e1s helyre\u00e1ll\u00edt\u00e1s\u00e1val. H\u00e1rom injekci\u00f3b\u00f3l \u00e1ll\u00f3 k\u00far\u00e1ban alkalmazva seg\u00edt cs\u00f6kkenteni a kellemetlen \u00e9rz\u00e9st, jav\u00edtja a mozg\u00e9konys\u00e1got \u00e9s az \u00edz\u00fcleti funkci\u00f3kat, \u00e9s ak\u00e1r hat h\u00f3napig tart\u00f3 f\u00e1jdalomcsillap\u00edt\u00e1st biztos\u00edt.<\/p>\n","protected":false},"excerpt":{"rendered":"<p>A SYNVISC\u00ae egy hialuronsav-injekci\u00f3, amelynek c\u00e9lja a t\u00e9rd osteoarthritis okozta f\u00e1jdalom enyh\u00edt\u00e9se az \u00edz\u00fcleti ken\u00e9s \u00e9s p\u00e1rn\u00e1z\u00e1s helyre\u00e1ll\u00edt\u00e1s\u00e1val. H\u00e1rom injekci\u00f3b\u00f3l \u00e1ll\u00f3 k\u00far\u00e1ban alkalmazva seg\u00edt cs\u00f6kkenteni a kellemetlen \u00e9rz\u00e9st, jav\u00edtja a mozg\u00e9konys\u00e1got \u00e9s az \u00edz\u00fcleti funkci\u00f3kat, \u00e9s ak\u00e1r hat h\u00f3napig tart\u00f3 f\u00e1jdalomcsillap\u00edt\u00e1st biztos\u00edt.<\/p>\n","protected":false},"featured_media":115940,"comment_status":"closed","ping_status":"closed","template":"","meta":{"_acf_changed":false,"inline_featured_image":false},"product_brand":[2260],"product_cat":[2978],"product_tag":[2979],"class_list":{"0":"post-115939","1":"product","2":"type-product","3":"status-publish","4":"has-post-thumbnail","6":"product_brand-synvisc","7":"product_cat-ortopediai-injekciok","8":"product_tag-orvostechnikai-eszkozok","10":"first","11":"instock","12":"taxable","13":"shipping-taxable","14":"purchasable","15":"product-type-simple","16":"add-to-wishlist-before_image"},"acf":[],"yoast_head":"<!-- This site is optimized with the Yoast SEO plugin v27.3 - https:\/\/yoast.com\/product\/yoast-seo-wordpress\/ -->\n<title>V\u00e1s\u00e1roljon Synvisc injekci\u00f3kat osteoarthritis enyh\u00edt\u00e9s\u00e9re<\/title>\n<meta name=\"description\" content=\"V\u00e1s\u00e1rolja meg a Synvisc injekci\u00f3kat az osteoarthritis f\u00e1jdalom enyh\u00edt\u00e9s\u00e9hez \u00e9s az \u00edz\u00fcletek mozg\u00e9konys\u00e1g\u00e1nak jav\u00edt\u00e1s\u00e1hoz. Nem invaz\u00edv, tart\u00f3s megold\u00e1s a Kinami Health-n\u00e9l!\" \/>\n<meta name=\"robots\" content=\"index, follow, max-snippet:-1, max-image-preview:large, max-video-preview:-1\" \/>\n<link rel=\"canonical\" href=\"https:\/\/kinamihealth.com\/hu\/wp-json\/wp\/v2\/product\/115939\" \/>\n<meta property=\"og:locale\" content=\"hu_HU\" \/>\n<meta property=\"og:type\" content=\"article\" \/>\n<meta property=\"og:title\" content=\"V\u00e1s\u00e1roljon Synvisc injekci\u00f3kat osteoarthritis enyh\u00edt\u00e9s\u00e9re\" \/>\n<meta property=\"og:description\" content=\"V\u00e1s\u00e1rolja meg a Synvisc injekci\u00f3kat az osteoarthritis f\u00e1jdalom enyh\u00edt\u00e9s\u00e9hez \u00e9s az \u00edz\u00fcletek mozg\u00e9konys\u00e1g\u00e1nak jav\u00edt\u00e1s\u00e1hoz. Nem invaz\u00edv, tart\u00f3s megold\u00e1s a Kinami Health-n\u00e9l!\" \/>\n<meta property=\"og:url\" content=\"https:\/\/kinamihealth.com\/hu\/termek\/synvisc\/\" \/>\n<meta property=\"og:site_name\" content=\"Kinami Health\" \/>\n<meta property=\"article:modified_time\" content=\"2025-10-25T19:12:54+00:00\" \/>\n<meta property=\"og:image\" content=\"https:\/\/kinamihealth.com\/wp-content\/uploads\/2025\/03\/SYNVISC-CLASSIC-01.webp\" \/>\n\t<meta property=\"og:image:width\" content=\"800\" \/>\n\t<meta property=\"og:image:height\" content=\"800\" \/>\n\t<meta property=\"og:image:type\" content=\"image\/webp\" \/>\n<meta name=\"twitter:card\" content=\"summary_large_image\" \/>\n<meta name=\"twitter:label1\" content=\"Becs\u00fclt olvas\u00e1si id\u0151\" \/>\n\t<meta name=\"twitter:data1\" content=\"1 perc\" \/>\n<!-- \/ Yoast SEO plugin. -->","yoast_head_json":{"title":"V\u00e1s\u00e1roljon Synvisc injekci\u00f3kat osteoarthritis enyh\u00edt\u00e9s\u00e9re","description":"V\u00e1s\u00e1rolja meg a Synvisc injekci\u00f3kat az osteoarthritis f\u00e1jdalom enyh\u00edt\u00e9s\u00e9hez \u00e9s az \u00edz\u00fcletek mozg\u00e9konys\u00e1g\u00e1nak jav\u00edt\u00e1s\u00e1hoz. Nem invaz\u00edv, tart\u00f3s megold\u00e1s a Kinami Health-n\u00e9l!","robots":{"index":"index","follow":"follow","max-snippet":"max-snippet:-1","max-image-preview":"max-image-preview:large","max-video-preview":"max-video-preview:-1"},"canonical":"https:\/\/kinamihealth.com\/hu\/wp-json\/wp\/v2\/product\/115939","og_locale":"hu_HU","og_type":"article","og_title":"V\u00e1s\u00e1roljon Synvisc injekci\u00f3kat osteoarthritis enyh\u00edt\u00e9s\u00e9re","og_description":"V\u00e1s\u00e1rolja meg a Synvisc injekci\u00f3kat az osteoarthritis f\u00e1jdalom enyh\u00edt\u00e9s\u00e9hez \u00e9s az \u00edz\u00fcletek mozg\u00e9konys\u00e1g\u00e1nak jav\u00edt\u00e1s\u00e1hoz. Nem invaz\u00edv, tart\u00f3s megold\u00e1s a Kinami Health-n\u00e9l!","og_url":"https:\/\/kinamihealth.com\/hu\/termek\/synvisc\/","og_site_name":"Kinami Health","article_modified_time":"2025-10-25T19:12:54+00:00","og_image":[{"width":800,"height":800,"url":"https:\/\/kinamihealth.com\/wp-content\/uploads\/2025\/03\/SYNVISC-CLASSIC-01.webp","type":"image\/webp"}],"twitter_card":"summary_large_image","twitter_misc":{"Becs\u00fclt olvas\u00e1si id\u0151":"1 perc"},"schema":{"@context":"https:\/\/schema.org","@graph":[{"@type":"WebPage","@id":"https:\/\/kinamihealth.com\/hu\/termek\/synvisc\/","url":"https:\/\/kinamihealth.com\/hu\/termek\/synvisc\/","name":"V\u00e1s\u00e1roljon Synvisc injekci\u00f3kat osteoarthritis enyh\u00edt\u00e9s\u00e9re","isPartOf":{"@id":"https:\/\/kinamihealth.com\/#website"},"primaryImageOfPage":{"@id":"https:\/\/kinamihealth.com\/hu\/termek\/synvisc\/#primaryimage"},"image":{"@id":"https:\/\/kinamihealth.com\/hu\/termek\/synvisc\/#primaryimage"},"thumbnailUrl":"https:\/\/kinamihealth.com\/wp-content\/uploads\/2025\/03\/SYNVISC-CLASSIC-01.webp","datePublished":"2025-03-11T18:14:51+00:00","dateModified":"2025-10-25T19:12:54+00:00","description":"V\u00e1s\u00e1rolja meg a Synvisc injekci\u00f3kat az osteoarthritis f\u00e1jdalom enyh\u00edt\u00e9s\u00e9hez \u00e9s az \u00edz\u00fcletek mozg\u00e9konys\u00e1g\u00e1nak jav\u00edt\u00e1s\u00e1hoz. Nem invaz\u00edv, tart\u00f3s megold\u00e1s a Kinami Health-n\u00e9l!","breadcrumb":{"@id":"https:\/\/kinamihealth.com\/hu\/termek\/synvisc\/#breadcrumb"},"inLanguage":"hu","potentialAction":[{"@type":"ReadAction","target":["https:\/\/kinamihealth.com\/hu\/termek\/synvisc\/"]}]},{"@type":"ImageObject","inLanguage":"hu","@id":"https:\/\/kinamihealth.com\/hu\/termek\/synvisc\/#primaryimage","url":"https:\/\/kinamihealth.com\/wp-content\/uploads\/2025\/03\/SYNVISC-CLASSIC-01.webp","contentUrl":"https:\/\/kinamihealth.com\/wp-content\/uploads\/2025\/03\/SYNVISC-CLASSIC-01.webp","width":800,"height":800},{"@type":"BreadcrumbList","@id":"https:\/\/kinamihealth.com\/hu\/termek\/synvisc\/#breadcrumb","itemListElement":[{"@type":"ListItem","position":1,"name":"Kezd\u0151lap","item":"https:\/\/kinamihealth.com\/"},{"@type":"ListItem","position":2,"name":"Bolt","item":"https:\/\/kinamihealth.com\/shop\/"},{"@type":"ListItem","position":3,"name":"SYNVISC\u00ae"}]},{"@type":"WebSite","@id":"https:\/\/kinamihealth.com\/#website","url":"https:\/\/kinamihealth.com\/","name":"Kinami Health","description":"","publisher":{"@id":"https:\/\/kinamihealth.com\/#organization"},"potentialAction":[{"@type":"SearchAction","target":{"@type":"EntryPoint","urlTemplate":"https:\/\/kinamihealth.com\/?s={search_term_string}"},"query-input":{"@type":"PropertyValueSpecification","valueRequired":true,"valueName":"search_term_string"}}],"inLanguage":"hu"},{"@type":"Organization","@id":"https:\/\/kinamihealth.com\/#organization","name":"Kinami Health","url":"https:\/\/kinamihealth.com\/","logo":{"@type":"ImageObject","inLanguage":"hu","@id":"https:\/\/kinamihealth.com\/#\/schema\/logo\/image\/","url":"https:\/\/kinamihealth.com\/wp-content\/uploads\/2025\/01\/KH_logo_black_2-1.png","contentUrl":"https:\/\/kinamihealth.com\/wp-content\/uploads\/2025\/01\/KH_logo_black_2-1.png","width":339,"height":34,"caption":"Kinami Health"},"image":{"@id":"https:\/\/kinamihealth.com\/#\/schema\/logo\/image\/"}}]}},"_links":{"self":[{"href":"https:\/\/kinamihealth.com\/hu\/wp-json\/wp\/v2\/product\/115939","targetHints":{"allow":["GET"]}}],"collection":[{"href":"https:\/\/kinamihealth.com\/hu\/wp-json\/wp\/v2\/product"}],"about":[{"href":"https:\/\/kinamihealth.com\/hu\/wp-json\/wp\/v2\/types\/product"}],"replies":[{"embeddable":true,"href":"https:\/\/kinamihealth.com\/hu\/wp-json\/wp\/v2\/comments?post=115939"}],"version-history":[{"count":0,"href":"https:\/\/kinamihealth.com\/hu\/wp-json\/wp\/v2\/product\/115939\/revisions"}],"wp:featuredmedia":[{"embeddable":true,"href":"https:\/\/kinamihealth.com\/hu\/wp-json\/wp\/v2\/media\/115940"}],"wp:attachment":[{"href":"https:\/\/kinamihealth.com\/hu\/wp-json\/wp\/v2\/media?parent=115939"}],"wp:term":[{"taxonomy":"product_brand","embeddable":true,"href":"https:\/\/kinamihealth.com\/hu\/wp-json\/wp\/v2\/product_brand?post=115939"},{"taxonomy":"product_cat","embeddable":true,"href":"https:\/\/kinamihealth.com\/hu\/wp-json\/wp\/v2\/product_cat?post=115939"},{"taxonomy":"product_tag","embeddable":true,"href":"https:\/\/kinamihealth.com\/hu\/wp-json\/wp\/v2\/product_tag?post=115939"}],"curies":[{"name":"wp","href":"https:\/\/api.w.org\/{rel}","templated":true}]}}