{"id":115848,"date":"2025-03-27T18:21:19","date_gmt":"2025-03-27T18:21:19","guid":{"rendered":"https:\/\/kinamihealth.com\/kapcsolattartasi-adatok-szerkesztese\/"},"modified":"2026-02-27T14:36:40","modified_gmt":"2026-02-27T14:36:40","slug":"kapcsolattartasi-adatok-szerkesztese","status":"publish","type":"page","link":"https:\/\/kinamihealth.com\/hu\/kapcsolattartasi-adatok-szerkesztese\/","title":{"rendered":"Kapcsolattart\u00e1si adatok szerkeszt\u00e9se"},"content":{"rendered":"\t\t<div data-elementor-type=\"wp-page\" data-elementor-id=\"115848\" class=\"elementor elementor-115848 elementor-104269\" data-elementor-post-type=\"page\">\n\t\t\t\t<div class=\"elementor-element elementor-element-af77f34 e-con-full e-flex e-con e-parent\" data-id=\"af77f34\" data-element_type=\"container\" data-settings=\"{&quot;background_background&quot;:&quot;classic&quot;}\">\n\t\t<div class=\"elementor-element elementor-element-143097e e-con-full e-flex e-con e-child\" data-id=\"143097e\" data-element_type=\"container\" data-settings=\"{&quot;background_background&quot;:&quot;classic&quot;}\">\n\t\t<div class=\"elementor-element elementor-element-2c030b2 e-con-full e-flex e-con e-child\" data-id=\"2c030b2\" data-element_type=\"container\">\n\t\t\t\t<div class=\"elementor-element elementor-element-9258a75 elementor-hidden-mobile elementor-widget elementor-widget-breadcrumbs\" data-id=\"9258a75\" data-element_type=\"widget\" data-widget_type=\"breadcrumbs.default\">\n\t\t\t\t<div class=\"elementor-widget-container\">\n\t\t\t\t\t<p id=\"breadcrumbs\"><span><span><a href=\"https:\/\/kinamihealth.com\/\">Kezd\u0151lap<\/a><\/span><\/span><\/p>\t\t\t\t<\/div>\n\t\t\t\t<\/div>\n\t\t\t\t<div class=\"elementor-element elementor-element-c60ceef elementor-widget__width-initial elementor-widget elementor-widget-heading\" data-id=\"c60ceef\" data-element_type=\"widget\" data-widget_type=\"heading.default\">\n\t\t\t\t<div class=\"elementor-widget-container\">\n\t\t\t\t\t<h1 class=\"elementor-heading-title elementor-size-default\">Kapcsolattart\u00e1si adatok szerkeszt\u00e9se<\/h1>\t\t\t\t<\/div>\n\t\t\t\t<\/div>\n\t\t\t\t<\/div>\n\t\t\t\t<\/div>\n\t\t\t\t<\/div>\n\t\t<div class=\"elementor-element elementor-element-9ce1d4b e-flex e-con-boxed e-con e-parent\" data-id=\"9ce1d4b\" data-element_type=\"container\">\n\t\t\t\t\t<div class=\"e-con-inner\">\n\t\t\t\t<div class=\"elementor-element elementor-element-d4955e6 elementor-widget elementor-widget-shortcode\" data-id=\"d4955e6\" data-element_type=\"widget\" data-widget_type=\"shortcode.default\">\n\t\t\t\t<div class=\"elementor-widget-container\">\n\t\t\t\t\t\t\t<div class=\"elementor-shortcode\"><p>You must be logged in to update your social contact details.<\/p><\/div>\n\t\t\t\t\t\t<\/div>\n\t\t\t\t<\/div>\n\t\t\t\t<div class=\"elementor-element elementor-element-f37d302 elementor-widget elementor-widget-button\" data-id=\"f37d302\" data-element_type=\"widget\" data-widget_type=\"button.default\">\n\t\t\t\t<div class=\"elementor-widget-container\">\n\t\t\t\t\t\t\t\t\t<div class=\"elementor-button-wrapper\">\n\t\t\t\t\t<a class=\"elementor-button elementor-button-link elementor-size-sm\" href=\"https:\/\/kinamihealth.com\/hu\/fiokom\/\">\n\t\t\t\t\t\t<span class=\"elementor-button-content-wrapper\">\n\t\t\t\t\t\t\t\t\t<span class=\"elementor-button-text\">Vissza a fi\u00f3khoz<\/span>\n\t\t\t\t\t<\/span>\n\t\t\t\t\t<\/a>\n\t\t\t\t<\/div>\n\t\t\t\t\t\t\t\t<\/div>\n\t\t\t\t<\/div>\n\t\t\t\t\t<\/div>\n\t\t\t\t<\/div>\n\t\t\t\t<\/div>\n\t\t","protected":false},"excerpt":{"rendered":"<p>Kapcsolattart\u00e1si adatok szerkeszt\u00e9se Vissza a fi\u00f3khoz<\/p>\n","protected":false},"author":1,"featured_media":0,"parent":0,"menu_order":0,"comment_status":"closed","ping_status":"closed","template":"elementor_header_footer","meta":{"_acf_changed":false,"inline_featured_image":false,"footnotes":""},"class_list":["post-115848","page","type-page","status-publish","hentry"],"acf":[],"yoast_head":"<!-- This site is optimized with the Yoast SEO plugin v27.3 - https:\/\/yoast.com\/product\/yoast-seo-wordpress\/ -->\n<title>Kapcsolattart\u00e1si adatok szerkeszt\u00e9se - Kinami Health<\/title>\n<meta name=\"robots\" content=\"index, follow, max-snippet:-1, max-image-preview:large, max-video-preview:-1\" \/>\n<link rel=\"canonical\" href=\"https:\/\/kinamihealth.com\/hu\/wp-json\/wp\/v2\/pages\/115848\" \/>\n<meta property=\"og:locale\" content=\"hu_HU\" \/>\n<meta property=\"og:type\" content=\"article\" \/>\n<meta property=\"og:title\" content=\"Kapcsolattart\u00e1si adatok szerkeszt\u00e9se - Kinami Health\" \/>\n<meta property=\"og:description\" content=\"Kapcsolattart\u00e1si adatok szerkeszt\u00e9se Vissza a fi\u00f3khoz\" \/>\n<meta property=\"og:url\" content=\"https:\/\/kinamihealth.com\/edit-contact-information\/\" \/>\n<meta property=\"og:site_name\" content=\"Kinami Health\" \/>\n<meta property=\"article:modified_time\" content=\"2026-02-27T14:36:40+00:00\" \/>\n<meta name=\"twitter:card\" content=\"summary_large_image\" \/>\n<!-- \/ Yoast SEO plugin. -->","yoast_head_json":{"title":"Kapcsolattart\u00e1si adatok szerkeszt\u00e9se - Kinami Health","robots":{"index":"index","follow":"follow","max-snippet":"max-snippet:-1","max-image-preview":"max-image-preview:large","max-video-preview":"max-video-preview:-1"},"canonical":"https:\/\/kinamihealth.com\/hu\/wp-json\/wp\/v2\/pages\/115848","og_locale":"hu_HU","og_type":"article","og_title":"Kapcsolattart\u00e1si adatok szerkeszt\u00e9se - Kinami Health","og_description":"Kapcsolattart\u00e1si adatok szerkeszt\u00e9se Vissza a fi\u00f3khoz","og_url":"https:\/\/kinamihealth.com\/edit-contact-information\/","og_site_name":"Kinami Health","article_modified_time":"2026-02-27T14:36:40+00:00","twitter_card":"summary_large_image","schema":{"@context":"https:\/\/schema.org","@graph":[{"@type":"WebPage","@id":"https:\/\/kinamihealth.com\/edit-contact-information\/","url":"https:\/\/kinamihealth.com\/edit-contact-information\/","name":"Kapcsolattart\u00e1si adatok szerkeszt\u00e9se - Kinami Health","isPartOf":{"@id":"https:\/\/kinamihealth.com\/#website"},"datePublished":"2025-03-27T18:21:19+00:00","dateModified":"2026-02-27T14:36:40+00:00","breadcrumb":{"@id":"https:\/\/kinamihealth.com\/edit-contact-information\/#breadcrumb"},"inLanguage":"hu","potentialAction":[{"@type":"ReadAction","target":["https:\/\/kinamihealth.com\/edit-contact-information\/"]}]},{"@type":"BreadcrumbList","@id":"https:\/\/kinamihealth.com\/edit-contact-information\/#breadcrumb","itemListElement":[{"@type":"ListItem","position":1,"name":"Kezd\u0151lap","item":"https:\/\/kinamihealth.com\/"},{"@type":"ListItem","position":2,"name":"Kapcsolattart\u00e1si adatok szerkeszt\u00e9se"}]},{"@type":"WebSite","@id":"https:\/\/kinamihealth.com\/#website","url":"https:\/\/kinamihealth.com\/","name":"Kinami Health","description":"","publisher":{"@id":"https:\/\/kinamihealth.com\/#organization"},"potentialAction":[{"@type":"SearchAction","target":{"@type":"EntryPoint","urlTemplate":"https:\/\/kinamihealth.com\/?s={search_term_string}"},"query-input":{"@type":"PropertyValueSpecification","valueRequired":true,"valueName":"search_term_string"}}],"inLanguage":"hu"},{"@type":"Organization","@id":"https:\/\/kinamihealth.com\/#organization","name":"Kinami Health","url":"https:\/\/kinamihealth.com\/","logo":{"@type":"ImageObject","inLanguage":"hu","@id":"https:\/\/kinamihealth.com\/#\/schema\/logo\/image\/","url":"https:\/\/kinamihealth.com\/wp-content\/uploads\/2025\/01\/KH_logo_black_2-1.png","contentUrl":"https:\/\/kinamihealth.com\/wp-content\/uploads\/2025\/01\/KH_logo_black_2-1.png","width":339,"height":34,"caption":"Kinami Health"},"image":{"@id":"https:\/\/kinamihealth.com\/#\/schema\/logo\/image\/"}}]}},"_links":{"self":[{"href":"https:\/\/kinamihealth.com\/hu\/wp-json\/wp\/v2\/pages\/115848","targetHints":{"allow":["GET"]}}],"collection":[{"href":"https:\/\/kinamihealth.com\/hu\/wp-json\/wp\/v2\/pages"}],"about":[{"href":"https:\/\/kinamihealth.com\/hu\/wp-json\/wp\/v2\/types\/page"}],"author":[{"embeddable":true,"href":"https:\/\/kinamihealth.com\/hu\/wp-json\/wp\/v2\/users\/1"}],"replies":[{"embeddable":true,"href":"https:\/\/kinamihealth.com\/hu\/wp-json\/wp\/v2\/comments?post=115848"}],"version-history":[{"count":2,"href":"https:\/\/kinamihealth.com\/hu\/wp-json\/wp\/v2\/pages\/115848\/revisions"}],"predecessor-version":[{"id":133172,"href":"https:\/\/kinamihealth.com\/hu\/wp-json\/wp\/v2\/pages\/115848\/revisions\/133172"}],"wp:attachment":[{"href":"https:\/\/kinamihealth.com\/hu\/wp-json\/wp\/v2\/media?parent=115848"}],"curies":[{"name":"wp","href":"https:\/\/api.w.org\/{rel}","templated":true}]}}