{"id":115842,"date":"2025-05-20T12:01:22","date_gmt":"2025-05-20T12:01:22","guid":{"rendered":"https:\/\/kinamihealth.com\/sutikre-cookie-vonatkozo-szabalyzat\/"},"modified":"2025-10-06T20:09:40","modified_gmt":"2025-10-06T20:09:40","slug":"sutikre-cookie-vonatkozo-szabalyzat","status":"publish","type":"page","link":"https:\/\/kinamihealth.com\/hu\/sutikre-cookie-vonatkozo-szabalyzat\/","title":{"rendered":"S\u00fctikre (cookie) vonatkoz\u00f3 szab\u00e1lyzat"},"content":{"rendered":"\t\t<div data-elementor-type=\"wp-page\" data-elementor-id=\"115842\" class=\"elementor elementor-115842 elementor-105541\" data-elementor-post-type=\"page\">\n\t\t\t\t<div class=\"elementor-element elementor-element-0a740fa e-flex e-con-boxed e-con e-parent\" data-id=\"0a740fa\" data-element_type=\"container\">\n\t\t\t\t\t<div class=\"e-con-inner\">\n\t\t\t\t<div class=\"elementor-element elementor-element-8540daf elementor-widget elementor-widget-text-editor\" data-id=\"8540daf\" data-element_type=\"widget\" data-widget_type=\"text-editor.default\">\n\t\t\t\t<div class=\"elementor-widget-container\">\n\t\t\t\t\t\t\t\t\t<p><span style=\"font-weight: 400;\">\u00dcdv\u00f6z\u00f6lj\u00fck a Kinami Limited (a \u201eweboldal\u201d vagy a \u201ewebhely\u201d) weboldal\u00e1n. A Kinami Limited kiz\u00e1r\u00f3lagos tulajdonosa a weboldalnak \u00e9s annak minden tartalm\u00e1nak. <\/span><\/p><p><span style=\"font-weight: 400;\">Ez a weboldal cookie-kat (\u201ecookie-k\u201d) haszn\u00e1l. A cookie-kat arra haszn\u00e1ljuk, hogy megtudjuk, hogyan jav\u00edthatjuk a felhaszn\u00e1l\u00f3i \u00e9lm\u00e9nyt, amikor \u00d6n megl\u00e1togatja weboldalunkat. A jelen cookie-kra vonatkoz\u00f3 ir\u00e1nyelvek (a \u201ecookie-kra vonatkoz\u00f3 ir\u00e1nyelvek\u201d) ismertetik, hogy milyen cookie-kat haszn\u00e1lunk, mi\u00e9rt haszn\u00e1ljuk \u0151ket, \u00e9s hogyan lehet kezelni a cookie-be\u00e1ll\u00edt\u00e1sokat.  <\/span><\/p><p><span style=\"font-weight: 400;\">\u00c1ltal\u00e1nos szerz\u0151d\u00e9si felt\u00e9teleink \u00e9s adatv\u00e9delmi ir\u00e1nyelveink kieg\u00e9sz\u00edtik a cookie-kra vonatkoz\u00f3 ir\u00e1nyelveinket.<\/span><\/p><p><b>Mik azok a cookie-k?<\/b><\/p><p><span style=\"font-weight: 400;\">A cookie-k kis sz\u00f6veges f\u00e1jlok, amelyeket egy webhely a sz\u00e1m\u00edt\u00f3g\u00e9p\u00e9re vagy mobil eszk\u00f6z\u00e9re tov\u00e1bb\u00edt, hogy korl\u00e1tozott inform\u00e1ci\u00f3kat gy\u0171jts\u00f6n. A b\u00f6ng\u00e9sz\u0151j\u00e9ben t\u00e1rolva lehet\u0151v\u00e9 teszik webhely\u00fcnk\u00f6n k\u00fcl\u00f6nb\u00f6z\u0151 funkci\u00f3k \u00e9s szolg\u00e1ltat\u00e1sok m\u0171k\u00f6d\u00e9s\u00e9t, lehet\u0151v\u00e9 t\u00e9ve sz\u00e1munkra, hogy felismerj\u00fck \u00d6nt \u00e9s jav\u00edtsuk felhaszn\u00e1l\u00f3i \u00e9lm\u00e9ny\u00e9t. <\/span><\/p><p><b>A cookie-k t\u00edpusai:<\/b><\/p><p><span style=\"font-weight: 400;\">Sz\u00fcks\u00e9ges \u00e9s nem sz\u00fcks\u00e9ges cookie-k: A sz\u00fcks\u00e9ges cookie-k elengedhetetlenek a weboldal megfelel\u0151 m\u0171k\u00f6d\u00e9s\u00e9hez, biztos\u00edtj\u00e1k az alapvet\u0151 funkci\u00f3kat \u00e9s a biztons\u00e1got an\u00e9lk\u00fcl, hogy szem\u00e9lyes adatokat t\u00e1roln\u00e1nak. A nem sz\u00fcks\u00e9ges cookie-k olyan kieg\u00e9sz\u00edt\u0151 szolg\u00e1ltat\u00e1sokat vagy funkci\u00f3kat ny\u00fajtanak, amelyek jav\u00edtj\u00e1k a felhaszn\u00e1l\u00f3i \u00e9lm\u00e9nyt, de nem kritikusak a weboldal m\u0171k\u00f6d\u00e9se szempontj\u00e1b\u00f3l. <\/span><\/p><p><span style=\"font-weight: 400;\">Munkamenet-alap\u00fa \u00e9s \u00e1lland\u00f3 cookie-k: A munkamenet-alap\u00fa cookie-k ideiglenesek, \u00e9s csak a b\u00f6ng\u00e9sz\u0151 megnyit\u00e1sa alatt l\u00e9teznek, bez\u00e1r\u00e1sakor elt\u0171nnek. Ezzel szemben az \u00e1lland\u00f3 cookie-k a lej\u00e1ratukig vagy a b\u00f6ng\u00e9sz\u0151b\u0151l val\u00f3 manu\u00e1lis t\u00f6rl\u00e9sig a k\u00e9sz\u00fcl\u00e9ken maradnak. <\/span><\/p><p><span style=\"font-weight: 400;\">Els\u0151 f\u00e9l \u00e9s harmadik f\u00e9l cookie-k: Az els\u0151 f\u00e9l cookie-kat az \u00d6n \u00e1ltal l\u00e1togatott webhely hozza l\u00e9tre, m\u00edg a harmadik f\u00e9l cookie-kat olyan k\u00fcls\u0151 szolg\u00e1ltat\u00f3k \u00e1ll\u00edtj\u00e1k be, akik a webhelyen kereszt\u00fcl vagy a webhely sz\u00e1m\u00e1ra ny\u00fajtanak szolg\u00e1ltat\u00e1sokat.<\/span><\/p><p><span style=\"font-weight: 400;\">Preferencia cookie-k: Ezek a cookie-k lehet\u0151v\u00e9 teszik a webhely sz\u00e1m\u00e1ra, hogy megjegyezze a felhaszn\u00e1l\u00f3i preferenci\u00e1kat, p\u00e9ld\u00e1ul a nyelvi be\u00e1ll\u00edt\u00e1sokat vagy a region\u00e1lis v\u00e1laszt\u00e1sokat, \u00edgy szem\u00e9lyre szabottabb \u00e9lm\u00e9nyt biztos\u00edtva.<\/span><\/p><p><span style=\"font-weight: 400;\">Analitikai cookie-k: Ezek a cookie-k n\u00e9vtelen\u00fcl gy\u0171jtenek \u00e9s jelentenek adatokat, seg\u00edtve a webhely tulajdonosait a l\u00e1togat\u00f3k viselked\u00e9s\u00e9nek meg\u00e9rt\u00e9s\u00e9ben, valamint a webhely funkcionalit\u00e1s\u00e1nak \u00e9s felhaszn\u00e1l\u00f3i \u00e9lm\u00e9ny\u00e9nek jav\u00edt\u00e1s\u00e1ban.<\/span><\/p><p><span style=\"font-weight: 400;\">Analitikai cookie-k: Ezek a cookie-k n\u00e9vtelen\u00fcl gy\u0171jtenek \u00e9s jelentenek adatokat, seg\u00edtve a webhely tulajdonosait a l\u00e1togat\u00f3k viselked\u00e9s\u00e9nek meg\u00e9rt\u00e9s\u00e9ben, valamint a webhely funkcionalit\u00e1s\u00e1nak \u00e9s felhaszn\u00e1l\u00f3i \u00e9lm\u00e9ny\u00e9nek jav\u00edt\u00e1s\u00e1ban.<\/span><\/p><p><b>Mi\u00e9rt haszn\u00e1lunk cookie-kat?<\/b><\/p><p><span style=\"font-weight: 400;\">A cookie-k seg\u00edtenek felismerni a felhaszn\u00e1l\u00f3kat, amikor megl\u00e1togatj\u00e1k weboldalunkat. A k\u00f6vetkez\u0151 c\u00e9lokra haszn\u00e1ljuk \u0151ket: <\/span><\/p><p><span style=\"font-weight: 400;\">Biztons\u00e1g: Biztons\u00e1gi funkci\u00f3k t\u00e1mogat\u00e1sa \u00e9s rosszindulat\u00fa tev\u00e9kenys\u00e9gek vagy csal\u00e1sok felismer\u00e9se.<\/span><\/p><p><span style=\"font-weight: 400;\">Be\u00e1ll\u00edt\u00e1sok: relev\u00e1ns tartalom, tov\u00e1bbfejlesztett funkci\u00f3k, online m\u00e9dia \u00e9s k\u00f6z\u00f6ss\u00e9gi megoszt\u00e1si lehet\u0151s\u00e9gek biztos\u00edt\u00e1sa. Emellett megk\u00f6nny\u00edtik az \u0171rlapok kit\u00f6lt\u00e9s\u00e9t az\u00e1ltal, hogy megjegyzik a kor\u00e1bban megadott inform\u00e1ci\u00f3kat. <\/span><\/p><p><span style=\"font-weight: 400;\">Marketing: M\u00e1s hirdet\u00e9si technol\u00f3gi\u00e1kkal, p\u00e9ld\u00e1ul jelad\u00f3kkal, pixelekkel \u00e9s c\u00edmk\u00e9kkel egy\u00fctt a cookie-k seg\u00edtenek el\u00e9rni a szolg\u00e1ltat\u00e1saink ir\u00e1nt \u00e9rdekl\u0151d\u0151 felhaszn\u00e1l\u00f3kat az\u00e1ltal, hogy meg\u00e9rtik preferenci\u00e1ikat \u00e9s relev\u00e1ns \u00fczeneteket k\u00f6zvet\u00edtenek nekik. Emellett \u00f6sszes\u00edtett adatokat is ny\u00fajtanak arr\u00f3l, hogy mikor mutatt\u00e1k be a marketingtartalmakat. <\/span><\/p><p><span style=\"font-weight: 400;\">Teljes\u00edtm\u00e9nyelemz\u00e9s: A l\u00e1togat\u00f3k sz\u00e1m\u00e1nak, a forgalom forr\u00e1sainak, az oldal megtekint\u00e9seinek \u00e9s a napl\u00f3f\u00e1jlok nyomon k\u00f6vet\u00e9se weboldalunk \u00e9s szolg\u00e1ltat\u00e1saink fejleszt\u00e9se \u00e9rdek\u00e9ben.<\/span><\/p><p><b>Cookie n\u00e9v t\u00e1bl\u00e1zat<\/b><\/p>\t\t\t\t\t\t\t\t<\/div>\n\t\t\t\t<\/div>\n\t\t\t\t<div class=\"elementor-element elementor-element-688e08b elementor-widget elementor-widget-html\" data-id=\"688e08b\" data-element_type=\"widget\" data-widget_type=\"html.default\">\n\t\t\t\t<div class=\"elementor-widget-container\">\n\t\t\t\t\t<table border=\"1\" cellspacing=\"0\" cellpadding=\"10\" style=\"width: 100%; border-collapse: collapse;  \">\n    <thead>\n        <tr>\n            <th>Cookie neve<\/th>\n<th>Szolg\u00e1ltat\u00f3<\/th>\n<th>Kateg\u00f3ria<\/th>\n<th>Lej\u00e1rat<\/th>\n        <\/tr>\n    <\/thead>\n    <tbody>\n        <tr><td>sbjs_current<\/td><td>Kinami<\/td><td>Tracking<\/td><td>Session<\/td><\/tr>\n        <tr><td>sbjs_current_add<\/td><td>Kinami<\/td><td>Tracking<\/td><td>Session<\/td><\/tr>\n        <tr><td>sbjs_first<\/td><td>Kinami<\/td><td>Tracking<\/td><td>Session<\/td><\/tr>\n        <tr><td>sbjs_first_add<\/td><td>Kinami<\/td><td>Tracking<\/td><td>Session<\/td><\/tr>\n        <tr><td>sbjs_migrations<\/td><td>Kinami<\/td><td>Tracking<\/td><td>Session<\/td><\/tr>\n        <tr><td>sbjs_session<\/td><td>Kinami<\/td><td>Tracking<\/td><td>30 minutes<\/td><\/tr>\n        <tr><td>sbjs_udata<\/td><td>Kinami<\/td><td>Tracking<\/td><td>Session<\/td><\/tr>\n        <tr><td>shopengine_recent_viewed_product<\/td><td>Kinami<\/td><td>Functional<\/td><td>1 month<\/td><\/tr>\n        <tr><td>tk_ai<\/td><td>WooCommerce<\/td><td>Analytics<\/td><td>Session<\/td><\/tr>\n        <tr><td>tk_qs<\/td><td>WooCommerce<\/td><td>Analytics<\/td><td>1 day<\/td><\/tr>\n        <tr><td>woocommerce_cart_hash<\/td><td>WooCommerce<\/td><td>Functional<\/td><td>Session<\/td><\/tr>\n        <tr><td>woocommerce_items_in_cart<\/td><td>WooCommerce<\/td><td>Functional<\/td><td>Session<\/td><\/tr>\n        <tr><td>wordpress_logged_in_[hash]<\/td><td>WordPress<\/td><td>Authentication<\/td><td>Session<\/td><\/tr>\n        <tr><td>wordpress_sec_[hash]<\/td><td>WordPress<\/td><td>Security<\/td><td>Session<\/td><\/tr>\n        <tr><td>wordpress_test_cookie<\/td><td>WordPress<\/td><td>Functional<\/td><td>Session<\/td><\/tr>\n        <tr><td>wp_woocommerce_session_[hash]<\/td><td>WooCommerce<\/td><td>Functional<\/td><td>1 day<\/td><\/tr>\n        <tr><td>wp-settings-[UID]<\/td><td>WordPress<\/td><td>Functional<\/td><td>1 year<\/td><\/tr>\n        <tr><td>wp-settings-time-[UID]<\/td><td>WordPress<\/td><td>Functional<\/td><td>1 year<\/td><\/tr>\n        <tr><td>wp-wpml_current_language<\/td><td>WPML<\/td><td>Functional<\/td><td>Session<\/td><\/tr>\n    <\/tbody>\n<\/table>\n\t\t\t\t<\/div>\n\t\t\t\t<\/div>\n\t\t\t\t<div class=\"elementor-element elementor-element-f4fb256 elementor-widget elementor-widget-text-editor\" data-id=\"f4fb256\" data-element_type=\"widget\" data-widget_type=\"text-editor.default\">\n\t\t\t\t<div class=\"elementor-widget-container\">\n\t\t\t\t\t\t\t\t\t<p><b>A cookie-k kezel\u00e9se<\/b><\/p><p><span style=\"font-weight: 400;\">\u00d6n b\u00e1rmikor elfogadhatja, elutas\u00edthatja, t\u00f6r\u00f6lheti vagy letilthatja a cookie-kat, kiv\u00e9ve, ha azok szolg\u00e1ltat\u00e1saink ny\u00fajt\u00e1s\u00e1hoz vagy a weboldal biztons\u00e1g\u00e1nak fenntart\u00e1s\u00e1hoz elengedhetetlenek. A cookie-s\u00e1von az \u201eElfogad\u00e1s\u201d gombra kattintva \u00d6n elfogadja, hogy a Kinami Limited a jelen ir\u00e1nyelvben le\u00edrtak szerint cookie-kat haszn\u00e1ljon. <\/span><\/p><p><span style=\"font-weight: 400;\">Ha \u00fagy d\u00f6nt, hogy elutas\u00edtja, t\u00f6rli vagy leiratkozik a nem alapvet\u0151 cookie-kr\u00f3l, akkor tov\u00e1bbra is b\u00f6ng\u00e9szheti weboldalunkat, azonban egyes funkci\u00f3k vagy szolg\u00e1ltat\u00e1sok nem lesznek el\u00e9rhet\u0151k. A cookie-be\u00e1ll\u00edt\u00e1sokat a b\u00f6ng\u00e9sz\u0151j\u00e9n vagy a weboldalunkon tal\u00e1lhat\u00f3 cookie-hozz\u00e1j\u00e1rul\u00e1si s\u00e1von kereszt\u00fcl kezelheti. <\/span><\/p><p><span style=\"font-weight: 400;\">A kor\u00e1bban t\u00e1rolt cookie-k elt\u00e1vol\u00edt\u00e1s\u00e1hoz t\u00f6r\u00f6lje azokat a b\u00f6ng\u00e9sz\u0151j\u00e9b\u0151l, \u00e9s \u00e1ll\u00edtsa be a be\u00e1ll\u00edt\u00e1sokat \u00fagy, hogy a j\u00f6v\u0151ben ne ker\u00fcljenek elhelyez\u00e9sre.<\/span><\/p><p><b>Kapcsolat<\/b><\/p><p><span style=\"font-weight: 400;\">Ha b\u00e1rmilyen k\u00e9rd\u00e9se van, k\u00e9rj\u00fck, vegye fel vel\u00fcnk a kapcsolatot a Kapcsolat \u0171rlapon kereszt\u00fcl vagy a k\u00f6vetkez\u0151 c\u00edmen:<\/span><\/p><p><span style=\"font-weight: 400;\">Email: <\/span><span style=\"font-weight: 400;\">\n  <a href=\"mailto:info@kinamihealth.com\">info@kinamihealth.com<\/a>\n<\/span><\/p><p><span style=\"font-weight: 400;\">Telefonsz\u00e1m: +44 7488 890499<\/span><\/p>\t\t\t\t\t\t\t\t<\/div>\n\t\t\t\t<\/div>\n\t\t\t\t\t<\/div>\n\t\t\t\t<\/div>\n\t\t\t\t<\/div>\n\t\t","protected":false},"excerpt":{"rendered":"<p>\u00dcdv\u00f6z\u00f6lj\u00fck a Kinami Limited (a \u201eweboldal\u201d vagy a \u201ewebhely\u201d) weboldal\u00e1n. A Kinami Limited kiz\u00e1r\u00f3lagos tulajdonosa a weboldalnak \u00e9s annak minden tartalm\u00e1nak. Ez a weboldal cookie-kat (\u201ecookie-k\u201d) haszn\u00e1l. A cookie-kat arra haszn\u00e1ljuk, hogy megtudjuk, hogyan jav\u00edthatjuk a felhaszn\u00e1l\u00f3i \u00e9lm\u00e9nyt, amikor \u00d6n megl\u00e1togatja weboldalunkat. A jelen cookie-kra vonatkoz\u00f3 ir\u00e1nyelvek (a \u201ecookie-kra vonatkoz\u00f3 ir\u00e1nyelvek\u201d) ismertetik, hogy milyen cookie-kat [&hellip;]<\/p>\n","protected":false},"author":24,"featured_media":0,"parent":0,"menu_order":0,"comment_status":"closed","ping_status":"closed","template":"","meta":{"_acf_changed":false,"inline_featured_image":false,"footnotes":""},"class_list":["post-115842","page","type-page","status-publish","hentry"],"acf":[],"yoast_head":"<!-- This site is optimized with the Yoast SEO plugin v27.3 - https:\/\/yoast.com\/product\/yoast-seo-wordpress\/ -->\n<title>S\u00fctikre (cookie) vonatkoz\u00f3 szab\u00e1lyzat - Kinami Health<\/title>\n<meta name=\"robots\" content=\"index, follow, max-snippet:-1, max-image-preview:large, max-video-preview:-1\" \/>\n<link rel=\"canonical\" href=\"https:\/\/kinamihealth.com\/hu\/wp-json\/wp\/v2\/pages\/115842\" \/>\n<meta property=\"og:locale\" content=\"hu_HU\" \/>\n<meta property=\"og:type\" content=\"article\" \/>\n<meta property=\"og:title\" content=\"S\u00fctikre (cookie) vonatkoz\u00f3 szab\u00e1lyzat - Kinami Health\" \/>\n<meta property=\"og:description\" content=\"\u00dcdv\u00f6z\u00f6lj\u00fck a Kinami Limited (a \u201eweboldal\u201d vagy a \u201ewebhely\u201d) weboldal\u00e1n. A Kinami Limited kiz\u00e1r\u00f3lagos tulajdonosa a weboldalnak \u00e9s annak minden tartalm\u00e1nak. Ez a weboldal cookie-kat (\u201ecookie-k\u201d) haszn\u00e1l. A cookie-kat arra haszn\u00e1ljuk, hogy megtudjuk, hogyan jav\u00edthatjuk a felhaszn\u00e1l\u00f3i \u00e9lm\u00e9nyt, amikor \u00d6n megl\u00e1togatja weboldalunkat. A jelen cookie-kra vonatkoz\u00f3 ir\u00e1nyelvek (a \u201ecookie-kra vonatkoz\u00f3 ir\u00e1nyelvek\u201d) ismertetik, hogy milyen cookie-kat [&hellip;]\" \/>\n<meta property=\"og:url\" content=\"https:\/\/kinamihealth.com\/hu\/sutikre-cookie-vonatkozo-szabalyzat\/\" \/>\n<meta property=\"og:site_name\" content=\"Kinami Health\" \/>\n<meta property=\"article:modified_time\" content=\"2025-10-06T20:09:40+00:00\" \/>\n<meta name=\"twitter:card\" content=\"summary_large_image\" \/>\n<meta name=\"twitter:label1\" content=\"Becs\u00fclt olvas\u00e1si id\u0151\" \/>\n\t<meta name=\"twitter:data1\" content=\"5 perc\" \/>\n<!-- \/ Yoast SEO plugin. -->","yoast_head_json":{"title":"S\u00fctikre (cookie) vonatkoz\u00f3 szab\u00e1lyzat - Kinami Health","robots":{"index":"index","follow":"follow","max-snippet":"max-snippet:-1","max-image-preview":"max-image-preview:large","max-video-preview":"max-video-preview:-1"},"canonical":"https:\/\/kinamihealth.com\/hu\/wp-json\/wp\/v2\/pages\/115842","og_locale":"hu_HU","og_type":"article","og_title":"S\u00fctikre (cookie) vonatkoz\u00f3 szab\u00e1lyzat - Kinami Health","og_description":"\u00dcdv\u00f6z\u00f6lj\u00fck a Kinami Limited (a \u201eweboldal\u201d vagy a \u201ewebhely\u201d) weboldal\u00e1n. A Kinami Limited kiz\u00e1r\u00f3lagos tulajdonosa a weboldalnak \u00e9s annak minden tartalm\u00e1nak. Ez a weboldal cookie-kat (\u201ecookie-k\u201d) haszn\u00e1l. A cookie-kat arra haszn\u00e1ljuk, hogy megtudjuk, hogyan jav\u00edthatjuk a felhaszn\u00e1l\u00f3i \u00e9lm\u00e9nyt, amikor \u00d6n megl\u00e1togatja weboldalunkat. A jelen cookie-kra vonatkoz\u00f3 ir\u00e1nyelvek (a \u201ecookie-kra vonatkoz\u00f3 ir\u00e1nyelvek\u201d) ismertetik, hogy milyen cookie-kat [&hellip;]","og_url":"https:\/\/kinamihealth.com\/hu\/sutikre-cookie-vonatkozo-szabalyzat\/","og_site_name":"Kinami Health","article_modified_time":"2025-10-06T20:09:40+00:00","twitter_card":"summary_large_image","twitter_misc":{"Becs\u00fclt olvas\u00e1si id\u0151":"5 perc"},"schema":{"@context":"https:\/\/schema.org","@graph":[{"@type":"WebPage","@id":"https:\/\/kinamihealth.com\/hu\/sutikre-cookie-vonatkozo-szabalyzat\/","url":"https:\/\/kinamihealth.com\/hu\/sutikre-cookie-vonatkozo-szabalyzat\/","name":"S\u00fctikre (cookie) vonatkoz\u00f3 szab\u00e1lyzat - Kinami Health","isPartOf":{"@id":"https:\/\/kinamihealth.com\/#website"},"datePublished":"2025-05-20T12:01:22+00:00","dateModified":"2025-10-06T20:09:40+00:00","breadcrumb":{"@id":"https:\/\/kinamihealth.com\/hu\/sutikre-cookie-vonatkozo-szabalyzat\/#breadcrumb"},"inLanguage":"hu","potentialAction":[{"@type":"ReadAction","target":["https:\/\/kinamihealth.com\/hu\/sutikre-cookie-vonatkozo-szabalyzat\/"]}]},{"@type":"BreadcrumbList","@id":"https:\/\/kinamihealth.com\/hu\/sutikre-cookie-vonatkozo-szabalyzat\/#breadcrumb","itemListElement":[{"@type":"ListItem","position":1,"name":"Kezd\u0151lap","item":"https:\/\/kinamihealth.com\/"},{"@type":"ListItem","position":2,"name":"S\u00fctikre (cookie) vonatkoz\u00f3 szab\u00e1lyzat"}]},{"@type":"WebSite","@id":"https:\/\/kinamihealth.com\/#website","url":"https:\/\/kinamihealth.com\/","name":"Kinami Health","description":"","publisher":{"@id":"https:\/\/kinamihealth.com\/#organization"},"potentialAction":[{"@type":"SearchAction","target":{"@type":"EntryPoint","urlTemplate":"https:\/\/kinamihealth.com\/?s={search_term_string}"},"query-input":{"@type":"PropertyValueSpecification","valueRequired":true,"valueName":"search_term_string"}}],"inLanguage":"hu"},{"@type":"Organization","@id":"https:\/\/kinamihealth.com\/#organization","name":"Kinami Health","url":"https:\/\/kinamihealth.com\/","logo":{"@type":"ImageObject","inLanguage":"hu","@id":"https:\/\/kinamihealth.com\/#\/schema\/logo\/image\/","url":"https:\/\/kinamihealth.com\/wp-content\/uploads\/2025\/01\/KH_logo_black_2-1.png","contentUrl":"https:\/\/kinamihealth.com\/wp-content\/uploads\/2025\/01\/KH_logo_black_2-1.png","width":339,"height":34,"caption":"Kinami Health"},"image":{"@id":"https:\/\/kinamihealth.com\/#\/schema\/logo\/image\/"}}]}},"_links":{"self":[{"href":"https:\/\/kinamihealth.com\/hu\/wp-json\/wp\/v2\/pages\/115842","targetHints":{"allow":["GET"]}}],"collection":[{"href":"https:\/\/kinamihealth.com\/hu\/wp-json\/wp\/v2\/pages"}],"about":[{"href":"https:\/\/kinamihealth.com\/hu\/wp-json\/wp\/v2\/types\/page"}],"author":[{"embeddable":true,"href":"https:\/\/kinamihealth.com\/hu\/wp-json\/wp\/v2\/users\/24"}],"replies":[{"embeddable":true,"href":"https:\/\/kinamihealth.com\/hu\/wp-json\/wp\/v2\/comments?post=115842"}],"version-history":[{"count":0,"href":"https:\/\/kinamihealth.com\/hu\/wp-json\/wp\/v2\/pages\/115842\/revisions"}],"wp:attachment":[{"href":"https:\/\/kinamihealth.com\/hu\/wp-json\/wp\/v2\/media?parent=115842"}],"curies":[{"name":"wp","href":"https:\/\/api.w.org\/{rel}","templated":true}]}}