{"id":111160,"date":"2025-03-11T18:14:57","date_gmt":"2025-03-11T18:14:57","guid":{"rendered":"https:\/\/kinamihealth.com\/product\/zo-skin-complexion-renewal-pads\/"},"modified":"2026-01-21T15:00:44","modified_gmt":"2026-01-21T15:00:44","slug":"zo-skin-complexion-renewal-pads","status":"publish","type":"product","link":"https:\/\/kinamihealth.com\/fr\/produit\/zo-skin-complexion-renewal-pads\/","title":{"rendered":"ZO\u00ae SKIN COMPLEXION RENEWAL PADS"},"content":{"rendered":"<p>Les tampons ZO\u00ae Skin Complexion Renewal Pads sont des compresses exfoliantes imbib\u00e9es con\u00e7us pour \u00e9liminer l&#8217;exc\u00e8s de s\u00e9bum, d\u00e9sobstruer les pores et affiner le grain de peau. Enrichis en acides salicylique et glycolique, ils contribuent \u00e0 minimiser les \u00e9ruptions cutan\u00e9es, \u00e0 r\u00e9duire la brillance et \u00e0 favoriser un teint plus clair et plus lisse.<\/p>\n","protected":false},"excerpt":{"rendered":"<p>Les tampons ZO\u00ae Skin Complexion Renewal Pads sont des compresses exfoliantes imbib\u00e9es con\u00e7us pour \u00e9liminer l&#8217;exc\u00e8s de s\u00e9bum, d\u00e9sobstruer les pores et affiner le grain de peau. Enrichis en acides salicylique et glycolique, ils contribuent \u00e0 minimiser les \u00e9ruptions cutan\u00e9es, \u00e0 r\u00e9duire la brillance et \u00e0 favoriser un teint plus clair et plus lisse.<\/p>\n","protected":false},"featured_media":111161,"comment_status":"closed","ping_status":"closed","template":"","meta":{"_acf_changed":false,"inline_featured_image":false},"product_brand":[1305],"product_cat":[1380],"product_tag":[1222],"class_list":{"0":"post-111160","1":"product","2":"type-product","3":"status-publish","4":"has-post-thumbnail","6":"product_brand-zo","7":"product_cat-soins-de-la-peau","8":"product_tag-dispositifs-medicaux","10":"first","11":"instock","12":"taxable","13":"shipping-taxable","14":"purchasable","15":"product-type-simple","16":"add-to-wishlist-before_image"},"acf":[],"yoast_head":"<!-- This site is optimized with the Yoast SEO plugin v27.3 - https:\/\/yoast.com\/product\/yoast-seo-wordpress\/ -->\n<title>Commander ZO\u00ae SKIN COMPLEXION RENEWAL PADS en ligne | Boutique en ligne | Kinami Health<\/title>\n<meta name=\"description\" content=\"Commandez les tampons ZO Skin Complexion Renewal Pads en ligne pour r\u00e9duire l&#039;exc\u00e8s de s\u00e9bum, d\u00e9sobstruer les pores et rafra\u00eechir votre teint. La solution id\u00e9ale pour les peaux grasses et sujettes \u00e0 l&#039;acn\u00e9.\" \/>\n<meta name=\"robots\" content=\"index, follow, max-snippet:-1, max-image-preview:large, max-video-preview:-1\" \/>\n<link rel=\"canonical\" href=\"https:\/\/kinamihealth.com\/fr\/wp-json\/wp\/v2\/product\/111160\" \/>\n<meta property=\"og:locale\" content=\"fr_FR\" \/>\n<meta property=\"og:type\" content=\"article\" \/>\n<meta property=\"og:title\" content=\"Commander ZO\u00ae SKIN COMPLEXION RENEWAL PADS en ligne | Boutique en ligne | Kinami Health\" \/>\n<meta property=\"og:description\" content=\"Commandez les tampons ZO Skin Complexion Renewal Pads en ligne pour r\u00e9duire l&#039;exc\u00e8s de s\u00e9bum, d\u00e9sobstruer les pores et rafra\u00eechir votre teint. La solution id\u00e9ale pour les peaux grasses et sujettes \u00e0 l&#039;acn\u00e9.\" \/>\n<meta property=\"og:url\" content=\"https:\/\/kinamihealth.com\/fr\/product\/zo-skin-complexion-renewal-pads\/\" \/>\n<meta property=\"og:site_name\" content=\"Kinami Health\" \/>\n<meta property=\"article:modified_time\" content=\"2026-01-21T15:00:44+00:00\" \/>\n<meta property=\"og:image\" content=\"https:\/\/kinamihealth.com\/wp-content\/uploads\/2025\/03\/ZO\u00ae-SKIN-COMPLEXION-RENEWAL-PADS.jpg\" \/>\n\t<meta property=\"og:image:width\" content=\"800\" \/>\n\t<meta property=\"og:image:height\" content=\"800\" \/>\n\t<meta property=\"og:image:type\" content=\"image\/jpeg\" \/>\n<meta name=\"twitter:card\" content=\"summary_large_image\" \/>\n<meta name=\"twitter:label1\" content=\"Dur\u00e9e de lecture estim\u00e9e\" \/>\n\t<meta name=\"twitter:data1\" content=\"1 minute\" \/>\n<!-- \/ Yoast SEO plugin. -->","yoast_head_json":{"title":"Commander ZO\u00ae SKIN COMPLEXION RENEWAL PADS en ligne | Boutique en ligne | Kinami Health","description":"Commandez les tampons ZO Skin Complexion Renewal Pads en ligne pour r\u00e9duire l'exc\u00e8s de s\u00e9bum, d\u00e9sobstruer les pores et rafra\u00eechir votre teint. La solution id\u00e9ale pour les peaux grasses et sujettes \u00e0 l'acn\u00e9.","robots":{"index":"index","follow":"follow","max-snippet":"max-snippet:-1","max-image-preview":"max-image-preview:large","max-video-preview":"max-video-preview:-1"},"canonical":"https:\/\/kinamihealth.com\/fr\/wp-json\/wp\/v2\/product\/111160","og_locale":"fr_FR","og_type":"article","og_title":"Commander ZO\u00ae SKIN COMPLEXION RENEWAL PADS en ligne | Boutique en ligne | Kinami Health","og_description":"Commandez les tampons ZO Skin Complexion Renewal Pads en ligne pour r\u00e9duire l'exc\u00e8s de s\u00e9bum, d\u00e9sobstruer les pores et rafra\u00eechir votre teint. La solution id\u00e9ale pour les peaux grasses et sujettes \u00e0 l'acn\u00e9.","og_url":"https:\/\/kinamihealth.com\/fr\/product\/zo-skin-complexion-renewal-pads\/","og_site_name":"Kinami Health","article_modified_time":"2026-01-21T15:00:44+00:00","og_image":[{"width":800,"height":800,"url":"https:\/\/kinamihealth.com\/wp-content\/uploads\/2025\/03\/ZO\u00ae-SKIN-COMPLEXION-RENEWAL-PADS.jpg","type":"image\/jpeg"}],"twitter_card":"summary_large_image","twitter_misc":{"Dur\u00e9e de lecture estim\u00e9e":"1 minute"},"schema":{"@context":"https:\/\/schema.org","@graph":[{"@type":"WebPage","@id":"https:\/\/kinamihealth.com\/fr\/product\/zo-skin-complexion-renewal-pads\/","url":"https:\/\/kinamihealth.com\/fr\/product\/zo-skin-complexion-renewal-pads\/","name":"Commander ZO\u00ae SKIN COMPLEXION RENEWAL PADS en ligne | Boutique en ligne | Kinami Health","isPartOf":{"@id":"https:\/\/kinamihealth.com\/#website"},"primaryImageOfPage":{"@id":"https:\/\/kinamihealth.com\/fr\/product\/zo-skin-complexion-renewal-pads\/#primaryimage"},"image":{"@id":"https:\/\/kinamihealth.com\/fr\/product\/zo-skin-complexion-renewal-pads\/#primaryimage"},"thumbnailUrl":"https:\/\/kinamihealth.com\/wp-content\/uploads\/2025\/03\/ZO\u00ae-SKIN-COMPLEXION-RENEWAL-PADS.jpg","datePublished":"2025-03-11T18:14:57+00:00","dateModified":"2026-01-21T15:00:44+00:00","description":"Commandez les tampons ZO Skin Complexion Renewal Pads en ligne pour r\u00e9duire l'exc\u00e8s de s\u00e9bum, d\u00e9sobstruer les pores et rafra\u00eechir votre teint. La solution id\u00e9ale pour les peaux grasses et sujettes \u00e0 l'acn\u00e9.","breadcrumb":{"@id":"https:\/\/kinamihealth.com\/fr\/product\/zo-skin-complexion-renewal-pads\/#breadcrumb"},"inLanguage":"fr-FR","potentialAction":[{"@type":"ReadAction","target":["https:\/\/kinamihealth.com\/fr\/product\/zo-skin-complexion-renewal-pads\/"]}]},{"@type":"ImageObject","inLanguage":"fr-FR","@id":"https:\/\/kinamihealth.com\/fr\/product\/zo-skin-complexion-renewal-pads\/#primaryimage","url":"https:\/\/kinamihealth.com\/wp-content\/uploads\/2025\/03\/ZO\u00ae-SKIN-COMPLEXION-RENEWAL-PADS.jpg","contentUrl":"https:\/\/kinamihealth.com\/wp-content\/uploads\/2025\/03\/ZO\u00ae-SKIN-COMPLEXION-RENEWAL-PADS.jpg","width":800,"height":800},{"@type":"BreadcrumbList","@id":"https:\/\/kinamihealth.com\/fr\/product\/zo-skin-complexion-renewal-pads\/#breadcrumb","itemListElement":[{"@type":"ListItem","position":1,"name":"Page d'accueil","item":"https:\/\/kinamihealth.com\/"},{"@type":"ListItem","position":2,"name":"Boutique","item":"https:\/\/kinamihealth.com\/shop\/"},{"@type":"ListItem","position":3,"name":"ZO\u00ae SKIN COMPLEXION RENEWAL PADS"}]},{"@type":"WebSite","@id":"https:\/\/kinamihealth.com\/#website","url":"https:\/\/kinamihealth.com\/","name":"Kinami Health","description":"","publisher":{"@id":"https:\/\/kinamihealth.com\/#organization"},"potentialAction":[{"@type":"SearchAction","target":{"@type":"EntryPoint","urlTemplate":"https:\/\/kinamihealth.com\/?s={search_term_string}"},"query-input":{"@type":"PropertyValueSpecification","valueRequired":true,"valueName":"search_term_string"}}],"inLanguage":"fr-FR"},{"@type":"Organization","@id":"https:\/\/kinamihealth.com\/#organization","name":"Kinami Health","url":"https:\/\/kinamihealth.com\/","logo":{"@type":"ImageObject","inLanguage":"fr-FR","@id":"https:\/\/kinamihealth.com\/#\/schema\/logo\/image\/","url":"https:\/\/kinamihealth.com\/wp-content\/uploads\/2025\/01\/KH_logo_black_2-1.png","contentUrl":"https:\/\/kinamihealth.com\/wp-content\/uploads\/2025\/01\/KH_logo_black_2-1.png","width":339,"height":34,"caption":"Kinami Health"},"image":{"@id":"https:\/\/kinamihealth.com\/#\/schema\/logo\/image\/"}}]}},"_links":{"self":[{"href":"https:\/\/kinamihealth.com\/fr\/wp-json\/wp\/v2\/product\/111160","targetHints":{"allow":["GET"]}}],"collection":[{"href":"https:\/\/kinamihealth.com\/fr\/wp-json\/wp\/v2\/product"}],"about":[{"href":"https:\/\/kinamihealth.com\/fr\/wp-json\/wp\/v2\/types\/product"}],"replies":[{"embeddable":true,"href":"https:\/\/kinamihealth.com\/fr\/wp-json\/wp\/v2\/comments?post=111160"}],"version-history":[{"count":0,"href":"https:\/\/kinamihealth.com\/fr\/wp-json\/wp\/v2\/product\/111160\/revisions"}],"wp:featuredmedia":[{"embeddable":true,"href":"https:\/\/kinamihealth.com\/fr\/wp-json\/wp\/v2\/media\/111161"}],"wp:attachment":[{"href":"https:\/\/kinamihealth.com\/fr\/wp-json\/wp\/v2\/media?parent=111160"}],"wp:term":[{"taxonomy":"product_brand","embeddable":true,"href":"https:\/\/kinamihealth.com\/fr\/wp-json\/wp\/v2\/product_brand?post=111160"},{"taxonomy":"product_cat","embeddable":true,"href":"https:\/\/kinamihealth.com\/fr\/wp-json\/wp\/v2\/product_cat?post=111160"},{"taxonomy":"product_tag","embeddable":true,"href":"https:\/\/kinamihealth.com\/fr\/wp-json\/wp\/v2\/product_tag?post=111160"}],"curies":[{"name":"wp","href":"https:\/\/api.w.org\/{rel}","templated":true}]}}