{"id":111132,"date":"2025-02-15T16:58:50","date_gmt":"2025-02-15T16:58:50","guid":{"rendered":"https:\/\/kinamihealth.com\/product\/zo-gentle-cleanser\/"},"modified":"2026-01-21T15:05:54","modified_gmt":"2026-01-21T15:05:54","slug":"zo-gentle-cleanser","status":"publish","type":"product","link":"https:\/\/kinamihealth.com\/fr\/produit\/zo-gentle-cleanser\/","title":{"rendered":"ZO\u00ae GENTLE CLEANSER"},"content":{"rendered":"<p>ZO\u00ae GENTLE CLEANSER \u00e9limine en douceur les impuret\u00e9s tout en pr\u00e9servant la barri\u00e8re d&#8217;hydratation naturelle de la peau. Il nettoie en profondeur et \u00e9limine l&#8217;exc\u00e8s de s\u00e9bum, le maquillage et les autres impuret\u00e9s. Formule gel adapt\u00e9e \u00e0 tous les types de peau.<\/p>\n","protected":false},"excerpt":{"rendered":"<p><strong>Commandez ZO\u00ae GENTLE CLEANSER<\/strong> et d\u00e9couvrez les avantages d&#8217;un <strong>nettoyant moussant efficace<\/strong> qui <strong>\u00e9limine toutes les impuret\u00e9s<\/strong> du visage et du cou. Ce produit est enrichi d&#8217;une puissante <strong>combinaison d&#8217;antioxydants<\/strong>, il offre donc une forte <strong>protection contre les radicaux libres<\/strong> s&#8217;il est utilis\u00e9 quotidiennement. Il r\u00e9pond \u00e0 un large <strong>\u00e9ventail de probl\u00e8mes cutan\u00e9s<\/strong> et, en tant que sp\u00e9cialiste des soins de la peau, vous pouvez <strong><em>commander des produits de soins <\/em><\/strong>tels que le nettoyant doux ZO et aider vos clients \u00e0 lutter contre des probl\u00e8mes tels que <strong>l&#8217;acn\u00e9, la rosac\u00e9e, la s\u00e9cheresse, les points blancs <\/strong>et bien d&#8217;autres encore.<\/p>\n","protected":false},"featured_media":111133,"comment_status":"closed","ping_status":"closed","template":"","meta":{"_acf_changed":false,"inline_featured_image":false},"product_brand":[1305],"product_cat":[1380],"product_tag":[1222],"class_list":{"0":"post-111132","1":"product","2":"type-product","3":"status-publish","4":"has-post-thumbnail","6":"product_brand-zo","7":"product_cat-soins-de-la-peau","8":"product_tag-dispositifs-medicaux","10":"first","11":"instock","12":"taxable","13":"shipping-taxable","14":"purchasable","15":"product-type-simple","16":"add-to-wishlist-before_image"},"acf":[],"yoast_head":"<!-- This site is optimized with the Yoast SEO plugin v27.1.1 - https:\/\/yoast.com\/product\/yoast-seo-wordpress\/ -->\n<title>Commander ZO\u00ae GENTLE CLEANSER en ligne | Boutique en ligne | Kinami Health<\/title>\n<meta name=\"description\" content=\"Commandez le nettoyant doux ZO pour un nettoyage en profondeur, une hydratation et une protection antioxydante. Convient \u00e0 tous les types de peau. Commandez d\u00e8s maintenant chez Kinami Health !\" \/>\n<meta name=\"robots\" content=\"index, follow, max-snippet:-1, max-image-preview:large, max-video-preview:-1\" \/>\n<link rel=\"canonical\" href=\"https:\/\/kinamihealth.com\/fr\/wp-json\/wp\/v2\/product\/111132\" \/>\n<meta property=\"og:locale\" content=\"fr_FR\" \/>\n<meta property=\"og:type\" content=\"article\" \/>\n<meta property=\"og:title\" content=\"Commander ZO\u00ae GENTLE CLEANSER en ligne | Boutique en ligne | Kinami Health\" \/>\n<meta property=\"og:description\" content=\"Commandez le nettoyant doux ZO pour un nettoyage en profondeur, une hydratation et une protection antioxydante. Convient \u00e0 tous les types de peau. Commandez d\u00e8s maintenant chez Kinami Health !\" \/>\n<meta property=\"og:url\" content=\"https:\/\/kinamihealth.com\/fr\/product\/zo-gentle-cleanser\/\" \/>\n<meta property=\"og:site_name\" content=\"Kinami Health\" \/>\n<meta property=\"article:modified_time\" content=\"2026-01-21T15:05:54+00:00\" \/>\n<meta property=\"og:image\" content=\"https:\/\/kinamihealth.com\/wp-content\/uploads\/2025\/02\/ZO-GENTLE-CLEANSER-200ML-01.jpg\" \/>\n\t<meta property=\"og:image:width\" content=\"800\" \/>\n\t<meta property=\"og:image:height\" content=\"800\" \/>\n\t<meta property=\"og:image:type\" content=\"image\/jpeg\" \/>\n<meta name=\"twitter:card\" content=\"summary_large_image\" \/>\n<meta name=\"twitter:label1\" content=\"Dur\u00e9e de lecture estim\u00e9e\" \/>\n\t<meta name=\"twitter:data1\" content=\"1 minute\" \/>\n<!-- \/ Yoast SEO plugin. -->","yoast_head_json":{"title":"Commander ZO\u00ae GENTLE CLEANSER en ligne | Boutique en ligne | Kinami Health","description":"Commandez le nettoyant doux ZO pour un nettoyage en profondeur, une hydratation et une protection antioxydante. Convient \u00e0 tous les types de peau. Commandez d\u00e8s maintenant chez Kinami Health !","robots":{"index":"index","follow":"follow","max-snippet":"max-snippet:-1","max-image-preview":"max-image-preview:large","max-video-preview":"max-video-preview:-1"},"canonical":"https:\/\/kinamihealth.com\/fr\/wp-json\/wp\/v2\/product\/111132","og_locale":"fr_FR","og_type":"article","og_title":"Commander ZO\u00ae GENTLE CLEANSER en ligne | Boutique en ligne | Kinami Health","og_description":"Commandez le nettoyant doux ZO pour un nettoyage en profondeur, une hydratation et une protection antioxydante. Convient \u00e0 tous les types de peau. Commandez d\u00e8s maintenant chez Kinami Health !","og_url":"https:\/\/kinamihealth.com\/fr\/product\/zo-gentle-cleanser\/","og_site_name":"Kinami Health","article_modified_time":"2026-01-21T15:05:54+00:00","og_image":[{"width":800,"height":800,"url":"https:\/\/kinamihealth.com\/wp-content\/uploads\/2025\/02\/ZO-GENTLE-CLEANSER-200ML-01.jpg","type":"image\/jpeg"}],"twitter_card":"summary_large_image","twitter_misc":{"Dur\u00e9e de lecture estim\u00e9e":"1 minute"},"schema":{"@context":"https:\/\/schema.org","@graph":[{"@type":"WebPage","@id":"https:\/\/kinamihealth.com\/fr\/product\/zo-gentle-cleanser\/","url":"https:\/\/kinamihealth.com\/fr\/product\/zo-gentle-cleanser\/","name":"Commander ZO\u00ae GENTLE CLEANSER en ligne | Boutique en ligne | Kinami Health","isPartOf":{"@id":"https:\/\/kinamihealth.com\/#website"},"primaryImageOfPage":{"@id":"https:\/\/kinamihealth.com\/fr\/product\/zo-gentle-cleanser\/#primaryimage"},"image":{"@id":"https:\/\/kinamihealth.com\/fr\/product\/zo-gentle-cleanser\/#primaryimage"},"thumbnailUrl":"https:\/\/kinamihealth.com\/wp-content\/uploads\/2025\/02\/ZO-GENTLE-CLEANSER-200ML-01.jpg","datePublished":"2025-02-15T16:58:50+00:00","dateModified":"2026-01-21T15:05:54+00:00","description":"Commandez le nettoyant doux ZO pour un nettoyage en profondeur, une hydratation et une protection antioxydante. Convient \u00e0 tous les types de peau. Commandez d\u00e8s maintenant chez Kinami Health !","breadcrumb":{"@id":"https:\/\/kinamihealth.com\/fr\/product\/zo-gentle-cleanser\/#breadcrumb"},"inLanguage":"fr-FR","potentialAction":[{"@type":"ReadAction","target":["https:\/\/kinamihealth.com\/fr\/product\/zo-gentle-cleanser\/"]}]},{"@type":"ImageObject","inLanguage":"fr-FR","@id":"https:\/\/kinamihealth.com\/fr\/product\/zo-gentle-cleanser\/#primaryimage","url":"https:\/\/kinamihealth.com\/wp-content\/uploads\/2025\/02\/ZO-GENTLE-CLEANSER-200ML-01.jpg","contentUrl":"https:\/\/kinamihealth.com\/wp-content\/uploads\/2025\/02\/ZO-GENTLE-CLEANSER-200ML-01.jpg","width":800,"height":800},{"@type":"BreadcrumbList","@id":"https:\/\/kinamihealth.com\/fr\/product\/zo-gentle-cleanser\/#breadcrumb","itemListElement":[{"@type":"ListItem","position":1,"name":"Page d'accueil","item":"https:\/\/kinamihealth.com\/"},{"@type":"ListItem","position":2,"name":"Boutique","item":"https:\/\/kinamihealth.com\/shop\/"},{"@type":"ListItem","position":3,"name":"ZO\u00ae GENTLE CLEANSER"}]},{"@type":"WebSite","@id":"https:\/\/kinamihealth.com\/#website","url":"https:\/\/kinamihealth.com\/","name":"Kinami Health","description":"","publisher":{"@id":"https:\/\/kinamihealth.com\/#organization"},"potentialAction":[{"@type":"SearchAction","target":{"@type":"EntryPoint","urlTemplate":"https:\/\/kinamihealth.com\/?s={search_term_string}"},"query-input":{"@type":"PropertyValueSpecification","valueRequired":true,"valueName":"search_term_string"}}],"inLanguage":"fr-FR"},{"@type":"Organization","@id":"https:\/\/kinamihealth.com\/#organization","name":"Kinami Health","url":"https:\/\/kinamihealth.com\/","logo":{"@type":"ImageObject","inLanguage":"fr-FR","@id":"https:\/\/kinamihealth.com\/#\/schema\/logo\/image\/","url":"https:\/\/kinamihealth.com\/wp-content\/uploads\/2025\/01\/KH_logo_black_2-1.png","contentUrl":"https:\/\/kinamihealth.com\/wp-content\/uploads\/2025\/01\/KH_logo_black_2-1.png","width":339,"height":34,"caption":"Kinami Health"},"image":{"@id":"https:\/\/kinamihealth.com\/#\/schema\/logo\/image\/"}}]}},"_links":{"self":[{"href":"https:\/\/kinamihealth.com\/fr\/wp-json\/wp\/v2\/product\/111132","targetHints":{"allow":["GET"]}}],"collection":[{"href":"https:\/\/kinamihealth.com\/fr\/wp-json\/wp\/v2\/product"}],"about":[{"href":"https:\/\/kinamihealth.com\/fr\/wp-json\/wp\/v2\/types\/product"}],"replies":[{"embeddable":true,"href":"https:\/\/kinamihealth.com\/fr\/wp-json\/wp\/v2\/comments?post=111132"}],"version-history":[{"count":0,"href":"https:\/\/kinamihealth.com\/fr\/wp-json\/wp\/v2\/product\/111132\/revisions"}],"wp:featuredmedia":[{"embeddable":true,"href":"https:\/\/kinamihealth.com\/fr\/wp-json\/wp\/v2\/media\/111133"}],"wp:attachment":[{"href":"https:\/\/kinamihealth.com\/fr\/wp-json\/wp\/v2\/media?parent=111132"}],"wp:term":[{"taxonomy":"product_brand","embeddable":true,"href":"https:\/\/kinamihealth.com\/fr\/wp-json\/wp\/v2\/product_brand?post=111132"},{"taxonomy":"product_cat","embeddable":true,"href":"https:\/\/kinamihealth.com\/fr\/wp-json\/wp\/v2\/product_cat?post=111132"},{"taxonomy":"product_tag","embeddable":true,"href":"https:\/\/kinamihealth.com\/fr\/wp-json\/wp\/v2\/product_tag?post=111132"}],"curies":[{"name":"wp","href":"https:\/\/api.w.org\/{rel}","templated":true}]}}