{"id":111114,"date":"2025-02-15T16:58:43","date_gmt":"2025-02-15T16:58:43","guid":{"rendered":"https:\/\/kinamihealth.com\/product\/viscoderm-skinko-e-viscoderm-skinko-kit\/"},"modified":"2026-01-21T15:30:39","modified_gmt":"2026-01-21T15:30:39","slug":"viscoderm-skinko-e-viscoderm-skinko-kit","status":"publish","type":"product","link":"https:\/\/kinamihealth.com\/fr\/produit\/viscoderm-skinko-e-viscoderm-skinko-kit\/","title":{"rendered":"VISCODERM\u00ae SKINK\u00d2 E &#038; VISCODERM\u00ae SKINK\u00d2 KIT"},"content":{"rendered":"<p>Viscoderm Skink\u00f2 E est un complexe anti-\u00e2ge contenant plus de 50 \u00e9l\u00e9ments dermofonctionnels, dont de l&#8217;acide hyaluronique non r\u00e9ticul\u00e9, des vitamines, des min\u00e9raux et des acides amin\u00e9s, indiqu\u00e9s pour maintenir et am\u00e9liorer le tropisme cellulaire de l&#8217;\u00e9piderme et du derme papillaire. Viscoderm Skink\u00f2 E convient \u00e0 tous les types de peau, aux patients de tous \u00e2ges et aux petites comme aux grandes zones du corps. Le r\u00e9sultat est une peau visiblement plus jeune et plus saine, plus \u00e9clatante et de couleur homog\u00e8ne. L&#8217;action en profondeur sur les fibroblastes permet de maintenir l&#8217;\u00e9lasticit\u00e9 de la peau, tandis que l&#8217;action superficielle sur les k\u00e9ratinocytes am\u00e9liore la barri\u00e8re protectrice contre les agressions ext\u00e9rieures.<\/p>\n","protected":false},"excerpt":{"rendered":"<p>Commandez VISCODERM SKINK\u00d2 E + VISCODERM SKINK\u00d2 KIT en ligne pour offrir \u00e0 vos patients une combinaison puissante de m\u00e9soth\u00e9rapie et de soins de la peau con\u00e7ue pour nourrir la peau en profondeur. Ce syst\u00e8me am\u00e9liore l&#8217;hydratation, att\u00e9nue les signes du vieillissement et favorise la sant\u00e9 globale de la peau. <strong>Achetez-le d\u00e8s aujourd&#8217;hui sur la boutique en ligne Kinami Health pour b\u00e9n\u00e9ficier d&#8217;un service fiable, rapide et abordable.<\/strong><\/p>\n","protected":false},"featured_media":111120,"comment_status":"closed","ping_status":"closed","template":"","meta":{"_acf_changed":false,"inline_featured_image":false},"product_brand":[1304],"product_cat":[1375],"product_tag":[1222],"class_list":{"0":"post-111114","1":"product","2":"type-product","3":"status-publish","4":"has-post-thumbnail","6":"product_brand-viscoderm","7":"product_cat-injections-de-mesotherapie","8":"product_tag-dispositifs-medicaux","10":"first","11":"instock","12":"taxable","13":"shipping-taxable","14":"purchasable","15":"product-type-simple","16":"add-to-wishlist-before_image"},"acf":[],"yoast_head":"<!-- This site is optimized with the Yoast SEO plugin v27.1.1 - https:\/\/yoast.com\/product\/yoast-seo-wordpress\/ -->\n<title>Commander VISCODERM\u00ae SKINK\u00d2 E &amp; VISCODERM\u00ae SKINK\u00d2 KIT en ligne | Boutique en ligne | Kinami Health<\/title>\n<meta name=\"description\" content=\"Commandez VISCODERM\u00ae SKINK\u00d2 E + VISCODERM\u00ae SKINK\u00d2 KIT en ligne pour b\u00e9n\u00e9ficier d&#039;un syst\u00e8me complet de revitalisation de la peau qui am\u00e9liore l&#039;hydratation et favorise une peau saine et jeune.\" \/>\n<meta name=\"robots\" content=\"index, follow, max-snippet:-1, max-image-preview:large, max-video-preview:-1\" \/>\n<link rel=\"canonical\" href=\"https:\/\/kinamihealth.com\/fr\/wp-json\/wp\/v2\/product\/111114\" \/>\n<meta property=\"og:locale\" content=\"fr_FR\" \/>\n<meta property=\"og:type\" content=\"article\" \/>\n<meta property=\"og:title\" content=\"Commander VISCODERM\u00ae SKINK\u00d2 E &amp; VISCODERM\u00ae SKINK\u00d2 KIT en ligne | Boutique en ligne | Kinami Health\" \/>\n<meta property=\"og:description\" content=\"Commandez VISCODERM\u00ae SKINK\u00d2 E + VISCODERM\u00ae SKINK\u00d2 KIT en ligne pour b\u00e9n\u00e9ficier d&#039;un syst\u00e8me complet de revitalisation de la peau qui am\u00e9liore l&#039;hydratation et favorise une peau saine et jeune.\" \/>\n<meta property=\"og:url\" content=\"https:\/\/kinamihealth.com\/fr\/product\/viscoderm-skinko-e-viscoderm-skinko-kit\/\" \/>\n<meta property=\"og:site_name\" content=\"Kinami Health\" \/>\n<meta property=\"article:modified_time\" content=\"2026-01-21T15:30:39+00:00\" \/>\n<meta property=\"og:image\" content=\"https:\/\/kinamihealth.com\/wp-content\/uploads\/2025\/02\/VISCODERM-SKINKO-SKINKOKIT-05.jpg\" \/>\n\t<meta property=\"og:image:width\" content=\"1000\" \/>\n\t<meta property=\"og:image:height\" content=\"1000\" \/>\n\t<meta property=\"og:image:type\" content=\"image\/jpeg\" \/>\n<meta name=\"twitter:card\" content=\"summary_large_image\" \/>\n<meta name=\"twitter:label1\" content=\"Dur\u00e9e de lecture estim\u00e9e\" \/>\n\t<meta name=\"twitter:data1\" content=\"1 minute\" \/>\n<!-- \/ Yoast SEO plugin. -->","yoast_head_json":{"title":"Commander VISCODERM\u00ae SKINK\u00d2 E & VISCODERM\u00ae SKINK\u00d2 KIT en ligne | Boutique en ligne | Kinami Health","description":"Commandez VISCODERM\u00ae SKINK\u00d2 E + VISCODERM\u00ae SKINK\u00d2 KIT en ligne pour b\u00e9n\u00e9ficier d'un syst\u00e8me complet de revitalisation de la peau qui am\u00e9liore l'hydratation et favorise une peau saine et jeune.","robots":{"index":"index","follow":"follow","max-snippet":"max-snippet:-1","max-image-preview":"max-image-preview:large","max-video-preview":"max-video-preview:-1"},"canonical":"https:\/\/kinamihealth.com\/fr\/wp-json\/wp\/v2\/product\/111114","og_locale":"fr_FR","og_type":"article","og_title":"Commander VISCODERM\u00ae SKINK\u00d2 E & VISCODERM\u00ae SKINK\u00d2 KIT en ligne | Boutique en ligne | Kinami Health","og_description":"Commandez VISCODERM\u00ae SKINK\u00d2 E + VISCODERM\u00ae SKINK\u00d2 KIT en ligne pour b\u00e9n\u00e9ficier d'un syst\u00e8me complet de revitalisation de la peau qui am\u00e9liore l'hydratation et favorise une peau saine et jeune.","og_url":"https:\/\/kinamihealth.com\/fr\/product\/viscoderm-skinko-e-viscoderm-skinko-kit\/","og_site_name":"Kinami Health","article_modified_time":"2026-01-21T15:30:39+00:00","og_image":[{"width":1000,"height":1000,"url":"https:\/\/kinamihealth.com\/wp-content\/uploads\/2025\/02\/VISCODERM-SKINKO-SKINKOKIT-05.jpg","type":"image\/jpeg"}],"twitter_card":"summary_large_image","twitter_misc":{"Dur\u00e9e de lecture estim\u00e9e":"1 minute"},"schema":{"@context":"https:\/\/schema.org","@graph":[{"@type":"WebPage","@id":"https:\/\/kinamihealth.com\/fr\/product\/viscoderm-skinko-e-viscoderm-skinko-kit\/","url":"https:\/\/kinamihealth.com\/fr\/product\/viscoderm-skinko-e-viscoderm-skinko-kit\/","name":"Commander VISCODERM\u00ae SKINK\u00d2 E & VISCODERM\u00ae SKINK\u00d2 KIT en ligne | Boutique en ligne | Kinami Health","isPartOf":{"@id":"https:\/\/kinamihealth.com\/#website"},"primaryImageOfPage":{"@id":"https:\/\/kinamihealth.com\/fr\/product\/viscoderm-skinko-e-viscoderm-skinko-kit\/#primaryimage"},"image":{"@id":"https:\/\/kinamihealth.com\/fr\/product\/viscoderm-skinko-e-viscoderm-skinko-kit\/#primaryimage"},"thumbnailUrl":"https:\/\/kinamihealth.com\/wp-content\/uploads\/2025\/02\/VISCODERM-SKINKO-SKINKOKIT-05.jpg","datePublished":"2025-02-15T16:58:43+00:00","dateModified":"2026-01-21T15:30:39+00:00","description":"Commandez VISCODERM\u00ae SKINK\u00d2 E + VISCODERM\u00ae SKINK\u00d2 KIT en ligne pour b\u00e9n\u00e9ficier d'un syst\u00e8me complet de revitalisation de la peau qui am\u00e9liore l'hydratation et favorise une peau saine et jeune.","breadcrumb":{"@id":"https:\/\/kinamihealth.com\/fr\/product\/viscoderm-skinko-e-viscoderm-skinko-kit\/#breadcrumb"},"inLanguage":"fr-FR","potentialAction":[{"@type":"ReadAction","target":["https:\/\/kinamihealth.com\/fr\/product\/viscoderm-skinko-e-viscoderm-skinko-kit\/"]}]},{"@type":"ImageObject","inLanguage":"fr-FR","@id":"https:\/\/kinamihealth.com\/fr\/product\/viscoderm-skinko-e-viscoderm-skinko-kit\/#primaryimage","url":"https:\/\/kinamihealth.com\/wp-content\/uploads\/2025\/02\/VISCODERM-SKINKO-SKINKOKIT-05.jpg","contentUrl":"https:\/\/kinamihealth.com\/wp-content\/uploads\/2025\/02\/VISCODERM-SKINKO-SKINKOKIT-05.jpg","width":1000,"height":1000},{"@type":"BreadcrumbList","@id":"https:\/\/kinamihealth.com\/fr\/product\/viscoderm-skinko-e-viscoderm-skinko-kit\/#breadcrumb","itemListElement":[{"@type":"ListItem","position":1,"name":"Page d'accueil","item":"https:\/\/kinamihealth.com\/"},{"@type":"ListItem","position":2,"name":"Boutique","item":"https:\/\/kinamihealth.com\/shop\/"},{"@type":"ListItem","position":3,"name":"VISCODERM\u00ae SKINK\u00d2 E &#038; VISCODERM\u00ae SKINK\u00d2 KIT"}]},{"@type":"WebSite","@id":"https:\/\/kinamihealth.com\/#website","url":"https:\/\/kinamihealth.com\/","name":"Kinami Health","description":"","publisher":{"@id":"https:\/\/kinamihealth.com\/#organization"},"potentialAction":[{"@type":"SearchAction","target":{"@type":"EntryPoint","urlTemplate":"https:\/\/kinamihealth.com\/?s={search_term_string}"},"query-input":{"@type":"PropertyValueSpecification","valueRequired":true,"valueName":"search_term_string"}}],"inLanguage":"fr-FR"},{"@type":"Organization","@id":"https:\/\/kinamihealth.com\/#organization","name":"Kinami Health","url":"https:\/\/kinamihealth.com\/","logo":{"@type":"ImageObject","inLanguage":"fr-FR","@id":"https:\/\/kinamihealth.com\/#\/schema\/logo\/image\/","url":"https:\/\/kinamihealth.com\/wp-content\/uploads\/2025\/01\/KH_logo_black_2-1.png","contentUrl":"https:\/\/kinamihealth.com\/wp-content\/uploads\/2025\/01\/KH_logo_black_2-1.png","width":339,"height":34,"caption":"Kinami Health"},"image":{"@id":"https:\/\/kinamihealth.com\/#\/schema\/logo\/image\/"}}]}},"_links":{"self":[{"href":"https:\/\/kinamihealth.com\/fr\/wp-json\/wp\/v2\/product\/111114","targetHints":{"allow":["GET"]}}],"collection":[{"href":"https:\/\/kinamihealth.com\/fr\/wp-json\/wp\/v2\/product"}],"about":[{"href":"https:\/\/kinamihealth.com\/fr\/wp-json\/wp\/v2\/types\/product"}],"replies":[{"embeddable":true,"href":"https:\/\/kinamihealth.com\/fr\/wp-json\/wp\/v2\/comments?post=111114"}],"version-history":[{"count":0,"href":"https:\/\/kinamihealth.com\/fr\/wp-json\/wp\/v2\/product\/111114\/revisions"}],"wp:featuredmedia":[{"embeddable":true,"href":"https:\/\/kinamihealth.com\/fr\/wp-json\/wp\/v2\/media\/111120"}],"wp:attachment":[{"href":"https:\/\/kinamihealth.com\/fr\/wp-json\/wp\/v2\/media?parent=111114"}],"wp:term":[{"taxonomy":"product_brand","embeddable":true,"href":"https:\/\/kinamihealth.com\/fr\/wp-json\/wp\/v2\/product_brand?post=111114"},{"taxonomy":"product_cat","embeddable":true,"href":"https:\/\/kinamihealth.com\/fr\/wp-json\/wp\/v2\/product_cat?post=111114"},{"taxonomy":"product_tag","embeddable":true,"href":"https:\/\/kinamihealth.com\/fr\/wp-json\/wp\/v2\/product_tag?post=111114"}],"curies":[{"name":"wp","href":"https:\/\/api.w.org\/{rel}","templated":true}]}}