{"id":111105,"date":"2025-02-15T16:55:23","date_gmt":"2025-02-15T16:55:23","guid":{"rendered":"https:\/\/kinamihealth.com\/product\/hyaluronidase-1500iu-5-vials\/"},"modified":"2026-01-21T15:33:35","modified_gmt":"2026-01-21T15:33:35","slug":"hyaluronidase-1500iu-5-vials","status":"publish","type":"product","link":"https:\/\/kinamihealth.com\/fr\/produit\/hyaluronidase-1500iu-5-vials\/","title":{"rendered":"HYALURONIDASE 1500iu 5 flacons"},"content":{"rendered":"<p>La hyaluronidase est une enzyme particuli\u00e8rement efficace dans le traitement de la fibrose associ\u00e9e \u00e0 la cellulite. Cet ingr\u00e9dient actif \u00e9limine les liquides retenus et r\u00e9duit le volume des adipocytes. Il est utilis\u00e9 pour traiter les vergetures, les cicatrices et la cellulite.<\/p>\n","protected":false},"excerpt":{"rendered":"<p>La hyaluronidase est une enzyme particuli\u00e8rement efficace dans le traitement de la fibrose associ\u00e9e \u00e0 la cellulite. Cet ingr\u00e9dient actif \u00e9limine les liquides retenus et r\u00e9duit le volume des adipocytes. Il est utilis\u00e9 pour traiter les vergetures, les cicatrices et la cellulite.<\/p>\n","protected":false},"featured_media":111106,"comment_status":"closed","ping_status":"closed","template":"","meta":{"_acf_changed":false,"inline_featured_image":false},"product_brand":[1163],"product_cat":[1375],"product_tag":[1222],"class_list":{"0":"post-111105","1":"product","2":"type-product","3":"status-publish","4":"has-post-thumbnail","6":"product_brand-bcn","7":"product_cat-injections-de-mesotherapie","8":"product_tag-dispositifs-medicaux","10":"first","11":"instock","12":"taxable","13":"shipping-taxable","14":"purchasable","15":"product-type-simple","16":"add-to-wishlist-before_image"},"acf":[],"yoast_head":"<!-- This site is optimized with the Yoast SEO plugin v27.1.1 - https:\/\/yoast.com\/product\/yoast-seo-wordpress\/ -->\n<title>Commander HYALURONIDASE 1500iu 5 flacons en ligne | Boutique en ligne | Kinami Health<\/title>\n<meta name=\"description\" content=\"Commandez BCN HYALURONIDASE 1500iu 5 flacons en ligne pour une correction rapide et efficace \u00e0 l&#039;acide hyaluronique, approuv\u00e9e par les professionnels pour des proc\u00e9dures esth\u00e9tiques s\u00e9curis\u00e9es.\" \/>\n<meta name=\"robots\" content=\"index, follow, max-snippet:-1, max-image-preview:large, max-video-preview:-1\" \/>\n<link rel=\"canonical\" href=\"https:\/\/kinamihealth.com\/fr\/wp-json\/wp\/v2\/product\/111105\" \/>\n<meta property=\"og:locale\" content=\"fr_FR\" \/>\n<meta property=\"og:type\" content=\"article\" \/>\n<meta property=\"og:title\" content=\"Commander HYALURONIDASE 1500iu 5 flacons en ligne | Boutique en ligne | Kinami Health\" \/>\n<meta property=\"og:description\" content=\"Commandez BCN HYALURONIDASE 1500iu 5 flacons en ligne pour une correction rapide et efficace \u00e0 l&#039;acide hyaluronique, approuv\u00e9e par les professionnels pour des proc\u00e9dures esth\u00e9tiques s\u00e9curis\u00e9es.\" \/>\n<meta property=\"og:url\" content=\"https:\/\/kinamihealth.com\/fr\/product\/hyaluronidase-1500iu-5-vials\/\" \/>\n<meta property=\"og:site_name\" content=\"Kinami Health\" \/>\n<meta property=\"article:modified_time\" content=\"2026-01-21T15:33:35+00:00\" \/>\n<meta property=\"og:image\" content=\"https:\/\/kinamihealth.com\/wp-content\/uploads\/2025\/02\/BCN-HYALURONIDASE-1500-UI-01.jpg\" \/>\n\t<meta property=\"og:image:width\" content=\"800\" \/>\n\t<meta property=\"og:image:height\" content=\"800\" \/>\n\t<meta property=\"og:image:type\" content=\"image\/jpeg\" \/>\n<meta name=\"twitter:card\" content=\"summary_large_image\" \/>\n<meta name=\"twitter:label1\" content=\"Dur\u00e9e de lecture estim\u00e9e\" \/>\n\t<meta name=\"twitter:data1\" content=\"1 minute\" \/>\n<!-- \/ Yoast SEO plugin. -->","yoast_head_json":{"title":"Commander HYALURONIDASE 1500iu 5 flacons en ligne | Boutique en ligne | Kinami Health","description":"Commandez BCN HYALURONIDASE 1500iu 5 flacons en ligne pour une correction rapide et efficace \u00e0 l'acide hyaluronique, approuv\u00e9e par les professionnels pour des proc\u00e9dures esth\u00e9tiques s\u00e9curis\u00e9es.","robots":{"index":"index","follow":"follow","max-snippet":"max-snippet:-1","max-image-preview":"max-image-preview:large","max-video-preview":"max-video-preview:-1"},"canonical":"https:\/\/kinamihealth.com\/fr\/wp-json\/wp\/v2\/product\/111105","og_locale":"fr_FR","og_type":"article","og_title":"Commander HYALURONIDASE 1500iu 5 flacons en ligne | Boutique en ligne | Kinami Health","og_description":"Commandez BCN HYALURONIDASE 1500iu 5 flacons en ligne pour une correction rapide et efficace \u00e0 l'acide hyaluronique, approuv\u00e9e par les professionnels pour des proc\u00e9dures esth\u00e9tiques s\u00e9curis\u00e9es.","og_url":"https:\/\/kinamihealth.com\/fr\/product\/hyaluronidase-1500iu-5-vials\/","og_site_name":"Kinami Health","article_modified_time":"2026-01-21T15:33:35+00:00","og_image":[{"width":800,"height":800,"url":"https:\/\/kinamihealth.com\/wp-content\/uploads\/2025\/02\/BCN-HYALURONIDASE-1500-UI-01.jpg","type":"image\/jpeg"}],"twitter_card":"summary_large_image","twitter_misc":{"Dur\u00e9e de lecture estim\u00e9e":"1 minute"},"schema":{"@context":"https:\/\/schema.org","@graph":[{"@type":"WebPage","@id":"https:\/\/kinamihealth.com\/fr\/product\/hyaluronidase-1500iu-5-vials\/","url":"https:\/\/kinamihealth.com\/fr\/product\/hyaluronidase-1500iu-5-vials\/","name":"Commander HYALURONIDASE 1500iu 5 flacons en ligne | Boutique en ligne | Kinami Health","isPartOf":{"@id":"https:\/\/kinamihealth.com\/#website"},"primaryImageOfPage":{"@id":"https:\/\/kinamihealth.com\/fr\/product\/hyaluronidase-1500iu-5-vials\/#primaryimage"},"image":{"@id":"https:\/\/kinamihealth.com\/fr\/product\/hyaluronidase-1500iu-5-vials\/#primaryimage"},"thumbnailUrl":"https:\/\/kinamihealth.com\/wp-content\/uploads\/2025\/02\/BCN-HYALURONIDASE-1500-UI-01.jpg","datePublished":"2025-02-15T16:55:23+00:00","dateModified":"2026-01-21T15:33:35+00:00","description":"Commandez BCN HYALURONIDASE 1500iu 5 flacons en ligne pour une correction rapide et efficace \u00e0 l'acide hyaluronique, approuv\u00e9e par les professionnels pour des proc\u00e9dures esth\u00e9tiques s\u00e9curis\u00e9es.","breadcrumb":{"@id":"https:\/\/kinamihealth.com\/fr\/product\/hyaluronidase-1500iu-5-vials\/#breadcrumb"},"inLanguage":"fr-FR","potentialAction":[{"@type":"ReadAction","target":["https:\/\/kinamihealth.com\/fr\/product\/hyaluronidase-1500iu-5-vials\/"]}]},{"@type":"ImageObject","inLanguage":"fr-FR","@id":"https:\/\/kinamihealth.com\/fr\/product\/hyaluronidase-1500iu-5-vials\/#primaryimage","url":"https:\/\/kinamihealth.com\/wp-content\/uploads\/2025\/02\/BCN-HYALURONIDASE-1500-UI-01.jpg","contentUrl":"https:\/\/kinamihealth.com\/wp-content\/uploads\/2025\/02\/BCN-HYALURONIDASE-1500-UI-01.jpg","width":800,"height":800},{"@type":"BreadcrumbList","@id":"https:\/\/kinamihealth.com\/fr\/product\/hyaluronidase-1500iu-5-vials\/#breadcrumb","itemListElement":[{"@type":"ListItem","position":1,"name":"Page d'accueil","item":"https:\/\/kinamihealth.com\/"},{"@type":"ListItem","position":2,"name":"Boutique","item":"https:\/\/kinamihealth.com\/shop\/"},{"@type":"ListItem","position":3,"name":"HYALURONIDASE 1500iu 5 flacons"}]},{"@type":"WebSite","@id":"https:\/\/kinamihealth.com\/#website","url":"https:\/\/kinamihealth.com\/","name":"Kinami Health","description":"","publisher":{"@id":"https:\/\/kinamihealth.com\/#organization"},"potentialAction":[{"@type":"SearchAction","target":{"@type":"EntryPoint","urlTemplate":"https:\/\/kinamihealth.com\/?s={search_term_string}"},"query-input":{"@type":"PropertyValueSpecification","valueRequired":true,"valueName":"search_term_string"}}],"inLanguage":"fr-FR"},{"@type":"Organization","@id":"https:\/\/kinamihealth.com\/#organization","name":"Kinami Health","url":"https:\/\/kinamihealth.com\/","logo":{"@type":"ImageObject","inLanguage":"fr-FR","@id":"https:\/\/kinamihealth.com\/#\/schema\/logo\/image\/","url":"https:\/\/kinamihealth.com\/wp-content\/uploads\/2025\/01\/KH_logo_black_2-1.png","contentUrl":"https:\/\/kinamihealth.com\/wp-content\/uploads\/2025\/01\/KH_logo_black_2-1.png","width":339,"height":34,"caption":"Kinami Health"},"image":{"@id":"https:\/\/kinamihealth.com\/#\/schema\/logo\/image\/"}}]}},"_links":{"self":[{"href":"https:\/\/kinamihealth.com\/fr\/wp-json\/wp\/v2\/product\/111105","targetHints":{"allow":["GET"]}}],"collection":[{"href":"https:\/\/kinamihealth.com\/fr\/wp-json\/wp\/v2\/product"}],"about":[{"href":"https:\/\/kinamihealth.com\/fr\/wp-json\/wp\/v2\/types\/product"}],"replies":[{"embeddable":true,"href":"https:\/\/kinamihealth.com\/fr\/wp-json\/wp\/v2\/comments?post=111105"}],"version-history":[{"count":0,"href":"https:\/\/kinamihealth.com\/fr\/wp-json\/wp\/v2\/product\/111105\/revisions"}],"wp:featuredmedia":[{"embeddable":true,"href":"https:\/\/kinamihealth.com\/fr\/wp-json\/wp\/v2\/media\/111106"}],"wp:attachment":[{"href":"https:\/\/kinamihealth.com\/fr\/wp-json\/wp\/v2\/media?parent=111105"}],"wp:term":[{"taxonomy":"product_brand","embeddable":true,"href":"https:\/\/kinamihealth.com\/fr\/wp-json\/wp\/v2\/product_brand?post=111105"},{"taxonomy":"product_cat","embeddable":true,"href":"https:\/\/kinamihealth.com\/fr\/wp-json\/wp\/v2\/product_cat?post=111105"},{"taxonomy":"product_tag","embeddable":true,"href":"https:\/\/kinamihealth.com\/fr\/wp-json\/wp\/v2\/product_tag?post=111105"}],"curies":[{"name":"wp","href":"https:\/\/api.w.org\/{rel}","templated":true}]}}