{"id":111097,"date":"2025-02-15T16:58:23","date_gmt":"2025-02-15T16:58:23","guid":{"rendered":"https:\/\/kinamihealth.com\/product\/sunekos-performa\/"},"modified":"2026-01-21T15:39:36","modified_gmt":"2026-01-21T15:39:36","slug":"sunekos-performa","status":"publish","type":"product","link":"https:\/\/kinamihealth.com\/fr\/produit\/sunekos-performa\/","title":{"rendered":"SUNEKOS\u00ae PERFORMA"},"content":{"rendered":"<p>Sunekos\u00ae Performa est la derni\u00e8re innovation en m\u00e9decine esth\u00e9tique des laboratoires Sunekos. Il est compos\u00e9 d&#8217;acide hyaluronique de faible poids mol\u00e9culaire et d&#8217;un complexe brevet\u00e9 d&#8217;acides amin\u00e9s, la formule HY6AA, dans un nouveau rapport \u00ab AA vs HA \u00bb permettant une r\u00e9duction significative de l&#8217;action de la hyaluronidase.<\/p>\n","protected":false},"excerpt":{"rendered":"<p><strong>Commandez Sunekos Performa<\/strong> et d\u00e9couvrez les avantages de ce puissant <strong>traitement de bio-revitalisation <\/strong>avec un rapport unique d&#8217;<strong>acide hyaluronique<\/strong> et un complexe brevet\u00e9 de<strong> six acides amin\u00e9s<\/strong> (<strong>HY6AA<\/strong>) qui<strong> am\u00e9liore l&#8217;efficacit\u00e9 et la long\u00e9vit\u00e9 de l&#8217;AH<\/strong>. La formulation est \u00e9galement con\u00e7ue pour <strong>r\u00e9duire les signes du vieillissement<\/strong> en stimulant la <strong>production d&#8217;\u00e9lastine<\/strong> et de <strong>collag\u00e8ne<\/strong>. Les professionnels de sant\u00e9 peuvent commander des produits de comblement dermique tels que Sunekos Performa sur la boutique en ligne Kinami Health et aider leurs patients \u00e0 corriger les imperfections telles que les ridules, les rides et le rel\u00e2chement cutan\u00e9.<\/p>\n","protected":false},"featured_media":111102,"comment_status":"closed","ping_status":"closed","template":"","meta":{"_acf_changed":false,"inline_featured_image":false},"product_brand":[1300],"product_cat":[1217],"product_tag":[1222],"class_list":{"0":"post-111097","1":"product","2":"type-product","3":"status-publish","4":"has-post-thumbnail","6":"product_brand-sunekos","7":"product_cat-produits-de-comblement-dermique","8":"product_tag-dispositifs-medicaux","10":"first","11":"instock","12":"taxable","13":"shipping-taxable","14":"purchasable","15":"product-type-simple","16":"add-to-wishlist-before_image"},"acf":[],"yoast_head":"<!-- This site is optimized with the Yoast SEO plugin v27.1.1 - https:\/\/yoast.com\/product\/yoast-seo-wordpress\/ -->\n<title>Commander SUNEKOS\u00ae PERFORMA en ligne | Boutique en ligne | Kinami Health<\/title>\n<meta name=\"description\" content=\"Commandez Sunekos Performa pour stimuler le collag\u00e8ne, r\u00e9duire les rides et restaurer le volume de la peau. Commandez d\u00e8s maintenant chez Kinami Health !\" \/>\n<meta name=\"robots\" content=\"index, follow, max-snippet:-1, max-image-preview:large, max-video-preview:-1\" \/>\n<link rel=\"canonical\" href=\"https:\/\/kinamihealth.com\/fr\/wp-json\/wp\/v2\/product\/111097\" \/>\n<meta property=\"og:locale\" content=\"fr_FR\" \/>\n<meta property=\"og:type\" content=\"article\" \/>\n<meta property=\"og:title\" content=\"Commander SUNEKOS\u00ae PERFORMA en ligne | Boutique en ligne | Kinami Health\" \/>\n<meta property=\"og:description\" content=\"Commandez Sunekos Performa pour stimuler le collag\u00e8ne, r\u00e9duire les rides et restaurer le volume de la peau. Commandez d\u00e8s maintenant chez Kinami Health !\" \/>\n<meta property=\"og:url\" content=\"https:\/\/kinamihealth.com\/fr\/product\/sunekos-performa\/\" \/>\n<meta property=\"og:site_name\" content=\"Kinami Health\" \/>\n<meta property=\"article:modified_time\" content=\"2026-01-21T15:39:36+00:00\" \/>\n<meta property=\"og:image\" content=\"https:\/\/kinamihealth.com\/wp-content\/uploads\/2025\/02\/sunekos-performa-front-right.webp\" \/>\n\t<meta property=\"og:image:width\" content=\"1500\" \/>\n\t<meta property=\"og:image:height\" content=\"1500\" \/>\n\t<meta property=\"og:image:type\" content=\"image\/webp\" \/>\n<meta name=\"twitter:card\" content=\"summary_large_image\" \/>\n<meta name=\"twitter:label1\" content=\"Dur\u00e9e de lecture estim\u00e9e\" \/>\n\t<meta name=\"twitter:data1\" content=\"1 minute\" \/>\n<!-- \/ Yoast SEO plugin. -->","yoast_head_json":{"title":"Commander SUNEKOS\u00ae PERFORMA en ligne | Boutique en ligne | Kinami Health","description":"Commandez Sunekos Performa pour stimuler le collag\u00e8ne, r\u00e9duire les rides et restaurer le volume de la peau. Commandez d\u00e8s maintenant chez Kinami Health !","robots":{"index":"index","follow":"follow","max-snippet":"max-snippet:-1","max-image-preview":"max-image-preview:large","max-video-preview":"max-video-preview:-1"},"canonical":"https:\/\/kinamihealth.com\/fr\/wp-json\/wp\/v2\/product\/111097","og_locale":"fr_FR","og_type":"article","og_title":"Commander SUNEKOS\u00ae PERFORMA en ligne | Boutique en ligne | Kinami Health","og_description":"Commandez Sunekos Performa pour stimuler le collag\u00e8ne, r\u00e9duire les rides et restaurer le volume de la peau. Commandez d\u00e8s maintenant chez Kinami Health !","og_url":"https:\/\/kinamihealth.com\/fr\/product\/sunekos-performa\/","og_site_name":"Kinami Health","article_modified_time":"2026-01-21T15:39:36+00:00","og_image":[{"width":1500,"height":1500,"url":"https:\/\/kinamihealth.com\/wp-content\/uploads\/2025\/02\/sunekos-performa-front-right.webp","type":"image\/webp"}],"twitter_card":"summary_large_image","twitter_misc":{"Dur\u00e9e de lecture estim\u00e9e":"1 minute"},"schema":{"@context":"https:\/\/schema.org","@graph":[{"@type":"WebPage","@id":"https:\/\/kinamihealth.com\/fr\/product\/sunekos-performa\/","url":"https:\/\/kinamihealth.com\/fr\/product\/sunekos-performa\/","name":"Commander SUNEKOS\u00ae PERFORMA en ligne | Boutique en ligne | Kinami Health","isPartOf":{"@id":"https:\/\/kinamihealth.com\/#website"},"primaryImageOfPage":{"@id":"https:\/\/kinamihealth.com\/fr\/product\/sunekos-performa\/#primaryimage"},"image":{"@id":"https:\/\/kinamihealth.com\/fr\/product\/sunekos-performa\/#primaryimage"},"thumbnailUrl":"https:\/\/kinamihealth.com\/wp-content\/uploads\/2025\/02\/sunekos-performa-front-right.webp","datePublished":"2025-02-15T16:58:23+00:00","dateModified":"2026-01-21T15:39:36+00:00","description":"Commandez Sunekos Performa pour stimuler le collag\u00e8ne, r\u00e9duire les rides et restaurer le volume de la peau. Commandez d\u00e8s maintenant chez Kinami Health !","breadcrumb":{"@id":"https:\/\/kinamihealth.com\/fr\/product\/sunekos-performa\/#breadcrumb"},"inLanguage":"fr-FR","potentialAction":[{"@type":"ReadAction","target":["https:\/\/kinamihealth.com\/fr\/product\/sunekos-performa\/"]}]},{"@type":"ImageObject","inLanguage":"fr-FR","@id":"https:\/\/kinamihealth.com\/fr\/product\/sunekos-performa\/#primaryimage","url":"https:\/\/kinamihealth.com\/wp-content\/uploads\/2025\/02\/sunekos-performa-front-right.webp","contentUrl":"https:\/\/kinamihealth.com\/wp-content\/uploads\/2025\/02\/sunekos-performa-front-right.webp","width":1500,"height":1500},{"@type":"BreadcrumbList","@id":"https:\/\/kinamihealth.com\/fr\/product\/sunekos-performa\/#breadcrumb","itemListElement":[{"@type":"ListItem","position":1,"name":"Page d'accueil","item":"https:\/\/kinamihealth.com\/"},{"@type":"ListItem","position":2,"name":"Boutique","item":"https:\/\/kinamihealth.com\/shop\/"},{"@type":"ListItem","position":3,"name":"SUNEKOS\u00ae PERFORMA"}]},{"@type":"WebSite","@id":"https:\/\/kinamihealth.com\/#website","url":"https:\/\/kinamihealth.com\/","name":"Kinami Health","description":"","publisher":{"@id":"https:\/\/kinamihealth.com\/#organization"},"potentialAction":[{"@type":"SearchAction","target":{"@type":"EntryPoint","urlTemplate":"https:\/\/kinamihealth.com\/?s={search_term_string}"},"query-input":{"@type":"PropertyValueSpecification","valueRequired":true,"valueName":"search_term_string"}}],"inLanguage":"fr-FR"},{"@type":"Organization","@id":"https:\/\/kinamihealth.com\/#organization","name":"Kinami Health","url":"https:\/\/kinamihealth.com\/","logo":{"@type":"ImageObject","inLanguage":"fr-FR","@id":"https:\/\/kinamihealth.com\/#\/schema\/logo\/image\/","url":"https:\/\/kinamihealth.com\/wp-content\/uploads\/2025\/01\/KH_logo_black_2-1.png","contentUrl":"https:\/\/kinamihealth.com\/wp-content\/uploads\/2025\/01\/KH_logo_black_2-1.png","width":339,"height":34,"caption":"Kinami Health"},"image":{"@id":"https:\/\/kinamihealth.com\/#\/schema\/logo\/image\/"}}]}},"_links":{"self":[{"href":"https:\/\/kinamihealth.com\/fr\/wp-json\/wp\/v2\/product\/111097","targetHints":{"allow":["GET"]}}],"collection":[{"href":"https:\/\/kinamihealth.com\/fr\/wp-json\/wp\/v2\/product"}],"about":[{"href":"https:\/\/kinamihealth.com\/fr\/wp-json\/wp\/v2\/types\/product"}],"replies":[{"embeddable":true,"href":"https:\/\/kinamihealth.com\/fr\/wp-json\/wp\/v2\/comments?post=111097"}],"version-history":[{"count":0,"href":"https:\/\/kinamihealth.com\/fr\/wp-json\/wp\/v2\/product\/111097\/revisions"}],"wp:featuredmedia":[{"embeddable":true,"href":"https:\/\/kinamihealth.com\/fr\/wp-json\/wp\/v2\/media\/111102"}],"wp:attachment":[{"href":"https:\/\/kinamihealth.com\/fr\/wp-json\/wp\/v2\/media?parent=111097"}],"wp:term":[{"taxonomy":"product_brand","embeddable":true,"href":"https:\/\/kinamihealth.com\/fr\/wp-json\/wp\/v2\/product_brand?post=111097"},{"taxonomy":"product_cat","embeddable":true,"href":"https:\/\/kinamihealth.com\/fr\/wp-json\/wp\/v2\/product_cat?post=111097"},{"taxonomy":"product_tag","embeddable":true,"href":"https:\/\/kinamihealth.com\/fr\/wp-json\/wp\/v2\/product_tag?post=111097"}],"curies":[{"name":"wp","href":"https:\/\/api.w.org\/{rel}","templated":true}]}}