{"id":111092,"date":"2025-02-15T16:58:22","date_gmt":"2025-02-15T16:58:22","guid":{"rendered":"https:\/\/kinamihealth.com\/product\/sunekos-body\/"},"modified":"2026-01-21T15:39:47","modified_gmt":"2026-01-21T15:39:47","slug":"sunekos-body","status":"publish","type":"product","link":"https:\/\/kinamihealth.com\/fr\/produit\/sunekos-body\/","title":{"rendered":"SUNEKOS\u00ae BODY"},"content":{"rendered":"<p>Sunekos\u00ae Body est le produit id\u00e9al pour lutter contre le rel\u00e2chement et l&#8217;affaissement de la peau, ainsi que contre les vergetures sur les bras, les cuisses, les genoux et le ventre.<\/p>\n","protected":false},"excerpt":{"rendered":"<p><strong>Commandez Sunekos Body<\/strong>, une <strong>solution injectable sculptante<\/strong> con\u00e7ue pour <strong>r\u00e9duire le rel\u00e2chement cutan\u00e9 <\/strong>et les <strong>vergetures <\/strong>dans les zones probl\u00e9matiques telles que l&#8217;<strong>abdomen, l&#8217;int\u00e9rieur des cuisses, les bras et les genoux<\/strong>. Gr\u00e2ce \u00e0 la puissante combinaison d&#8217;acides amin\u00e9s et d&#8217;acide hyaluronique de faible densit\u00e9, il restaure efficacement la matrice ECM et am\u00e9liore l&#8217;\u00e9lasticit\u00e9 de la peau. En tant que professionnel de sant\u00e9, vous pouvez commander des produits de remodelage corporel tels que Sunekos Body chez Kinami Health. Vous pourrez ainsi aider vos patients \u00e0 raffermir leur peau rel\u00e2ch\u00e9e, \u00e0 r\u00e9g\u00e9n\u00e9rer la structure de leur peau et \u00e0 r\u00e9duire l&#8217;apparence des vergetures.<\/p>\n","protected":false},"featured_media":111093,"comment_status":"closed","ping_status":"closed","template":"","meta":{"_acf_changed":false,"inline_featured_image":false},"product_brand":[1300],"product_cat":[1372],"product_tag":[1222],"class_list":{"0":"post-111092","1":"product","2":"type-product","3":"status-publish","4":"has-post-thumbnail","6":"product_brand-sunekos","7":"product_cat-remodelage-corporel","8":"product_tag-dispositifs-medicaux","10":"first","11":"instock","12":"taxable","13":"shipping-taxable","14":"purchasable","15":"product-type-simple","16":"add-to-wishlist-before_image"},"acf":[],"yoast_head":"<!-- This site is optimized with the Yoast SEO plugin v27.1.1 - https:\/\/yoast.com\/product\/yoast-seo-wordpress\/ -->\n<title>Commander SUNEKOS\u00ae BODY en ligne | Boutique en ligne | Kinami Health<\/title>\n<meta name=\"description\" content=\"Commandez Sunekos Body pour r\u00e9duire le rel\u00e2chement cutan\u00e9 et les vergetures. Am\u00e9liorez l&#039;\u00e9lasticit\u00e9 et restaurez la structure de la peau gr\u00e2ce \u00e0 cette solution injectable. Commandez d\u00e8s maintenant !\" \/>\n<meta name=\"robots\" content=\"index, follow, max-snippet:-1, max-image-preview:large, max-video-preview:-1\" \/>\n<link rel=\"canonical\" href=\"https:\/\/kinamihealth.com\/fr\/wp-json\/wp\/v2\/product\/111092\" \/>\n<meta property=\"og:locale\" content=\"fr_FR\" \/>\n<meta property=\"og:type\" content=\"article\" \/>\n<meta property=\"og:title\" content=\"Commander SUNEKOS\u00ae BODY en ligne | Boutique en ligne | Kinami Health\" \/>\n<meta property=\"og:description\" content=\"Commandez Sunekos Body pour r\u00e9duire le rel\u00e2chement cutan\u00e9 et les vergetures. Am\u00e9liorez l&#039;\u00e9lasticit\u00e9 et restaurez la structure de la peau gr\u00e2ce \u00e0 cette solution injectable. Commandez d\u00e8s maintenant !\" \/>\n<meta property=\"og:url\" content=\"https:\/\/kinamihealth.com\/fr\/product\/sunekos-body\/\" \/>\n<meta property=\"og:site_name\" content=\"Kinami Health\" \/>\n<meta property=\"article:modified_time\" content=\"2026-01-21T15:39:47+00:00\" \/>\n<meta property=\"og:image\" content=\"https:\/\/kinamihealth.com\/wp-content\/uploads\/2025\/02\/SUNEKOS-BODY-02.jpg\" \/>\n\t<meta property=\"og:image:width\" content=\"800\" \/>\n\t<meta property=\"og:image:height\" content=\"800\" \/>\n\t<meta property=\"og:image:type\" content=\"image\/jpeg\" \/>\n<meta name=\"twitter:card\" content=\"summary_large_image\" \/>\n<meta name=\"twitter:label1\" content=\"Dur\u00e9e de lecture estim\u00e9e\" \/>\n\t<meta name=\"twitter:data1\" content=\"1 minute\" \/>\n<!-- \/ Yoast SEO plugin. -->","yoast_head_json":{"title":"Commander SUNEKOS\u00ae BODY en ligne | Boutique en ligne | Kinami Health","description":"Commandez Sunekos Body pour r\u00e9duire le rel\u00e2chement cutan\u00e9 et les vergetures. Am\u00e9liorez l'\u00e9lasticit\u00e9 et restaurez la structure de la peau gr\u00e2ce \u00e0 cette solution injectable. Commandez d\u00e8s maintenant !","robots":{"index":"index","follow":"follow","max-snippet":"max-snippet:-1","max-image-preview":"max-image-preview:large","max-video-preview":"max-video-preview:-1"},"canonical":"https:\/\/kinamihealth.com\/fr\/wp-json\/wp\/v2\/product\/111092","og_locale":"fr_FR","og_type":"article","og_title":"Commander SUNEKOS\u00ae BODY en ligne | Boutique en ligne | Kinami Health","og_description":"Commandez Sunekos Body pour r\u00e9duire le rel\u00e2chement cutan\u00e9 et les vergetures. Am\u00e9liorez l'\u00e9lasticit\u00e9 et restaurez la structure de la peau gr\u00e2ce \u00e0 cette solution injectable. Commandez d\u00e8s maintenant !","og_url":"https:\/\/kinamihealth.com\/fr\/product\/sunekos-body\/","og_site_name":"Kinami Health","article_modified_time":"2026-01-21T15:39:47+00:00","og_image":[{"width":800,"height":800,"url":"https:\/\/kinamihealth.com\/wp-content\/uploads\/2025\/02\/SUNEKOS-BODY-02.jpg","type":"image\/jpeg"}],"twitter_card":"summary_large_image","twitter_misc":{"Dur\u00e9e de lecture estim\u00e9e":"1 minute"},"schema":{"@context":"https:\/\/schema.org","@graph":[{"@type":"WebPage","@id":"https:\/\/kinamihealth.com\/fr\/product\/sunekos-body\/","url":"https:\/\/kinamihealth.com\/fr\/product\/sunekos-body\/","name":"Commander SUNEKOS\u00ae BODY en ligne | Boutique en ligne | Kinami Health","isPartOf":{"@id":"https:\/\/kinamihealth.com\/#website"},"primaryImageOfPage":{"@id":"https:\/\/kinamihealth.com\/fr\/product\/sunekos-body\/#primaryimage"},"image":{"@id":"https:\/\/kinamihealth.com\/fr\/product\/sunekos-body\/#primaryimage"},"thumbnailUrl":"https:\/\/kinamihealth.com\/wp-content\/uploads\/2025\/02\/SUNEKOS-BODY-02.jpg","datePublished":"2025-02-15T16:58:22+00:00","dateModified":"2026-01-21T15:39:47+00:00","description":"Commandez Sunekos Body pour r\u00e9duire le rel\u00e2chement cutan\u00e9 et les vergetures. Am\u00e9liorez l'\u00e9lasticit\u00e9 et restaurez la structure de la peau gr\u00e2ce \u00e0 cette solution injectable. Commandez d\u00e8s maintenant !","breadcrumb":{"@id":"https:\/\/kinamihealth.com\/fr\/product\/sunekos-body\/#breadcrumb"},"inLanguage":"fr-FR","potentialAction":[{"@type":"ReadAction","target":["https:\/\/kinamihealth.com\/fr\/product\/sunekos-body\/"]}]},{"@type":"ImageObject","inLanguage":"fr-FR","@id":"https:\/\/kinamihealth.com\/fr\/product\/sunekos-body\/#primaryimage","url":"https:\/\/kinamihealth.com\/wp-content\/uploads\/2025\/02\/SUNEKOS-BODY-02.jpg","contentUrl":"https:\/\/kinamihealth.com\/wp-content\/uploads\/2025\/02\/SUNEKOS-BODY-02.jpg","width":800,"height":800},{"@type":"BreadcrumbList","@id":"https:\/\/kinamihealth.com\/fr\/product\/sunekos-body\/#breadcrumb","itemListElement":[{"@type":"ListItem","position":1,"name":"Page d'accueil","item":"https:\/\/kinamihealth.com\/"},{"@type":"ListItem","position":2,"name":"Boutique","item":"https:\/\/kinamihealth.com\/shop\/"},{"@type":"ListItem","position":3,"name":"SUNEKOS\u00ae BODY"}]},{"@type":"WebSite","@id":"https:\/\/kinamihealth.com\/#website","url":"https:\/\/kinamihealth.com\/","name":"Kinami Health","description":"","publisher":{"@id":"https:\/\/kinamihealth.com\/#organization"},"potentialAction":[{"@type":"SearchAction","target":{"@type":"EntryPoint","urlTemplate":"https:\/\/kinamihealth.com\/?s={search_term_string}"},"query-input":{"@type":"PropertyValueSpecification","valueRequired":true,"valueName":"search_term_string"}}],"inLanguage":"fr-FR"},{"@type":"Organization","@id":"https:\/\/kinamihealth.com\/#organization","name":"Kinami Health","url":"https:\/\/kinamihealth.com\/","logo":{"@type":"ImageObject","inLanguage":"fr-FR","@id":"https:\/\/kinamihealth.com\/#\/schema\/logo\/image\/","url":"https:\/\/kinamihealth.com\/wp-content\/uploads\/2025\/01\/KH_logo_black_2-1.png","contentUrl":"https:\/\/kinamihealth.com\/wp-content\/uploads\/2025\/01\/KH_logo_black_2-1.png","width":339,"height":34,"caption":"Kinami Health"},"image":{"@id":"https:\/\/kinamihealth.com\/#\/schema\/logo\/image\/"}}]}},"_links":{"self":[{"href":"https:\/\/kinamihealth.com\/fr\/wp-json\/wp\/v2\/product\/111092","targetHints":{"allow":["GET"]}}],"collection":[{"href":"https:\/\/kinamihealth.com\/fr\/wp-json\/wp\/v2\/product"}],"about":[{"href":"https:\/\/kinamihealth.com\/fr\/wp-json\/wp\/v2\/types\/product"}],"replies":[{"embeddable":true,"href":"https:\/\/kinamihealth.com\/fr\/wp-json\/wp\/v2\/comments?post=111092"}],"version-history":[{"count":0,"href":"https:\/\/kinamihealth.com\/fr\/wp-json\/wp\/v2\/product\/111092\/revisions"}],"wp:featuredmedia":[{"embeddable":true,"href":"https:\/\/kinamihealth.com\/fr\/wp-json\/wp\/v2\/media\/111093"}],"wp:attachment":[{"href":"https:\/\/kinamihealth.com\/fr\/wp-json\/wp\/v2\/media?parent=111092"}],"wp:term":[{"taxonomy":"product_brand","embeddable":true,"href":"https:\/\/kinamihealth.com\/fr\/wp-json\/wp\/v2\/product_brand?post=111092"},{"taxonomy":"product_cat","embeddable":true,"href":"https:\/\/kinamihealth.com\/fr\/wp-json\/wp\/v2\/product_cat?post=111092"},{"taxonomy":"product_tag","embeddable":true,"href":"https:\/\/kinamihealth.com\/fr\/wp-json\/wp\/v2\/product_tag?post=111092"}],"curies":[{"name":"wp","href":"https:\/\/api.w.org\/{rel}","templated":true}]}}