{"id":111087,"date":"2025-02-15T16:58:21","date_gmt":"2025-02-15T16:58:21","guid":{"rendered":"https:\/\/kinamihealth.com\/product\/sunekos-200\/"},"modified":"2026-01-21T15:39:52","modified_gmt":"2026-01-21T15:39:52","slug":"sunekos-200","status":"publish","type":"product","link":"https:\/\/kinamihealth.com\/fr\/produit\/sunekos-200\/","title":{"rendered":"SUNEKOS\u00ae 200"},"content":{"rendered":"<p>Sunekos\u00ae 200 corrige et prot\u00e8ge le derme contre les signes du vieillissement. Sunekos est le seul produit naturel en dermo-esth\u00e9tique professionnelle qui stimule la synth\u00e8se de collag\u00e8ne et d&#8217;\u00e9lastine, redonnant \u00e9lasticit\u00e9 et volume \u00e0 la peau. Il peut \u00eatre utilis\u00e9 sur tout type de derme et sur diff\u00e9rentes parties du corps telles que : le visage, le cou, le d\u00e9collet\u00e9 et les mains.<\/p>\n","protected":false},"excerpt":{"rendered":"<p>Commandez Sunekos 200 et d\u00e9couvrez les avantages d&#8217;un skinbooster injectable qui corrige les signes visibles du vieillissement. Ce puissant produit de comblement dermique stimule la synth\u00e8se d&#8217;\u00e9lastine et de collag\u00e8ne, ce qui lui permet de restaurer le volume et l&#8217;\u00e9lasticit\u00e9 de la peau. En tant que professionnel de sant\u00e9, vous pouvez commander des produits de comblement dermique tels que Sunekos 200 chez Kinami Health et offrir \u00e0 vos patients une apparence fra\u00eeche et jeune. Pour des r\u00e9sultats optimaux, utilisez ce produit en association avec Sunekos 1200, un produit de comblement con\u00e7u pour renforcer les r\u00e9sultats de Sunekos 200.<\/p>\n","protected":false},"featured_media":111091,"comment_status":"closed","ping_status":"closed","template":"","meta":{"_acf_changed":false,"inline_featured_image":false},"product_brand":[1300],"product_cat":[1217],"product_tag":[1222],"class_list":{"0":"post-111087","1":"product","2":"type-product","3":"status-publish","4":"has-post-thumbnail","6":"product_brand-sunekos","7":"product_cat-produits-de-comblement-dermique","8":"product_tag-dispositifs-medicaux","10":"first","11":"instock","12":"taxable","13":"shipping-taxable","14":"purchasable","15":"product-type-simple","16":"add-to-wishlist-before_image"},"acf":[],"yoast_head":"<!-- This site is optimized with the Yoast SEO plugin v27.1.1 - https:\/\/yoast.com\/product\/yoast-seo-wordpress\/ -->\n<title>Commander SUNEKOS\u00ae 200 en ligne | Boutique en ligne | Kinami Health<\/title>\n<meta name=\"description\" content=\"Commandez Sunekos 200, un skinbooster injectable qui stimule le collag\u00e8ne, r\u00e9duit les rides et redonne du volume \u00e0 la peau. Commandez d\u00e8s maintenant chez Kinami Health !\" \/>\n<meta name=\"robots\" content=\"index, follow, max-snippet:-1, max-image-preview:large, max-video-preview:-1\" \/>\n<link rel=\"canonical\" href=\"https:\/\/kinamihealth.com\/fr\/wp-json\/wp\/v2\/product\/111087\" \/>\n<meta property=\"og:locale\" content=\"fr_FR\" \/>\n<meta property=\"og:type\" content=\"article\" \/>\n<meta property=\"og:title\" content=\"Commander SUNEKOS\u00ae 200 en ligne | Boutique en ligne | Kinami Health\" \/>\n<meta property=\"og:description\" content=\"Commandez Sunekos 200, un skinbooster injectable qui stimule le collag\u00e8ne, r\u00e9duit les rides et redonne du volume \u00e0 la peau. Commandez d\u00e8s maintenant chez Kinami Health !\" \/>\n<meta property=\"og:url\" content=\"https:\/\/kinamihealth.com\/fr\/product\/sunekos-200\/\" \/>\n<meta property=\"og:site_name\" content=\"Kinami Health\" \/>\n<meta property=\"article:modified_time\" content=\"2026-01-21T15:39:52+00:00\" \/>\n<meta property=\"og:image\" content=\"https:\/\/kinamihealth.com\/wp-content\/uploads\/2025\/02\/sunekos-200-front-right.webp\" \/>\n\t<meta property=\"og:image:width\" content=\"1500\" \/>\n\t<meta property=\"og:image:height\" content=\"1500\" \/>\n\t<meta property=\"og:image:type\" content=\"image\/webp\" \/>\n<meta name=\"twitter:card\" content=\"summary_large_image\" \/>\n<meta name=\"twitter:label1\" content=\"Dur\u00e9e de lecture estim\u00e9e\" \/>\n\t<meta name=\"twitter:data1\" content=\"1 minute\" \/>\n<!-- \/ Yoast SEO plugin. -->","yoast_head_json":{"title":"Commander SUNEKOS\u00ae 200 en ligne | Boutique en ligne | Kinami Health","description":"Commandez Sunekos 200, un skinbooster injectable qui stimule le collag\u00e8ne, r\u00e9duit les rides et redonne du volume \u00e0 la peau. Commandez d\u00e8s maintenant chez Kinami Health !","robots":{"index":"index","follow":"follow","max-snippet":"max-snippet:-1","max-image-preview":"max-image-preview:large","max-video-preview":"max-video-preview:-1"},"canonical":"https:\/\/kinamihealth.com\/fr\/wp-json\/wp\/v2\/product\/111087","og_locale":"fr_FR","og_type":"article","og_title":"Commander SUNEKOS\u00ae 200 en ligne | Boutique en ligne | Kinami Health","og_description":"Commandez Sunekos 200, un skinbooster injectable qui stimule le collag\u00e8ne, r\u00e9duit les rides et redonne du volume \u00e0 la peau. Commandez d\u00e8s maintenant chez Kinami Health !","og_url":"https:\/\/kinamihealth.com\/fr\/product\/sunekos-200\/","og_site_name":"Kinami Health","article_modified_time":"2026-01-21T15:39:52+00:00","og_image":[{"width":1500,"height":1500,"url":"https:\/\/kinamihealth.com\/wp-content\/uploads\/2025\/02\/sunekos-200-front-right.webp","type":"image\/webp"}],"twitter_card":"summary_large_image","twitter_misc":{"Dur\u00e9e de lecture estim\u00e9e":"1 minute"},"schema":{"@context":"https:\/\/schema.org","@graph":[{"@type":"WebPage","@id":"https:\/\/kinamihealth.com\/fr\/product\/sunekos-200\/","url":"https:\/\/kinamihealth.com\/fr\/product\/sunekos-200\/","name":"Commander SUNEKOS\u00ae 200 en ligne | Boutique en ligne | Kinami Health","isPartOf":{"@id":"https:\/\/kinamihealth.com\/#website"},"primaryImageOfPage":{"@id":"https:\/\/kinamihealth.com\/fr\/product\/sunekos-200\/#primaryimage"},"image":{"@id":"https:\/\/kinamihealth.com\/fr\/product\/sunekos-200\/#primaryimage"},"thumbnailUrl":"https:\/\/kinamihealth.com\/wp-content\/uploads\/2025\/02\/sunekos-200-front-right.webp","datePublished":"2025-02-15T16:58:21+00:00","dateModified":"2026-01-21T15:39:52+00:00","description":"Commandez Sunekos 200, un skinbooster injectable qui stimule le collag\u00e8ne, r\u00e9duit les rides et redonne du volume \u00e0 la peau. Commandez d\u00e8s maintenant chez Kinami Health !","breadcrumb":{"@id":"https:\/\/kinamihealth.com\/fr\/product\/sunekos-200\/#breadcrumb"},"inLanguage":"fr-FR","potentialAction":[{"@type":"ReadAction","target":["https:\/\/kinamihealth.com\/fr\/product\/sunekos-200\/"]}]},{"@type":"ImageObject","inLanguage":"fr-FR","@id":"https:\/\/kinamihealth.com\/fr\/product\/sunekos-200\/#primaryimage","url":"https:\/\/kinamihealth.com\/wp-content\/uploads\/2025\/02\/sunekos-200-front-right.webp","contentUrl":"https:\/\/kinamihealth.com\/wp-content\/uploads\/2025\/02\/sunekos-200-front-right.webp","width":1500,"height":1500},{"@type":"BreadcrumbList","@id":"https:\/\/kinamihealth.com\/fr\/product\/sunekos-200\/#breadcrumb","itemListElement":[{"@type":"ListItem","position":1,"name":"Page d'accueil","item":"https:\/\/kinamihealth.com\/"},{"@type":"ListItem","position":2,"name":"Boutique","item":"https:\/\/kinamihealth.com\/shop\/"},{"@type":"ListItem","position":3,"name":"SUNEKOS\u00ae 200"}]},{"@type":"WebSite","@id":"https:\/\/kinamihealth.com\/#website","url":"https:\/\/kinamihealth.com\/","name":"Kinami Health","description":"","publisher":{"@id":"https:\/\/kinamihealth.com\/#organization"},"potentialAction":[{"@type":"SearchAction","target":{"@type":"EntryPoint","urlTemplate":"https:\/\/kinamihealth.com\/?s={search_term_string}"},"query-input":{"@type":"PropertyValueSpecification","valueRequired":true,"valueName":"search_term_string"}}],"inLanguage":"fr-FR"},{"@type":"Organization","@id":"https:\/\/kinamihealth.com\/#organization","name":"Kinami Health","url":"https:\/\/kinamihealth.com\/","logo":{"@type":"ImageObject","inLanguage":"fr-FR","@id":"https:\/\/kinamihealth.com\/#\/schema\/logo\/image\/","url":"https:\/\/kinamihealth.com\/wp-content\/uploads\/2025\/01\/KH_logo_black_2-1.png","contentUrl":"https:\/\/kinamihealth.com\/wp-content\/uploads\/2025\/01\/KH_logo_black_2-1.png","width":339,"height":34,"caption":"Kinami Health"},"image":{"@id":"https:\/\/kinamihealth.com\/#\/schema\/logo\/image\/"}}]}},"_links":{"self":[{"href":"https:\/\/kinamihealth.com\/fr\/wp-json\/wp\/v2\/product\/111087","targetHints":{"allow":["GET"]}}],"collection":[{"href":"https:\/\/kinamihealth.com\/fr\/wp-json\/wp\/v2\/product"}],"about":[{"href":"https:\/\/kinamihealth.com\/fr\/wp-json\/wp\/v2\/types\/product"}],"replies":[{"embeddable":true,"href":"https:\/\/kinamihealth.com\/fr\/wp-json\/wp\/v2\/comments?post=111087"}],"version-history":[{"count":0,"href":"https:\/\/kinamihealth.com\/fr\/wp-json\/wp\/v2\/product\/111087\/revisions"}],"wp:featuredmedia":[{"embeddable":true,"href":"https:\/\/kinamihealth.com\/fr\/wp-json\/wp\/v2\/media\/111091"}],"wp:attachment":[{"href":"https:\/\/kinamihealth.com\/fr\/wp-json\/wp\/v2\/media?parent=111087"}],"wp:term":[{"taxonomy":"product_brand","embeddable":true,"href":"https:\/\/kinamihealth.com\/fr\/wp-json\/wp\/v2\/product_brand?post=111087"},{"taxonomy":"product_cat","embeddable":true,"href":"https:\/\/kinamihealth.com\/fr\/wp-json\/wp\/v2\/product_cat?post=111087"},{"taxonomy":"product_tag","embeddable":true,"href":"https:\/\/kinamihealth.com\/fr\/wp-json\/wp\/v2\/product_tag?post=111087"}],"curies":[{"name":"wp","href":"https:\/\/api.w.org\/{rel}","templated":true}]}}