{"id":111082,"date":"2025-02-15T16:58:20","date_gmt":"2025-02-15T16:58:20","guid":{"rendered":"https:\/\/kinamihealth.com\/product\/sunekos-1200\/"},"modified":"2026-01-21T15:39:55","modified_gmt":"2026-01-21T15:39:55","slug":"sunekos-1200","status":"publish","type":"product","link":"https:\/\/kinamihealth.com\/fr\/produit\/sunekos-1200\/","title":{"rendered":"SUNEKOS\u00ae 1200"},"content":{"rendered":"<p>Sunekos 1200 est un skinbooster naturel et avanc\u00e9 dot\u00e9 de propri\u00e9t\u00e9s antioxydantes pour les rides et les peaux ab\u00eem\u00e9es. Il est id\u00e9al comme booster dans le cadre d&#8217;un traitement. Ce booster est une option remarquable pour les patients qui souhaitent conserver un aspect naturel ou ceux qui ne souhaitent pas recourir \u00e0 des injections anti-rides ou \u00e0 des produits de comblement dermique.<\/p>\n","protected":false},"excerpt":{"rendered":"<p><strong>Commandez Sunekos 1200,<\/strong> un <strong>traitement injectable de qualit\u00e9<\/strong> qui combine de l&#8217;<strong>acide hyaluronique<\/strong> avec un <strong>m\u00e9lange brevet\u00e9 d&#8217;acides amin\u00e9s<\/strong> pour offrir une <strong>biostimulation dermique profonde<\/strong> et une <strong>restauration du volume<\/strong>. Ce produit contribue \u00e0 stimuler la r\u00e9g\u00e9n\u00e9ration de la matrice extracellulaire, ce qui entra\u00eene une am\u00e9lioration de la production de collag\u00e8ne et d&#8217;\u00e9lastine. En tant que professionnel de sant\u00e9, vous pouvez commander des produits de comblement dermique tels que Sunekos 1200 et proposer \u00e0 vos patients une solution con\u00e7ue pour am\u00e9liorer la fermet\u00e9 et l&#8217;\u00e9lasticit\u00e9 de la peau, ainsi que sa structure globale. Les r\u00e9sultats de Sunekos 1200 sont renforc\u00e9s lorsqu&#8217;il est associ\u00e9 \u00e0 Sunekos 200, et les deux produits sont disponibles chez Kinami Health.<\/p>\n","protected":false},"featured_media":111086,"comment_status":"closed","ping_status":"closed","template":"","meta":{"_acf_changed":false,"inline_featured_image":false},"product_brand":[1300],"product_cat":[1217],"product_tag":[1222],"class_list":{"0":"post-111082","1":"product","2":"type-product","3":"status-publish","4":"has-post-thumbnail","6":"product_brand-sunekos","7":"product_cat-produits-de-comblement-dermique","8":"product_tag-dispositifs-medicaux","10":"first","11":"instock","12":"taxable","13":"shipping-taxable","14":"purchasable","15":"product-type-simple","16":"add-to-wishlist-before_image"},"acf":[],"yoast_head":"<!-- This site is optimized with the Yoast SEO plugin v27.1.1 - https:\/\/yoast.com\/product\/yoast-seo-wordpress\/ -->\n<title>Commander SUNEKOS\u00ae 1200 en ligne | Boutique en ligne | Kinami Health<\/title>\n<meta name=\"description\" content=\"Commandez Sunekos 1200 pour restaurer le volume, r\u00e9duire les rides et hydrater la peau. Un produit injectable puissant pour une peau plus ferme et plus jeune. Commandez-le d\u00e8s maintenant chez Kinami Health !\" \/>\n<meta name=\"robots\" content=\"index, follow, max-snippet:-1, max-image-preview:large, max-video-preview:-1\" \/>\n<link rel=\"canonical\" href=\"https:\/\/kinamihealth.com\/fr\/wp-json\/wp\/v2\/product\/111082\" \/>\n<meta property=\"og:locale\" content=\"fr_FR\" \/>\n<meta property=\"og:type\" content=\"article\" \/>\n<meta property=\"og:title\" content=\"Commander SUNEKOS\u00ae 1200 en ligne | Boutique en ligne | Kinami Health\" \/>\n<meta property=\"og:description\" content=\"Commandez Sunekos 1200 pour restaurer le volume, r\u00e9duire les rides et hydrater la peau. Un produit injectable puissant pour une peau plus ferme et plus jeune. Commandez-le d\u00e8s maintenant chez Kinami Health !\" \/>\n<meta property=\"og:url\" content=\"https:\/\/kinamihealth.com\/fr\/product\/sunekos-1200\/\" \/>\n<meta property=\"og:site_name\" content=\"Kinami Health\" \/>\n<meta property=\"article:modified_time\" content=\"2026-01-21T15:39:55+00:00\" \/>\n<meta property=\"og:image\" content=\"https:\/\/kinamihealth.com\/wp-content\/uploads\/2025\/02\/sunekos-1200-front-right.webp\" \/>\n\t<meta property=\"og:image:width\" content=\"1500\" \/>\n\t<meta property=\"og:image:height\" content=\"1500\" \/>\n\t<meta property=\"og:image:type\" content=\"image\/webp\" \/>\n<meta name=\"twitter:card\" content=\"summary_large_image\" \/>\n<meta name=\"twitter:label1\" content=\"Dur\u00e9e de lecture estim\u00e9e\" \/>\n\t<meta name=\"twitter:data1\" content=\"1 minute\" \/>\n<!-- \/ Yoast SEO plugin. -->","yoast_head_json":{"title":"Commander SUNEKOS\u00ae 1200 en ligne | Boutique en ligne | Kinami Health","description":"Commandez Sunekos 1200 pour restaurer le volume, r\u00e9duire les rides et hydrater la peau. Un produit injectable puissant pour une peau plus ferme et plus jeune. Commandez-le d\u00e8s maintenant chez Kinami Health !","robots":{"index":"index","follow":"follow","max-snippet":"max-snippet:-1","max-image-preview":"max-image-preview:large","max-video-preview":"max-video-preview:-1"},"canonical":"https:\/\/kinamihealth.com\/fr\/wp-json\/wp\/v2\/product\/111082","og_locale":"fr_FR","og_type":"article","og_title":"Commander SUNEKOS\u00ae 1200 en ligne | Boutique en ligne | Kinami Health","og_description":"Commandez Sunekos 1200 pour restaurer le volume, r\u00e9duire les rides et hydrater la peau. Un produit injectable puissant pour une peau plus ferme et plus jeune. Commandez-le d\u00e8s maintenant chez Kinami Health !","og_url":"https:\/\/kinamihealth.com\/fr\/product\/sunekos-1200\/","og_site_name":"Kinami Health","article_modified_time":"2026-01-21T15:39:55+00:00","og_image":[{"width":1500,"height":1500,"url":"https:\/\/kinamihealth.com\/wp-content\/uploads\/2025\/02\/sunekos-1200-front-right.webp","type":"image\/webp"}],"twitter_card":"summary_large_image","twitter_misc":{"Dur\u00e9e de lecture estim\u00e9e":"1 minute"},"schema":{"@context":"https:\/\/schema.org","@graph":[{"@type":"WebPage","@id":"https:\/\/kinamihealth.com\/fr\/product\/sunekos-1200\/","url":"https:\/\/kinamihealth.com\/fr\/product\/sunekos-1200\/","name":"Commander SUNEKOS\u00ae 1200 en ligne | Boutique en ligne | Kinami Health","isPartOf":{"@id":"https:\/\/kinamihealth.com\/#website"},"primaryImageOfPage":{"@id":"https:\/\/kinamihealth.com\/fr\/product\/sunekos-1200\/#primaryimage"},"image":{"@id":"https:\/\/kinamihealth.com\/fr\/product\/sunekos-1200\/#primaryimage"},"thumbnailUrl":"https:\/\/kinamihealth.com\/wp-content\/uploads\/2025\/02\/sunekos-1200-front-right.webp","datePublished":"2025-02-15T16:58:20+00:00","dateModified":"2026-01-21T15:39:55+00:00","description":"Commandez Sunekos 1200 pour restaurer le volume, r\u00e9duire les rides et hydrater la peau. Un produit injectable puissant pour une peau plus ferme et plus jeune. Commandez-le d\u00e8s maintenant chez Kinami Health !","breadcrumb":{"@id":"https:\/\/kinamihealth.com\/fr\/product\/sunekos-1200\/#breadcrumb"},"inLanguage":"fr-FR","potentialAction":[{"@type":"ReadAction","target":["https:\/\/kinamihealth.com\/fr\/product\/sunekos-1200\/"]}]},{"@type":"ImageObject","inLanguage":"fr-FR","@id":"https:\/\/kinamihealth.com\/fr\/product\/sunekos-1200\/#primaryimage","url":"https:\/\/kinamihealth.com\/wp-content\/uploads\/2025\/02\/sunekos-1200-front-right.webp","contentUrl":"https:\/\/kinamihealth.com\/wp-content\/uploads\/2025\/02\/sunekos-1200-front-right.webp","width":1500,"height":1500},{"@type":"BreadcrumbList","@id":"https:\/\/kinamihealth.com\/fr\/product\/sunekos-1200\/#breadcrumb","itemListElement":[{"@type":"ListItem","position":1,"name":"Page d'accueil","item":"https:\/\/kinamihealth.com\/"},{"@type":"ListItem","position":2,"name":"Boutique","item":"https:\/\/kinamihealth.com\/shop\/"},{"@type":"ListItem","position":3,"name":"SUNEKOS\u00ae 1200"}]},{"@type":"WebSite","@id":"https:\/\/kinamihealth.com\/#website","url":"https:\/\/kinamihealth.com\/","name":"Kinami Health","description":"","publisher":{"@id":"https:\/\/kinamihealth.com\/#organization"},"potentialAction":[{"@type":"SearchAction","target":{"@type":"EntryPoint","urlTemplate":"https:\/\/kinamihealth.com\/?s={search_term_string}"},"query-input":{"@type":"PropertyValueSpecification","valueRequired":true,"valueName":"search_term_string"}}],"inLanguage":"fr-FR"},{"@type":"Organization","@id":"https:\/\/kinamihealth.com\/#organization","name":"Kinami Health","url":"https:\/\/kinamihealth.com\/","logo":{"@type":"ImageObject","inLanguage":"fr-FR","@id":"https:\/\/kinamihealth.com\/#\/schema\/logo\/image\/","url":"https:\/\/kinamihealth.com\/wp-content\/uploads\/2025\/01\/KH_logo_black_2-1.png","contentUrl":"https:\/\/kinamihealth.com\/wp-content\/uploads\/2025\/01\/KH_logo_black_2-1.png","width":339,"height":34,"caption":"Kinami Health"},"image":{"@id":"https:\/\/kinamihealth.com\/#\/schema\/logo\/image\/"}}]}},"_links":{"self":[{"href":"https:\/\/kinamihealth.com\/fr\/wp-json\/wp\/v2\/product\/111082","targetHints":{"allow":["GET"]}}],"collection":[{"href":"https:\/\/kinamihealth.com\/fr\/wp-json\/wp\/v2\/product"}],"about":[{"href":"https:\/\/kinamihealth.com\/fr\/wp-json\/wp\/v2\/types\/product"}],"replies":[{"embeddable":true,"href":"https:\/\/kinamihealth.com\/fr\/wp-json\/wp\/v2\/comments?post=111082"}],"version-history":[{"count":0,"href":"https:\/\/kinamihealth.com\/fr\/wp-json\/wp\/v2\/product\/111082\/revisions"}],"wp:featuredmedia":[{"embeddable":true,"href":"https:\/\/kinamihealth.com\/fr\/wp-json\/wp\/v2\/media\/111086"}],"wp:attachment":[{"href":"https:\/\/kinamihealth.com\/fr\/wp-json\/wp\/v2\/media?parent=111082"}],"wp:term":[{"taxonomy":"product_brand","embeddable":true,"href":"https:\/\/kinamihealth.com\/fr\/wp-json\/wp\/v2\/product_brand?post=111082"},{"taxonomy":"product_cat","embeddable":true,"href":"https:\/\/kinamihealth.com\/fr\/wp-json\/wp\/v2\/product_cat?post=111082"},{"taxonomy":"product_tag","embeddable":true,"href":"https:\/\/kinamihealth.com\/fr\/wp-json\/wp\/v2\/product_tag?post=111082"}],"curies":[{"name":"wp","href":"https:\/\/api.w.org\/{rel}","templated":true}]}}