{"id":111067,"date":"2025-02-15T16:58:37","date_gmt":"2025-02-15T16:58:37","guid":{"rendered":"https:\/\/kinamihealth.com\/product\/teosyal-rha3\/"},"modified":"2026-04-02T13:50:21","modified_gmt":"2026-04-02T13:50:21","slug":"teosyal-rha3","status":"publish","type":"product","link":"https:\/\/kinamihealth.com\/fr\/produit\/teosyal-rha3\/","title":{"rendered":"TEOSYAL\u00ae RHA3"},"content":{"rendered":"<p>Teosyal RHA 3 est un produit de comblement des rides \u00e0 base d&#8217;acide hyaluronique con\u00e7u pour soutenir la peau dans tous ses mouvements, tout en aidant \u00e0 pr\u00e9server la vitalit\u00e9 et la douceur du visage. Teosyal RHA 3 Lidoca\u00efne est sp\u00e9cialement con\u00e7u pour lisser les rides profondes. Teosyal RHA 3 peut \u00e9galement \u00eatre utilis\u00e9 pour redonner du volume aux l\u00e8vres. Le produit contient de la lidoca\u00efne, un anesth\u00e9sique puissant, pour une injection plus confortable. Con\u00e7u pour traiter les rides moyennes \u00e0 profondes.<\/p>\n","protected":false},"excerpt":{"rendered":"<p>Commandez le produit de comblement dermique avanc\u00e9 TEOSYAL RHA3 pour lisser les rides profondes et augmenter le volume dans les zones pr\u00e9sentant une perte importante. Id\u00e9al pour les sillons nasog\u00e9niens, les rides d&#8217;amertume et le contour des joues. <strong>Commandez d\u00e8s aujourd&#8217;hui chez Kinami Health pour b\u00e9n\u00e9ficier de solutions de comblement dermique de haute qualit\u00e9.<\/strong><\/p>\n","protected":false},"featured_media":111068,"comment_status":"closed","ping_status":"closed","template":"","meta":{"_acf_changed":false,"inline_featured_image":false},"product_brand":[1303],"product_cat":[1217],"product_tag":[1222],"class_list":{"0":"post-111067","1":"product","2":"type-product","3":"status-publish","4":"has-post-thumbnail","6":"product_brand-teosyal","7":"product_cat-produits-de-comblement-dermique","8":"product_tag-dispositifs-medicaux","10":"first","11":"instock","12":"taxable","13":"shipping-taxable","14":"purchasable","15":"product-type-simple","16":"add-to-wishlist-before_image"},"acf":[],"yoast_head":"<!-- This site is optimized with the Yoast SEO plugin v27.1.1 - https:\/\/yoast.com\/product\/yoast-seo-wordpress\/ -->\n<title>Commander TEOSYAL\u00ae RHA3 en ligne | Boutique en ligne | Kinami Health<\/title>\n<meta name=\"description\" content=\"Commandez Teosyal RHA3 en ligne pour r\u00e9duire les rides profondes et restaurer le volume du visage. Offre un lifting naturel, durable et d&#039;apparence naturelle.\" \/>\n<meta name=\"robots\" content=\"index, follow, max-snippet:-1, max-image-preview:large, max-video-preview:-1\" \/>\n<link rel=\"canonical\" href=\"https:\/\/kinamihealth.com\/fr\/wp-json\/wp\/v2\/product\/111067\" \/>\n<meta property=\"og:locale\" content=\"fr_FR\" \/>\n<meta property=\"og:type\" content=\"article\" \/>\n<meta property=\"og:title\" content=\"Commander TEOSYAL\u00ae RHA3 en ligne | Boutique en ligne | Kinami Health\" \/>\n<meta property=\"og:description\" content=\"Commandez Teosyal RHA3 en ligne pour r\u00e9duire les rides profondes et restaurer le volume du visage. Offre un lifting naturel, durable et d&#039;apparence naturelle.\" \/>\n<meta property=\"og:url\" content=\"https:\/\/kinamihealth.com\/fr\/produit\/teosyal-rha3\/\" \/>\n<meta property=\"og:site_name\" content=\"Kinami Health\" \/>\n<meta property=\"article:modified_time\" content=\"2026-04-02T13:50:21+00:00\" \/>\n<meta property=\"og:image\" content=\"https:\/\/kinamihealth.com\/wp-content\/uploads\/2025\/02\/TEOXANE-TEOSYAL-RHA3-01.jpg\" \/>\n\t<meta property=\"og:image:width\" content=\"800\" \/>\n\t<meta property=\"og:image:height\" content=\"800\" \/>\n\t<meta property=\"og:image:type\" content=\"image\/jpeg\" \/>\n<meta name=\"twitter:card\" content=\"summary_large_image\" \/>\n<meta name=\"twitter:label1\" content=\"Dur\u00e9e de lecture estim\u00e9e\" \/>\n\t<meta name=\"twitter:data1\" content=\"1 minute\" \/>\n<!-- \/ Yoast SEO plugin. -->","yoast_head_json":{"title":"Commander TEOSYAL\u00ae RHA3 en ligne | Boutique en ligne | Kinami Health","description":"Commandez Teosyal RHA3 en ligne pour r\u00e9duire les rides profondes et restaurer le volume du visage. Offre un lifting naturel, durable et d'apparence naturelle.","robots":{"index":"index","follow":"follow","max-snippet":"max-snippet:-1","max-image-preview":"max-image-preview:large","max-video-preview":"max-video-preview:-1"},"canonical":"https:\/\/kinamihealth.com\/fr\/wp-json\/wp\/v2\/product\/111067","og_locale":"fr_FR","og_type":"article","og_title":"Commander TEOSYAL\u00ae RHA3 en ligne | Boutique en ligne | Kinami Health","og_description":"Commandez Teosyal RHA3 en ligne pour r\u00e9duire les rides profondes et restaurer le volume du visage. Offre un lifting naturel, durable et d'apparence naturelle.","og_url":"https:\/\/kinamihealth.com\/fr\/produit\/teosyal-rha3\/","og_site_name":"Kinami Health","article_modified_time":"2026-04-02T13:50:21+00:00","og_image":[{"width":800,"height":800,"url":"https:\/\/kinamihealth.com\/wp-content\/uploads\/2025\/02\/TEOXANE-TEOSYAL-RHA3-01.jpg","type":"image\/jpeg"}],"twitter_card":"summary_large_image","twitter_misc":{"Dur\u00e9e de lecture estim\u00e9e":"1 minute"},"schema":{"@context":"https:\/\/schema.org","@graph":[{"@type":"WebPage","@id":"https:\/\/kinamihealth.com\/fr\/produit\/teosyal-rha3\/","url":"https:\/\/kinamihealth.com\/fr\/produit\/teosyal-rha3\/","name":"Commander TEOSYAL\u00ae RHA3 en ligne | Boutique en ligne | Kinami Health","isPartOf":{"@id":"https:\/\/kinamihealth.com\/#website"},"primaryImageOfPage":{"@id":"https:\/\/kinamihealth.com\/fr\/produit\/teosyal-rha3\/#primaryimage"},"image":{"@id":"https:\/\/kinamihealth.com\/fr\/produit\/teosyal-rha3\/#primaryimage"},"thumbnailUrl":"https:\/\/kinamihealth.com\/wp-content\/uploads\/2025\/02\/TEOXANE-TEOSYAL-RHA3-01.jpg","datePublished":"2025-02-15T16:58:37+00:00","dateModified":"2026-04-02T13:50:21+00:00","description":"Commandez Teosyal RHA3 en ligne pour r\u00e9duire les rides profondes et restaurer le volume du visage. Offre un lifting naturel, durable et d'apparence naturelle.","breadcrumb":{"@id":"https:\/\/kinamihealth.com\/fr\/produit\/teosyal-rha3\/#breadcrumb"},"inLanguage":"fr-FR","potentialAction":[{"@type":"ReadAction","target":["https:\/\/kinamihealth.com\/fr\/produit\/teosyal-rha3\/"]}]},{"@type":"ImageObject","inLanguage":"fr-FR","@id":"https:\/\/kinamihealth.com\/fr\/produit\/teosyal-rha3\/#primaryimage","url":"https:\/\/kinamihealth.com\/wp-content\/uploads\/2025\/02\/TEOXANE-TEOSYAL-RHA3-01.jpg","contentUrl":"https:\/\/kinamihealth.com\/wp-content\/uploads\/2025\/02\/TEOXANE-TEOSYAL-RHA3-01.jpg","width":800,"height":800},{"@type":"BreadcrumbList","@id":"https:\/\/kinamihealth.com\/fr\/produit\/teosyal-rha3\/#breadcrumb","itemListElement":[{"@type":"ListItem","position":1,"name":"Page d'accueil","item":"https:\/\/kinamihealth.com\/"},{"@type":"ListItem","position":2,"name":"Boutique","item":"https:\/\/kinamihealth.com\/shop\/"},{"@type":"ListItem","position":3,"name":"TEOSYAL\u00ae RHA3"}]},{"@type":"WebSite","@id":"https:\/\/kinamihealth.com\/#website","url":"https:\/\/kinamihealth.com\/","name":"Kinami Health","description":"","publisher":{"@id":"https:\/\/kinamihealth.com\/#organization"},"potentialAction":[{"@type":"SearchAction","target":{"@type":"EntryPoint","urlTemplate":"https:\/\/kinamihealth.com\/?s={search_term_string}"},"query-input":{"@type":"PropertyValueSpecification","valueRequired":true,"valueName":"search_term_string"}}],"inLanguage":"fr-FR"},{"@type":"Organization","@id":"https:\/\/kinamihealth.com\/#organization","name":"Kinami Health","url":"https:\/\/kinamihealth.com\/","logo":{"@type":"ImageObject","inLanguage":"fr-FR","@id":"https:\/\/kinamihealth.com\/#\/schema\/logo\/image\/","url":"https:\/\/kinamihealth.com\/wp-content\/uploads\/2025\/01\/KH_logo_black_2-1.png","contentUrl":"https:\/\/kinamihealth.com\/wp-content\/uploads\/2025\/01\/KH_logo_black_2-1.png","width":339,"height":34,"caption":"Kinami Health"},"image":{"@id":"https:\/\/kinamihealth.com\/#\/schema\/logo\/image\/"}}]}},"_links":{"self":[{"href":"https:\/\/kinamihealth.com\/fr\/wp-json\/wp\/v2\/product\/111067","targetHints":{"allow":["GET"]}}],"collection":[{"href":"https:\/\/kinamihealth.com\/fr\/wp-json\/wp\/v2\/product"}],"about":[{"href":"https:\/\/kinamihealth.com\/fr\/wp-json\/wp\/v2\/types\/product"}],"replies":[{"embeddable":true,"href":"https:\/\/kinamihealth.com\/fr\/wp-json\/wp\/v2\/comments?post=111067"}],"version-history":[{"count":1,"href":"https:\/\/kinamihealth.com\/fr\/wp-json\/wp\/v2\/product\/111067\/revisions"}],"predecessor-version":[{"id":134252,"href":"https:\/\/kinamihealth.com\/fr\/wp-json\/wp\/v2\/product\/111067\/revisions\/134252"}],"wp:featuredmedia":[{"embeddable":true,"href":"https:\/\/kinamihealth.com\/fr\/wp-json\/wp\/v2\/media\/111068"}],"wp:attachment":[{"href":"https:\/\/kinamihealth.com\/fr\/wp-json\/wp\/v2\/media?parent=111067"}],"wp:term":[{"taxonomy":"product_brand","embeddable":true,"href":"https:\/\/kinamihealth.com\/fr\/wp-json\/wp\/v2\/product_brand?post=111067"},{"taxonomy":"product_cat","embeddable":true,"href":"https:\/\/kinamihealth.com\/fr\/wp-json\/wp\/v2\/product_cat?post=111067"},{"taxonomy":"product_tag","embeddable":true,"href":"https:\/\/kinamihealth.com\/fr\/wp-json\/wp\/v2\/product_tag?post=111067"}],"curies":[{"name":"wp","href":"https:\/\/api.w.org\/{rel}","templated":true}]}}