{"id":111064,"date":"2025-02-15T16:58:36","date_gmt":"2025-02-15T16:58:36","guid":{"rendered":"https:\/\/kinamihealth.com\/product\/teosyal-rha2\/"},"modified":"2026-04-02T13:55:06","modified_gmt":"2026-04-02T13:55:06","slug":"teosyal-rha2","status":"publish","type":"product","link":"https:\/\/kinamihealth.com\/fr\/produit\/teosyal-rha2\/","title":{"rendered":"TEOSYAL\u00ae RHA2"},"content":{"rendered":"<p>Teosyal RHA 2 Lidoca\u00efne est un produit de comblement des rides \u00e0 base d&#8217;acide hyaluronique con\u00e7u pour soutenir la peau dans tous ses mouvements, tout en aidant \u00e0 pr\u00e9server la vitalit\u00e9 et la douceur du visage. Teosyal RHA 2 avec lidoca\u00efne est con\u00e7u pour lisser les rides plus visibles que les simples ridules. Teosyal RHA 2 Lidocaine peut \u00e9galement \u00eatre utilis\u00e9 pour augmenter le volume des l\u00e8vres. Le produit contient de la lidoca\u00efne, un anesth\u00e9sique puissant, pour une injection plus confortable. Con\u00e7u pour combler les rides mod\u00e9r\u00e9es.<\/p>\n","protected":false},"excerpt":{"rendered":"<p>Commandez Teosyal RHA2 en ligne pour traiter les rides mod\u00e9r\u00e9es tout en conservant la souplesse et l&#8217;expression naturelle. Traitement polyvalent pour les sillons nasog\u00e9niens, les rides du front et l&#8217;augmentation des l\u00e8vres, il offre des r\u00e9sultats lisses et durables. <strong>Procurez-vous ce produit d\u00e8s aujourd&#8217;hui chez Kinami Health pour des solutions esth\u00e9tiques de qualit\u00e9 professionnelle.<\/strong><\/p>\n","protected":false},"featured_media":111065,"comment_status":"closed","ping_status":"closed","template":"","meta":{"_acf_changed":false,"inline_featured_image":false},"product_brand":[1303],"product_cat":[1217],"product_tag":[1222],"class_list":{"0":"post-111064","1":"product","2":"type-product","3":"status-publish","4":"has-post-thumbnail","6":"product_brand-teosyal","7":"product_cat-produits-de-comblement-dermique","8":"product_tag-dispositifs-medicaux","10":"first","11":"instock","12":"taxable","13":"shipping-taxable","14":"purchasable","15":"product-type-simple","16":"add-to-wishlist-before_image"},"acf":[],"yoast_head":"<!-- This site is optimized with the Yoast SEO plugin v27.1.1 - https:\/\/yoast.com\/product\/yoast-seo-wordpress\/ -->\n<title>Commander TEOSYAL\u00ae RHA2 en ligne | Boutique en ligne | Kinami Health<\/title>\n<meta name=\"description\" content=\"Commandez Teosyal RHA2 en ligne pour lisser les rides mod\u00e9r\u00e9es et am\u00e9liorer le volume du visage. Con\u00e7u pour les zones d&#039;expression, il garantit un mouvement et une \u00e9lasticit\u00e9 naturels.\" \/>\n<meta name=\"robots\" content=\"index, follow, max-snippet:-1, max-image-preview:large, max-video-preview:-1\" \/>\n<link rel=\"canonical\" href=\"https:\/\/kinamihealth.com\/fr\/wp-json\/wp\/v2\/product\/111064\" \/>\n<meta property=\"og:locale\" content=\"fr_FR\" \/>\n<meta property=\"og:type\" content=\"article\" \/>\n<meta property=\"og:title\" content=\"Commander TEOSYAL\u00ae RHA2 en ligne | Boutique en ligne | Kinami Health\" \/>\n<meta property=\"og:description\" content=\"Commandez Teosyal RHA2 en ligne pour lisser les rides mod\u00e9r\u00e9es et am\u00e9liorer le volume du visage. Con\u00e7u pour les zones d&#039;expression, il garantit un mouvement et une \u00e9lasticit\u00e9 naturels.\" \/>\n<meta property=\"og:url\" content=\"https:\/\/kinamihealth.com\/fr\/produit\/teosyal-rha2\/\" \/>\n<meta property=\"og:site_name\" content=\"Kinami Health\" \/>\n<meta property=\"article:modified_time\" content=\"2026-04-02T13:55:06+00:00\" \/>\n<meta property=\"og:image\" content=\"https:\/\/kinamihealth.com\/wp-content\/uploads\/2025\/02\/TEOXANE-TEOSYAL-RHA2-01.jpg\" \/>\n\t<meta property=\"og:image:width\" content=\"800\" \/>\n\t<meta property=\"og:image:height\" content=\"800\" \/>\n\t<meta property=\"og:image:type\" content=\"image\/jpeg\" \/>\n<meta name=\"twitter:card\" content=\"summary_large_image\" \/>\n<meta name=\"twitter:label1\" content=\"Dur\u00e9e de lecture estim\u00e9e\" \/>\n\t<meta name=\"twitter:data1\" content=\"1 minute\" \/>\n<!-- \/ Yoast SEO plugin. -->","yoast_head_json":{"title":"Commander TEOSYAL\u00ae RHA2 en ligne | Boutique en ligne | Kinami Health","description":"Commandez Teosyal RHA2 en ligne pour lisser les rides mod\u00e9r\u00e9es et am\u00e9liorer le volume du visage. Con\u00e7u pour les zones d'expression, il garantit un mouvement et une \u00e9lasticit\u00e9 naturels.","robots":{"index":"index","follow":"follow","max-snippet":"max-snippet:-1","max-image-preview":"max-image-preview:large","max-video-preview":"max-video-preview:-1"},"canonical":"https:\/\/kinamihealth.com\/fr\/wp-json\/wp\/v2\/product\/111064","og_locale":"fr_FR","og_type":"article","og_title":"Commander TEOSYAL\u00ae RHA2 en ligne | Boutique en ligne | Kinami Health","og_description":"Commandez Teosyal RHA2 en ligne pour lisser les rides mod\u00e9r\u00e9es et am\u00e9liorer le volume du visage. Con\u00e7u pour les zones d'expression, il garantit un mouvement et une \u00e9lasticit\u00e9 naturels.","og_url":"https:\/\/kinamihealth.com\/fr\/produit\/teosyal-rha2\/","og_site_name":"Kinami Health","article_modified_time":"2026-04-02T13:55:06+00:00","og_image":[{"width":800,"height":800,"url":"https:\/\/kinamihealth.com\/wp-content\/uploads\/2025\/02\/TEOXANE-TEOSYAL-RHA2-01.jpg","type":"image\/jpeg"}],"twitter_card":"summary_large_image","twitter_misc":{"Dur\u00e9e de lecture estim\u00e9e":"1 minute"},"schema":{"@context":"https:\/\/schema.org","@graph":[{"@type":"WebPage","@id":"https:\/\/kinamihealth.com\/fr\/produit\/teosyal-rha2\/","url":"https:\/\/kinamihealth.com\/fr\/produit\/teosyal-rha2\/","name":"Commander TEOSYAL\u00ae RHA2 en ligne | Boutique en ligne | Kinami Health","isPartOf":{"@id":"https:\/\/kinamihealth.com\/#website"},"primaryImageOfPage":{"@id":"https:\/\/kinamihealth.com\/fr\/produit\/teosyal-rha2\/#primaryimage"},"image":{"@id":"https:\/\/kinamihealth.com\/fr\/produit\/teosyal-rha2\/#primaryimage"},"thumbnailUrl":"https:\/\/kinamihealth.com\/wp-content\/uploads\/2025\/02\/TEOXANE-TEOSYAL-RHA2-01.jpg","datePublished":"2025-02-15T16:58:36+00:00","dateModified":"2026-04-02T13:55:06+00:00","description":"Commandez Teosyal RHA2 en ligne pour lisser les rides mod\u00e9r\u00e9es et am\u00e9liorer le volume du visage. Con\u00e7u pour les zones d'expression, il garantit un mouvement et une \u00e9lasticit\u00e9 naturels.","breadcrumb":{"@id":"https:\/\/kinamihealth.com\/fr\/produit\/teosyal-rha2\/#breadcrumb"},"inLanguage":"fr-FR","potentialAction":[{"@type":"ReadAction","target":["https:\/\/kinamihealth.com\/fr\/produit\/teosyal-rha2\/"]}]},{"@type":"ImageObject","inLanguage":"fr-FR","@id":"https:\/\/kinamihealth.com\/fr\/produit\/teosyal-rha2\/#primaryimage","url":"https:\/\/kinamihealth.com\/wp-content\/uploads\/2025\/02\/TEOXANE-TEOSYAL-RHA2-01.jpg","contentUrl":"https:\/\/kinamihealth.com\/wp-content\/uploads\/2025\/02\/TEOXANE-TEOSYAL-RHA2-01.jpg","width":800,"height":800},{"@type":"BreadcrumbList","@id":"https:\/\/kinamihealth.com\/fr\/produit\/teosyal-rha2\/#breadcrumb","itemListElement":[{"@type":"ListItem","position":1,"name":"Page d'accueil","item":"https:\/\/kinamihealth.com\/"},{"@type":"ListItem","position":2,"name":"Boutique","item":"https:\/\/kinamihealth.com\/shop\/"},{"@type":"ListItem","position":3,"name":"TEOSYAL\u00ae RHA2"}]},{"@type":"WebSite","@id":"https:\/\/kinamihealth.com\/#website","url":"https:\/\/kinamihealth.com\/","name":"Kinami Health","description":"","publisher":{"@id":"https:\/\/kinamihealth.com\/#organization"},"potentialAction":[{"@type":"SearchAction","target":{"@type":"EntryPoint","urlTemplate":"https:\/\/kinamihealth.com\/?s={search_term_string}"},"query-input":{"@type":"PropertyValueSpecification","valueRequired":true,"valueName":"search_term_string"}}],"inLanguage":"fr-FR"},{"@type":"Organization","@id":"https:\/\/kinamihealth.com\/#organization","name":"Kinami Health","url":"https:\/\/kinamihealth.com\/","logo":{"@type":"ImageObject","inLanguage":"fr-FR","@id":"https:\/\/kinamihealth.com\/#\/schema\/logo\/image\/","url":"https:\/\/kinamihealth.com\/wp-content\/uploads\/2025\/01\/KH_logo_black_2-1.png","contentUrl":"https:\/\/kinamihealth.com\/wp-content\/uploads\/2025\/01\/KH_logo_black_2-1.png","width":339,"height":34,"caption":"Kinami Health"},"image":{"@id":"https:\/\/kinamihealth.com\/#\/schema\/logo\/image\/"}}]}},"_links":{"self":[{"href":"https:\/\/kinamihealth.com\/fr\/wp-json\/wp\/v2\/product\/111064","targetHints":{"allow":["GET"]}}],"collection":[{"href":"https:\/\/kinamihealth.com\/fr\/wp-json\/wp\/v2\/product"}],"about":[{"href":"https:\/\/kinamihealth.com\/fr\/wp-json\/wp\/v2\/types\/product"}],"replies":[{"embeddable":true,"href":"https:\/\/kinamihealth.com\/fr\/wp-json\/wp\/v2\/comments?post=111064"}],"version-history":[{"count":1,"href":"https:\/\/kinamihealth.com\/fr\/wp-json\/wp\/v2\/product\/111064\/revisions"}],"predecessor-version":[{"id":134284,"href":"https:\/\/kinamihealth.com\/fr\/wp-json\/wp\/v2\/product\/111064\/revisions\/134284"}],"wp:featuredmedia":[{"embeddable":true,"href":"https:\/\/kinamihealth.com\/fr\/wp-json\/wp\/v2\/media\/111065"}],"wp:attachment":[{"href":"https:\/\/kinamihealth.com\/fr\/wp-json\/wp\/v2\/media?parent=111064"}],"wp:term":[{"taxonomy":"product_brand","embeddable":true,"href":"https:\/\/kinamihealth.com\/fr\/wp-json\/wp\/v2\/product_brand?post=111064"},{"taxonomy":"product_cat","embeddable":true,"href":"https:\/\/kinamihealth.com\/fr\/wp-json\/wp\/v2\/product_cat?post=111064"},{"taxonomy":"product_tag","embeddable":true,"href":"https:\/\/kinamihealth.com\/fr\/wp-json\/wp\/v2\/product_tag?post=111064"}],"curies":[{"name":"wp","href":"https:\/\/api.w.org\/{rel}","templated":true}]}}