{"id":111061,"date":"2025-02-15T16:58:36","date_gmt":"2025-02-15T16:58:36","guid":{"rendered":"https:\/\/kinamihealth.com\/product\/teosyal-rha1\/"},"modified":"2026-01-28T11:04:05","modified_gmt":"2026-01-28T11:04:05","slug":"teosyal-rha1","status":"publish","type":"product","link":"https:\/\/kinamihealth.com\/fr\/produit\/teosyal-rha1\/","title":{"rendered":"TEOSYAL\u00ae RHA1"},"content":{"rendered":"<p>Teosyal RHA 1 est un produit de comblement des rides \u00e0 base d&#8217;acide hyaluronique con\u00e7u pour soutenir la peau dans tous ses mouvements, tout en contribuant \u00e0 pr\u00e9server la vitalit\u00e9 et la douceur du visage. Teosyal RHA 1 Lidoca\u00efne est sp\u00e9cialement con\u00e7u pour traiter les rides superficielles et fines. Le produit contient de la lidoca\u00efne, un anesth\u00e9sique puissant, pour une injection plus confortable. Il est con\u00e7u pour corriger les petites rides et les ridules.<\/p>\n","protected":false},"excerpt":{"rendered":"<p><strong>Commandez<\/strong> TEOSYAL RHA1 en ligne pour combler de mani\u00e8re uniforme et naturelle les rides fines et superficielles. Cette formule l\u00e9g\u00e8re de produit de comblement dermique est id\u00e9ale pour traiter les rides p\u00e9ri-orales, les pattes d&#8217;oie et les rides superficielles, en apportant hydratation et rajeunissement subtil.<\/p>\n<p><strong>Commandez d\u00e8s aujourd&#8217;hui sur la boutique en ligne Kinami Health pour b\u00e9n\u00e9ficier de solutions esth\u00e9tiques de qualit\u00e9 sup\u00e9rieure.<\/strong><\/p>\n","protected":false},"featured_media":111062,"comment_status":"closed","ping_status":"closed","template":"","meta":{"_acf_changed":false,"inline_featured_image":false},"product_brand":[1303],"product_cat":[1217],"product_tag":[1222],"class_list":{"0":"post-111061","1":"product","2":"type-product","3":"status-publish","4":"has-post-thumbnail","6":"product_brand-teosyal","7":"product_cat-produits-de-comblement-dermique","8":"product_tag-dispositifs-medicaux","10":"first","11":"instock","12":"taxable","13":"shipping-taxable","14":"purchasable","15":"product-type-simple","16":"add-to-wishlist-before_image"},"acf":[],"yoast_head":"<!-- This site is optimized with the Yoast SEO plugin v27.3 - https:\/\/yoast.com\/product\/yoast-seo-wordpress\/ -->\n<title>Commander TEOSYAL\u00ae RHA1 en ligne | Boutique en ligne | Kinami Health<\/title>\n<meta name=\"description\" content=\"Commandez Teosyal RHA1 en ligne pour traiter les rides fines et superficielles. Id\u00e9al pour restaurer l&#039;hydratation des zones d\u00e9licates et garantir un r\u00e9sultat naturel.\" \/>\n<meta name=\"robots\" content=\"index, follow, max-snippet:-1, max-image-preview:large, max-video-preview:-1\" \/>\n<link rel=\"canonical\" href=\"https:\/\/kinamihealth.com\/fr\/wp-json\/wp\/v2\/product\/111061\" \/>\n<meta property=\"og:locale\" content=\"fr_FR\" \/>\n<meta property=\"og:type\" content=\"article\" \/>\n<meta property=\"og:title\" content=\"Commander TEOSYAL\u00ae RHA1 en ligne | Boutique en ligne | Kinami Health\" \/>\n<meta property=\"og:description\" content=\"Commandez Teosyal RHA1 en ligne pour traiter les rides fines et superficielles. Id\u00e9al pour restaurer l&#039;hydratation des zones d\u00e9licates et garantir un r\u00e9sultat naturel.\" \/>\n<meta property=\"og:url\" content=\"https:\/\/kinamihealth.com\/fr\/produit\/teosyal-rha1\/\" \/>\n<meta property=\"og:site_name\" content=\"Kinami Health\" \/>\n<meta property=\"article:modified_time\" content=\"2026-01-28T11:04:05+00:00\" \/>\n<meta property=\"og:image\" content=\"https:\/\/kinamihealth.com\/wp-content\/uploads\/2025\/02\/TEOXANE-TEOSYAL-RHA1-01.jpg\" \/>\n\t<meta property=\"og:image:width\" content=\"800\" \/>\n\t<meta property=\"og:image:height\" content=\"800\" \/>\n\t<meta property=\"og:image:type\" content=\"image\/jpeg\" \/>\n<meta name=\"twitter:card\" content=\"summary_large_image\" \/>\n<meta name=\"twitter:label1\" content=\"Dur\u00e9e de lecture estim\u00e9e\" \/>\n\t<meta name=\"twitter:data1\" content=\"1 minute\" \/>\n<!-- \/ Yoast SEO plugin. -->","yoast_head_json":{"title":"Commander TEOSYAL\u00ae RHA1 en ligne | Boutique en ligne | Kinami Health","description":"Commandez Teosyal RHA1 en ligne pour traiter les rides fines et superficielles. Id\u00e9al pour restaurer l'hydratation des zones d\u00e9licates et garantir un r\u00e9sultat naturel.","robots":{"index":"index","follow":"follow","max-snippet":"max-snippet:-1","max-image-preview":"max-image-preview:large","max-video-preview":"max-video-preview:-1"},"canonical":"https:\/\/kinamihealth.com\/fr\/wp-json\/wp\/v2\/product\/111061","og_locale":"fr_FR","og_type":"article","og_title":"Commander TEOSYAL\u00ae RHA1 en ligne | Boutique en ligne | Kinami Health","og_description":"Commandez Teosyal RHA1 en ligne pour traiter les rides fines et superficielles. Id\u00e9al pour restaurer l'hydratation des zones d\u00e9licates et garantir un r\u00e9sultat naturel.","og_url":"https:\/\/kinamihealth.com\/fr\/produit\/teosyal-rha1\/","og_site_name":"Kinami Health","article_modified_time":"2026-01-28T11:04:05+00:00","og_image":[{"width":800,"height":800,"url":"https:\/\/kinamihealth.com\/wp-content\/uploads\/2025\/02\/TEOXANE-TEOSYAL-RHA1-01.jpg","type":"image\/jpeg"}],"twitter_card":"summary_large_image","twitter_misc":{"Dur\u00e9e de lecture estim\u00e9e":"1 minute"},"schema":{"@context":"https:\/\/schema.org","@graph":[{"@type":"WebPage","@id":"https:\/\/kinamihealth.com\/fr\/produit\/teosyal-rha1\/","url":"https:\/\/kinamihealth.com\/fr\/produit\/teosyal-rha1\/","name":"Commander TEOSYAL\u00ae RHA1 en ligne | Boutique en ligne | Kinami Health","isPartOf":{"@id":"https:\/\/kinamihealth.com\/#website"},"primaryImageOfPage":{"@id":"https:\/\/kinamihealth.com\/fr\/produit\/teosyal-rha1\/#primaryimage"},"image":{"@id":"https:\/\/kinamihealth.com\/fr\/produit\/teosyal-rha1\/#primaryimage"},"thumbnailUrl":"https:\/\/kinamihealth.com\/wp-content\/uploads\/2025\/02\/TEOXANE-TEOSYAL-RHA1-01.jpg","datePublished":"2025-02-15T16:58:36+00:00","dateModified":"2026-01-28T11:04:05+00:00","description":"Commandez Teosyal RHA1 en ligne pour traiter les rides fines et superficielles. Id\u00e9al pour restaurer l'hydratation des zones d\u00e9licates et garantir un r\u00e9sultat naturel.","breadcrumb":{"@id":"https:\/\/kinamihealth.com\/fr\/produit\/teosyal-rha1\/#breadcrumb"},"inLanguage":"fr-FR","potentialAction":[{"@type":"ReadAction","target":["https:\/\/kinamihealth.com\/fr\/produit\/teosyal-rha1\/"]}]},{"@type":"ImageObject","inLanguage":"fr-FR","@id":"https:\/\/kinamihealth.com\/fr\/produit\/teosyal-rha1\/#primaryimage","url":"https:\/\/kinamihealth.com\/wp-content\/uploads\/2025\/02\/TEOXANE-TEOSYAL-RHA1-01.jpg","contentUrl":"https:\/\/kinamihealth.com\/wp-content\/uploads\/2025\/02\/TEOXANE-TEOSYAL-RHA1-01.jpg","width":800,"height":800},{"@type":"BreadcrumbList","@id":"https:\/\/kinamihealth.com\/fr\/produit\/teosyal-rha1\/#breadcrumb","itemListElement":[{"@type":"ListItem","position":1,"name":"Page d'accueil","item":"https:\/\/kinamihealth.com\/"},{"@type":"ListItem","position":2,"name":"Boutique","item":"https:\/\/kinamihealth.com\/shop\/"},{"@type":"ListItem","position":3,"name":"TEOSYAL\u00ae RHA1"}]},{"@type":"WebSite","@id":"https:\/\/kinamihealth.com\/#website","url":"https:\/\/kinamihealth.com\/","name":"Kinami Health","description":"","publisher":{"@id":"https:\/\/kinamihealth.com\/#organization"},"potentialAction":[{"@type":"SearchAction","target":{"@type":"EntryPoint","urlTemplate":"https:\/\/kinamihealth.com\/?s={search_term_string}"},"query-input":{"@type":"PropertyValueSpecification","valueRequired":true,"valueName":"search_term_string"}}],"inLanguage":"fr-FR"},{"@type":"Organization","@id":"https:\/\/kinamihealth.com\/#organization","name":"Kinami Health","url":"https:\/\/kinamihealth.com\/","logo":{"@type":"ImageObject","inLanguage":"fr-FR","@id":"https:\/\/kinamihealth.com\/#\/schema\/logo\/image\/","url":"https:\/\/kinamihealth.com\/wp-content\/uploads\/2025\/01\/KH_logo_black_2-1.png","contentUrl":"https:\/\/kinamihealth.com\/wp-content\/uploads\/2025\/01\/KH_logo_black_2-1.png","width":339,"height":34,"caption":"Kinami Health"},"image":{"@id":"https:\/\/kinamihealth.com\/#\/schema\/logo\/image\/"}}]}},"_links":{"self":[{"href":"https:\/\/kinamihealth.com\/fr\/wp-json\/wp\/v2\/product\/111061","targetHints":{"allow":["GET"]}}],"collection":[{"href":"https:\/\/kinamihealth.com\/fr\/wp-json\/wp\/v2\/product"}],"about":[{"href":"https:\/\/kinamihealth.com\/fr\/wp-json\/wp\/v2\/types\/product"}],"replies":[{"embeddable":true,"href":"https:\/\/kinamihealth.com\/fr\/wp-json\/wp\/v2\/comments?post=111061"}],"version-history":[{"count":0,"href":"https:\/\/kinamihealth.com\/fr\/wp-json\/wp\/v2\/product\/111061\/revisions"}],"wp:featuredmedia":[{"embeddable":true,"href":"https:\/\/kinamihealth.com\/fr\/wp-json\/wp\/v2\/media\/111062"}],"wp:attachment":[{"href":"https:\/\/kinamihealth.com\/fr\/wp-json\/wp\/v2\/media?parent=111061"}],"wp:term":[{"taxonomy":"product_brand","embeddable":true,"href":"https:\/\/kinamihealth.com\/fr\/wp-json\/wp\/v2\/product_brand?post=111061"},{"taxonomy":"product_cat","embeddable":true,"href":"https:\/\/kinamihealth.com\/fr\/wp-json\/wp\/v2\/product_cat?post=111061"},{"taxonomy":"product_tag","embeddable":true,"href":"https:\/\/kinamihealth.com\/fr\/wp-json\/wp\/v2\/product_tag?post=111061"}],"curies":[{"name":"wp","href":"https:\/\/api.w.org\/{rel}","templated":true}]}}